{"id":41463,"date":"2023-11-28T13:09:15","date_gmt":"2023-11-28T10:09:15","guid":{"rendered":"https:\/\/minimax.md\/product\/41463.html"},"modified":"2023-11-28T13:29:47","modified_gmt":"2023-11-28T10:29:47","slug":"ru_ru-canpol-trusiki-odnorazovye-dlja-mam-xl-5sht-trim-ro_ro-canpol-chilo-ei-de-unic-folosin-pentru-mame-xl-5-buc","status":"publish","type":"product","link":"https:\/\/minimax.md\/ru\/product\/41463.html","title":{"rendered":"Canpol \u0442\u0440\u0443\u0441\u0438\u043a\u0438 \u043e\u0434\u043d\u043e\u0440\u0430\u0437\u043e\u0432\u044b\u0435 \u0434\u043b\u044f \u043c\u0430\u043c XL, 5\u0448\u0442"},"content":{"rendered":"<p>[:ru_RU]\u041f\u0435\u0440\u0432\u044b\u0435 \u0434\u043d\u0438 \u043f\u043e\u0441\u043b\u0435 \u0440\u043e\u0434\u043e\u0432 \u043e\u0447\u0435\u043d\u044c \u0432\u0430\u0436\u043d\u044b, \u043f\u043e\u044d\u0442\u043e\u043c\u0443 \u043a\u043e\u043c\u043f\u0430\u043d\u0438\u044f Canpol babies \u0440\u0430\u0437\u0440\u0430\u0431\u043e\u0442\u0430\u043b\u0430 \u043d\u0430\u0431\u043e\u0440 \u0431\u0435\u043b\u044c\u044f, \u043a\u043e\u0442\u043e\u0440\u044b\u0439 \u043e\u0431\u0435\u0441\u043f\u0435\u0447\u0438\u0442 \u043c\u0430\u043c\u0435 \u043d\u0435\u043e\u0431\u0445\u043e\u0434\u0438\u043c\u0443\u044e \u0437\u0430\u0449\u0438\u0442\u0443 \u0438 \u043a\u043e\u043c\u0444\u043e\u0440\u0442.<br \/>\n\u041e\u0434\u043d\u043e\u0440\u0430\u0437\u043e\u0432\u044b\u0435 \u0442\u0440\u0443\u0441\u0438\u043a\u0438 Canpol babies \u0434\u043b\u044f \u043c\u0430\u043c\u044b, \u043e\u0431\u0435\u0441\u043f\u0435\u0447\u0430\u0442 \u043a\u043e\u0436\u0435 \u0441\u0443\u0445\u043e\u0441\u0442\u044c \u0438 \u043a\u043e\u043c\u0444\u043e\u0440\u0442.<br \/>\n\u0411\u043b\u0430\u0433\u043e\u0434\u0430\u0440\u044f \u043c\u044f\u0433\u043a\u0438\u043c \u043a\u0440\u0430\u044f\u043c \u043e\u0447\u0435\u043d\u044c \u0443\u0434\u043e\u0431\u043d\u044b \u0432 \u0438\u0441\u043f\u043e\u043b\u044c\u0437\u043e\u0432\u0430\u043d\u0438\u0438.<br \/>\n\u0422\u0440\u0443\u0441\u0438\u043a\u0438 Canpol babies \u0438\u0437\u0433\u043e\u0442\u043e\u0432\u043b\u0435\u043d\u044b \u0438\u0437 \u043c\u0430\u0442\u0435\u0440\u0438\u0430\u043b\u043e\u0432 \u0432\u044b\u0441\u043e\u043a\u043e\u0433\u043e \u043a\u0430\u0447\u0435\u0441\u0442\u0432\u0430 \u0441\u043f\u0435\u0446\u0438\u0430\u043b\u044c\u043d\u043e \u0434\u043b\u044f \u043f\u043e\u0441\u043b\u0435\u0440\u043e\u0434\u043e\u0432\u044b\u0445 \u0434\u043d\u0435\u0439.<br \/>\n\u0422\u0440\u0443\u0441\u0438\u043a\u0438 \u043f\u0440\u043e\u043f\u0443\u0441\u043a\u0430\u044e\u0442 \u0432\u043e\u0437\u0434\u0443\u0445, \u043e\u043d\u0438 \u043d\u0435\u0436\u043d\u044b \u0434\u043b\u044f \u043a\u043e\u0436\u0438.<br \/>\n\u041e\u043d\u0438 \u043f\u0440\u0435\u043a\u0440\u0430\u0441\u043d\u044b \u0432 \u0438\u0441\u043f\u043e\u043b\u044c\u0437\u043e\u0432\u0430\u043d\u0438\u0438 \u0441 \u0436\u0435\u043d\u0441\u043a\u0438\u043c\u0438 \u0433\u0438\u0433\u0438\u0435\u043d\u0438\u0447\u0435\u043a\u0438\u043c\u0438 \u043f\u0440\u043e\u043a\u043b\u0430\u0434\u043a\u0430\u043c\u0438.<br \/>\n\u0412 \u0443\u043f\u0430\u043a\u043e\u0432\u043a\u0435 5 \u0448\u0442. \u041a\u0430\u0436\u0434\u0430\u044f \u043f\u0430\u0440\u0430 \u0438\u043c\u0435\u0435\u0442 \u0438\u043d\u0434\u0438\u0432\u0438\u0434\u0443\u0430\u043b\u044c\u043d\u0443\u044e \u0443\u043f\u0430\u043a\u043e\u0432\u043a\u0443.<br \/>\n\u041e\u043d\u0438 \u043e\u0431\u0435\u0441\u043f\u0435\u0447\u0438\u0432\u0430\u044e\u0442 \u0441\u0432\u043e\u0431\u043e\u0434\u043d\u0443\u044e \u0446\u0438\u0440\u043a\u0443\u043b\u044f\u0446\u0438\u044e \u0432\u043e\u0437\u0434\u0443\u0445\u0430, \u043f\u043e\u0437\u0432\u043e\u043b\u044f\u044f \u043a\u043e\u0436\u0435 \u0434\u044b\u0448\u0430\u0442\u044c, \u043d\u0435 \u043f\u0440\u0435\u043f\u044f\u0442\u0441\u0442\u0432\u0443\u044e\u0442 \u0437\u0430\u0436\u0438\u0432\u043b\u0435\u043d\u0438\u044e \u0440\u0430\u043d\u043e\u043a \u0438 \u0448\u0432\u043e\u0432, \u043d\u0435 \u0432\u044b\u0437\u044b\u0432\u0430\u044e\u0442 \u0430\u043b\u043b\u0435\u0440\u0433\u0438\u0447\u0435\u0441\u043a\u0438\u0445 \u0440\u0435\u0430\u043a\u0446\u0438\u0439, \u043a\u043e\u043c\u0444\u043e\u0440\u0442\u043d\u044b \u0432 \u043d\u043e\u0441\u043a\u0435, \u0442\u0430\u043a \u043a\u0430\u043a \u043e\u043d\u0438 \u043b\u0435\u0433\u043a\u0438\u0435, \u043f\u0440\u043e\u0447\u043d\u044b\u0435 \u0438, \u0431\u043b\u0430\u0433\u043e\u0434\u0430\u0440\u044f \u043c\u044f\u0433\u043a\u0438\u043c \u044d\u043b\u0430\u0441\u0442\u0438\u0447\u043d\u044b\u043c \u0440\u0435\u0437\u0438\u043d\u043a\u0430\u043c, \u0445\u043e\u0440\u043e\u0448\u043e \u0434\u0435\u0440\u0436\u0430\u0442\u0441\u044f \u043d\u0430 \u0444\u0438\u0433\u0443\u0440\u0435.<br \/>\n\u041f\u043e\u0434\u043e\u0431\u043d\u044b\u0435 \u0432\u0435\u0449\u0438 \u0443\u043f\u0440\u043e\u0449\u0430\u044e\u0442 \u043f\u0435\u0440\u0432\u044b\u0435 \u0434\u043d\u0438 \u043f\u043e\u0441\u043b\u0435 \u0440\u043e\u0434\u043e\u0432 \u0438 \u0434\u0435\u043b\u0430\u044e\u0442 \u043f\u0440\u0435\u0431\u044b\u0432\u0430\u043d\u0438\u0435 \u0432 \u0440\u043e\u0434\u0434\u043e\u043c\u0435 \u0431\u043e\u043b\u0435\u0435 \u043a\u043e\u043c\u0444\u043e\u0440\u0442\u043d\u044b\u043c.<br \/>\n\u0410 \u0441\u0447\u0430\u0441\u0442\u043b\u0438\u0432\u0430\u044f \u043c\u0430\u043c\u0430 \u043e\u0434\u0430\u0440\u0438\u0442 \u0431\u043e\u043b\u044c\u0448\u0435\u0439 \u043b\u0430\u0441\u043a\u043e\u0439 \u0438 \u0437\u0430\u0431\u043e\u0442\u043e\u0439 \u0441\u0432\u043e\u0435\u0433\u043e \u043b\u044e\u0431\u0438\u043c\u043e\u0433\u043e \u043c\u0430\u043b\u044b\u0448\u0430.[trim][:ro_RO]Chilo\u021bei postnatali sunt speciali crea\u021bi pentru a fi folosi\u021bi \u00een primele s\u0103pt\u0103m\u00e2ni dup\u0103 na\u0219terea bebelu\u0219ului<br \/>\n Las\u0103 pielea s\u0103 respire \u0219i sunt foarte confortabili.<br \/>\n Sunt ideali pentru a fi folosi\u021bi \u00een maternitate.<br \/>\n Fiecare pereche de chilo\u021bi este ambalat\u0103 individual.<\/p>\n","protected":false},"excerpt":{"rendered":"<p>[:ru_RU]\u041f\u0435\u0440\u0432\u044b\u0435 \u0434\u043d\u0438 \u043f\u043e\u0441\u043b\u0435 \u0440\u043e\u0434\u043e\u0432 \u043e\u0447\u0435\u043d\u044c \u0432\u0430\u0436\u043d\u044b, \u043f\u043e\u044d\u0442\u043e\u043c\u0443 \u043a\u043e\u043c\u043f\u0430\u043d\u0438\u044f Canpol babies \u0440\u0430\u0437\u0440\u0430\u0431\u043e\u0442\u0430\u043b\u0430 \u043d\u0430\u0431\u043e\u0440 \u0431\u0435\u043b\u044c\u044f, \u043a\u043e\u0442\u043e\u0440\u044b\u0439 \u043e\u0431\u0435\u0441\u043f\u0435\u0447\u0438\u0442 \u043c\u0430\u043c\u0435 \u043d\u0435\u043e\u0431\u0445\u043e\u0434\u0438\u043c\u0443\u044e \u0437\u0430\u0449\u0438\u0442\u0443 \u0438 \u043a\u043e\u043c\u0444\u043e\u0440\u0442. \u041e\u0434\u043d\u043e\u0440\u0430\u0437\u043e\u0432\u044b\u0435 \u0442\u0440\u0443\u0441\u0438\u043a\u0438 Canpol babies \u0434\u043b\u044f \u043c\u0430\u043c\u044b, \u043e\u0431\u0435\u0441\u043f\u0435\u0447\u0430\u0442 \u043a\u043e\u0436\u0435 \u0441\u0443\u0445\u043e\u0441\u0442\u044c \u0438 \u043a\u043e\u043c\u0444\u043e\u0440\u0442. \u0411\u043b\u0430\u0433\u043e\u0434\u0430\u0440\u044f \u043c\u044f\u0433\u043a\u0438\u043c \u043a\u0440\u0430\u044f\u043c \u043e\u0447\u0435\u043d\u044c \u0443\u0434\u043e\u0431\u043d\u044b \u0432 \u0438\u0441\u043f\u043e\u043b\u044c\u0437\u043e\u0432\u0430\u043d\u0438\u0438. \u0422\u0440\u0443\u0441\u0438\u043a\u0438 Canpol babies \u0438\u0437\u0433\u043e\u0442\u043e\u0432\u043b\u0435\u043d\u044b \u0438\u0437 \u043c\u0430\u0442\u0435\u0440\u0438\u0430\u043b\u043e\u0432 \u0432\u044b\u0441\u043e\u043a\u043e\u0433\u043e \u043a\u0430\u0447\u0435\u0441\u0442\u0432\u0430 \u0441\u043f\u0435\u0446\u0438\u0430\u043b\u044c\u043d\u043e \u0434\u043b\u044f \u043f\u043e\u0441\u043b\u0435\u0440\u043e\u0434\u043e\u0432\u044b\u0445 \u0434\u043d\u0435\u0439. \u0422\u0440\u0443\u0441\u0438\u043a\u0438 \u043f\u0440\u043e\u043f\u0443\u0441\u043a\u0430\u044e\u0442 \u0432\u043e\u0437\u0434\u0443\u0445, \u043e\u043d\u0438 \u043d\u0435\u0436\u043d\u044b [&hellip;]<\/p>\n","protected":false},"featured_media":41462,"comment_status":"open","ping_status":"closed","template":"","meta":{"_acf_changed":false},"product_brand":[],"product_cat":[6818],"product_tag":[],"class_list":{"0":"post-41463","1":"product","2":"type-product","3":"status-publish","4":"has-post-thumbnail","6":"product_cat-ru_ru-trusiki-trim-ro_ro-ch","8":"first","9":"instock","10":"shipping-taxable","11":"purchasable","12":"product-type-simple"},"acf":[],"_links":{"self":[{"href":"https:\/\/minimax.md\/ru\/wp-json\/wp\/v2\/product\/41463","targetHints":{"allow":["GET"]}}],"collection":[{"href":"https:\/\/minimax.md\/ru\/wp-json\/wp\/v2\/product"}],"about":[{"href":"https:\/\/minimax.md\/ru\/wp-json\/wp\/v2\/types\/product"}],"replies":[{"embeddable":true,"href":"https:\/\/minimax.md\/ru\/wp-json\/wp\/v2\/comments?post=41463"}],"version-history":[{"count":0,"href":"https:\/\/minimax.md\/ru\/wp-json\/wp\/v2\/product\/41463\/revisions"}],"wp:featuredmedia":[{"embeddable":true,"href":"https:\/\/minimax.md\/ru\/wp-json\/wp\/v2\/media\/41462"}],"wp:attachment":[{"href":"https:\/\/minimax.md\/ru\/wp-json\/wp\/v2\/media?parent=41463"}],"wp:term":[{"taxonomy":"product_brand","embeddable":true,"href":"https:\/\/minimax.md\/ru\/wp-json\/wp\/v2\/product_brand?post=41463"},{"taxonomy":"product_cat","embeddable":true,"href":"https:\/\/minimax.md\/ru\/wp-json\/wp\/v2\/product_cat?post=41463"},{"taxonomy":"product_tag","embeddable":true,"href":"https:\/\/minimax.md\/ru\/wp-json\/wp\/v2\/product_tag?post=41463"}],"curies":[{"name":"wp","href":"https:\/\/api.w.org\/{rel}","templated":true}]}}