{"id":41465,"date":"2023-11-28T13:09:15","date_gmt":"2023-11-28T10:09:15","guid":{"rendered":"https:\/\/minimax.md\/product\/41465.html"},"modified":"2023-11-28T13:29:47","modified_gmt":"2023-11-28T10:29:47","slug":"ru_ru-canpol-butylochka-s-risunkom-250ml-trim-ro_ro-canpol-biberon-cu-desen-250-ml","status":"publish","type":"product","link":"https:\/\/minimax.md\/ru\/product\/41465.html","title":{"rendered":"Canpol \u0431\u0443\u0442\u044b\u043b\u043e\u0447\u043a\u0430 \u0441 \u0440\u0438\u0441\u0443\u043d\u043a\u043e\u043c, 250\u043c\u043b"},"content":{"rendered":"<p>[:ru_RU]\u0411\u0443\u0442\u044b\u043b\u043e\u0447\u043a\u0430 \u0438\u0437 \u0438\u043d\u043d\u043e\u0432\u0430\u0446\u0438\u043e\u043d\u043d\u043e\u0433\u043e, \u0430\u0431\u0441\u043e\u043b\u044e\u0442\u043d\u043e \u0431\u0435\u0437\u043e\u043f\u0430\u0441\u043d\u043e\u0433\u043e \u043c\u0430\u0442\u0435\u0440\u0438\u0430\u043b\u0430 \u0442\u0440\u0438\u0442\u0430\u043d. \u0421\u043d\u0430\u0431\u0436\u0435\u043d\u0430 \u043a\u0440\u0443\u0433\u043b\u043e\u0439 \u0441\u0438\u043b\u0438\u043a\u043e\u043d\u043e\u0432\u043e\u0439 \u0441\u043e\u0441\u043a\u043e\u0439 \u0434\u043b\u044f \u0434\u0435\u0442\u0435\u0439 \u043e\u0442 12 \u043c\u0435\u0441\u044f\u0446\u0435\u0432.<br \/>\n\u0422\u0440\u0438\u0442\u0430\u043d\u043e\u0432\u0443\u044e \u0431\u0443\u0442\u044b\u043b\u043e\u0447\u043a\u0443 \u043d\u0435\u043e\u0431\u0445\u043e\u0434\u0438\u043c\u043e \u0442\u043e\u043b\u044c\u043a\u043e \u043f\u0435\u0440\u0435\u0434 \u043f\u0435\u0440\u0432\u044b\u043c \u043f\u0440\u0438\u043c\u0435\u043d\u0435\u043d\u0438\u0435\u043c \u043f\u043e\u043c\u0435\u0441\u0442\u0438\u0442\u044c \u0432 \u043a\u0438\u043f\u044f\u0449\u0443\u044e \u0432\u043e\u0434\u0443 (\u043d\u0435 \u0431\u043e\u043b\u0435\u0435 5 \u043c\u0438\u043d.).<br \/>\n\u041f\u0435\u0440\u0435\u0434 \u043a\u0430\u0436\u0434\u044b\u043c \u043f\u043e\u0441\u043b\u0435\u0434\u0443\u044e\u0449\u0438\u043c \u0438\u0441\u043f\u043e\u043b\u044c\u0437\u043e\u0432\u0430\u043d\u0438\u0435\u043c \u0434\u043b\u044f \u043e\u0431\u0435\u0441\u043f\u0435\u0447\u0435\u043d\u0438\u044f \u0434\u043e\u0441\u0442\u0430\u0442\u043e\u0447\u043d\u043e\u0439 \u0433\u0438\u0433\u0438\u0435\u043d\u044b \u043d\u0435\u043e\u0431\u0445\u043e\u0434\u0438\u043c\u043e \u0442\u0449\u0430\u0442\u0435\u043b\u044c\u043d\u043e \u0432\u044b\u043c\u044b\u0442\u044c, \u0432\u044b\u043f\u043e\u043b\u043e\u0441\u043a\u0430\u0442\u044c \u0438 \u043e\u0431\u043b\u0438\u0442\u044c \u043a\u0438\u043f\u044f\u0442\u043a\u043e\u043c.<br \/>\n\u041d\u0435 \u043a\u0438\u043f\u044f\u0442\u0438\u0442\u044c!<br \/>\nT\u0440\u0438\u0442\u0430\u043d  \u2013  \u044d\u0442\u043e \u043f\u0440\u043e\u0447\u043d\u044b\u0439, \u043f\u0440\u043e\u0437\u0440\u0430\u0447\u043d\u044b\u0439 \u043c\u0430\u0442\u0435\u0440\u0438\u0430\u043b, \u043a\u043e\u0442\u043e\u0440\u044b\u0439 \u043f\u0440\u043e\u0448\u0435\u043b \u043d\u0430\u0443\u0447\u043d\u044b\u0435 \u0442\u0435\u0441\u0442\u0438\u0440\u043e\u0432\u0430\u043d\u0438\u044f \u0438 \u0431\u044b\u043b \u043f\u0440\u0438\u0437\u043d\u0430\u043d\u043d\u044b\u043c \u043e\u0434\u043d\u0438\u043c \u0438\u0437 \u043b\u0443\u0447\u0448\u0438\u0445 \u043c\u0430\u0442\u0435\u0440\u0438\u0430\u043b\u043e\u0432 \u0434\u043b\u044f \u0438\u0441\u043f\u043e\u043b\u044c\u0437\u043e\u0432\u0430\u043d\u0438\u044f \u0432 \u043c\u0435\u0434\u0438\u0446\u0438\u043d\u0441\u043a\u043e\u0439 \u043f\u0440\u043e\u043c\u044b\u0448\u043b\u0435\u043d\u043d\u043e\u0441\u0442\u0438.[trim][:ro_RO]Descrierea produsului: sticlu\u021ba din tritan de 250ml. cu tetin\u0103 din silicon este recomandat\u0103 pentru hr\u0103nirea copiilor de la 12 luni.<br \/>\nCulorile \u0219i aplica\u021biile vesele s\u00eent special create pentru a atrage aten\u021bia copila\u0219ului \u00een timpul aliment\u0103rii.<br \/>\nSticlu\u021ba este u\u0219oar\u0103 \u0219i comod\u0103 \u00een \u00eentrebuin\u021bare.<br \/>\nPentru siguran\u021ba \u0219i s\u0103n\u0103tatea copilului. Atentie! Sp\u0103la\u021bi temeinic biberonul \u0219i toate componentele acestuia, apoi steriliza\u021bi \u00een aburi sau prin fierbere timp de 3 minute.<br \/>\nBiberoanele trebuie sp\u0103late \u0219i sterilizate imediat dupa folosire!<br \/>\nTritan care este un material durabil, transparent, nu con\u021bine produ\u0219i periculo\u0219i pentru s\u0103n\u0103tate, \u0219i nu contine Bisphenol A<br \/>\nV\u00eersta: de la 12 luni.<\/p>\n","protected":false},"excerpt":{"rendered":"<p>[:ru_RU]\u0411\u0443\u0442\u044b\u043b\u043e\u0447\u043a\u0430 \u0438\u0437 \u0438\u043d\u043d\u043e\u0432\u0430\u0446\u0438\u043e\u043d\u043d\u043e\u0433\u043e, \u0430\u0431\u0441\u043e\u043b\u044e\u0442\u043d\u043e \u0431\u0435\u0437\u043e\u043f\u0430\u0441\u043d\u043e\u0433\u043e \u043c\u0430\u0442\u0435\u0440\u0438\u0430\u043b\u0430 \u0442\u0440\u0438\u0442\u0430\u043d. \u0421\u043d\u0430\u0431\u0436\u0435\u043d\u0430 \u043a\u0440\u0443\u0433\u043b\u043e\u0439 \u0441\u0438\u043b\u0438\u043a\u043e\u043d\u043e\u0432\u043e\u0439 \u0441\u043e\u0441\u043a\u043e\u0439 \u0434\u043b\u044f \u0434\u0435\u0442\u0435\u0439 \u043e\u0442 12 \u043c\u0435\u0441\u044f\u0446\u0435\u0432. \u0422\u0440\u0438\u0442\u0430\u043d\u043e\u0432\u0443\u044e \u0431\u0443\u0442\u044b\u043b\u043e\u0447\u043a\u0443 \u043d\u0435\u043e\u0431\u0445\u043e\u0434\u0438\u043c\u043e \u0442\u043e\u043b\u044c\u043a\u043e \u043f\u0435\u0440\u0435\u0434 \u043f\u0435\u0440\u0432\u044b\u043c \u043f\u0440\u0438\u043c\u0435\u043d\u0435\u043d\u0438\u0435\u043c \u043f\u043e\u043c\u0435\u0441\u0442\u0438\u0442\u044c \u0432 \u043a\u0438\u043f\u044f\u0449\u0443\u044e \u0432\u043e\u0434\u0443 (\u043d\u0435 \u0431\u043e\u043b\u0435\u0435 5 \u043c\u0438\u043d.). \u041f\u0435\u0440\u0435\u0434 \u043a\u0430\u0436\u0434\u044b\u043c \u043f\u043e\u0441\u043b\u0435\u0434\u0443\u044e\u0449\u0438\u043c \u0438\u0441\u043f\u043e\u043b\u044c\u0437\u043e\u0432\u0430\u043d\u0438\u0435\u043c \u0434\u043b\u044f \u043e\u0431\u0435\u0441\u043f\u0435\u0447\u0435\u043d\u0438\u044f \u0434\u043e\u0441\u0442\u0430\u0442\u043e\u0447\u043d\u043e\u0439 \u0433\u0438\u0433\u0438\u0435\u043d\u044b \u043d\u0435\u043e\u0431\u0445\u043e\u0434\u0438\u043c\u043e \u0442\u0449\u0430\u0442\u0435\u043b\u044c\u043d\u043e \u0432\u044b\u043c\u044b\u0442\u044c, \u0432\u044b\u043f\u043e\u043b\u043e\u0441\u043a\u0430\u0442\u044c \u0438 \u043e\u0431\u043b\u0438\u0442\u044c \u043a\u0438\u043f\u044f\u0442\u043a\u043e\u043c. \u041d\u0435 \u043a\u0438\u043f\u044f\u0442\u0438\u0442\u044c! T\u0440\u0438\u0442\u0430\u043d \u2013 \u044d\u0442\u043e \u043f\u0440\u043e\u0447\u043d\u044b\u0439, \u043f\u0440\u043e\u0437\u0440\u0430\u0447\u043d\u044b\u0439 \u043c\u0430\u0442\u0435\u0440\u0438\u0430\u043b, \u043a\u043e\u0442\u043e\u0440\u044b\u0439 [&hellip;]<\/p>\n","protected":false},"featured_media":41464,"comment_status":"open","ping_status":"closed","template":"","meta":{"_acf_changed":false},"product_brand":[],"product_cat":[6788],"product_tag":[],"class_list":{"0":"post-41465","1":"product","2":"type-product","3":"status-publish","4":"has-post-thumbnail","6":"product_cat-ru_ru-butylochki-trim-ro_ro","8":"first","9":"instock","10":"shipping-taxable","11":"purchasable","12":"product-type-simple"},"acf":[],"_links":{"self":[{"href":"https:\/\/minimax.md\/ru\/wp-json\/wp\/v2\/product\/41465","targetHints":{"allow":["GET"]}}],"collection":[{"href":"https:\/\/minimax.md\/ru\/wp-json\/wp\/v2\/product"}],"about":[{"href":"https:\/\/minimax.md\/ru\/wp-json\/wp\/v2\/types\/product"}],"replies":[{"embeddable":true,"href":"https:\/\/minimax.md\/ru\/wp-json\/wp\/v2\/comments?post=41465"}],"version-history":[{"count":0,"href":"https:\/\/minimax.md\/ru\/wp-json\/wp\/v2\/product\/41465\/revisions"}],"wp:featuredmedia":[{"embeddable":true,"href":"https:\/\/minimax.md\/ru\/wp-json\/wp\/v2\/media\/41464"}],"wp:attachment":[{"href":"https:\/\/minimax.md\/ru\/wp-json\/wp\/v2\/media?parent=41465"}],"wp:term":[{"taxonomy":"product_brand","embeddable":true,"href":"https:\/\/minimax.md\/ru\/wp-json\/wp\/v2\/product_brand?post=41465"},{"taxonomy":"product_cat","embeddable":true,"href":"https:\/\/minimax.md\/ru\/wp-json\/wp\/v2\/product_cat?post=41465"},{"taxonomy":"product_tag","embeddable":true,"href":"https:\/\/minimax.md\/ru\/wp-json\/wp\/v2\/product_tag?post=41465"}],"curies":[{"name":"wp","href":"https:\/\/api.w.org\/{rel}","templated":true}]}}