{"id":41468,"date":"2023-11-28T13:09:17","date_gmt":"2023-11-28T10:09:17","guid":{"rendered":"https:\/\/minimax.md\/product\/41468.html"},"modified":"2023-11-28T13:29:47","modified_gmt":"2023-11-28T10:29:47","slug":"ru_ru-burak-toys-kacheli-trim-ro_ro-burak-toys-scr-nciob","status":"publish","type":"product","link":"https:\/\/minimax.md\/ru\/product\/41468.html","title":{"rendered":"Burak Toys \u041a\u0430\u0447\u0435\u043b\u0438"},"content":{"rendered":"<p>[:ru_RU]\u0414\u0435\u0442\u0441\u043a\u0438\u0435 \u043a\u0430\u0447\u0435\u043b\u0438 \u043c\u043e\u0436\u043d\u043e \u0438\u0441\u043f\u043e\u043b\u044c\u0437\u043e\u0432\u0430\u0442\u044c \u0434\u043b\u044f \u0432\u0435\u0441\u0435\u043b\u043e\u0433\u043e \u043a\u0430\u0442\u0430\u043d\u0438\u044f \u0432 \u043f\u043e\u043c\u0435\u0449\u0435\u043d\u0438\u0438 \u0438 \u043d\u0430 \u0443\u043b\u0438\u0446\u0435.<br \/>\n\u041e\u043d\u0438 \u043e\u0447\u0435\u043d\u044c \u0443\u0434\u043e\u0431\u043d\u044b \u0438 \u043f\u0440\u043e\u0441\u0442\u044b \u0432 \u043f\u0440\u0438\u043c\u0435\u043d\u0435\u043d\u0438\u0438.<br \/>\n 35 cm x 40 cm x 35 cm[trim][:ro_RO]Leag\u0103nul pentru copii ofer\u0103 siguran\u021b\u0103 pe care acesta trebuie s\u0103 o simt\u0103 pe deplin, ca s\u0103 se poata juca \u00een lini\u0219te.<br \/>\nForma scaunului nu permite copilului s\u0103 se urce sau s\u0103 coboare singur din leag\u0103n.<br \/>\nSforile de prindere sunt trecute prin doua inele din fier nichelat, permi\u021b\u00e2nd prinderea leag\u0103nului \u00een unul sau doua puncte fixe.<\/p>\n","protected":false},"excerpt":{"rendered":"<p>[:ru_RU]\u0414\u0435\u0442\u0441\u043a\u0438\u0435 \u043a\u0430\u0447\u0435\u043b\u0438 \u043c\u043e\u0436\u043d\u043e \u0438\u0441\u043f\u043e\u043b\u044c\u0437\u043e\u0432\u0430\u0442\u044c \u0434\u043b\u044f \u0432\u0435\u0441\u0435\u043b\u043e\u0433\u043e \u043a\u0430\u0442\u0430\u043d\u0438\u044f \u0432 \u043f\u043e\u043c\u0435\u0449\u0435\u043d\u0438\u0438 \u0438 \u043d\u0430 \u0443\u043b\u0438\u0446\u0435. \u041e\u043d\u0438 \u043e\u0447\u0435\u043d\u044c \u0443\u0434\u043e\u0431\u043d\u044b \u0438 \u043f\u0440\u043e\u0441\u0442\u044b \u0432 \u043f\u0440\u0438\u043c\u0435\u043d\u0435\u043d\u0438\u0438. 35 cm x 40 cm x 35 cm[trim][:ro_RO]Leag\u0103nul pentru copii ofer\u0103 siguran\u021b\u0103 pe care acesta trebuie s\u0103 o simt\u0103 pe deplin, ca s\u0103 se poata juca \u00een lini\u0219te. Forma scaunului nu permite copilului s\u0103 se urce [&hellip;]<\/p>\n","protected":false},"featured_media":41466,"comment_status":"open","ping_status":"closed","template":"","meta":{"_acf_changed":false},"product_brand":[],"product_cat":[6797],"product_tag":[],"class_list":{"0":"post-41468","1":"product","2":"type-product","3":"status-publish","4":"has-post-thumbnail","6":"product_cat-ru_ru-kacheli-i-kachalki-tr","8":"first","9":"instock","10":"shipping-taxable","11":"purchasable","12":"product-type-simple"},"acf":[],"_links":{"self":[{"href":"https:\/\/minimax.md\/ru\/wp-json\/wp\/v2\/product\/41468","targetHints":{"allow":["GET"]}}],"collection":[{"href":"https:\/\/minimax.md\/ru\/wp-json\/wp\/v2\/product"}],"about":[{"href":"https:\/\/minimax.md\/ru\/wp-json\/wp\/v2\/types\/product"}],"replies":[{"embeddable":true,"href":"https:\/\/minimax.md\/ru\/wp-json\/wp\/v2\/comments?post=41468"}],"version-history":[{"count":0,"href":"https:\/\/minimax.md\/ru\/wp-json\/wp\/v2\/product\/41468\/revisions"}],"wp:featuredmedia":[{"embeddable":true,"href":"https:\/\/minimax.md\/ru\/wp-json\/wp\/v2\/media\/41466"}],"wp:attachment":[{"href":"https:\/\/minimax.md\/ru\/wp-json\/wp\/v2\/media?parent=41468"}],"wp:term":[{"taxonomy":"product_brand","embeddable":true,"href":"https:\/\/minimax.md\/ru\/wp-json\/wp\/v2\/product_brand?post=41468"},{"taxonomy":"product_cat","embeddable":true,"href":"https:\/\/minimax.md\/ru\/wp-json\/wp\/v2\/product_cat?post=41468"},{"taxonomy":"product_tag","embeddable":true,"href":"https:\/\/minimax.md\/ru\/wp-json\/wp\/v2\/product_tag?post=41468"}],"curies":[{"name":"wp","href":"https:\/\/api.w.org\/{rel}","templated":true}]}}