{"id":41493,"date":"2023-11-28T13:09:33","date_gmt":"2023-11-28T10:09:33","guid":{"rendered":"https:\/\/minimax.md\/product\/41493.html"},"modified":"2024-03-13T00:17:06","modified_gmt":"2024-03-12T21:17:06","slug":"ru_ru-burak-pesochnyj-nabor-olimp-trim-ro_ro-burak-set-pentru-nisip-olimp","status":"publish","type":"product","link":"https:\/\/minimax.md\/ru\/product\/41493.html","title":{"rendered":"Burak \u041f\u0435\u0441\u043e\u0447\u043d\u044b\u0439 \u043d\u0430\u0431\u043e\u0440 Olimp"},"content":{"rendered":"<p>[:ru_RU]\u041a\u0440\u0430\u0441\u043e\u0447\u043d\u044b\u0435 \u0438\u0433\u0440\u0443\u0448\u043a\u0438 \u0434\u043b\u044f \u0432\u043e\u0434\u044b \u0438 \u043f\u0435\u0441\u043e\u0447\u043d\u0438\u0446\u044b \u043e\u0442\u00a0Burak Toys! \u041e\u043d\u0438 \u0441\u043f\u043e\u0441\u043e\u0431\u0441\u0442\u0432\u0443\u044e\u0442 \u0440\u0430\u0437\u0432\u0438\u0442\u0438\u044e \u0442\u0430\u043a\u0442\u0438\u043b\u044c\u043d\u044b\u0445 \u043e\u0449\u0443\u0449\u0435\u043d\u0438\u0439, \u043c\u0435\u043b\u043a\u043e\u0439 \u043c\u043e\u0442\u043e\u0440\u0438\u043a\u0438, \u0432\u043e\u043e\u0431\u0440\u0430\u0436\u0435\u043d\u0438\u044f \u0440\u0435\u0431\u0435\u043d\u043a\u0430, \u0438 \u043a\u043e\u043d\u0446\u0435\u043d\u0442\u0440\u0430\u0446\u0438\u0438 \u0432\u043d\u0438\u043c\u0430\u043d\u0438\u044f. \u042d\u0442\u0438 \u0438\u0433\u0440\u0443\u0448\u043a\u0438 \u043f\u043e\u043c\u043e\u0433\u0430\u044e\u0442 \u0444\u043e\u0440\u043c\u0438\u0440\u043e\u0432\u0430\u043d\u0438\u044e \u0443 \u0440\u0435\u0431\u0451\u043d\u043a\u0430 \u0432\u043e\u0441\u043f\u0440\u0438\u044f\u0442\u0438\u044f \u0446\u0432\u0435\u0442\u0430.<\/p>\n<p> \t\u0412 \u043d\u0430\u0431\u043e\u0440\u0435: \u0432\u0435\u0434\u0435\u0440\u043a\u043e, \u043a\u0440\u044b\u0448\u043a\u0430 \u2014 \u0441\u0438\u0442\u043e, \u043b\u043e\u043f\u0430\u0442\u043a\u0430, \u0433\u0440\u0430\u0431\u043b\u0438 \u0438 \u0444\u043e\u0440\u043c\u043e\u0447\u043a\u0438 \u0434\u043b\u044f \u043f\u0435\u0441\u043a\u0430<br \/>\n \t\u0426\u0432\u0435\u0442: \u0432 \u0430\u0441\u0441\u043e\u0440\u0442\u0438\u043c\u0435\u043d\u0442\u0435<br \/>\n \t\u041c\u0430\u0442\u0435\u0440\u0438\u0430\u043b: \u043f\u0440\u043e\u0447\u043d\u044b\u0439 \u043f\u043b\u0430\u0441\u0442\u0438\u043a<br \/>\n \t\u0420\u0435\u043a\u043e\u043c\u0435\u043d\u0434\u0443\u0435\u043c\u044b\u0439 \u0432\u043e\u0437\u0440\u0430\u0441\u0442: 3+[trim][:ro_RO]Juc\u0103rii colorate pentru ap\u0103 \u0219i nisip de la\u00a0<strong>Burak Toys<\/strong>! Ele contribuie la dezvoltarea sim\u021bului tactil, a motricit\u0103\u021bii fine, a imagina\u021biei copilului \u0219i a concentr\u0103rii aten\u021biei. Aceste juc\u0103rii favorizeaz\u0103 formarea percep\u021biei culorilor.<\/p>\n<ul>\n<li>Setul include: g\u0103leat\u0103, capac \u2013 sit\u0103, lopat\u0103, grebl\u0103 \u0219i forme pentru nisip<\/li>\n<li>Culoare: \u00een sortiment<\/li>\n<li>Material: plastic rezistent<\/li>\n<li>V\u00e2rsta recomandat\u0103: 3+ ani<\/li>\n<\/ul>\n","protected":false},"excerpt":{"rendered":"<p>[:ru_RU]\u041a\u0440\u0430\u0441\u043e\u0447\u043d\u044b\u0435 \u0438\u0433\u0440\u0443\u0448\u043a\u0438 \u0434\u043b\u044f \u0432\u043e\u0434\u044b \u0438 \u043f\u0435\u0441\u043e\u0447\u043d\u0438\u0446\u044b \u043e\u0442\u00a0Burak Toys! \u041e\u043d\u0438 \u0441\u043f\u043e\u0441\u043e\u0431\u0441\u0442\u0432\u0443\u044e\u0442 \u0440\u0430\u0437\u0432\u0438\u0442\u0438\u044e \u0442\u0430\u043a\u0442\u0438\u043b\u044c\u043d\u044b\u0445 \u043e\u0449\u0443\u0449\u0435\u043d\u0438\u0439, \u043c\u0435\u043b\u043a\u043e\u0439 \u043c\u043e\u0442\u043e\u0440\u0438\u043a\u0438, \u0432\u043e\u043e\u0431\u0440\u0430\u0436\u0435\u043d\u0438\u044f \u0440\u0435\u0431\u0435\u043d\u043a\u0430, \u0438 \u043a\u043e\u043d\u0446\u0435\u043d\u0442\u0440\u0430\u0446\u0438\u0438 \u0432\u043d\u0438\u043c\u0430\u043d\u0438\u044f. \u042d\u0442\u0438 \u0438\u0433\u0440\u0443\u0448\u043a\u0438 \u043f\u043e\u043c\u043e\u0433\u0430\u044e\u0442 \u0444\u043e\u0440\u043c\u0438\u0440\u043e\u0432\u0430\u043d\u0438\u044e \u0443 \u0440\u0435\u0431\u0451\u043d\u043a\u0430 \u0432\u043e\u0441\u043f\u0440\u0438\u044f\u0442\u0438\u044f \u0446\u0432\u0435\u0442\u0430. \u0412 \u043d\u0430\u0431\u043e\u0440\u0435: \u0432\u0435\u0434\u0435\u0440\u043a\u043e, \u043a\u0440\u044b\u0448\u043a\u0430 \u2014 \u0441\u0438\u0442\u043e, \u043b\u043e\u043f\u0430\u0442\u043a\u0430, \u0433\u0440\u0430\u0431\u043b\u0438 \u0438 \u0444\u043e\u0440\u043c\u043e\u0447\u043a\u0438 \u0434\u043b\u044f \u043f\u0435\u0441\u043a\u0430 \u0426\u0432\u0435\u0442: \u0432 \u0430\u0441\u0441\u043e\u0440\u0442\u0438\u043c\u0435\u043d\u0442\u0435 \u041c\u0430\u0442\u0435\u0440\u0438\u0430\u043b: \u043f\u0440\u043e\u0447\u043d\u044b\u0439 \u043f\u043b\u0430\u0441\u0442\u0438\u043a \u0420\u0435\u043a\u043e\u043c\u0435\u043d\u0434\u0443\u0435\u043c\u044b\u0439 \u0432\u043e\u0437\u0440\u0430\u0441\u0442: 3+[trim][:ro_RO]Juc\u0103rii colorate pentru ap\u0103 \u0219i nisip de [&hellip;]<\/p>\n","protected":false},"featured_media":41491,"comment_status":"open","ping_status":"closed","template":"","meta":{"_acf_changed":false},"product_brand":[],"product_cat":[6702],"product_tag":[],"class_list":{"0":"post-41493","1":"product","2":"type-product","3":"status-publish","4":"has-post-thumbnail","6":"product_cat-ru_ru-dlja-pesochnicy-trim","8":"first","9":"instock","10":"shipping-taxable","11":"purchasable","12":"product-type-simple"},"acf":[],"_links":{"self":[{"href":"https:\/\/minimax.md\/ru\/wp-json\/wp\/v2\/product\/41493","targetHints":{"allow":["GET"]}}],"collection":[{"href":"https:\/\/minimax.md\/ru\/wp-json\/wp\/v2\/product"}],"about":[{"href":"https:\/\/minimax.md\/ru\/wp-json\/wp\/v2\/types\/product"}],"replies":[{"embeddable":true,"href":"https:\/\/minimax.md\/ru\/wp-json\/wp\/v2\/comments?post=41493"}],"version-history":[{"count":0,"href":"https:\/\/minimax.md\/ru\/wp-json\/wp\/v2\/product\/41493\/revisions"}],"wp:featuredmedia":[{"embeddable":true,"href":"https:\/\/minimax.md\/ru\/wp-json\/wp\/v2\/media\/41491"}],"wp:attachment":[{"href":"https:\/\/minimax.md\/ru\/wp-json\/wp\/v2\/media?parent=41493"}],"wp:term":[{"taxonomy":"product_brand","embeddable":true,"href":"https:\/\/minimax.md\/ru\/wp-json\/wp\/v2\/product_brand?post=41493"},{"taxonomy":"product_cat","embeddable":true,"href":"https:\/\/minimax.md\/ru\/wp-json\/wp\/v2\/product_cat?post=41493"},{"taxonomy":"product_tag","embeddable":true,"href":"https:\/\/minimax.md\/ru\/wp-json\/wp\/v2\/product_tag?post=41493"}],"curies":[{"name":"wp","href":"https:\/\/api.w.org\/{rel}","templated":true}]}}