{"id":41513,"date":"2023-11-28T13:09:36","date_gmt":"2023-11-28T10:09:36","guid":{"rendered":"https:\/\/minimax.md\/product\/41513.html"},"modified":"2023-11-28T13:29:47","modified_gmt":"2023-11-28T10:29:47","slug":"ru_ru-canpol-butylochka-plastikovaja-antikolikovaja-toys-240ml-trim-ro_ro-canpol-biberon-anticolici-toys-240ml","status":"publish","type":"product","link":"https:\/\/minimax.md\/ru\/product\/41513.html","title":{"rendered":"Canpol \u0431\u0443\u0442\u044b\u043b\u043e\u0447\u043a\u0430 \u043f\u043b\u0430\u0441\u0442\u0438\u043a\u043e\u0432\u0430\u044f \u0430\u043d\u0442\u0438\u043a\u043e\u043b\u0438\u043a\u043e\u0432\u0430\u044f Toys, 240\u043c\u043b"},"content":{"rendered":"<p>[:ru_RU]\u0410\u043d\u0442\u0438\u043a\u043e\u043b\u0438\u043a\u043e\u0432\u0430\u044f \u0431\u0443\u0442\u044b\u043b\u043e\u0447\u043a\u0430 Canpol \u0432\u044b\u043f\u043e\u043b\u043d\u0435\u043d\u0430 \u0432 \u043d\u0435\u0436\u043d\u044b\u0445, \u043f\u0440\u0438\u044f\u0442\u043d\u044b\u0445 \u0442\u043e\u043d\u0430\u0445, \u0438\u0434\u0435\u0430\u043b\u044c\u043d\u043e \u043f\u043e\u0434\u043e\u0439\u0434\u0435\u0442 \u0434\u043b\u044f \u0441\u0430\u043c\u044b\u0445 \u043c\u0430\u043b\u0435\u043d\u044c\u043a\u0438\u0445 \u0434\u0435\u0442\u043e\u043a.<br \/>\n\u0411\u0443\u0442\u044b\u043b\u043e\u0447\u043a\u0430 \u0438\u0437\u0433\u043e\u0442\u043e\u0432\u043b\u0435\u043d\u0430 \u0438\u0437 \u0431\u0435\u0437\u043e\u043f\u0430\u0441\u043d\u044b\u0445, \u044d\u043a\u043e\u043b\u043e\u0433\u0438\u0447\u0435\u0441\u043a\u0438 \u0447\u0438\u0441\u0442\u044b\u0445 \u043c\u0430\u0442\u0435\u0440\u0438\u0430\u043b\u043e\u0432 (\u043d\u0435 \u0441\u043e\u0434\u0435\u0440\u0436\u0438\u0442 \u0411\u0438\u0441\u0444\u0435\u043d\u043e\u043b &#8211; \u0410).<br \/>\n\u041e\u0441\u043d\u0430\u0449\u0435\u043d\u0430 \u0441\u0438\u043b\u0438\u043a\u043e\u043d\u043e\u0432\u043e\u0439 \u0430\u043d\u0442\u0438\u043a\u043e\u043b\u0438\u043a\u043e\u0432\u043e\u0439 \u0441\u043e\u0441\u043a\u043e\u0439 \u0434\u043b\u044f \u0434\u0435\u0442\u043e\u043a \u043e\u0442 3 \u0434\u043e 6 \u043c\u0435\u0441\u044f\u0446\u0435\u0432<br \/>\n\u0424\u043e\u0440\u043c\u0430 \u0441\u043e\u0441\u043a\u0438 \u043d\u0430\u043f\u043e\u043c\u0438\u043d\u0430\u0435\u0442 \u043c\u0430\u0442\u0435\u0440\u0438\u043d\u0441\u043a\u0443\u044e \u0433\u0440\u0443\u0434\u044c  \u2013  \u043f\u043e\u0437\u0432\u043e\u043b\u044f\u0435\u0442 \u0441\u043e\u0447\u0435\u0442\u0430\u0442\u044c \u0433\u0440\u0443\u0434\u043d\u043e\u0435 \u0438 \u0438\u0441\u043a\u0443\u0441\u0441\u0442\u0432\u0435\u043d\u043d\u043e\u0435 \u0432\u0441\u043a\u0430\u0440\u043c\u043b\u0438\u0432\u0430\u043d\u0438\u0435;<br \/>\n\u0411\u043b\u0430\u0433\u043e\u0434\u0430\u0440\u044f \u0448\u0438\u0440\u043e\u043a\u043e\u043c\u0443 \u0433\u043e\u0440\u043b\u044b\u0448\u043a\u0443, \u0431\u0443\u0442\u044b\u043b\u043e\u0447\u043a\u0443 \u043b\u0435\u0433\u043a\u043e \u043c\u044b\u0442\u044c \u0438 \u043d\u0430\u043f\u043e\u043b\u043d\u044f\u0442\u044c \u043f\u0438\u0442\u0430\u043d\u0438\u0435\u043c.<br \/>\n\u0422\u043e\u0447\u043d\u0430\u044f \u043c\u0435\u0440\u043d\u0430\u044f \u0448\u043a\u0430\u043b\u0430 \u043f\u043e\u0437\u0432\u043e\u043b\u044f\u0435\u0442 \u043f\u0440\u0438\u0433\u043e\u0442\u043e\u0432\u0438\u0442\u044c \u043f\u0438\u0442\u0430\u043d\u0438\u0435 \u0432 \u0442\u043e\u0447\u043d\u044b\u0445 \u043f\u0440\u043e\u043f\u043e\u0440\u0446\u0438\u044f\u0445.<br \/>\n\u041f\u0440\u043e\u0434\u0430\u0435\u0442\u0441\u044f \u0432 \u0443\u043f\u0430\u043a\u043e\u0432\u043a\u0435 (1\u0448\u0442.)<br \/>\n\u041f\u0440\u043e\u0438\u0437\u0432\u043e\u0434\u0438\u0442\u0435\u043b\u044c \u041f\u043e\u043b\u044c\u0448\u0430.<br \/>\n\u041e\u0431\u044a\u0451\u043c: 240 \u043c\u043b.[trim][:ro_RO]Biberon cu sistem anti-colik Canpol realizat \u00een culori bl\u00e2nde, ideale pentru cei mai mici copii.<br \/>\nConfectionat din materiale sigure, ecologice (nu con\u021bine bisfenol &#8211; A).<br \/>\nEchipat cu suzeta din silicon cu sistem anti-colik pentru copiii de la 3 p\u00e2n\u0103 la 6 luni.<br \/>\nForma sticlei seam\u0103n\u0103 cu sfarcurile s\u00e2nul mamei &#8211; v\u0103 permite s\u0103 combina\u021bi s\u00e2n \u0219i  hr\u0103nire din sticl\u0103;<br \/>\nSticluta cu un g\u00e2t larg  u\u0219or de spalat.<br \/>\nScar\u0103 de m\u0103surare precise permite s\u0103 g\u0103teasc\u0103 m\u00e2ncare \u00een propor\u021bii exacte.<br \/>\nVandut in pachet: (1 buc) Made in Polonia.<br \/>\nVolum: 240 ml.<\/p>\n","protected":false},"excerpt":{"rendered":"<p>[:ru_RU]\u0410\u043d\u0442\u0438\u043a\u043e\u043b\u0438\u043a\u043e\u0432\u0430\u044f \u0431\u0443\u0442\u044b\u043b\u043e\u0447\u043a\u0430 Canpol \u0432\u044b\u043f\u043e\u043b\u043d\u0435\u043d\u0430 \u0432 \u043d\u0435\u0436\u043d\u044b\u0445, \u043f\u0440\u0438\u044f\u0442\u043d\u044b\u0445 \u0442\u043e\u043d\u0430\u0445, \u0438\u0434\u0435\u0430\u043b\u044c\u043d\u043e \u043f\u043e\u0434\u043e\u0439\u0434\u0435\u0442 \u0434\u043b\u044f \u0441\u0430\u043c\u044b\u0445 \u043c\u0430\u043b\u0435\u043d\u044c\u043a\u0438\u0445 \u0434\u0435\u0442\u043e\u043a. \u0411\u0443\u0442\u044b\u043b\u043e\u0447\u043a\u0430 \u0438\u0437\u0433\u043e\u0442\u043e\u0432\u043b\u0435\u043d\u0430 \u0438\u0437 \u0431\u0435\u0437\u043e\u043f\u0430\u0441\u043d\u044b\u0445, \u044d\u043a\u043e\u043b\u043e\u0433\u0438\u0447\u0435\u0441\u043a\u0438 \u0447\u0438\u0441\u0442\u044b\u0445 \u043c\u0430\u0442\u0435\u0440\u0438\u0430\u043b\u043e\u0432 (\u043d\u0435 \u0441\u043e\u0434\u0435\u0440\u0436\u0438\u0442 \u0411\u0438\u0441\u0444\u0435\u043d\u043e\u043b &#8211; \u0410). \u041e\u0441\u043d\u0430\u0449\u0435\u043d\u0430 \u0441\u0438\u043b\u0438\u043a\u043e\u043d\u043e\u0432\u043e\u0439 \u0430\u043d\u0442\u0438\u043a\u043e\u043b\u0438\u043a\u043e\u0432\u043e\u0439 \u0441\u043e\u0441\u043a\u043e\u0439 \u0434\u043b\u044f \u0434\u0435\u0442\u043e\u043a \u043e\u0442 3 \u0434\u043e 6 \u043c\u0435\u0441\u044f\u0446\u0435\u0432 \u0424\u043e\u0440\u043c\u0430 \u0441\u043e\u0441\u043a\u0438 \u043d\u0430\u043f\u043e\u043c\u0438\u043d\u0430\u0435\u0442 \u043c\u0430\u0442\u0435\u0440\u0438\u043d\u0441\u043a\u0443\u044e \u0433\u0440\u0443\u0434\u044c \u2013 \u043f\u043e\u0437\u0432\u043e\u043b\u044f\u0435\u0442 \u0441\u043e\u0447\u0435\u0442\u0430\u0442\u044c \u0433\u0440\u0443\u0434\u043d\u043e\u0435 \u0438 \u0438\u0441\u043a\u0443\u0441\u0441\u0442\u0432\u0435\u043d\u043d\u043e\u0435 \u0432\u0441\u043a\u0430\u0440\u043c\u043b\u0438\u0432\u0430\u043d\u0438\u0435; \u0411\u043b\u0430\u0433\u043e\u0434\u0430\u0440\u044f \u0448\u0438\u0440\u043e\u043a\u043e\u043c\u0443 \u0433\u043e\u0440\u043b\u044b\u0448\u043a\u0443, \u0431\u0443\u0442\u044b\u043b\u043e\u0447\u043a\u0443 \u043b\u0435\u0433\u043a\u043e \u043c\u044b\u0442\u044c [&hellip;]<\/p>\n","protected":false},"featured_media":41512,"comment_status":"open","ping_status":"closed","template":"","meta":{"_acf_changed":false},"product_brand":[],"product_cat":[6788],"product_tag":[],"class_list":{"0":"post-41513","1":"product","2":"type-product","3":"status-publish","4":"has-post-thumbnail","6":"product_cat-ru_ru-butylochki-trim-ro_ro","8":"first","9":"instock","10":"shipping-taxable","11":"purchasable","12":"product-type-simple"},"acf":[],"_links":{"self":[{"href":"https:\/\/minimax.md\/ru\/wp-json\/wp\/v2\/product\/41513","targetHints":{"allow":["GET"]}}],"collection":[{"href":"https:\/\/minimax.md\/ru\/wp-json\/wp\/v2\/product"}],"about":[{"href":"https:\/\/minimax.md\/ru\/wp-json\/wp\/v2\/types\/product"}],"replies":[{"embeddable":true,"href":"https:\/\/minimax.md\/ru\/wp-json\/wp\/v2\/comments?post=41513"}],"version-history":[{"count":0,"href":"https:\/\/minimax.md\/ru\/wp-json\/wp\/v2\/product\/41513\/revisions"}],"wp:featuredmedia":[{"embeddable":true,"href":"https:\/\/minimax.md\/ru\/wp-json\/wp\/v2\/media\/41512"}],"wp:attachment":[{"href":"https:\/\/minimax.md\/ru\/wp-json\/wp\/v2\/media?parent=41513"}],"wp:term":[{"taxonomy":"product_brand","embeddable":true,"href":"https:\/\/minimax.md\/ru\/wp-json\/wp\/v2\/product_brand?post=41513"},{"taxonomy":"product_cat","embeddable":true,"href":"https:\/\/minimax.md\/ru\/wp-json\/wp\/v2\/product_cat?post=41513"},{"taxonomy":"product_tag","embeddable":true,"href":"https:\/\/minimax.md\/ru\/wp-json\/wp\/v2\/product_tag?post=41513"}],"curies":[{"name":"wp","href":"https:\/\/api.w.org\/{rel}","templated":true}]}}