{"id":41537,"date":"2023-11-28T13:09:39","date_gmt":"2023-11-28T10:09:39","guid":{"rendered":"https:\/\/minimax.md\/product\/41537.html"},"modified":"2023-11-28T13:29:48","modified_gmt":"2023-11-28T10:29:48","slug":"ru_ru-baby-mix-hodunok-2v1-trim-ro_ro-baby-mix-premerg-tor-2in1-2","status":"publish","type":"product","link":"https:\/\/minimax.md\/ru\/product\/41537.html","title":{"rendered":"Baby Mix \u0445\u043e\u0434\u0443\u043d\u043e\u043a 2\u04321"},"content":{"rendered":"<p>[:ru_RU]\u0425\u043e\u0434\u0443\u043d\u043a\u0438 \u043d\u0430 \u043f\u043e\u0434\u0441\u0442\u0430\u0432\u043a\u0435 2-\u0432-1 Baby Mix<br \/>\n\u0425\u043e\u0434\u0443\u043d\u043a\u0438 \u043f\u0440\u0435\u0434\u043d\u0430\u0437\u043d\u0430\u0447\u0435\u043d\u044b \u0434\u043b\u044f \u0434\u0435\u0442\u0435\u0439 \u043e\u0442 6 \u043c\u0435\u0441\u044f\u0446\u0435\u0432<br \/>\n\u0412\u044b\u0441\u043e\u0442\u0443 \u0441\u0438\u0434\u0435\u043d\u0438\u044e \u043c\u043e\u0436\u043d\u043e \u0440\u0435\u0433\u0443\u043b\u0438\u0440\u043e\u0432\u0430\u0442\u044c \u0432 3 \u0443\u0440\u043e\u0432\u043d\u044f.<br \/>\n\u042d\u0442\u043e \u0434\u0432\u0443\u0445-\u044d\u0442\u0430\u043f\u043d\u044b\u0435 \u0445\u043e\u0434\u0443\u043d\u043a\u0438, \u0441 \u043a\u043e\u0442\u043e\u0440\u044b\u043c\u0438 \u0440\u0435\u0431\u0435\u043d\u043e\u043a \u043d\u0430\u0447\u0438\u043d\u0430\u0435\u0442 \u0437\u043d\u0430\u043a\u043e\u043c\u0438\u0442\u044c\u0441\u044f \u0432 \u0441\u0430\u043c\u044b\u0439 \u0440\u0430\u043d\u043d\u0438\u0439 \u043f\u0435\u0440\u0438\u043e\u0434.<br \/>\n\u041d\u0430 \u043f\u0435\u0440\u0432\u043e\u043c \u044d\u0442\u0430\u043f\u0435, \u0441\u0438\u0434\u044f, \u043e\u043d \u0437\u043d\u0430\u043a\u043e\u043c\u0438\u0442\u0441\u044f \u0441 \u0440\u0430\u0437\u043c\u0435\u0449\u0435\u043d\u043d\u044b\u043c\u0438 \u043d\u0430 \u0441\u0442\u043e\u043b\u0438\u043a\u0435 \u0437\u0432\u0443\u043a\u0430\u043c\u0438 \u0438 \u0444\u043e\u0440\u043c\u0430\u043c\u0438.<br \/>\n\u041f\u0440\u0438 \u043a\u0430\u0436\u0434\u043e\u043c \u043d\u0430\u0436\u0430\u0442\u0438\u0438 \u043d\u0430 \u0440\u0430\u0437\u043d\u043e\u0446\u0432\u0435\u0442\u043d\u044b\u0435, \u0438\u0437\u0434\u0430\u044e\u0449\u0438\u0435 \u0437\u0432\u0443\u043a\u0438 \u043a\u043d\u043e\u043f\u043a\u0438 \u043d\u0430 \u043a\u0430\u0436\u0434\u043e\u043c \u043b\u0438\u0447\u0438\u043a\u0435 \u043f\u043e\u044f\u0432\u043b\u044f\u0435\u0442\u0441\u044f \u0443\u043b\u044b\u0431\u043a\u0430.<br \/>\n\u0412\u0442\u043e\u0440\u043e\u0439 \u044d\u0442\u0430\u043f  \u2013  \u044d\u0442\u043e \u043e\u0431\u0443\u0447\u0435\u043d\u0438\u0435 \u0445\u043e\u0436\u0434\u0435\u043d\u0438\u044e. \u0414\u0435\u0440\u0436\u0430\u0441\u044c \u0437\u0430 \u0437\u0430\u0434\u043d\u0438\u0435 \u0440\u0443\u0447\u043a\u0438 \u043d\u0430 \u0445\u043e\u0434\u0443\u043d\u043a\u0430\u0445, \u043c\u0430\u043b\u044b\u0448 \u0431\u0443\u0434\u0435\u0442 \u0447\u0443\u0432\u0441\u0442\u0432\u043e\u0432\u0430\u0442\u044c \u043d\u0430\u0434\u0435\u0436\u043d\u0443\u044e \u043e\u043f\u043e\u0440\u0443 \u0438 \u0432 \u0434\u0430\u043b\u044c\u043d\u0435\u0439\u0448\u0435\u043c \u043f\u043e\u0439\u0434\u0435\u0442 \u0443\u0436\u0435 \u0431\u0435\u0437 \u043f\u043e\u0434\u0434\u0435\u0440\u0436\u043a\u0438.<br \/>\n\u041f\u0435\u0440\u0435\u0434\u043d\u0438\u0435 \u043a\u043e\u043b\u0435\u0441\u0430 \u0432\u0440\u0430\u0449\u0430\u044e\u0442\u0441\u044f \u043d\u0430 360 \u0433\u0440\u0430\u0434\u0443\u0441\u043e\u0432, \u0437\u0430\u0434\u043d\u0438\u0435 \u0444\u0438\u043a\u0441\u0438\u0440\u0443\u044e\u0442\u0441\u044f.<br \/>\n\u0420\u0430\u0437\u043c\u0435\u0440\u044b: 70 \u0445 65 \u0445 40 \u0441\u043c<br \/>\n\u0412\u0435\u0441: 4 \u043a\u0433.[trim][:ro_RO]Premerg\u0103toarele sunt proiectate pentru copii de la 6 luni<br \/>\nAceast\u0103 juc\u0103rie \u00een dou\u0103 etape, cu care copilul se \u00eent\u00e2lne\u015fte \u00een cea mai mic\u0103 v\u00eerst\u0103.<br \/>\n\u00cen prima etap\u0103, copilul st\u0103 \u015fi face cuno\u015ftin\u0163\u0103 cu sunetele \u015fi formele de pe mas\u0103.<br \/>\nDe fiecare dat\u0103 c\u00e2nd ap\u0103sa\u0163i butonul colorat el reproduce sunet.<br \/>\nA doua etap\u0103 &#8211; mersul.<br \/>\n\u00cen\u0103l\u021bimea scaunului poate fi reglat \u00een 3 nivele.<br \/>\nRo\u021bile din fa\u021b\u0103 se rotesc la 360 de grade, spate fixe.<br \/>\nDimensiuni: 70 x 65 x 40 cmGreutate: 4 kg.<\/p>\n","protected":false},"excerpt":{"rendered":"<p>[:ru_RU]\u0425\u043e\u0434\u0443\u043d\u043a\u0438 \u043d\u0430 \u043f\u043e\u0434\u0441\u0442\u0430\u0432\u043a\u0435 2-\u0432-1 Baby Mix \u0425\u043e\u0434\u0443\u043d\u043a\u0438 \u043f\u0440\u0435\u0434\u043d\u0430\u0437\u043d\u0430\u0447\u0435\u043d\u044b \u0434\u043b\u044f \u0434\u0435\u0442\u0435\u0439 \u043e\u0442 6 \u043c\u0435\u0441\u044f\u0446\u0435\u0432 \u0412\u044b\u0441\u043e\u0442\u0443 \u0441\u0438\u0434\u0435\u043d\u0438\u044e \u043c\u043e\u0436\u043d\u043e \u0440\u0435\u0433\u0443\u043b\u0438\u0440\u043e\u0432\u0430\u0442\u044c \u0432 3 \u0443\u0440\u043e\u0432\u043d\u044f. \u042d\u0442\u043e \u0434\u0432\u0443\u0445-\u044d\u0442\u0430\u043f\u043d\u044b\u0435 \u0445\u043e\u0434\u0443\u043d\u043a\u0438, \u0441 \u043a\u043e\u0442\u043e\u0440\u044b\u043c\u0438 \u0440\u0435\u0431\u0435\u043d\u043e\u043a \u043d\u0430\u0447\u0438\u043d\u0430\u0435\u0442 \u0437\u043d\u0430\u043a\u043e\u043c\u0438\u0442\u044c\u0441\u044f \u0432 \u0441\u0430\u043c\u044b\u0439 \u0440\u0430\u043d\u043d\u0438\u0439 \u043f\u0435\u0440\u0438\u043e\u0434. \u041d\u0430 \u043f\u0435\u0440\u0432\u043e\u043c \u044d\u0442\u0430\u043f\u0435, \u0441\u0438\u0434\u044f, \u043e\u043d \u0437\u043d\u0430\u043a\u043e\u043c\u0438\u0442\u0441\u044f \u0441 \u0440\u0430\u0437\u043c\u0435\u0449\u0435\u043d\u043d\u044b\u043c\u0438 \u043d\u0430 \u0441\u0442\u043e\u043b\u0438\u043a\u0435 \u0437\u0432\u0443\u043a\u0430\u043c\u0438 \u0438 \u0444\u043e\u0440\u043c\u0430\u043c\u0438. \u041f\u0440\u0438 \u043a\u0430\u0436\u0434\u043e\u043c \u043d\u0430\u0436\u0430\u0442\u0438\u0438 \u043d\u0430 \u0440\u0430\u0437\u043d\u043e\u0446\u0432\u0435\u0442\u043d\u044b\u0435, \u0438\u0437\u0434\u0430\u044e\u0449\u0438\u0435 \u0437\u0432\u0443\u043a\u0438 \u043a\u043d\u043e\u043f\u043a\u0438 \u043d\u0430 \u043a\u0430\u0436\u0434\u043e\u043c [&hellip;]<\/p>\n","protected":false},"featured_media":41536,"comment_status":"open","ping_status":"closed","template":"","meta":{"_acf_changed":false},"product_brand":[],"product_cat":[6800],"product_tag":[],"class_list":{"0":"post-41537","1":"product","2":"type-product","3":"status-publish","4":"has-post-thumbnail","6":"product_cat-ru_ru-hodunki-trim-ro_ro-pr","8":"first","9":"instock","10":"shipping-taxable","11":"purchasable","12":"product-type-simple"},"acf":[],"_links":{"self":[{"href":"https:\/\/minimax.md\/ru\/wp-json\/wp\/v2\/product\/41537","targetHints":{"allow":["GET"]}}],"collection":[{"href":"https:\/\/minimax.md\/ru\/wp-json\/wp\/v2\/product"}],"about":[{"href":"https:\/\/minimax.md\/ru\/wp-json\/wp\/v2\/types\/product"}],"replies":[{"embeddable":true,"href":"https:\/\/minimax.md\/ru\/wp-json\/wp\/v2\/comments?post=41537"}],"version-history":[{"count":0,"href":"https:\/\/minimax.md\/ru\/wp-json\/wp\/v2\/product\/41537\/revisions"}],"wp:featuredmedia":[{"embeddable":true,"href":"https:\/\/minimax.md\/ru\/wp-json\/wp\/v2\/media\/41536"}],"wp:attachment":[{"href":"https:\/\/minimax.md\/ru\/wp-json\/wp\/v2\/media?parent=41537"}],"wp:term":[{"taxonomy":"product_brand","embeddable":true,"href":"https:\/\/minimax.md\/ru\/wp-json\/wp\/v2\/product_brand?post=41537"},{"taxonomy":"product_cat","embeddable":true,"href":"https:\/\/minimax.md\/ru\/wp-json\/wp\/v2\/product_cat?post=41537"},{"taxonomy":"product_tag","embeddable":true,"href":"https:\/\/minimax.md\/ru\/wp-json\/wp\/v2\/product_tag?post=41537"}],"curies":[{"name":"wp","href":"https:\/\/api.w.org\/{rel}","templated":true}]}}