{"id":41580,"date":"2023-11-28T13:09:43","date_gmt":"2023-11-28T10:09:43","guid":{"rendered":"https:\/\/minimax.md\/product\/41580.html"},"modified":"2024-03-13T00:17:29","modified_gmt":"2024-03-12T21:17:29","slug":"ru_ru-burak-toys-nabor-piknik-trim-ro_ro-burak-toys-set-pentru-picnic","status":"publish","type":"product","link":"https:\/\/minimax.md\/ru\/product\/41580.html","title":{"rendered":"Burak Toys \u041d\u0430\u0431\u043e\u0440 \u041f\u0438\u043a\u043d\u0438\u043a"},"content":{"rendered":"<p>[:ru_RU]\u0418\u043d\u043d\u043e\u0432\u0430\u0446\u0438\u043e\u043d\u043d\u044b\u0435, \u043a\u0440\u0430\u0441\u043e\u0447\u043d\u044b\u0435 \u0438 \u0437\u0430\u0431\u0430\u0432\u043d\u044b\u0435, \u0432\u044b\u0441\u043e\u043a\u043e\u043a\u0430\u0447\u0435\u0441\u0442\u0432\u0435\u043d\u043d\u044b\u0435 \u0438\u0433\u0440\u0443\u0448\u043a\u0438 \u0434\u043b\u044f \u0434\u043e\u043c\u0430 \u0438 \u0443\u043b\u0438\u0446\u044b \u043e\u0442\u00a0Burak Toys!<\/p>\n<p>\u041d\u0430\u0431\u043e\u0440 \u0434\u043b\u044f \u043f\u0438\u043a\u043d\u0438\u043a\u0430 \u0441\u043f\u043e\u0441\u043e\u0431\u0441\u0442\u0432\u0443\u0435\u0442 \u0440\u0430\u0437\u0432\u0438\u0442\u0438\u044e \u0444\u0430\u043d\u0442\u0430\u0437\u0438\u0438, \u043c\u0435\u043b\u043a\u043e\u0439 \u043c\u043e\u0442\u043e\u0440\u0438\u043a\u0438 \u0440\u0443\u043a, \u043f\u043e\u0437\u043d\u0430\u043d\u0438\u044e \u043d\u0430\u0447\u0430\u043b\u044c\u043d\u044b\u0445 \u0430\u0437\u043e\u0432 \u044d\u0442\u0438\u043a\u0435\u0442\u0430, \u0441\u0435\u0440\u0432\u0438\u0440\u043e\u0432\u043a\u0438 \u0441\u0442\u043e\u043b\u0430 \u0438 \u043f\u0440\u0438\u0435\u043c\u0430 \u0433\u043e\u0441\u0442\u0435\u0439 \u0438 \u043f\u0440\u043e\u0441\u0442\u043e \u0432\u0435\u0441\u0435\u043b\u043e\u043c\u0443 \u0432\u0440\u0435\u043c\u044f\u043f\u0440\u0435\u043f\u0440\u043e\u0432\u043e\u0436\u0434\u0435\u043d\u0438\u044e \u0434\u043e\u043c\u0430 \u0438\u043b\u0438 \u043d\u0430 \u043f\u0440\u0438\u0440\u043e\u0434\u0435.<\/p>\n<p> \t\u041a\u043e\u043c\u043f\u043b\u0435\u043a\u0442\u0430\u0446\u0438\u044f: 4 \u0447\u0430\u0448\u043a\u0438, 4 \u0431\u043b\u044e\u0434\u0446\u0430,4 \u043b\u043e\u0436\u0435\u0447\u043a\u0438 \u0434\u043b\u044f \u0447\u0430\u044f, 4 \u0442\u0430\u0440\u0435\u043b\u043a\u0438, 4 \u043a\u043e\u043c\u043f\u043b\u0435\u043a\u0442\u0430 \u0441\u0442\u043e\u043b\u043e\u0432\u044b\u0445 \u043f\u0440\u0438\u0431\u043e\u0440\u043e\u0432, \u043a\u043e\u0440\u0437\u0438\u043d\u0430 \u0441 \u0440\u0443\u0447\u043a\u0430\u043c\u0438, 2 \u043a\u0430\u0441\u0442\u0440\u044e\u043b\u0438 \u0441 \u043a\u0440\u044b\u0448\u043a\u043e\u0439 \u0438 \u043f\u043e\u043b\u043e\u0432\u043d\u0438\u043a.<br \/>\n \t\u0426\u0432\u0435\u0442: \u0432 \u0430\u0441\u0441\u043e\u0440\u0442\u0438\u043c\u0435\u043d\u0442\u0435<br \/>\n \t\u041c\u0430\u0442\u0435\u0440\u0438\u0430\u043b: \u043f\u0440\u043e\u0447\u043d\u044b\u0439 \u043f\u043b\u0430\u0441\u0442\u0438\u043a<br \/>\n \t\u0420\u0435\u043a\u043e\u043c\u0435\u043d\u0434\u0443\u0435\u043c\u044b\u0439 \u0432\u043e\u0437\u0440\u0430\u0441\u0442: 3+[trim][:ro_RO]Juc\u0103rii inovative, colorate \u0219i distractive, de calitate superioar\u0103, at\u00e2t pentru interior, c\u00e2t \u0219i pentru exterior de la <strong>Burak Toys<\/strong>!<\/p>\n<p><strong>Setul pentru picnic<\/strong> contribuie la dezvoltarea imagina\u021biei, a motricit\u0103\u021bii fine, \u00eenv\u0103\u021b\u00e2nd elementele de baz\u0103 ale etichetei, aranj\u0103rii mesei \u0219i primirii oaspe\u021bilor \u0219i garanteaz\u0103 distrac\u021bie maxim\u0103 cu prietenii acas\u0103 sau \u00een aer liber.<\/p>\n<ul>\n<li>Con\u021binutul setului: 4 c\u0103ni, 4 farfurioare de ceai, 4 linguri\u021be, ceainic cu capac, 4 farfurii cu 4 seturi de tac\u00e2muri, un co\u0219 cu m\u00e2nere, 2 crati\u021be cu capac.<\/li>\n<li>Culoare: \u00een sortiment<\/li>\n<li>Material: plastic rezistent<\/li>\n<li>V\u00e2rsta recomandat\u0103: 3+ ani<\/li>\n<\/ul>\n<p>&nbsp;<\/p>\n","protected":false},"excerpt":{"rendered":"<p>[:ru_RU]\u0418\u043d\u043d\u043e\u0432\u0430\u0446\u0438\u043e\u043d\u043d\u044b\u0435, \u043a\u0440\u0430\u0441\u043e\u0447\u043d\u044b\u0435 \u0438 \u0437\u0430\u0431\u0430\u0432\u043d\u044b\u0435, \u0432\u044b\u0441\u043e\u043a\u043e\u043a\u0430\u0447\u0435\u0441\u0442\u0432\u0435\u043d\u043d\u044b\u0435 \u0438\u0433\u0440\u0443\u0448\u043a\u0438 \u0434\u043b\u044f \u0434\u043e\u043c\u0430 \u0438 \u0443\u043b\u0438\u0446\u044b \u043e\u0442\u00a0Burak Toys! \u041d\u0430\u0431\u043e\u0440 \u0434\u043b\u044f \u043f\u0438\u043a\u043d\u0438\u043a\u0430 \u0441\u043f\u043e\u0441\u043e\u0431\u0441\u0442\u0432\u0443\u0435\u0442 \u0440\u0430\u0437\u0432\u0438\u0442\u0438\u044e \u0444\u0430\u043d\u0442\u0430\u0437\u0438\u0438, \u043c\u0435\u043b\u043a\u043e\u0439 \u043c\u043e\u0442\u043e\u0440\u0438\u043a\u0438 \u0440\u0443\u043a, \u043f\u043e\u0437\u043d\u0430\u043d\u0438\u044e \u043d\u0430\u0447\u0430\u043b\u044c\u043d\u044b\u0445 \u0430\u0437\u043e\u0432 \u044d\u0442\u0438\u043a\u0435\u0442\u0430, \u0441\u0435\u0440\u0432\u0438\u0440\u043e\u0432\u043a\u0438 \u0441\u0442\u043e\u043b\u0430 \u0438 \u043f\u0440\u0438\u0435\u043c\u0430 \u0433\u043e\u0441\u0442\u0435\u0439 \u0438 \u043f\u0440\u043e\u0441\u0442\u043e \u0432\u0435\u0441\u0435\u043b\u043e\u043c\u0443 \u0432\u0440\u0435\u043c\u044f\u043f\u0440\u0435\u043f\u0440\u043e\u0432\u043e\u0436\u0434\u0435\u043d\u0438\u044e \u0434\u043e\u043c\u0430 \u0438\u043b\u0438 \u043d\u0430 \u043f\u0440\u0438\u0440\u043e\u0434\u0435. \u041a\u043e\u043c\u043f\u043b\u0435\u043a\u0442\u0430\u0446\u0438\u044f: 4 \u0447\u0430\u0448\u043a\u0438, 4 \u0431\u043b\u044e\u0434\u0446\u0430,4 \u043b\u043e\u0436\u0435\u0447\u043a\u0438 \u0434\u043b\u044f \u0447\u0430\u044f, 4 \u0442\u0430\u0440\u0435\u043b\u043a\u0438, 4 \u043a\u043e\u043c\u043f\u043b\u0435\u043a\u0442\u0430 \u0441\u0442\u043e\u043b\u043e\u0432\u044b\u0445 \u043f\u0440\u0438\u0431\u043e\u0440\u043e\u0432, \u043a\u043e\u0440\u0437\u0438\u043d\u0430 \u0441 \u0440\u0443\u0447\u043a\u0430\u043c\u0438, [&hellip;]<\/p>\n","protected":false},"featured_media":41578,"comment_status":"open","ping_status":"closed","template":"","meta":{"_acf_changed":false},"product_brand":[],"product_cat":[6716],"product_tag":[],"class_list":{"0":"post-41580","1":"product","2":"type-product","3":"status-publish","4":"has-post-thumbnail","6":"product_cat-ru_ru-kuhnja-trim-ro_ro-buc","8":"first","9":"instock","10":"shipping-taxable","11":"purchasable","12":"product-type-simple"},"acf":[],"_links":{"self":[{"href":"https:\/\/minimax.md\/ru\/wp-json\/wp\/v2\/product\/41580","targetHints":{"allow":["GET"]}}],"collection":[{"href":"https:\/\/minimax.md\/ru\/wp-json\/wp\/v2\/product"}],"about":[{"href":"https:\/\/minimax.md\/ru\/wp-json\/wp\/v2\/types\/product"}],"replies":[{"embeddable":true,"href":"https:\/\/minimax.md\/ru\/wp-json\/wp\/v2\/comments?post=41580"}],"version-history":[{"count":0,"href":"https:\/\/minimax.md\/ru\/wp-json\/wp\/v2\/product\/41580\/revisions"}],"wp:featuredmedia":[{"embeddable":true,"href":"https:\/\/minimax.md\/ru\/wp-json\/wp\/v2\/media\/41578"}],"wp:attachment":[{"href":"https:\/\/minimax.md\/ru\/wp-json\/wp\/v2\/media?parent=41580"}],"wp:term":[{"taxonomy":"product_brand","embeddable":true,"href":"https:\/\/minimax.md\/ru\/wp-json\/wp\/v2\/product_brand?post=41580"},{"taxonomy":"product_cat","embeddable":true,"href":"https:\/\/minimax.md\/ru\/wp-json\/wp\/v2\/product_cat?post=41580"},{"taxonomy":"product_tag","embeddable":true,"href":"https:\/\/minimax.md\/ru\/wp-json\/wp\/v2\/product_tag?post=41580"}],"curies":[{"name":"wp","href":"https:\/\/api.w.org\/{rel}","templated":true}]}}