{"id":41615,"date":"2023-11-28T13:09:46","date_gmt":"2023-11-28T10:09:46","guid":{"rendered":"https:\/\/minimax.md\/product\/41615.html"},"modified":"2024-03-13T00:17:55","modified_gmt":"2024-03-12T21:17:55","slug":"ru_ru-viga-magnitnyj-nabor-trim-ro_ro-viga-set-magnit-terge-i-joac-2","status":"publish","type":"product","link":"https:\/\/minimax.md\/ru\/product\/41615.html","title":{"rendered":"\u041c\u0430\u0433\u043d\u0438\u0442\u043d\u0430\u044f \u0434\u043e\u0441\u043a\u0430 \u21165 \u201c\u0417\u0430\u043c\u043e\u043a\u201d"},"content":{"rendered":"<p>[:ru_RU]\u041c\u0430\u0433\u043d\u0438\u0442\u043d\u0430\u044f \u0434\u043e\u0441\u043a\u0430 \u21165 \u201c\u0417\u0430\u043c\u043e\u043a\u201d \u0434\u043b\u044f \u0441\u043e\u0437\u0434\u0430\u043d\u0438\u044f \u043d\u0430\u0441\u0442\u0435\u043d\u043d\u043e\u0439 \u043c\u0430\u0433\u043d\u0438\u0442\u043d\u043e\u0439 \u043f\u043e\u0432\u0435\u0440\u0445\u043d\u043e\u0441\u0442\u0438 \u0432 \u0432\u0438\u0434\u0435 \u0437\u0430\u043c\u043a\u0430 \u0432 \u0434\u043e\u0448\u043a\u043e\u043b\u044c\u043d\u044b\u0445 \u0437\u0430\u0432\u0435\u0434\u0435\u043d\u0438\u044f\u0445 \u0438 \u043c\u043b\u0430\u0434\u0448\u0435\u0439 \u0448\u043a\u043e\u043b\u0435.<\/p>\n<p>\u041a\u043e\u043c\u043f\u043b\u0435\u043a\u0442 \u043c\u0430\u0433\u043d\u0438\u0442\u043d\u044b\u0445 \u0434\u043e\u0441\u043e\u043a \u0441 \u043f\u043e\u043b\u043a\u0430\u043c\u0438 \u0438 \u0434\u0435\u043a\u043e\u0440\u0430\u0442\u0438\u0432\u043d\u044b\u043c\u0438 \u044d\u043b\u0435\u043c\u0435\u043d\u0442\u0430\u043c\u0438 \u043f\u043e\u0434\u0445\u043e\u0434\u0438\u0442 \u0434\u043b\u044f \u043e\u0444\u043e\u0440\u043c\u043b\u0435\u043d\u0438\u044f \u0441\u0442\u0435\u043d \u0438 \u0441\u043e\u0437\u0434\u0430\u043d\u0438\u044f \u0440\u0430\u0437\u0432\u0438\u0432\u0430\u044e\u0449\u0435\u0439 \u0441\u0440\u0435\u0434\u044b \u0432 \u0432\u043e\u0441\u043f\u0438\u0442\u0430\u0442\u0435\u043b\u044c\u043d\u044b\u0445 \u0438 \u0443\u0447\u0435\u0431\u043d\u044b\u0445 \u0437\u0430\u0432\u0435\u0434\u0435\u043d\u0438\u044f\u0445, \u0432 \u0442\u043e\u043c \u0447\u0438\u0441\u043b\u0435 \u0438\u0441\u043f\u043e\u043b\u044c\u0437\u0443\u044f \u043c\u0435\u0442\u043e\u0434\u0438\u043a\u0443 \u041c\u043e\u043d\u0442\u0435\u0441\u0441\u043e\u0440\u0438.<br \/>\n\u0417\u0430\u043d\u044f\u0442\u0438\u044f \u043d\u0430 \u043c\u0430\u0433\u043d\u0438\u0442\u043d\u043e\u0439 \u043c\u0430\u0440\u043a\u0435\u0440\u043d\u043e\u0439 \u0434\u043e\u0441\u043a\u0435 \u0441\u043f\u043e\u0441\u043e\u0431\u0441\u0442\u0432\u0443\u044e\u0442 \u0440\u0430\u0437\u0432\u0438\u0442\u0438\u044e \u043c\u0435\u043b\u043a\u043e\u0439 \u043c\u043e\u0442\u043e\u0440\u0438\u043a\u0438, \u043c\u044b\u0448\u043b\u0435\u043d\u0438\u044f, \u0432\u043e\u043e\u0431\u0440\u0430\u0436\u0435\u043d\u0438\u044f, \u0442\u0432\u043e\u0440\u0447\u0435\u0441\u043a\u0438\u0445 \u0441\u043f\u043e\u0441\u043e\u0431\u043d\u043e\u0441\u0442\u0435\u0439, \u0437\u0440\u0438\u0442\u0435\u043b\u044c\u043d\u043e-\u043c\u043e\u0442\u043e\u0440\u043d\u043e\u0439 \u043a\u043e\u043e\u0440\u0434\u0438\u043d\u0430\u0446\u0438\u0438 \u0434\u0435\u0442\u0435\u0439, \u043c\u0430\u0442\u0435\u043c\u0430\u0442\u0438\u0447\u0435\u0441\u043a\u0438\u0445 \u043d\u0430\u0432\u044b\u043a\u043e\u0432, \u043f\u0430\u043c\u044f\u0442\u0438. \u042d\u0442\u043e \u043e\u0442\u043b\u0438\u0447\u043d\u0430\u044f \u043e\u0441\u043d\u043e\u0432\u0430 \u0434\u043b\u044f \u043d\u0430\u0433\u043b\u044f\u0434\u043d\u043e\u0433\u043e \u0438\u043b\u043b\u044e\u0441\u0442\u0440\u0430\u0442\u0438\u0432\u043d\u043e\u0433\u043e \u043c\u0435\u0442\u043e\u0434\u0430 \u043e\u0431\u0443\u0447\u0435\u043d\u0438\u044f \u043f\u0440\u0438 \u0440\u0430\u0431\u043e\u0442\u0435 \u043f\u0435\u0434\u0430\u0433\u043e\u0433\u0430-\u0432\u043e\u0441\u043f\u0438\u0442\u0430\u0442\u0435\u043b\u044f \u0441 \u0434\u0435\u0442\u0441\u043a\u043e\u0439 \u0433\u0440\u0443\u043f\u043f\u043e\u0439 \u0438\u043b\u0438 \u043a\u043b\u0430\u0441\u0441\u043e\u043c. \u0421 \u0442\u0430\u043a\u043e\u0439 \u0434\u043e\u0441\u043a\u043e\u0439 \u043b\u0435\u0433\u043a\u043e \u0443\u0447\u0438\u0442\u044c \u0430\u043b\u0444\u0430\u0432\u0438\u0442 \u0438 \u0446\u0438\u0444\u0440\u044b, \u043e\u0441\u043d\u043e\u0432\u043d\u044b\u0435 \u0446\u0432\u0435\u0442\u0430, \u0444\u0438\u0433\u0443\u0440\u044b \u0438 \u043f\u0440\u043e\u0447\u0435\u0435.<\/p>\n<p>\u0414\u043e\u0441\u043a\u0430 \u043c\u0430\u0433\u043d\u0438\u0442\u043d\u0430\u044f \u043f\u043e\u0437\u0432\u043e\u043b\u044f\u0435\u0442 \u043f\u0438\u0441\u0430\u0442\u044c \u0438 \u0440\u0438\u0441\u043e\u0432\u0430\u0442\u044c \u043c\u0430\u0440\u043a\u0435\u0440\u0430\u043c\u0438, \u0430 \u0442\u0430\u043a\u0436\u0435 \u043a\u0440\u0435\u043f\u0438\u0442\u044c \u043c\u0430\u0433\u043d\u0438\u0442\u044b \u0432 \u0432\u0438\u0434\u0435 \u0446\u0438\u0444\u0440, \u0431\u0443\u043a\u0432, \u0437\u043d\u0430\u043a\u043e\u0432, \u0444\u0438\u0433\u0443\u0440. \u0418\u0437 \u043c\u0430\u0433\u043d\u0438\u0442\u043d\u044b\u0445 \u043d\u0430\u0431\u043e\u0440\u043e\u0432 \u0434\u0435\u0442\u0430\u043b\u0435\u0439 \u043d\u0430 \u0434\u043e\u0441\u043a\u0430\u0445 \u0432\u044b\u043a\u043b\u0430\u0434\u044b\u0432\u0430\u044e\u0442 \u043c\u043e\u0437\u0430\u0438\u043a\u0438, \u0441\u043e\u0431\u0438\u0440\u0430\u044e\u0442 \u043f\u0430\u0437\u043b\u044b, \u0441\u043e\u0441\u0442\u0430\u0432\u043b\u044f\u044e\u0442 \u0441\u043b\u043e\u0432\u0430, \u0441\u043b\u043e\u0432\u043e\u0441\u043e\u0447\u0435\u0442\u0430\u043d\u0438\u044f, \u043f\u0440\u043e\u0441\u0442\u044b\u0435 \u043f\u0440\u0438\u043c\u0435\u0440\u044b \u043f\u043e \u0430\u043b\u0433\u0435\u0431\u0440\u0435. \u041f\u0440\u0438\u043d\u0430\u0434\u043b\u0435\u0436\u043d\u043e\u0441\u0442\u0438 \u0434\u043b\u044f \u0442\u0432\u043e\u0440\u0447\u0435\u0441\u043a\u0438\u0445 \u0437\u0430\u043d\u044f\u0442\u0438\u0439[trim][:ro_RO]<strong>Tabl\u0103 magnetic\u0103 \u21165 \u201cCastel\u201d este util\u0103 pentru crearea unei suprafe\u021be magnetice montate pe perete sub form\u0103 de castel \u00een \u0219colile pre\u0219colare \u0219i primare.<\/strong><\/p>\n<p>Un set de pl\u0103ci magnetice cu rafturi \u0219i elemente decorative este potrivit pentru decorarea pere\u021bilor \u0219i crearea unui mediu de dezvoltare \u00een institu\u021biile de \u00eenv\u0103\u021b\u0103m\u00e2nt \u0219i de \u00eenv\u0103\u021b\u0103m\u00e2nt, inclusiv folosind metoda Montessori.<br \/>\nUtilizarea tablei magnetice \u00een procesul de \u00eenv\u0103\u021bam\u00e2nt contribuie la dezvoltarea motricit\u0103\u021bii fine, g\u00e2ndirii, imagina\u021biei, creativit\u0103\u021bii, coordon\u0103rii vizual-motorii ale copiilor, abilit\u0103\u021bilor matematice, memoriei. Aceasta este o baz\u0103 excelent\u0103 pentru o metod\u0103 de predare ilustrativ\u0103 vizual\u0103 atunci c\u00e2nd un profesor-educator lucreaz\u0103 cu o grup\u0103 sau o clas\u0103 de copii. Cu o astfel de tabl\u0103, este u\u0219or s\u0103 \u00eenve\u021bi alfabetul \u0219i numerele, culorile de baz\u0103, formele \u0219i multe altele.<\/p>\n<p><strong>Tabla magnetic\u0103 permite s\u0103 scrie\u021bi \u0219i s\u0103 desena\u021bi cu markere, precum \u0219i s\u0103 ata\u0219a\u021bi magne\u021bi sub form\u0103 de numere, litere, semne, cifre, mozaic\u0103, puz<\/p>\n","protected":false},"excerpt":{"rendered":"<p>[:ru_RU]\u041c\u0430\u0433\u043d\u0438\u0442\u043d\u0430\u044f \u0434\u043e\u0441\u043a\u0430 \u21165 \u201c\u0417\u0430\u043c\u043e\u043a\u201d \u0434\u043b\u044f \u0441\u043e\u0437\u0434\u0430\u043d\u0438\u044f \u043d\u0430\u0441\u0442\u0435\u043d\u043d\u043e\u0439 \u043c\u0430\u0433\u043d\u0438\u0442\u043d\u043e\u0439 \u043f\u043e\u0432\u0435\u0440\u0445\u043d\u043e\u0441\u0442\u0438 \u0432 \u0432\u0438\u0434\u0435 \u0437\u0430\u043c\u043a\u0430 \u0432 \u0434\u043e\u0448\u043a\u043e\u043b\u044c\u043d\u044b\u0445 \u0437\u0430\u0432\u0435\u0434\u0435\u043d\u0438\u044f\u0445 \u0438 \u043c\u043b\u0430\u0434\u0448\u0435\u0439 \u0448\u043a\u043e\u043b\u0435. \u041a\u043e\u043c\u043f\u043b\u0435\u043a\u0442 \u043c\u0430\u0433\u043d\u0438\u0442\u043d\u044b\u0445 \u0434\u043e\u0441\u043e\u043a \u0441 \u043f\u043e\u043b\u043a\u0430\u043c\u0438 \u0438 \u0434\u0435\u043a\u043e\u0440\u0430\u0442\u0438\u0432\u043d\u044b\u043c\u0438 \u044d\u043b\u0435\u043c\u0435\u043d\u0442\u0430\u043c\u0438 \u043f\u043e\u0434\u0445\u043e\u0434\u0438\u0442 \u0434\u043b\u044f \u043e\u0444\u043e\u0440\u043c\u043b\u0435\u043d\u0438\u044f \u0441\u0442\u0435\u043d \u0438 \u0441\u043e\u0437\u0434\u0430\u043d\u0438\u044f \u0440\u0430\u0437\u0432\u0438\u0432\u0430\u044e\u0449\u0435\u0439 \u0441\u0440\u0435\u0434\u044b \u0432 \u0432\u043e\u0441\u043f\u0438\u0442\u0430\u0442\u0435\u043b\u044c\u043d\u044b\u0445 \u0438 \u0443\u0447\u0435\u0431\u043d\u044b\u0445 \u0437\u0430\u0432\u0435\u0434\u0435\u043d\u0438\u044f\u0445, \u0432 \u0442\u043e\u043c \u0447\u0438\u0441\u043b\u0435 \u0438\u0441\u043f\u043e\u043b\u044c\u0437\u0443\u044f \u043c\u0435\u0442\u043e\u0434\u0438\u043a\u0443 \u041c\u043e\u043d\u0442\u0435\u0441\u0441\u043e\u0440\u0438. \u0417\u0430\u043d\u044f\u0442\u0438\u044f \u043d\u0430 \u043c\u0430\u0433\u043d\u0438\u0442\u043d\u043e\u0439 \u043c\u0430\u0440\u043a\u0435\u0440\u043d\u043e\u0439 \u0434\u043e\u0441\u043a\u0435 \u0441\u043f\u043e\u0441\u043e\u0431\u0441\u0442\u0432\u0443\u044e\u0442 \u0440\u0430\u0437\u0432\u0438\u0442\u0438\u044e \u043c\u0435\u043b\u043a\u043e\u0439 \u043c\u043e\u0442\u043e\u0440\u0438\u043a\u0438, \u043c\u044b\u0448\u043b\u0435\u043d\u0438\u044f, [&hellip;]<\/p>\n","protected":false},"featured_media":41612,"comment_status":"open","ping_status":"closed","template":"","meta":{"_acf_changed":false},"product_brand":[],"product_cat":[6717],"product_tag":[],"class_list":{"0":"post-41615","1":"product","2":"type-product","3":"status-publish","4":"has-post-thumbnail","6":"product_cat-ru_ru-komnatnye-trim-ro_ro","8":"first","9":"instock","10":"shipping-taxable","11":"purchasable","12":"product-type-simple"},"acf":[],"_links":{"self":[{"href":"https:\/\/minimax.md\/ru\/wp-json\/wp\/v2\/product\/41615","targetHints":{"allow":["GET"]}}],"collection":[{"href":"https:\/\/minimax.md\/ru\/wp-json\/wp\/v2\/product"}],"about":[{"href":"https:\/\/minimax.md\/ru\/wp-json\/wp\/v2\/types\/product"}],"replies":[{"embeddable":true,"href":"https:\/\/minimax.md\/ru\/wp-json\/wp\/v2\/comments?post=41615"}],"version-history":[{"count":0,"href":"https:\/\/minimax.md\/ru\/wp-json\/wp\/v2\/product\/41615\/revisions"}],"wp:featuredmedia":[{"embeddable":true,"href":"https:\/\/minimax.md\/ru\/wp-json\/wp\/v2\/media\/41612"}],"wp:attachment":[{"href":"https:\/\/minimax.md\/ru\/wp-json\/wp\/v2\/media?parent=41615"}],"wp:term":[{"taxonomy":"product_brand","embeddable":true,"href":"https:\/\/minimax.md\/ru\/wp-json\/wp\/v2\/product_brand?post=41615"},{"taxonomy":"product_cat","embeddable":true,"href":"https:\/\/minimax.md\/ru\/wp-json\/wp\/v2\/product_cat?post=41615"},{"taxonomy":"product_tag","embeddable":true,"href":"https:\/\/minimax.md\/ru\/wp-json\/wp\/v2\/product_tag?post=41615"}],"curies":[{"name":"wp","href":"https:\/\/api.w.org\/{rel}","templated":true}]}}