{"id":41630,"date":"2023-11-28T13:09:47","date_gmt":"2023-11-28T10:09:47","guid":{"rendered":"https:\/\/minimax.md\/product\/41630.html"},"modified":"2023-11-28T13:29:49","modified_gmt":"2023-11-28T10:29:49","slug":"ru_ru-viga-igrushka-sorter-trim-ro_ro-viga-juc-rie-de-lemn-sorter","status":"publish","type":"product","link":"https:\/\/minimax.md\/ru\/product\/41630.html","title":{"rendered":"Viga \u0438\u0433\u0440\u0443\u0448\u043a\u0430 \u0421\u043e\u0440\u0442\u0435\u0440"},"content":{"rendered":"<p>[:ru_RU]\u0420\u0430\u0437\u043c\u0435\u0440 \u0442\u043e\u0432\u0430\u0440\u0430\t34 \u00d7 25 \u00d7 17 cm<br \/>\n\u0412\u043e\u0437\u0440\u0430\u0441\u0442\u043d\u0430\u044f \u0413\u0440\u0443\u043f\u043f\u0430\t 1-3 \u0433\u043e\u0434\u0430[trim][:ro_RO]Viga juc\u0103rie de sortare din lemn<br \/>\nDimensiuni 34 \u00d7 25 \u00d7 17 cm<\/p>\n","protected":false},"excerpt":{"rendered":"<p>[:ru_RU]\u0420\u0430\u0437\u043c\u0435\u0440 \u0442\u043e\u0432\u0430\u0440\u0430 34 \u00d7 25 \u00d7 17 cm \u0412\u043e\u0437\u0440\u0430\u0441\u0442\u043d\u0430\u044f \u0413\u0440\u0443\u043f\u043f\u0430 1-3 \u0433\u043e\u0434\u0430[trim][:ro_RO]Viga juc\u0103rie de sortare din lemn Dimensiuni 34 \u00d7 25 \u00d7 17 cm<\/p>\n","protected":false},"featured_media":41626,"comment_status":"open","ping_status":"closed","template":"","meta":{"_acf_changed":false},"product_brand":[],"product_cat":[6721],"product_tag":[],"class_list":{"0":"post-41630","1":"product","2":"type-product","3":"status-publish","4":"has-post-thumbnail","6":"product_cat-ru_ru-derevjannye-igrushki","8":"first","9":"instock","10":"shipping-taxable","11":"purchasable","12":"product-type-simple"},"acf":[],"_links":{"self":[{"href":"https:\/\/minimax.md\/ru\/wp-json\/wp\/v2\/product\/41630","targetHints":{"allow":["GET"]}}],"collection":[{"href":"https:\/\/minimax.md\/ru\/wp-json\/wp\/v2\/product"}],"about":[{"href":"https:\/\/minimax.md\/ru\/wp-json\/wp\/v2\/types\/product"}],"replies":[{"embeddable":true,"href":"https:\/\/minimax.md\/ru\/wp-json\/wp\/v2\/comments?post=41630"}],"version-history":[{"count":0,"href":"https:\/\/minimax.md\/ru\/wp-json\/wp\/v2\/product\/41630\/revisions"}],"wp:featuredmedia":[{"embeddable":true,"href":"https:\/\/minimax.md\/ru\/wp-json\/wp\/v2\/media\/41626"}],"wp:attachment":[{"href":"https:\/\/minimax.md\/ru\/wp-json\/wp\/v2\/media?parent=41630"}],"wp:term":[{"taxonomy":"product_brand","embeddable":true,"href":"https:\/\/minimax.md\/ru\/wp-json\/wp\/v2\/product_brand?post=41630"},{"taxonomy":"product_cat","embeddable":true,"href":"https:\/\/minimax.md\/ru\/wp-json\/wp\/v2\/product_cat?post=41630"},{"taxonomy":"product_tag","embeddable":true,"href":"https:\/\/minimax.md\/ru\/wp-json\/wp\/v2\/product_tag?post=41630"}],"curies":[{"name":"wp","href":"https:\/\/api.w.org\/{rel}","templated":true}]}}