{"id":41692,"date":"2023-11-28T13:09:52","date_gmt":"2023-11-28T10:09:52","guid":{"rendered":"https:\/\/minimax.md\/product\/41692.html"},"modified":"2023-11-28T13:29:50","modified_gmt":"2023-11-28T10:29:50","slug":"ru_ru-canpol-nozhnicy-dlja-detej-trim-ro_ro-canpol-foarfece-pentru-copii-2","status":"publish","type":"product","link":"https:\/\/minimax.md\/ru\/product\/41692.html","title":{"rendered":"Canpol \u043d\u043e\u0436\u043d\u0438\u0446\u044b \u0434\u043b\u044f \u0434\u0435\u0442\u0435\u0439"},"content":{"rendered":"<p>[:ru_RU]\u0411\u0435\u0437\u043e\u043f\u0430\u0441\u043d\u044b\u0435 \u0438 \u0443\u0434\u043e\u0431\u043d\u044b\u0435 \u0432 \u0438\u0441\u043f\u043e\u043b\u044c\u0437\u043e\u0432\u0430\u043d\u0438\u0438, \u0431\u043b\u0430\u0433\u043e\u0434\u0430\u0440\u044f \u0437\u0430\u043a\u0440\u0443\u0433\u043b\u0435\u043d\u043d\u044b\u043c \u043a\u043e\u043d\u0447\u0438\u043a\u0430\u043c, \u043d\u0435 \u0434\u043e\u043f\u0443\u0441\u043a\u0430\u044e\u0449\u0438\u043c \u043f\u043e\u0440\u0435\u0437\u043e\u0432.<br \/>\n\u0421\u043d\u0430\u0431\u0436\u0435\u043d\u044b \u0447\u0435\u0445\u043b\u043e\u043c \u0434\u043b\u044f \u0434\u043e\u043f\u043e\u043b\u043d\u0438\u0442\u0435\u043b\u044c\u043d\u043e\u0439 \u0431\u0435\u0437\u043e\u043f\u0430\u0441\u043d\u043e\u0441\u0442\u0438 \u043f\u0440\u0438 \u0445\u0440\u0430\u043d\u0435\u043d\u0438\u0438.[trim][:ro_RO]Fabricat din inox, are varfuri rotunjite pentru a se evita r\u0103nirea copilului, taie foarte bine unghiile datorit\u0103 unghiului \u0219i muchiilor perfecte.<br \/>\n\u00cenainte de utilizare trebuie sp\u0103lat\u0103 \u0219i dezinfectat\u0103.<br \/>\nToate materialele folosite sunt aprobate \u0219i corespund standardelor interna\u021bionale.<br \/>\nATENTIE ! A nu se lasa la indemana copiilor, existand riscul ranirii acestora.<br \/>\nInainte de fiecare utilizare verificati starea produsului. Inlocuiti produsul la primul semn de uzura<\/p>\n","protected":false},"excerpt":{"rendered":"<p>[:ru_RU]\u0411\u0435\u0437\u043e\u043f\u0430\u0441\u043d\u044b\u0435 \u0438 \u0443\u0434\u043e\u0431\u043d\u044b\u0435 \u0432 \u0438\u0441\u043f\u043e\u043b\u044c\u0437\u043e\u0432\u0430\u043d\u0438\u0438, \u0431\u043b\u0430\u0433\u043e\u0434\u0430\u0440\u044f \u0437\u0430\u043a\u0440\u0443\u0433\u043b\u0435\u043d\u043d\u044b\u043c \u043a\u043e\u043d\u0447\u0438\u043a\u0430\u043c, \u043d\u0435 \u0434\u043e\u043f\u0443\u0441\u043a\u0430\u044e\u0449\u0438\u043c \u043f\u043e\u0440\u0435\u0437\u043e\u0432. \u0421\u043d\u0430\u0431\u0436\u0435\u043d\u044b \u0447\u0435\u0445\u043b\u043e\u043c \u0434\u043b\u044f \u0434\u043e\u043f\u043e\u043b\u043d\u0438\u0442\u0435\u043b\u044c\u043d\u043e\u0439 \u0431\u0435\u0437\u043e\u043f\u0430\u0441\u043d\u043e\u0441\u0442\u0438 \u043f\u0440\u0438 \u0445\u0440\u0430\u043d\u0435\u043d\u0438\u0438.[trim][:ro_RO]Fabricat din inox, are varfuri rotunjite pentru a se evita r\u0103nirea copilului, taie foarte bine unghiile datorit\u0103 unghiului \u0219i muchiilor perfecte. \u00cenainte de utilizare trebuie sp\u0103lat\u0103 \u0219i dezinfectat\u0103. Toate materialele folosite sunt aprobate \u0219i corespund standardelor interna\u021bionale. ATENTIE [&hellip;]<\/p>\n","protected":false},"featured_media":41691,"comment_status":"open","ping_status":"closed","template":"","meta":{"_acf_changed":false},"product_brand":[],"product_cat":[6760],"product_tag":[],"class_list":{"0":"post-41692","1":"product","2":"type-product","3":"status-publish","4":"has-post-thumbnail","6":"product_cat-ru_ru-manikjurnye-prinadlez","8":"first","9":"instock","10":"shipping-taxable","11":"purchasable","12":"product-type-simple"},"acf":[],"_links":{"self":[{"href":"https:\/\/minimax.md\/ru\/wp-json\/wp\/v2\/product\/41692","targetHints":{"allow":["GET"]}}],"collection":[{"href":"https:\/\/minimax.md\/ru\/wp-json\/wp\/v2\/product"}],"about":[{"href":"https:\/\/minimax.md\/ru\/wp-json\/wp\/v2\/types\/product"}],"replies":[{"embeddable":true,"href":"https:\/\/minimax.md\/ru\/wp-json\/wp\/v2\/comments?post=41692"}],"version-history":[{"count":0,"href":"https:\/\/minimax.md\/ru\/wp-json\/wp\/v2\/product\/41692\/revisions"}],"wp:featuredmedia":[{"embeddable":true,"href":"https:\/\/minimax.md\/ru\/wp-json\/wp\/v2\/media\/41691"}],"wp:attachment":[{"href":"https:\/\/minimax.md\/ru\/wp-json\/wp\/v2\/media?parent=41692"}],"wp:term":[{"taxonomy":"product_brand","embeddable":true,"href":"https:\/\/minimax.md\/ru\/wp-json\/wp\/v2\/product_brand?post=41692"},{"taxonomy":"product_cat","embeddable":true,"href":"https:\/\/minimax.md\/ru\/wp-json\/wp\/v2\/product_cat?post=41692"},{"taxonomy":"product_tag","embeddable":true,"href":"https:\/\/minimax.md\/ru\/wp-json\/wp\/v2\/product_tag?post=41692"}],"curies":[{"name":"wp","href":"https:\/\/api.w.org\/{rel}","templated":true}]}}