{"id":41696,"date":"2023-11-28T13:09:53","date_gmt":"2023-11-28T10:09:53","guid":{"rendered":"https:\/\/minimax.md\/product\/41696.html"},"modified":"2023-11-28T13:29:50","modified_gmt":"2023-11-28T10:29:50","slug":"ru_ru-canpol-poilnik-s-trubochkoj-hello-little-400-ml-trim-ro_ro-canpol-c-nu-cu-pai-hello-little-400-ml","status":"publish","type":"product","link":"https:\/\/minimax.md\/ru\/product\/41696.html","title":{"rendered":"Canpol \u043f\u043e\u0438\u043b\u044c\u043d\u0438\u043a \u0441 \u0442\u0440\u0443\u0431\u043e\u0447\u043a\u043e\u0439 Hello Little, 400 \u043c\u043b"},"content":{"rendered":"<p>[:ru_RU]\u0420\u0435\u043a\u043e\u043c\u0435\u043d\u0434\u0443\u0435\u0442\u0441\u044f \u0434\u043b\u044f \u0434\u0435\u0442\u0435\u0439, \u043a\u043e\u0442\u043e\u0440\u044b\u0435 \u0443\u0436\u0435 \u0443\u043c\u0435\u044e\u0442 \u043f\u0438\u0442\u044c \u0441\u0430\u043c\u043e\u0441\u0442\u043e\u044f\u0442\u0435\u043b\u044c\u043d\u043e (\u043e\u0442 12 \u043c\u0435\u0441\u044f\u0446\u0435\u0432).<br \/>\n\u0421\u043a\u043b\u0430\u0434\u044b\u0432\u0430\u044e\u0449\u0438\u0435\u0441\u044f \u0441\u0438\u043b\u0438\u043a\u043e\u043d\u043e\u0432\u0430\u044f \u0442\u0440\u0443\u0431\u043e\u0447\u043a\u0430 &#8211; \u043f\u0440\u0435\u0434\u043e\u0442\u0432\u0440\u0430\u0449\u0430\u0435\u0442 \u0440\u0430\u0437\u043b\u0438\u0432\u0430 \u0436\u0438\u0434\u043a\u043e\u0441\u0442\u0438.<br \/>\n\u0423\u0434\u043e\u0431\u043d\u044b\u0435 \u0440\u0443\u0447\u043a\u0438 &#8211; \u043f\u043e\u0437\u0432\u043e\u043b\u044f\u044e\u0442 \u043b\u0435\u0433\u043a\u043e \u0434\u0435\u0440\u0436\u0430\u0442\u044c \u043a\u0440\u0443\u0436\u043a\u0443 \u0432 \u043c\u0430\u043b\u0435\u043d\u044c\u043a\u0438\u0445 \u0440\u0443\u0447\u043a\u0430\u0445 \u0440\u0435\u0431\u0435\u043d\u043a\u0430.<br \/>\n\u041f\u0440\u043e\u0437\u0440\u0430\u0447\u043d\u044b\u0439 \u0446\u0432\u0435\u0442 &#8211; \u043f\u043e\u0437\u0432\u043e\u043b\u044f\u0435\u0442 \u043a\u043e\u043d\u0442\u0440\u043e\u043b\u0438\u0440\u043e\u0432\u0430\u0442\u044c \u043a\u043e\u043b\u0438\u0447\u0435\u0441\u0442\u0432\u043e \u0436\u0438\u0434\u043a\u043e\u0441\u0442\u0438 \u0432 \u043a\u0440\u0443\u0436\u043a\u0435.<br \/>\n\u041e\u0431\u044a\u0435\u043c: 400 \u043c\u043b[trim][:ro_RO]Este recomandat copiilor care deja \u0219tiu s\u0103 bea singuri (de la 12 luni).<br \/>\nTubul de silicon pliabil &#8211; previne scurgerea fluidului.<br \/>\nM\u00e2nerele convenabile &#8211; faciliteaz\u0103 men\u021binerea unei cani \u00een m\u00e2nerele mici pentru bebelu\u0219i.<br \/>\nCuloare transparent\u0103 &#8211; v\u0103 permite s\u0103 controla\u021bi cantitatea de lichid din can\u0103.<br \/>\nVolum &#8211; 400 ml<\/p>\n","protected":false},"excerpt":{"rendered":"<p>[:ru_RU]\u0420\u0435\u043a\u043e\u043c\u0435\u043d\u0434\u0443\u0435\u0442\u0441\u044f \u0434\u043b\u044f \u0434\u0435\u0442\u0435\u0439, \u043a\u043e\u0442\u043e\u0440\u044b\u0435 \u0443\u0436\u0435 \u0443\u043c\u0435\u044e\u0442 \u043f\u0438\u0442\u044c \u0441\u0430\u043c\u043e\u0441\u0442\u043e\u044f\u0442\u0435\u043b\u044c\u043d\u043e (\u043e\u0442 12 \u043c\u0435\u0441\u044f\u0446\u0435\u0432). \u0421\u043a\u043b\u0430\u0434\u044b\u0432\u0430\u044e\u0449\u0438\u0435\u0441\u044f \u0441\u0438\u043b\u0438\u043a\u043e\u043d\u043e\u0432\u0430\u044f \u0442\u0440\u0443\u0431\u043e\u0447\u043a\u0430 &#8211; \u043f\u0440\u0435\u0434\u043e\u0442\u0432\u0440\u0430\u0449\u0430\u0435\u0442 \u0440\u0430\u0437\u043b\u0438\u0432\u0430 \u0436\u0438\u0434\u043a\u043e\u0441\u0442\u0438. \u0423\u0434\u043e\u0431\u043d\u044b\u0435 \u0440\u0443\u0447\u043a\u0438 &#8211; \u043f\u043e\u0437\u0432\u043e\u043b\u044f\u044e\u0442 \u043b\u0435\u0433\u043a\u043e \u0434\u0435\u0440\u0436\u0430\u0442\u044c \u043a\u0440\u0443\u0436\u043a\u0443 \u0432 \u043c\u0430\u043b\u0435\u043d\u044c\u043a\u0438\u0445 \u0440\u0443\u0447\u043a\u0430\u0445 \u0440\u0435\u0431\u0435\u043d\u043a\u0430. \u041f\u0440\u043e\u0437\u0440\u0430\u0447\u043d\u044b\u0439 \u0446\u0432\u0435\u0442 &#8211; \u043f\u043e\u0437\u0432\u043e\u043b\u044f\u0435\u0442 \u043a\u043e\u043d\u0442\u0440\u043e\u043b\u0438\u0440\u043e\u0432\u0430\u0442\u044c \u043a\u043e\u043b\u0438\u0447\u0435\u0441\u0442\u0432\u043e \u0436\u0438\u0434\u043a\u043e\u0441\u0442\u0438 \u0432 \u043a\u0440\u0443\u0436\u043a\u0435. \u041e\u0431\u044a\u0435\u043c: 400 \u043c\u043b[trim][:ro_RO]Este recomandat copiilor care deja \u0219tiu s\u0103 bea singuri (de la 12 luni). Tubul de [&hellip;]<\/p>\n","protected":false},"featured_media":41695,"comment_status":"open","ping_status":"closed","template":"","meta":{"_acf_changed":false},"product_brand":[],"product_cat":[6790],"product_tag":[],"class_list":{"0":"post-41696","1":"product","2":"type-product","3":"status-publish","4":"has-post-thumbnail","6":"product_cat-ru_ru-kruzhki-i-poilniki-tr","8":"first","9":"instock","10":"shipping-taxable","11":"purchasable","12":"product-type-simple"},"acf":[],"_links":{"self":[{"href":"https:\/\/minimax.md\/ru\/wp-json\/wp\/v2\/product\/41696","targetHints":{"allow":["GET"]}}],"collection":[{"href":"https:\/\/minimax.md\/ru\/wp-json\/wp\/v2\/product"}],"about":[{"href":"https:\/\/minimax.md\/ru\/wp-json\/wp\/v2\/types\/product"}],"replies":[{"embeddable":true,"href":"https:\/\/minimax.md\/ru\/wp-json\/wp\/v2\/comments?post=41696"}],"version-history":[{"count":0,"href":"https:\/\/minimax.md\/ru\/wp-json\/wp\/v2\/product\/41696\/revisions"}],"wp:featuredmedia":[{"embeddable":true,"href":"https:\/\/minimax.md\/ru\/wp-json\/wp\/v2\/media\/41695"}],"wp:attachment":[{"href":"https:\/\/minimax.md\/ru\/wp-json\/wp\/v2\/media?parent=41696"}],"wp:term":[{"taxonomy":"product_brand","embeddable":true,"href":"https:\/\/minimax.md\/ru\/wp-json\/wp\/v2\/product_brand?post=41696"},{"taxonomy":"product_cat","embeddable":true,"href":"https:\/\/minimax.md\/ru\/wp-json\/wp\/v2\/product_cat?post=41696"},{"taxonomy":"product_tag","embeddable":true,"href":"https:\/\/minimax.md\/ru\/wp-json\/wp\/v2\/product_tag?post=41696"}],"curies":[{"name":"wp","href":"https:\/\/api.w.org\/{rel}","templated":true}]}}