{"id":41699,"date":"2023-11-28T13:09:53","date_gmt":"2023-11-28T10:09:53","guid":{"rendered":"https:\/\/minimax.md\/product\/41699.html"},"modified":"2023-11-28T13:29:50","modified_gmt":"2023-11-28T10:29:50","slug":"ru_ru-canpol-chashka-neprolivajka-lesnye-druzja-230-ml-trim-ro_ro-canpol-can-cu-pai-forest-friends-230-ml","status":"publish","type":"product","link":"https:\/\/minimax.md\/ru\/product\/41699.html","title":{"rendered":"Canpol \u0427\u0430\u0448\u043a\u0430 \u043d\u0435\u043f\u0440\u043e\u043b\u0438\u0432\u0430\u0439\u043a\u0430 \u041b\u0435\u0441\u043d\u044b\u0435 \u0434\u0440\u0443\u0437\u044c\u044f, 230 \u043c\u043b"},"content":{"rendered":"<p>[:ru_RU]\u041f\u043e\u0434\u0445\u043e\u0434\u0438\u0442 \u0434\u043b\u044f \u0434\u0435\u0442\u0435\u0439 \u043e\u0442 9 \u043c\u0435\u0441\u044f\u0446\u0435\u0432.<br \/>\n\u0427\u0430\u0448\u043a\u0430 \u043d\u0435\u043f\u0440\u043e\u043b\u0438\u0432\u0430\u0439\u043a\u0430 \u041b\u0435\u0441\u043d\u044b\u0435 \u0434\u0440\u0443\u0437\u044c\u044f  \u043e\u0441\u043d\u0430\u0449\u0435\u043d\u0430 \u043c\u044f\u0433\u043a\u043e\u0439 \u043d\u0430\u0441\u0430\u0434\u043a\u043e\u0439.<br \/>\n\u0415\u0441\u043b\u0438 \u0442\u0430\u043a\u0430\u044f \u0447\u0430\u0448\u043a-\u0430 \u043d\u0435\u043f\u0440\u043e\u043b\u0438\u0432\u0430\u0439\u043a\u0430 \u0443\u043f\u0430\u0434\u0435\u0442 \u0438\u043b\u0438 \u043f\u0435\u0440\u0435\u0432\u0435\u0440\u043d\u0435\u0442\u0441\u044f \u0436\u0438\u0434\u043a\u043e\u0441\u0442\u044c \u043e\u0441\u0442\u0430\u043d\u0435\u0442\u0441\u044f \u0432\u043d\u0443\u0442\u0440\u0438 \u0431\u043b\u0430\u0433\u043e\u0434\u0430\u0440\u044f \u0441\u043f\u0435\u0446\u0438\u0430\u043b\u044c\u043d\u043e \u0440\u0430\u0437\u0440\u0430\u0431\u043e\u0442\u0430\u043d\u043d\u043e\u043c\u0443 \u043d\u043e\u0441\u0438\u043a\u0443.<br \/>\n\u0427\u0430\u0448\u043a\u0430 \u0438\u043c\u0435\u0435\u0442 \u0443\u0434\u043e\u0431\u043d\u044b\u0435 \u0440\u0443\u0447\u043a\u0438.<br \/>\n\u0421\u043f\u0435\u0446\u0438\u0430\u043b\u044c\u043d\u044b\u0439 \u043a\u043e\u043b\u043f\u0430\u0447\u0435\u043a \u0437\u0430\u0449\u0438\u0442\u0438\u0442 \u043d\u043e\u0441\u0438\u043a \u043e\u0442 \u0437\u0430\u0433\u0440\u044f\u0437\u043d\u0435\u043d\u0438\u044f.<br \/>\n\u0427\u0430\u0448\u043a\u0430 \u043d\u0435\u043f\u0440\u043e\u043b\u0438\u0432\u0430\u0439\u043a\u0430 \u0432\u044b\u043f\u0443\u0441\u043a\u0430\u0435\u0442\u0441\u044f \u0432 \u0434\u0432\u0443\u0445 \u0432\u0430\u0440\u0438\u0430\u043d\u0442\u0430\u0445.<br \/>\n\u041e\u0431\u044a\u0435\u043c \u0447\u0430\u0448\u043a\u0438 \u043d\u0435\u043f\u0440\u043e\u043b\u0438\u0432\u0430\u0439\u043a\u0438: 230 \u043c\u043b.[trim][:ro_RO]Potrivit pentru copii de la 9 luni.<br \/>\nCana cu sistem anti-varsare este echipat\u0103 cu o duz\u0103 moale.<br \/>\n\u00cen cazul \u00een care o astfel de cea\u0219c\u0103 nu se vars\u0103 sau lichidul se \u00eentoarce, va r\u0103m\u00e2ne \u00een interior, datorit\u0103 unui orificiu special proiectat.<br \/>\nCupa are m\u00e2nere confortabile.<br \/>\nCapacul special protejeaz\u0103 nasul \u00eempotriva polu\u0103rii.<br \/>\nVolumul canelurii nefolositoare: 230 ml.<br \/>\nNu con\u021bine bisfenol-A.<\/p>\n","protected":false},"excerpt":{"rendered":"<p>[:ru_RU]\u041f\u043e\u0434\u0445\u043e\u0434\u0438\u0442 \u0434\u043b\u044f \u0434\u0435\u0442\u0435\u0439 \u043e\u0442 9 \u043c\u0435\u0441\u044f\u0446\u0435\u0432. \u0427\u0430\u0448\u043a\u0430 \u043d\u0435\u043f\u0440\u043e\u043b\u0438\u0432\u0430\u0439\u043a\u0430 \u041b\u0435\u0441\u043d\u044b\u0435 \u0434\u0440\u0443\u0437\u044c\u044f \u043e\u0441\u043d\u0430\u0449\u0435\u043d\u0430 \u043c\u044f\u0433\u043a\u043e\u0439 \u043d\u0430\u0441\u0430\u0434\u043a\u043e\u0439. \u0415\u0441\u043b\u0438 \u0442\u0430\u043a\u0430\u044f \u0447\u0430\u0448\u043a-\u0430 \u043d\u0435\u043f\u0440\u043e\u043b\u0438\u0432\u0430\u0439\u043a\u0430 \u0443\u043f\u0430\u0434\u0435\u0442 \u0438\u043b\u0438 \u043f\u0435\u0440\u0435\u0432\u0435\u0440\u043d\u0435\u0442\u0441\u044f \u0436\u0438\u0434\u043a\u043e\u0441\u0442\u044c \u043e\u0441\u0442\u0430\u043d\u0435\u0442\u0441\u044f \u0432\u043d\u0443\u0442\u0440\u0438 \u0431\u043b\u0430\u0433\u043e\u0434\u0430\u0440\u044f \u0441\u043f\u0435\u0446\u0438\u0430\u043b\u044c\u043d\u043e \u0440\u0430\u0437\u0440\u0430\u0431\u043e\u0442\u0430\u043d\u043d\u043e\u043c\u0443 \u043d\u043e\u0441\u0438\u043a\u0443. \u0427\u0430\u0448\u043a\u0430 \u0438\u043c\u0435\u0435\u0442 \u0443\u0434\u043e\u0431\u043d\u044b\u0435 \u0440\u0443\u0447\u043a\u0438. \u0421\u043f\u0435\u0446\u0438\u0430\u043b\u044c\u043d\u044b\u0439 \u043a\u043e\u043b\u043f\u0430\u0447\u0435\u043a \u0437\u0430\u0449\u0438\u0442\u0438\u0442 \u043d\u043e\u0441\u0438\u043a \u043e\u0442 \u0437\u0430\u0433\u0440\u044f\u0437\u043d\u0435\u043d\u0438\u044f. \u0427\u0430\u0448\u043a\u0430 \u043d\u0435\u043f\u0440\u043e\u043b\u0438\u0432\u0430\u0439\u043a\u0430 \u0432\u044b\u043f\u0443\u0441\u043a\u0430\u0435\u0442\u0441\u044f \u0432 \u0434\u0432\u0443\u0445 \u0432\u0430\u0440\u0438\u0430\u043d\u0442\u0430\u0445. \u041e\u0431\u044a\u0435\u043c \u0447\u0430\u0448\u043a\u0438 \u043d\u0435\u043f\u0440\u043e\u043b\u0438\u0432\u0430\u0439\u043a\u0438: 230 \u043c\u043b.[trim][:ro_RO]Potrivit pentru copii de la 9 luni. Cana [&hellip;]<\/p>\n","protected":false},"featured_media":41697,"comment_status":"open","ping_status":"closed","template":"","meta":{"_acf_changed":false},"product_brand":[],"product_cat":[6790],"product_tag":[],"class_list":{"0":"post-41699","1":"product","2":"type-product","3":"status-publish","4":"has-post-thumbnail","6":"product_cat-ru_ru-kruzhki-i-poilniki-tr","8":"first","9":"instock","10":"shipping-taxable","11":"purchasable","12":"product-type-simple"},"acf":[],"_links":{"self":[{"href":"https:\/\/minimax.md\/ru\/wp-json\/wp\/v2\/product\/41699","targetHints":{"allow":["GET"]}}],"collection":[{"href":"https:\/\/minimax.md\/ru\/wp-json\/wp\/v2\/product"}],"about":[{"href":"https:\/\/minimax.md\/ru\/wp-json\/wp\/v2\/types\/product"}],"replies":[{"embeddable":true,"href":"https:\/\/minimax.md\/ru\/wp-json\/wp\/v2\/comments?post=41699"}],"version-history":[{"count":0,"href":"https:\/\/minimax.md\/ru\/wp-json\/wp\/v2\/product\/41699\/revisions"}],"wp:featuredmedia":[{"embeddable":true,"href":"https:\/\/minimax.md\/ru\/wp-json\/wp\/v2\/media\/41697"}],"wp:attachment":[{"href":"https:\/\/minimax.md\/ru\/wp-json\/wp\/v2\/media?parent=41699"}],"wp:term":[{"taxonomy":"product_brand","embeddable":true,"href":"https:\/\/minimax.md\/ru\/wp-json\/wp\/v2\/product_brand?post=41699"},{"taxonomy":"product_cat","embeddable":true,"href":"https:\/\/minimax.md\/ru\/wp-json\/wp\/v2\/product_cat?post=41699"},{"taxonomy":"product_tag","embeddable":true,"href":"https:\/\/minimax.md\/ru\/wp-json\/wp\/v2\/product_tag?post=41699"}],"curies":[{"name":"wp","href":"https:\/\/api.w.org\/{rel}","templated":true}]}}