{"id":41723,"date":"2023-11-28T13:10:04","date_gmt":"2023-11-28T10:10:04","guid":{"rendered":"https:\/\/minimax.md\/product\/41723.html"},"modified":"2024-03-13T00:17:06","modified_gmt":"2024-03-12T21:17:06","slug":"ru_ru-cubicfun-3d-pazl-sobor-parizhskoj-bogomateri-notr-dam-40-detalej-trim-ro_ro-cubicfun-puzzle-3d-notre-dame-de-paris-40-piese","status":"publish","type":"product","link":"https:\/\/minimax.md\/ru\/product\/41723.html","title":{"rendered":"CubicFun 3D \u043f\u0430\u0437\u043b \u0421\u043e\u0431\u043e\u0440 \u041f\u0430\u0440\u0438\u0436\u0441\u043a\u043e\u0439 \u0411\u043e\u0433\u043e\u043c\u0430\u0442\u0435\u0440\u0438 (\u041d\u043e\u0442\u0440-\u0414\u0430\u043c),   40 \u0434\u0435\u0442\u0430\u043b\u0435\u0439"},"content":{"rendered":"<p>[:ru_RU]3D \u043f\u0430\u0437\u043b \u0411\u0435\u043b\u044b\u0439 \u0434\u043e\u043c \u043e\u0442\u00a0 CubicFun \u043e\u0447\u0435\u043d\u044c \u0438\u043d\u0442\u0435\u0440\u0435\u0441\u043d\u0430\u044f \u0433\u043e\u043b\u043e\u0432\u043e\u043b\u043e\u043c\u043a\u0430 \u0434\u043b\u044f \u0432\u0441\u0435\u0439 \u0441\u0435\u043c\u044c\u0438.\u00a0<\/p>\n<p>\u0412\u043c\u0435\u0441\u0442\u0435 \u0441\u043e\u0431\u0438\u0440\u0430\u044f 3D \u043f\u0430\u0437\u043b \u0441\u043e \u0441\u0432\u043e\u0438\u043c\u0438 \u0434\u0435\u0442\u044c\u043c\u0438, \u0432\u044b\u00a0 \u043c\u043e\u0436\u0435\u0442\u0435 \u0438\u043c \u0440\u0430\u0441\u0441\u043a\u0430\u0437\u0430\u0442\u044c \u043e \u0442\u043e\u043c \u0447\u0442\u043e \u0421\u043e\u0431\u043e\u0440 \u041f\u0430\u0440\u0438\u0436\u0441\u043a\u043e\u0439 \u0411\u043e\u0433\u043e\u043c\u0430\u0442\u0435\u0440\u0438\u00a0(\u0444\u0440. Notre-Dame de Paris) \u2013 \u0432\u0435\u043b\u0438\u0447\u0435\u0441\u0442\u0432\u0435\u043d\u043d\u044b\u0439 \u043a\u0430\u0442\u043e\u043b\u0438\u0447\u0435\u0441\u043a\u0438\u0439 \u0445\u0440\u0430\u043c \u043d\u0430 \u043e\u0441\u0442\u0440\u043e\u0432\u0435 \u0421\u0438\u0442\u0435 \u0432 \u0446\u0435\u043d\u0442\u0440\u0435 \u041f\u0430\u0440\u0438\u0436\u0430. \u042d\u0442\u043e\u0442 \u0432\u044b\u0434\u0430\u044e\u0449\u0438\u0439\u0441\u044f \u043f\u0430\u043c\u044f\u0442\u043d\u0438\u043a \u0430\u0440\u0445\u0438\u0442\u0435\u043a\u0442\u0443\u0440\u044b \u0432\u043e\u0441\u043f\u0435\u0442 \u0432 \u0438\u0441\u043a\u0443\u0441\u0441\u0442\u0432\u0435 \u0438 \u044f\u0432\u043b\u044f\u0435\u0442\u0441\u044f \u043e\u0434\u043d\u0438\u043c \u0438\u0437 \u0441\u0430\u043c\u044b\u0445 \u0438\u0437\u0432\u0435\u0441\u0442\u043d\u044b\u0445 \u043a\u0443\u043b\u044c\u0442\u043e\u0432\u044b\u0445 \u0441\u043e\u043e\u0440\u0443\u0436\u0435\u043d\u0438\u0439 \u043c\u0438\u0440\u0430. \u041a\u0430\u0436\u0434\u044b\u0439 \u0433\u043e\u0434 \u043f\u043e\u0441\u043c\u043e\u0442\u0440\u0435\u0442\u044c \u043d\u0430 \u041d\u043e\u0442\u0440-\u0414\u0430\u043c \u0434\u0435 \u041f\u0430\u0440\u0438 \u043f\u0440\u0438\u0435\u0437\u0436\u0430\u0435\u0442 13-14 \u043c\u0438\u043b\u043b\u0438\u043e\u043d\u043e\u0432 \u0442\u0443\u0440\u0438\u0441\u0442\u043e\u0432, \u0436\u0435\u043b\u0430\u044f \u043b\u0438\u0447\u043d\u043e \u0443\u0432\u0438\u0434\u0435\u0442\u044c \u0443\u0441\u0442\u0440\u0435\u043c\u043b\u0435\u043d\u043d\u044b\u0439 \u0432\u0432\u0435\u0440\u0445 \u0433\u043e\u0442\u0438\u0447\u0435\u0441\u043a\u0438\u0439 \u0441\u0438\u043b\u0443\u044d\u0442, \u0443\u043a\u0440\u0430\u0448\u0435\u043d\u043d\u044b\u0439 \u0436\u0438\u0432\u043e\u043f\u0438\u0441\u043d\u044b\u043c\u0438 \u0432\u0438\u0442\u0440\u0430\u0436\u0430\u043c\u0438 \u0438 \u0436\u0443\u0442\u043a\u0438\u043c\u0438 \u0433\u043e\u0440\u0433\u0443\u043b\u044c\u044f\u043c\u0438. \u0421\u043e\u0431\u043e\u0440 \u041f\u0430\u0440\u0438\u0436\u0441\u043a\u043e\u0439 \u0411\u043e\u0433\u043e\u043c\u0430\u0442\u0435\u0440\u0438 \u044f\u0432\u043b\u044f\u0435\u0442\u0441\u044f \u0433\u0435\u043e\u0433\u0440\u0430\u0444\u0438\u0447\u0435\u0441\u043a\u0438\u043c \u0446\u0435\u043d\u0442\u0440\u043e\u043c \u043d\u0435 \u0442\u043e\u043b\u044c\u043a\u043e \u041f\u0430\u0440\u0438\u0436\u0430, \u043d\u043e \u0438 \u0432\u0441\u0435\u0439 \u0441\u0442\u0440\u0430\u043d\u044b. \u0418\u043c\u0435\u043d\u043d\u043e \u0437\u0434\u0435\u0441\u044c \u043d\u0430\u0445\u043e\u0434\u0438\u0442\u0441\u044f \u0442\u0430\u043a \u043d\u0430\u0437\u044b\u0432\u0430\u0435\u043c\u044b\u0439 \u00ab\u041d\u0443\u043b\u0435\u0432\u043e\u0439 \u043a\u0438\u043b\u043e\u043c\u0435\u0442\u0440\u00bb, \u043e\u0442 \u043a\u043e\u0442\u043e\u0440\u043e\u0433\u043e \u0432\u0435\u0434\u0443\u0442 \u043e\u0442\u0441\u0447\u0435\u0442 \u0432\u0441\u0435 \u0440\u0430\u0441\u0441\u0442\u043e\u044f\u043d\u0438\u044f \u0432\u043e \u0424\u0440\u0430\u043d\u0446\u0438\u0438.<\/p>\n<p>3D \u043f\u0430\u0437\u043b\u044b \u0443\u0434\u0438\u0432\u0438\u0442\u0435\u043b\u044c\u043d\u043e\u0435 \u0445\u043e\u0431\u0431\u0438 \u043a\u043e\u0442\u043e\u0440\u043e\u0435 \u0440\u0430\u0437\u0432\u0438\u0432\u0430\u0435\u0442 \u043d\u0435 \u0442\u043e\u043b\u044c\u043a\u043e \u043b\u043e\u0433\u0438\u0447\u0435\u0441\u043a\u043e\u0433\u043e \u043c\u044b\u0448\u043b\u0435\u043d\u0438\u044f, \u043c\u0435\u043b\u043a\u0443\u044e \u043c\u043e\u0442\u043e\u0440\u0438\u043a\u0443, \u0443\u0441\u0438\u0434\u0447\u0438\u0432\u043e\u0441\u0442\u0438 \u0438 \u0430\u043a\u043a\u0443\u0440\u0430\u0442\u043d\u043e\u0441\u0442\u044c, \u043d\u043e \u0438 \u0443\u0447\u0438\u0442 \u043c\u043d\u043e\u0433\u043e\u043c\u0443 \u0438\u043d\u0442\u0435\u0440\u0435\u0441\u043d\u043e\u043c\u0443 \u043e \u043c\u0438\u0440\u0435 \u0437\u0430 \u0432\u0435\u0441\u0435\u043b\u043e \u043f\u0440\u043e\u0432\u0435\u0434\u0435\u043d\u043d\u043e\u043c \u0432\u0440\u0435\u043c\u0435\u043d\u0438 \u0432 \u043a\u0440\u0443\u0433\u0443 \u0441\u0435\u043c\u044c\u0438.[trim][:ro_RO]<strong>Puzzle 3D &#8220;Catedrala Notre Dame&#8221;, de la CubicFun este un joc de puzzle foarte interesant pentru \u00eentreaga familie.<\/strong><\/p>\n<p>\u00cen timul jocului cu \u00a0puzzle 3D \u00eempreun\u0103 cu copiii t\u0103i, le po\u021bi povesti c\u0103 <strong>Catedrala Notre Dame<\/strong> (fr. Notre-Dame de Paris) este o biseric\u0103 catolic\u0103 maiestuoas\u0103 de pe Ile de la Cit\u00e9 din centrul Parisului. Acest monument arhitectural remarcabil este glorificat \u00een art\u0103 \u0219i este unul dintre cele mai faimoase l\u0103ca\u0219uri de cult din lume. \u00cen fiecare an, 13-14 milioane de turi\u0219ti vin s\u0103 priveasc\u0103 Notre Dame de Paris, dorind s\u0103 vad\u0103 personal silueta gotic\u0103 \u00eendreptat\u0103 \u00een sus, decorat\u0103 cu vitralii pitore\u0219ti \u0219i gargui \u00eenfior\u0103toare. Catedrala Notre Dame este centrul geografic nu numai al Parisului, ci \u0219i al \u00eentregii \u021b\u0103ri. Aici se afl\u0103 a\u0219a-numitul \u201eKilometru Zero\u201d, de la care sunt num\u0103rate toate distan\u021bele din Fran\u021ba.<\/p>\n<p>Puzzle-urile 3D sunt un hobby uimitor care dezvolt\u0103 nu numai g\u00e2ndirea logic\u0103, abilit\u0103\u021bile motorii fine, perseveren\u021ba \u0219i acurate\u021bea, dar \u00eenva\u021b\u0103 \u0219i o mul\u021bime de l<\/p>\n","protected":false},"excerpt":{"rendered":"<p>[:ru_RU]3D \u043f\u0430\u0437\u043b \u0411\u0435\u043b\u044b\u0439 \u0434\u043e\u043c \u043e\u0442\u00a0 CubicFun \u043e\u0447\u0435\u043d\u044c \u0438\u043d\u0442\u0435\u0440\u0435\u0441\u043d\u0430\u044f \u0433\u043e\u043b\u043e\u0432\u043e\u043b\u043e\u043c\u043a\u0430 \u0434\u043b\u044f \u0432\u0441\u0435\u0439 \u0441\u0435\u043c\u044c\u0438.\u00a0 \u0412\u043c\u0435\u0441\u0442\u0435 \u0441\u043e\u0431\u0438\u0440\u0430\u044f 3D \u043f\u0430\u0437\u043b \u0441\u043e \u0441\u0432\u043e\u0438\u043c\u0438 \u0434\u0435\u0442\u044c\u043c\u0438, \u0432\u044b\u00a0 \u043c\u043e\u0436\u0435\u0442\u0435 \u0438\u043c \u0440\u0430\u0441\u0441\u043a\u0430\u0437\u0430\u0442\u044c \u043e \u0442\u043e\u043c \u0447\u0442\u043e \u0421\u043e\u0431\u043e\u0440 \u041f\u0430\u0440\u0438\u0436\u0441\u043a\u043e\u0439 \u0411\u043e\u0433\u043e\u043c\u0430\u0442\u0435\u0440\u0438\u00a0(\u0444\u0440. Notre-Dame de Paris) \u2013 \u0432\u0435\u043b\u0438\u0447\u0435\u0441\u0442\u0432\u0435\u043d\u043d\u044b\u0439 \u043a\u0430\u0442\u043e\u043b\u0438\u0447\u0435\u0441\u043a\u0438\u0439 \u0445\u0440\u0430\u043c \u043d\u0430 \u043e\u0441\u0442\u0440\u043e\u0432\u0435 \u0421\u0438\u0442\u0435 \u0432 \u0446\u0435\u043d\u0442\u0440\u0435 \u041f\u0430\u0440\u0438\u0436\u0430. \u042d\u0442\u043e\u0442 \u0432\u044b\u0434\u0430\u044e\u0449\u0438\u0439\u0441\u044f \u043f\u0430\u043c\u044f\u0442\u043d\u0438\u043a \u0430\u0440\u0445\u0438\u0442\u0435\u043a\u0442\u0443\u0440\u044b \u0432\u043e\u0441\u043f\u0435\u0442 \u0432 \u0438\u0441\u043a\u0443\u0441\u0441\u0442\u0432\u0435 \u0438 \u044f\u0432\u043b\u044f\u0435\u0442\u0441\u044f \u043e\u0434\u043d\u0438\u043c \u0438\u0437 \u0441\u0430\u043c\u044b\u0445 \u0438\u0437\u0432\u0435\u0441\u0442\u043d\u044b\u0445 [&hellip;]<\/p>\n","protected":false},"featured_media":41717,"comment_status":"open","ping_status":"closed","template":"","meta":{"_acf_changed":false},"product_brand":[],"product_cat":[6713],"product_tag":[],"class_list":{"0":"post-41723","1":"product","2":"type-product","3":"status-publish","4":"has-post-thumbnail","6":"product_cat-ru_ru-pazly-i-mozaiki-trim","8":"first","9":"instock","10":"shipping-taxable","11":"purchasable","12":"product-type-simple"},"acf":[],"_links":{"self":[{"href":"https:\/\/minimax.md\/ru\/wp-json\/wp\/v2\/product\/41723","targetHints":{"allow":["GET"]}}],"collection":[{"href":"https:\/\/minimax.md\/ru\/wp-json\/wp\/v2\/product"}],"about":[{"href":"https:\/\/minimax.md\/ru\/wp-json\/wp\/v2\/types\/product"}],"replies":[{"embeddable":true,"href":"https:\/\/minimax.md\/ru\/wp-json\/wp\/v2\/comments?post=41723"}],"version-history":[{"count":0,"href":"https:\/\/minimax.md\/ru\/wp-json\/wp\/v2\/product\/41723\/revisions"}],"wp:featuredmedia":[{"embeddable":true,"href":"https:\/\/minimax.md\/ru\/wp-json\/wp\/v2\/media\/41717"}],"wp:attachment":[{"href":"https:\/\/minimax.md\/ru\/wp-json\/wp\/v2\/media?parent=41723"}],"wp:term":[{"taxonomy":"product_brand","embeddable":true,"href":"https:\/\/minimax.md\/ru\/wp-json\/wp\/v2\/product_brand?post=41723"},{"taxonomy":"product_cat","embeddable":true,"href":"https:\/\/minimax.md\/ru\/wp-json\/wp\/v2\/product_cat?post=41723"},{"taxonomy":"product_tag","embeddable":true,"href":"https:\/\/minimax.md\/ru\/wp-json\/wp\/v2\/product_tag?post=41723"}],"curies":[{"name":"wp","href":"https:\/\/api.w.org\/{rel}","templated":true}]}}