{"id":41727,"date":"2023-11-28T13:10:06","date_gmt":"2023-11-28T10:10:06","guid":{"rendered":"https:\/\/minimax.md\/product\/41727.html"},"modified":"2023-11-28T13:29:50","modified_gmt":"2023-11-28T10:29:50","slug":"ru_ru-sano-chistjashhij-poroshok-x-powder-600-g-trim-ro_ro-sano-praf-pentru-cur-at-x-powder-600-g","status":"publish","type":"product","link":"https:\/\/minimax.md\/ru\/product\/41727.html","title":{"rendered":"Sano \u0427\u0438\u0441\u0442\u044f\u0449\u0438\u0439 \u043f\u043e\u0440\u043e\u0448\u043e\u043a X Powder 600 \u0433"},"content":{"rendered":"<p>[:ru_RU]\u0427\u0438\u0441\u0442\u044f\u0449\u0438\u0439 \u043f\u043e\u0440\u043e\u0448\u043e\u043a sano X power \u0441\u043e \u0441\u0432\u0435\u0436\u0438\u043c \u0437\u0430\u043f\u0430\u0445\u043e\u043c \u043b\u0438\u043c\u043e\u043d\u0430.<br \/>\n\u0421\u043e\u0434\u0435\u0440\u0436\u0438\u0442 \u0447\u0440\u0435\u0437\u0432\u044b\u0447\u0430\u0439\u043d\u043e \u0430\u043a\u0442\u0438\u0432\u043d\u044b\u0435 \u0447\u0438\u0441\u0442\u044f\u0449\u0438\u0435, \u0434\u0435\u0437\u0438\u043d\u0444\u0438\u0446\u0438\u0440\u0443\u044e\u0449\u0438\u0435 \u0438 \u043e\u0442\u0431\u0435\u043b\u0438\u0432\u0430\u044e\u0449\u0438\u0435 \u0432\u0435\u0449\u0435\u0441\u0442\u0432\u0430.<br \/>\n\u0421 \u043b\u0435\u0433\u043a\u043e\u0441\u0442\u044c\u044e \u0443\u0434\u0430\u043b\u044f\u0435\u0442 \u0441\u0442\u0430\u0440\u044b\u0435, \u0432\u044a\u0435\u0432\u0448\u0438\u0435\u0441\u044f \u043f\u044f\u0442\u043d\u0430 \u0441 \u043f\u043e\u0432\u0435\u0440\u0445\u043d\u043e\u0441\u0442\u0438 \u0432\u0430\u043d\u043d, \u0440\u0430\u043a\u043e\u0432\u0438\u043d, \u0443\u043d\u0438\u0442\u0430\u0437\u043e\u0432 \u0438 \u0442.\u043f.<br \/>\n\u041d\u0435 \u0432\u044b\u0437\u044b\u0432\u0430\u0435\u0442 \u0440\u0430\u0437\u0434\u0440\u0430\u0436\u0435\u043d\u0438\u044f \u043a\u043e\u0436\u0438.<br \/>\n\u0412 \u0441\u043e\u0441\u0442\u0430\u0432\u0435 \u0441\u043e\u0434\u0435\u0440\u0436\u0438\u0442\u0441\u044f \u043d\u0435\u0431\u043e\u043b\u044c\u0448\u0430\u044f \u0434\u043e\u043b\u044f \u0445\u043b\u043e\u0440\u0430.[trim][:ro_RO]Praf de cur\u0103\u0163at tip tix cu miros de l\u0103m\u00eeie Sano.<br \/>\nCon\u0163ine un agent superactiv de cur\u0103\u0163are \u015fi \u00een\u0103lbire.<br \/>\n\u00cenl\u0103tur\u0103 cu u\u015furin\u0163\u0103 murd\u0103ria, dezinfecteaz\u0103 \u015fi d\u0103 str\u0103lucire.<\/p>\n","protected":false},"excerpt":{"rendered":"<p>[:ru_RU]\u0427\u0438\u0441\u0442\u044f\u0449\u0438\u0439 \u043f\u043e\u0440\u043e\u0448\u043e\u043a sano X power \u0441\u043e \u0441\u0432\u0435\u0436\u0438\u043c \u0437\u0430\u043f\u0430\u0445\u043e\u043c \u043b\u0438\u043c\u043e\u043d\u0430. \u0421\u043e\u0434\u0435\u0440\u0436\u0438\u0442 \u0447\u0440\u0435\u0437\u0432\u044b\u0447\u0430\u0439\u043d\u043e \u0430\u043a\u0442\u0438\u0432\u043d\u044b\u0435 \u0447\u0438\u0441\u0442\u044f\u0449\u0438\u0435, \u0434\u0435\u0437\u0438\u043d\u0444\u0438\u0446\u0438\u0440\u0443\u044e\u0449\u0438\u0435 \u0438 \u043e\u0442\u0431\u0435\u043b\u0438\u0432\u0430\u044e\u0449\u0438\u0435 \u0432\u0435\u0449\u0435\u0441\u0442\u0432\u0430. \u0421 \u043b\u0435\u0433\u043a\u043e\u0441\u0442\u044c\u044e \u0443\u0434\u0430\u043b\u044f\u0435\u0442 \u0441\u0442\u0430\u0440\u044b\u0435, \u0432\u044a\u0435\u0432\u0448\u0438\u0435\u0441\u044f \u043f\u044f\u0442\u043d\u0430 \u0441 \u043f\u043e\u0432\u0435\u0440\u0445\u043d\u043e\u0441\u0442\u0438 \u0432\u0430\u043d\u043d, \u0440\u0430\u043a\u043e\u0432\u0438\u043d, \u0443\u043d\u0438\u0442\u0430\u0437\u043e\u0432 \u0438 \u0442.\u043f. \u041d\u0435 \u0432\u044b\u0437\u044b\u0432\u0430\u0435\u0442 \u0440\u0430\u0437\u0434\u0440\u0430\u0436\u0435\u043d\u0438\u044f \u043a\u043e\u0436\u0438. \u0412 \u0441\u043e\u0441\u0442\u0430\u0432\u0435 \u0441\u043e\u0434\u0435\u0440\u0436\u0438\u0442\u0441\u044f \u043d\u0435\u0431\u043e\u043b\u044c\u0448\u0430\u044f \u0434\u043e\u043b\u044f \u0445\u043b\u043e\u0440\u0430.[trim][:ro_RO]Praf de cur\u0103\u0163at tip tix cu miros de l\u0103m\u00eeie Sano. Con\u0163ine un agent superactiv de cur\u0103\u0163are [&hellip;]<\/p>\n","protected":false},"featured_media":41726,"comment_status":"open","ping_status":"closed","template":"","meta":{"_acf_changed":false},"product_brand":[],"product_cat":[6756],"product_tag":[],"class_list":{"0":"post-41727","1":"product","2":"type-product","3":"status-publish","4":"has-post-thumbnail","6":"product_cat-ru_ru-universalnye-sredstva","8":"first","9":"instock","10":"shipping-taxable","11":"purchasable","12":"product-type-simple"},"acf":[],"_links":{"self":[{"href":"https:\/\/minimax.md\/ru\/wp-json\/wp\/v2\/product\/41727","targetHints":{"allow":["GET"]}}],"collection":[{"href":"https:\/\/minimax.md\/ru\/wp-json\/wp\/v2\/product"}],"about":[{"href":"https:\/\/minimax.md\/ru\/wp-json\/wp\/v2\/types\/product"}],"replies":[{"embeddable":true,"href":"https:\/\/minimax.md\/ru\/wp-json\/wp\/v2\/comments?post=41727"}],"version-history":[{"count":0,"href":"https:\/\/minimax.md\/ru\/wp-json\/wp\/v2\/product\/41727\/revisions"}],"wp:featuredmedia":[{"embeddable":true,"href":"https:\/\/minimax.md\/ru\/wp-json\/wp\/v2\/media\/41726"}],"wp:attachment":[{"href":"https:\/\/minimax.md\/ru\/wp-json\/wp\/v2\/media?parent=41727"}],"wp:term":[{"taxonomy":"product_brand","embeddable":true,"href":"https:\/\/minimax.md\/ru\/wp-json\/wp\/v2\/product_brand?post=41727"},{"taxonomy":"product_cat","embeddable":true,"href":"https:\/\/minimax.md\/ru\/wp-json\/wp\/v2\/product_cat?post=41727"},{"taxonomy":"product_tag","embeddable":true,"href":"https:\/\/minimax.md\/ru\/wp-json\/wp\/v2\/product_tag?post=41727"}],"curies":[{"name":"wp","href":"https:\/\/api.w.org\/{rel}","templated":true}]}}