{"id":41731,"date":"2023-11-28T13:10:06","date_gmt":"2023-11-28T10:10:06","guid":{"rendered":"https:\/\/minimax.md\/product\/41731.html"},"modified":"2023-11-28T13:29:50","modified_gmt":"2023-11-28T10:29:50","slug":"ru_ru-sano-sredstvo-dlja-chistki-mebeli-4-v-1-500-ml-trim-ro_ro-sano-solu-ie-pentru-mobilier-4-in-1-500-ml","status":"publish","type":"product","link":"https:\/\/minimax.md\/ru\/product\/41731.html","title":{"rendered":"Sano \u0421\u0440\u0435\u0434\u0441\u0442\u0432\u043e \u0434\u043b\u044f \u0447\u0438\u0441\u0442\u043a\u0438 \u043c\u0435\u0431\u0435\u043b\u0438 4 \u0432 1, 500 \u043c\u043b"},"content":{"rendered":"<p>[:ru_RU]\u0421\u0440\u0435\u0434\u0441\u0442\u0432\u043e \u0434\u043b\u044f \u043e\u0447\u0438\u0441\u0442\u043a\u0438 \u043c\u0435\u0431\u0435\u043b\u0438 Sano furniture \u043f\u043e\u0434\u0445\u043e\u0434\u0438\u0442 \u0434\u043b\u044f \u043b\u044e\u0431\u044b\u0445 \u0432\u0438\u0434\u043e\u0432 \u043c\u0435\u0431\u0435\u043b\u0438 \u0438\u0437 \u0434\u0435\u0440\u0435\u0432\u0430, \u0448\u043f\u043e\u043d\u0430 \u0438 \u043c\u0435\u0442\u0430\u043b\u043b\u0430.<br \/>\n\u0421\u043e\u0434\u0435\u0440\u0436\u0438\u0442 \u0430\u043d\u0442\u0438\u0441\u0442\u0430\u0442\u0438\u043a, \u043e\u0442\u0442\u0430\u043b\u043a\u0438\u0432\u0430\u044e\u0449\u0438\u0439 \u043f\u044b\u043b\u044c.<br \/>\n\u0412\u044b\u043f\u043e\u043b\u043d\u044f\u0435\u0442 \u043e\u0434\u043d\u043e\u0432\u0440\u0435\u043c\u0435\u043d\u043d\u043e 4 \u0444\u0443\u043d\u043a\u0446\u0438\u0438: \u043e\u0447\u0438\u0449\u0430\u0435\u0442 \u0441\u043a\u043e\u043f\u0438\u0432\u0448\u0443\u044e\u0441\u044f \u043f\u044b\u043b\u044c \u0438 \u0433\u0440\u044f\u0437\u044c, \u0441\u043e\u0437\u0434\u0430\u0435\u0442 \u0432\u043e\u0441\u043a\u043e\u0432\u043e\u0439 \u0441\u043b\u043e\u0439 \u043d\u0430 \u043f\u043e\u0432\u0435\u0440\u0445\u043d\u043e\u0441\u0442\u0438 \u043c\u0435\u0431\u0435\u043b\u0438, \u0437\u0430\u0449\u0438\u0449\u0430\u0435\u0442 \u043c\u0435\u0431\u0435\u043b\u044c \u043e\u0442 \u043f\u043e\u044f\u0432\u043b\u0435\u043d\u0438\u044f \u043d\u0430 \u043d\u0435\u0439 \u0433\u0440\u044f\u0437\u043d\u044b\u0445 \u043f\u044f\u0442\u0435\u043d \u0438 \u0441\u043b\u0435\u0434\u043e\u0432, \u043e\u0441\u0442\u0430\u0432\u043b\u044f\u0435\u043c\u044b\u0445 \u0436\u0438\u0434\u043a\u043e\u0441\u0442\u044f\u043c\u0438 \u0438 \u043e\u0442\u0442\u0430\u043b\u043a\u0438\u0432\u0430\u0435\u0442 \u043f\u044b\u043b\u044c.[trim][:ro_RO]Sano furniture permite patru opera\u0163ii cu o singur\u0103 pulverizare: cur\u0103\u0163area murd\u0103riei \u015fi prafului acumulat, lustruirea mobilei cu cear\u0103, protec\u0163ia contra murd\u0103riei \u015fi respingerea prafului.<br \/>\nSano furniture   \u2013  varianta economic\u0103 si ecologic\u0103, ambalaj economic, potrivit pentru orice tip de recipient cu pulverizator.<\/p>\n","protected":false},"excerpt":{"rendered":"<p>[:ru_RU]\u0421\u0440\u0435\u0434\u0441\u0442\u0432\u043e \u0434\u043b\u044f \u043e\u0447\u0438\u0441\u0442\u043a\u0438 \u043c\u0435\u0431\u0435\u043b\u0438 Sano furniture \u043f\u043e\u0434\u0445\u043e\u0434\u0438\u0442 \u0434\u043b\u044f \u043b\u044e\u0431\u044b\u0445 \u0432\u0438\u0434\u043e\u0432 \u043c\u0435\u0431\u0435\u043b\u0438 \u0438\u0437 \u0434\u0435\u0440\u0435\u0432\u0430, \u0448\u043f\u043e\u043d\u0430 \u0438 \u043c\u0435\u0442\u0430\u043b\u043b\u0430. \u0421\u043e\u0434\u0435\u0440\u0436\u0438\u0442 \u0430\u043d\u0442\u0438\u0441\u0442\u0430\u0442\u0438\u043a, \u043e\u0442\u0442\u0430\u043b\u043a\u0438\u0432\u0430\u044e\u0449\u0438\u0439 \u043f\u044b\u043b\u044c. \u0412\u044b\u043f\u043e\u043b\u043d\u044f\u0435\u0442 \u043e\u0434\u043d\u043e\u0432\u0440\u0435\u043c\u0435\u043d\u043d\u043e 4 \u0444\u0443\u043d\u043a\u0446\u0438\u0438: \u043e\u0447\u0438\u0449\u0430\u0435\u0442 \u0441\u043a\u043e\u043f\u0438\u0432\u0448\u0443\u044e\u0441\u044f \u043f\u044b\u043b\u044c \u0438 \u0433\u0440\u044f\u0437\u044c, \u0441\u043e\u0437\u0434\u0430\u0435\u0442 \u0432\u043e\u0441\u043a\u043e\u0432\u043e\u0439 \u0441\u043b\u043e\u0439 \u043d\u0430 \u043f\u043e\u0432\u0435\u0440\u0445\u043d\u043e\u0441\u0442\u0438 \u043c\u0435\u0431\u0435\u043b\u0438, \u0437\u0430\u0449\u0438\u0449\u0430\u0435\u0442 \u043c\u0435\u0431\u0435\u043b\u044c \u043e\u0442 \u043f\u043e\u044f\u0432\u043b\u0435\u043d\u0438\u044f \u043d\u0430 \u043d\u0435\u0439 \u0433\u0440\u044f\u0437\u043d\u044b\u0445 \u043f\u044f\u0442\u0435\u043d \u0438 \u0441\u043b\u0435\u0434\u043e\u0432, \u043e\u0441\u0442\u0430\u0432\u043b\u044f\u0435\u043c\u044b\u0445 \u0436\u0438\u0434\u043a\u043e\u0441\u0442\u044f\u043c\u0438 \u0438 \u043e\u0442\u0442\u0430\u043b\u043a\u0438\u0432\u0430\u0435\u0442 \u043f\u044b\u043b\u044c.[trim][:ro_RO]Sano furniture permite patru opera\u0163ii cu [&hellip;]<\/p>\n","protected":false},"featured_media":41730,"comment_status":"open","ping_status":"closed","template":"","meta":{"_acf_changed":false},"product_brand":[],"product_cat":[6752],"product_tag":[],"class_list":{"0":"post-41731","1":"product","2":"type-product","3":"status-publish","4":"has-post-thumbnail","6":"product_cat-ru_ru-polirol-dlja-mebeli-t","8":"first","9":"instock","10":"shipping-taxable","11":"purchasable","12":"product-type-simple"},"acf":[],"_links":{"self":[{"href":"https:\/\/minimax.md\/ru\/wp-json\/wp\/v2\/product\/41731","targetHints":{"allow":["GET"]}}],"collection":[{"href":"https:\/\/minimax.md\/ru\/wp-json\/wp\/v2\/product"}],"about":[{"href":"https:\/\/minimax.md\/ru\/wp-json\/wp\/v2\/types\/product"}],"replies":[{"embeddable":true,"href":"https:\/\/minimax.md\/ru\/wp-json\/wp\/v2\/comments?post=41731"}],"version-history":[{"count":0,"href":"https:\/\/minimax.md\/ru\/wp-json\/wp\/v2\/product\/41731\/revisions"}],"wp:featuredmedia":[{"embeddable":true,"href":"https:\/\/minimax.md\/ru\/wp-json\/wp\/v2\/media\/41730"}],"wp:attachment":[{"href":"https:\/\/minimax.md\/ru\/wp-json\/wp\/v2\/media?parent=41731"}],"wp:term":[{"taxonomy":"product_brand","embeddable":true,"href":"https:\/\/minimax.md\/ru\/wp-json\/wp\/v2\/product_brand?post=41731"},{"taxonomy":"product_cat","embeddable":true,"href":"https:\/\/minimax.md\/ru\/wp-json\/wp\/v2\/product_cat?post=41731"},{"taxonomy":"product_tag","embeddable":true,"href":"https:\/\/minimax.md\/ru\/wp-json\/wp\/v2\/product_tag?post=41731"}],"curies":[{"name":"wp","href":"https:\/\/api.w.org\/{rel}","templated":true}]}}