{"id":41772,"date":"2023-11-28T13:10:10","date_gmt":"2023-11-28T10:10:10","guid":{"rendered":"https:\/\/minimax.md\/product\/41772.html"},"modified":"2023-11-28T13:29:51","modified_gmt":"2023-11-28T10:29:51","slug":"ru_ru-hola-molotochek-s-muzykoj-i-svetom-trim-ro_ro-hola-ciocan-cu-muzic-i-lumin","status":"publish","type":"product","link":"https:\/\/minimax.md\/ru\/product\/41772.html","title":{"rendered":"Hola \u041c\u043e\u043b\u043e\u0442\u043e\u0447\u0435\u043a \u0441 \u043c\u0443\u0437\u044b\u043a\u043e\u0439 \u0438 \u0441\u0432\u0435\u0442\u043e\u043c"},"content":{"rendered":"<p>[:ru_RU]\u0411\u043b\u0430\u0433\u043e\u0434\u0430\u0440\u044f \u0434\u0432\u0443\u043c \u0440\u0435\u0436\u0438\u043c\u0430\u043c  \u2013  \u0438\u0433\u0440\u043e\u0432\u043e\u043c\u0443 \u0438 \u043e\u0431\u0443\u0447\u0430\u044e\u0449\u0435\u043c\u0443 \u044d\u0442\u043e\u0442 \u0432\u0435\u0441\u0435\u043b\u044b\u0439 \u043c\u043e\u043b\u043e\u0442\u043e\u043a \u043d\u0435 \u0434\u0430\u0441\u0442 \u0437\u0430\u0441\u043a\u0443\u0447\u0430\u0442\u044c \u0432\u0430\u0448\u0435\u043c\u0443 \u043c\u0430\u043b\u044b\u0448\u0443.<br \/>\n\u0412 \u0438\u0433\u0440\u043e\u0432\u043e\u043c \u0440\u0435\u0436\u0438\u043c\u0435 \u043c\u043e\u043b\u043e\u0442\u043e\u043a \u043f\u0440\u0438 \u043a\u0430\u0436\u0434\u043e\u043c \u0443\u0434\u0430\u0440\u0435 \u0438\u0437\u0434\u0430\u0435\u0442 \u043c\u043d\u043e\u0433\u043e \u0437\u0430\u0431\u0430\u0432\u043d\u044b\u0445 \u0437\u0432\u0443\u043a\u043e\u0432, \u0430 \u0432 \u043e\u0431\u0443\u0447\u0430\u044e\u0449\u0435\u043c \u0440\u0435\u0436\u0438\u043c\u0435 \u0437\u043d\u0430\u043a\u043e\u043c\u0438\u0442 \u0441 \u0446\u0438\u0444\u0440\u0430\u043c\u0438 \u0438 \u0441\u0447\u0435\u0442\u043e\u043c (\u043d\u0430 \u0430\u043d\u0433\u043b\u0438\u0439\u0441\u043a\u043e\u043c \u044f\u0437\u044b\u043a\u0435).[trim][:ro_RO]Datorita a doua moduri de operare &#8211; \u00eenv\u0103\u021bare \u0219i joac\u0103, acest ciocan vesel nu va permite copilului sa ramina plictisit.<br \/>\n\u00cen modul de joc ciocan la fiecare lovitura va produce o mul\u021bime de sunete amuzante, iar \u00een modul de formare introduce copilului numere (\u00een limba englez\u0103).<\/p>\n","protected":false},"excerpt":{"rendered":"<p>[:ru_RU]\u0411\u043b\u0430\u0433\u043e\u0434\u0430\u0440\u044f \u0434\u0432\u0443\u043c \u0440\u0435\u0436\u0438\u043c\u0430\u043c \u2013 \u0438\u0433\u0440\u043e\u0432\u043e\u043c\u0443 \u0438 \u043e\u0431\u0443\u0447\u0430\u044e\u0449\u0435\u043c\u0443 \u044d\u0442\u043e\u0442 \u0432\u0435\u0441\u0435\u043b\u044b\u0439 \u043c\u043e\u043b\u043e\u0442\u043e\u043a \u043d\u0435 \u0434\u0430\u0441\u0442 \u0437\u0430\u0441\u043a\u0443\u0447\u0430\u0442\u044c \u0432\u0430\u0448\u0435\u043c\u0443 \u043c\u0430\u043b\u044b\u0448\u0443. \u0412 \u0438\u0433\u0440\u043e\u0432\u043e\u043c \u0440\u0435\u0436\u0438\u043c\u0435 \u043c\u043e\u043b\u043e\u0442\u043e\u043a \u043f\u0440\u0438 \u043a\u0430\u0436\u0434\u043e\u043c \u0443\u0434\u0430\u0440\u0435 \u0438\u0437\u0434\u0430\u0435\u0442 \u043c\u043d\u043e\u0433\u043e \u0437\u0430\u0431\u0430\u0432\u043d\u044b\u0445 \u0437\u0432\u0443\u043a\u043e\u0432, \u0430 \u0432 \u043e\u0431\u0443\u0447\u0430\u044e\u0449\u0435\u043c \u0440\u0435\u0436\u0438\u043c\u0435 \u0437\u043d\u0430\u043a\u043e\u043c\u0438\u0442 \u0441 \u0446\u0438\u0444\u0440\u0430\u043c\u0438 \u0438 \u0441\u0447\u0435\u0442\u043e\u043c (\u043d\u0430 \u0430\u043d\u0433\u043b\u0438\u0439\u0441\u043a\u043e\u043c \u044f\u0437\u044b\u043a\u0435).[trim][:ro_RO]Datorita a doua moduri de operare &#8211; \u00eenv\u0103\u021bare \u0219i joac\u0103, acest ciocan vesel nu va permite copilului sa [&hellip;]<\/p>\n","protected":false},"featured_media":41771,"comment_status":"open","ping_status":"closed","template":"","meta":{"_acf_changed":false},"product_brand":[],"product_cat":[6730],"product_tag":[],"class_list":{"0":"post-41772","1":"product","2":"type-product","3":"status-publish","4":"has-post-thumbnail","6":"product_cat-ru_ru-razvivashki-trim-ro_r","8":"first","9":"instock","10":"shipping-taxable","11":"purchasable","12":"product-type-simple"},"acf":[],"_links":{"self":[{"href":"https:\/\/minimax.md\/ru\/wp-json\/wp\/v2\/product\/41772","targetHints":{"allow":["GET"]}}],"collection":[{"href":"https:\/\/minimax.md\/ru\/wp-json\/wp\/v2\/product"}],"about":[{"href":"https:\/\/minimax.md\/ru\/wp-json\/wp\/v2\/types\/product"}],"replies":[{"embeddable":true,"href":"https:\/\/minimax.md\/ru\/wp-json\/wp\/v2\/comments?post=41772"}],"version-history":[{"count":0,"href":"https:\/\/minimax.md\/ru\/wp-json\/wp\/v2\/product\/41772\/revisions"}],"wp:featuredmedia":[{"embeddable":true,"href":"https:\/\/minimax.md\/ru\/wp-json\/wp\/v2\/media\/41771"}],"wp:attachment":[{"href":"https:\/\/minimax.md\/ru\/wp-json\/wp\/v2\/media?parent=41772"}],"wp:term":[{"taxonomy":"product_brand","embeddable":true,"href":"https:\/\/minimax.md\/ru\/wp-json\/wp\/v2\/product_brand?post=41772"},{"taxonomy":"product_cat","embeddable":true,"href":"https:\/\/minimax.md\/ru\/wp-json\/wp\/v2\/product_cat?post=41772"},{"taxonomy":"product_tag","embeddable":true,"href":"https:\/\/minimax.md\/ru\/wp-json\/wp\/v2\/product_tag?post=41772"}],"curies":[{"name":"wp","href":"https:\/\/api.w.org\/{rel}","templated":true}]}}