{"id":41779,"date":"2023-11-28T13:10:11","date_gmt":"2023-11-28T10:10:11","guid":{"rendered":"https:\/\/minimax.md\/product\/41779.html"},"modified":"2023-11-28T13:29:51","modified_gmt":"2023-11-28T10:29:51","slug":"ru_ru-hola-samoletik-s-muzykoj-i-svetom-trim-ro_ro-hola-avion-cu-muzic-i-lumin","status":"publish","type":"product","link":"https:\/\/minimax.md\/ru\/product\/41779.html","title":{"rendered":"Hola \u0421\u0430\u043c\u043e\u043b\u0435\u0442\u0438\u043a \u0441 \u043c\u0443\u0437\u044b\u043a\u043e\u0439 \u0438 \u0441\u0432\u0435\u0442\u043e\u043c"},"content":{"rendered":"<p>[:ru_RU]\u0421\u0430\u043c\u043e\u043b\u0435\u0442\u0438\u043a \u0438\u043c\u0435\u0435\u0442 2 \u0440\u0435\u0436\u0438\u043c\u0430  \u2013  \u043e\u0431\u0443\u0447\u0430\u044e\u0449\u0438\u0439 \u0438 \u043c\u0443\u0437\u044b\u043a\u0430\u043b\u044c\u043d\u044b\u0439.<br \/>\n\u0412 \u043e\u0431\u0443\u0449\u0430\u044e\u0449\u0435\u043c \u0440\u0435\u0436\u0438\u043c\u0435 \u043f\u0440\u0438 \u043d\u0430\u0436\u0430\u0442\u0438\u0438 \u043d\u0430 \u043a\u043d\u043e\u043f\u043a\u0438 \u0437\u0432\u0443\u0447\u0430\u0442 \u043d\u0430\u0432\u0430\u043d\u0438\u044f \u0446\u0438\u0444\u0440 1-2-3 \u0438 \u0431\u0443\u043a\u0432 \u0410-\u0412-\u0421 \u043d\u0430 \u0430\u043d\u0433\u043b\u0438\u0439\u0441\u043a\u043e\u043c \u044f\u0437\u044b\u043a\u0435.<br \/>\n\u0412 \u043c\u0443\u0437\u044b\u043a\u0430\u043b\u044c\u043d\u043e\u043c \u0440\u0435\u0436\u0438\u043c\u0435 \u043f\u0440\u0438 \u043d\u0430\u0436\u0430\u0442\u0438\u0438 \u043d\u0430 \u043a\u043d\u043e\u043f\u043a\u0443 \u0441\u0442\u0430\u0440\u0442 \u0441\u0430\u043c\u043e\u043b\u0435\u0442\u0438\u043a \u0438\u0437\u0434\u0430\u0435\u0442 \u0437\u0432\u0443\u043a \u0437\u0430\u0432\u043e\u0434\u044f\u0449\u0438\u0445\u0441\u044f \u0434\u0432\u0438\u0433\u0430\u0442\u0435\u043b\u0435\u0439 \u0438 \u043d\u0430\u0447\u0438\u043d\u0430\u0435\u0442 \u0434\u0432\u0438\u0436\u0435\u043d\u0438\u0435.<br \/>\n\u041e\u043d \u043c\u0435\u043d\u044f\u0435\u0442 \u043d\u0430\u043f\u0440\u0430\u0432\u043b\u0435\u043d\u0438\u0435 \u0434\u0432\u0438\u0436\u0435\u043d\u0438\u044f \u043f\u0440\u0438 \u0441\u0442\u043e\u043b\u043a\u043d\u043e\u0432\u0435\u043d\u0438\u0438 \u0441 \u043f\u0440\u0435\u043f\u044f\u0442\u0441\u0442\u0432\u0438\u044f\u043c\u0438 \u0438 \u0438\u0433\u0440\u0430\u0435\u0442 \u0432\u0435\u0441\u0435\u043b\u044b\u0435 \u043c\u0435\u043b\u043e\u0434\u0438\u0438[trim][:ro_RO]Avion are  doua moduri de operare &#8211; \u00eenv\u0103\u021bare \u0219i muzic\u0103.<br \/>\n\u00cen modul de invatare cu  ap\u0103sarea butonului se emit sunete cu denumiri de numere 1-2-3 \u0219i literele A-B-C \u00een englez\u0103.<br \/>\n\u00cen modul de muzic\u0103 prin ap\u0103sarea butonului de pornire avionul face un sunet de motor \u0219i \u00eencepe s\u0103 se mi\u0219te.<br \/>\nEl \u00ee\u0219i schimb\u0103 direc\u021bia \u00eentr-o coliziune cu obstacole \u0219i a joaca un ton vesel<\/p>\n","protected":false},"excerpt":{"rendered":"<p>[:ru_RU]\u0421\u0430\u043c\u043e\u043b\u0435\u0442\u0438\u043a \u0438\u043c\u0435\u0435\u0442 2 \u0440\u0435\u0436\u0438\u043c\u0430 \u2013 \u043e\u0431\u0443\u0447\u0430\u044e\u0449\u0438\u0439 \u0438 \u043c\u0443\u0437\u044b\u043a\u0430\u043b\u044c\u043d\u044b\u0439. \u0412 \u043e\u0431\u0443\u0449\u0430\u044e\u0449\u0435\u043c \u0440\u0435\u0436\u0438\u043c\u0435 \u043f\u0440\u0438 \u043d\u0430\u0436\u0430\u0442\u0438\u0438 \u043d\u0430 \u043a\u043d\u043e\u043f\u043a\u0438 \u0437\u0432\u0443\u0447\u0430\u0442 \u043d\u0430\u0432\u0430\u043d\u0438\u044f \u0446\u0438\u0444\u0440 1-2-3 \u0438 \u0431\u0443\u043a\u0432 \u0410-\u0412-\u0421 \u043d\u0430 \u0430\u043d\u0433\u043b\u0438\u0439\u0441\u043a\u043e\u043c \u044f\u0437\u044b\u043a\u0435. \u0412 \u043c\u0443\u0437\u044b\u043a\u0430\u043b\u044c\u043d\u043e\u043c \u0440\u0435\u0436\u0438\u043c\u0435 \u043f\u0440\u0438 \u043d\u0430\u0436\u0430\u0442\u0438\u0438 \u043d\u0430 \u043a\u043d\u043e\u043f\u043a\u0443 \u0441\u0442\u0430\u0440\u0442 \u0441\u0430\u043c\u043e\u043b\u0435\u0442\u0438\u043a \u0438\u0437\u0434\u0430\u0435\u0442 \u0437\u0432\u0443\u043a \u0437\u0430\u0432\u043e\u0434\u044f\u0449\u0438\u0445\u0441\u044f \u0434\u0432\u0438\u0433\u0430\u0442\u0435\u043b\u0435\u0439 \u0438 \u043d\u0430\u0447\u0438\u043d\u0430\u0435\u0442 \u0434\u0432\u0438\u0436\u0435\u043d\u0438\u0435. \u041e\u043d \u043c\u0435\u043d\u044f\u0435\u0442 \u043d\u0430\u043f\u0440\u0430\u0432\u043b\u0435\u043d\u0438\u0435 \u0434\u0432\u0438\u0436\u0435\u043d\u0438\u044f \u043f\u0440\u0438 \u0441\u0442\u043e\u043b\u043a\u043d\u043e\u0432\u0435\u043d\u0438\u0438 \u0441 \u043f\u0440\u0435\u043f\u044f\u0442\u0441\u0442\u0432\u0438\u044f\u043c\u0438 \u0438 \u0438\u0433\u0440\u0430\u0435\u0442 \u0432\u0435\u0441\u0435\u043b\u044b\u0435 \u043c\u0435\u043b\u043e\u0434\u0438\u0438[trim][:ro_RO]Avion are doua [&hellip;]<\/p>\n","protected":false},"featured_media":41775,"comment_status":"open","ping_status":"closed","template":"","meta":{"_acf_changed":false},"product_brand":[],"product_cat":[6723],"product_tag":[],"class_list":{"0":"post-41779","1":"product","2":"type-product","3":"status-publish","4":"has-post-thumbnail","6":"product_cat-ru_ru-samoljoty-trim-ro_ro","8":"first","9":"instock","10":"shipping-taxable","11":"purchasable","12":"product-type-simple"},"acf":[],"_links":{"self":[{"href":"https:\/\/minimax.md\/ru\/wp-json\/wp\/v2\/product\/41779","targetHints":{"allow":["GET"]}}],"collection":[{"href":"https:\/\/minimax.md\/ru\/wp-json\/wp\/v2\/product"}],"about":[{"href":"https:\/\/minimax.md\/ru\/wp-json\/wp\/v2\/types\/product"}],"replies":[{"embeddable":true,"href":"https:\/\/minimax.md\/ru\/wp-json\/wp\/v2\/comments?post=41779"}],"version-history":[{"count":0,"href":"https:\/\/minimax.md\/ru\/wp-json\/wp\/v2\/product\/41779\/revisions"}],"wp:featuredmedia":[{"embeddable":true,"href":"https:\/\/minimax.md\/ru\/wp-json\/wp\/v2\/media\/41775"}],"wp:attachment":[{"href":"https:\/\/minimax.md\/ru\/wp-json\/wp\/v2\/media?parent=41779"}],"wp:term":[{"taxonomy":"product_brand","embeddable":true,"href":"https:\/\/minimax.md\/ru\/wp-json\/wp\/v2\/product_brand?post=41779"},{"taxonomy":"product_cat","embeddable":true,"href":"https:\/\/minimax.md\/ru\/wp-json\/wp\/v2\/product_cat?post=41779"},{"taxonomy":"product_tag","embeddable":true,"href":"https:\/\/minimax.md\/ru\/wp-json\/wp\/v2\/product_tag?post=41779"}],"curies":[{"name":"wp","href":"https:\/\/api.w.org\/{rel}","templated":true}]}}