{"id":41784,"date":"2023-11-28T13:10:11","date_gmt":"2023-11-28T10:10:11","guid":{"rendered":"https:\/\/minimax.md\/product\/41784.html"},"modified":"2023-11-28T13:29:51","modified_gmt":"2023-11-28T10:29:51","slug":"ru_ru-hola-cherepaha-s-muzykoj-i-svetom-trim-ro_ro-hola-broasc-estoas-cu-muzic-i-lumin","status":"publish","type":"product","link":"https:\/\/minimax.md\/ru\/product\/41784.html","title":{"rendered":"Hola \u0427\u0435\u0440\u0435\u043f\u0430\u0445\u0430 \u0441 \u043c\u0443\u0437\u044b\u043a\u043e\u0439 \u0438 \u0441\u0432\u0435\u0442\u043e\u043c"},"content":{"rendered":"<p>[:ru_RU]\u042d\u0442\u0430 \u0438\u0433\u0440\u0443\u0448\u043a\u0430 \u043e\u0441\u043d\u0430\u0449\u0435\u043d\u0430  \u043f\u043e\u0434\u0441\u0432\u0435\u0442\u043a\u043e\u0439 \u0447\u0442\u043e \u0434\u0435\u043b\u0430\u0435\u0442 \u0435\u0435 \u043f\u0440\u0438\u0432\u043b\u0435\u043a\u0430\u0442\u0435\u043b\u044c\u043d\u0435\u0435 \u0434\u043b\u044f \u043c\u0430\u043b\u0435\u043d\u044c\u043a\u0438\u0445 \u0434\u0435\u0442\u0435\u0439.<br \/>\n\u0422\u0430\u043a\u0436\u0435 \u0435\u0441\u0442\u044c \u0442\u0440\u0438 \u0440\u0430\u0437\u043b\u0438\u0447\u043d\u044b\u0435 \u0440\u0435\u0433\u0443\u043b\u0438\u0440\u043e\u0432\u043a\u0438 \u0433\u0440\u043e\u043c\u043a\u043e\u0441\u0442\u0438.<br \/>\n\u042d\u0442\u0430 \u0438\u0433\u0440\u0443\u0448\u043a\u0430  \u0440\u0430\u0437\u0432\u0435\u0441\u0435\u043b\u0438\u0442 \u0432\u0430\u0448\u0435\u0433\u043e \u043c\u0430\u043b\u044b\u0448\u0430![trim][:ro_RO]Aceast\u0103 juc\u0103rie este echipat cu iluminare , ceea ce o face mai atractiv\u0103 pentru copii mici.<br \/>\nExist\u0103, de asemenea, trei volume diferite.<br \/>\nAceast\u0103 juc\u0103rie va amuza copilul tau!<\/p>\n","protected":false},"excerpt":{"rendered":"<p>[:ru_RU]\u042d\u0442\u0430 \u0438\u0433\u0440\u0443\u0448\u043a\u0430 \u043e\u0441\u043d\u0430\u0449\u0435\u043d\u0430 \u043f\u043e\u0434\u0441\u0432\u0435\u0442\u043a\u043e\u0439 \u0447\u0442\u043e \u0434\u0435\u043b\u0430\u0435\u0442 \u0435\u0435 \u043f\u0440\u0438\u0432\u043b\u0435\u043a\u0430\u0442\u0435\u043b\u044c\u043d\u0435\u0435 \u0434\u043b\u044f \u043c\u0430\u043b\u0435\u043d\u044c\u043a\u0438\u0445 \u0434\u0435\u0442\u0435\u0439. \u0422\u0430\u043a\u0436\u0435 \u0435\u0441\u0442\u044c \u0442\u0440\u0438 \u0440\u0430\u0437\u043b\u0438\u0447\u043d\u044b\u0435 \u0440\u0435\u0433\u0443\u043b\u0438\u0440\u043e\u0432\u043a\u0438 \u0433\u0440\u043e\u043c\u043a\u043e\u0441\u0442\u0438. \u042d\u0442\u0430 \u0438\u0433\u0440\u0443\u0448\u043a\u0430 \u0440\u0430\u0437\u0432\u0435\u0441\u0435\u043b\u0438\u0442 \u0432\u0430\u0448\u0435\u0433\u043e \u043c\u0430\u043b\u044b\u0448\u0430![trim][:ro_RO]Aceast\u0103 juc\u0103rie este echipat cu iluminare , ceea ce o face mai atractiv\u0103 pentru copii mici. Exist\u0103, de asemenea, trei volume diferite. Aceast\u0103 juc\u0103rie va amuza copilul tau!<\/p>\n","protected":false},"featured_media":41780,"comment_status":"open","ping_status":"closed","template":"","meta":{"_acf_changed":false},"product_brand":[],"product_cat":[6730],"product_tag":[],"class_list":{"0":"post-41784","1":"product","2":"type-product","3":"status-publish","4":"has-post-thumbnail","6":"product_cat-ru_ru-razvivashki-trim-ro_r","8":"first","9":"instock","10":"shipping-taxable","11":"purchasable","12":"product-type-simple"},"acf":[],"_links":{"self":[{"href":"https:\/\/minimax.md\/ru\/wp-json\/wp\/v2\/product\/41784","targetHints":{"allow":["GET"]}}],"collection":[{"href":"https:\/\/minimax.md\/ru\/wp-json\/wp\/v2\/product"}],"about":[{"href":"https:\/\/minimax.md\/ru\/wp-json\/wp\/v2\/types\/product"}],"replies":[{"embeddable":true,"href":"https:\/\/minimax.md\/ru\/wp-json\/wp\/v2\/comments?post=41784"}],"version-history":[{"count":0,"href":"https:\/\/minimax.md\/ru\/wp-json\/wp\/v2\/product\/41784\/revisions"}],"wp:featuredmedia":[{"embeddable":true,"href":"https:\/\/minimax.md\/ru\/wp-json\/wp\/v2\/media\/41780"}],"wp:attachment":[{"href":"https:\/\/minimax.md\/ru\/wp-json\/wp\/v2\/media?parent=41784"}],"wp:term":[{"taxonomy":"product_brand","embeddable":true,"href":"https:\/\/minimax.md\/ru\/wp-json\/wp\/v2\/product_brand?post=41784"},{"taxonomy":"product_cat","embeddable":true,"href":"https:\/\/minimax.md\/ru\/wp-json\/wp\/v2\/product_cat?post=41784"},{"taxonomy":"product_tag","embeddable":true,"href":"https:\/\/minimax.md\/ru\/wp-json\/wp\/v2\/product_tag?post=41784"}],"curies":[{"name":"wp","href":"https:\/\/api.w.org\/{rel}","templated":true}]}}