{"id":41802,"date":"2023-11-28T13:10:14","date_gmt":"2023-11-28T10:10:14","guid":{"rendered":"https:\/\/minimax.md\/product\/41802.html"},"modified":"2024-03-13T00:32:55","modified_gmt":"2024-03-12T21:32:55","slug":"ru_ru-cubicfun-pazl-3d-st-pauls-cathedral-trim-ro_ro-cubicfun-puzzle-3d-st-pauls-cathedral","status":"publish","type":"product","link":"https:\/\/minimax.md\/ru\/product\/41802.html","title":{"rendered":"3D \u043f\u0430\u0437\u043b \u201c\u0421\u043e\u0431\u043e\u0440 \u0421\u0432\u044f\u0442\u043e\u0433\u043e \u041f\u0430\u0432\u043b\u0430\u201d, 107 \u044d\u043b\u0435\u043c\u0435\u043d\u0442\u043e\u0432"},"content":{"rendered":"<p>[:ru_RU]3D \u043f\u0430\u0437\u043b \u201c\u0421\u043e\u0431\u043e\u0440 \u0421\u0432\u044f\u0442\u043e\u0433\u043e \u041f\u0430\u0432\u043b\u0430\u201d, \u043e\u0442\u00a0 CubicFun \u043e\u0447\u0435\u043d\u044c \u0438\u043d\u0442\u0435\u0440\u0435\u0441\u043d\u0430\u044f \u0433\u043e\u043b\u043e\u0432\u043e\u043b\u043e\u043c\u043a\u0430 \u0434\u043b\u044f \u0432\u0441\u0435\u0439 \u0441\u0435\u043c\u044c\u0438.\u00a0<\/p>\n<p>\u0412\u043c\u0435\u0441\u0442\u0435 \u0441\u043e\u0431\u0438\u0440\u0430\u044f 3D \u043f\u0430\u0437\u043b \u0441\u043e \u0441\u0432\u043e\u0438\u043c\u0438 \u0434\u0435\u0442\u044c\u043c\u0438, \u0432\u044b\u00a0 \u043c\u043e\u0436\u0435\u0442\u0435 \u0438\u043c \u0440\u0430\u0441\u0441\u043a\u0430\u0437\u0430\u0442\u044c \u043e \u0442\u043e\u043c \u0447\u0442\u043e \u0421\u043e\u0432\u0440\u0435\u043c\u0435\u043d\u043d\u044b\u0439 \u0421\u0435\u043d\u0442-\u041f\u043e\u043b, \u043a\u0430\u043a \u043d\u0430\u0437\u044b\u0432\u0430\u044e\u0442 \u0441\u043e\u0431\u043e\u0440 \u0430\u043d\u0433\u043b\u0438\u0447\u0430\u043d\u0435, \u044f\u0432\u043b\u044f\u0435\u0442\u0441\u044f \u0433\u043b\u0430\u0432\u043d\u044b\u043c \u0441\u043e\u0431\u043e\u0440\u043e\u043c \u041b\u043e\u043d\u0434\u043e\u043d\u0430. \u0418\u043d\u0442\u0435\u0440\u0435\u0441\u043d\u044b\u0439 \u0444\u0430\u043a\u0442 \u2014 \u043e\u043d \u043f\u043e\u0441\u0442\u0440\u043e\u0435\u043d \u0432 \u0432\u0438\u0434\u0435 \u0443\u0434\u043b\u0438\u043d\u0435\u043d\u043d\u043e\u0433\u043e \u043b\u0430\u0442\u0438\u043d\u0441\u043a\u043e\u0433\u043e \u043a\u0440\u0435\u0441\u0442\u0430, \u0435\u0433\u043e \u0434\u043b\u0438\u043d\u0430 \u2014 \u043f\u043e\u0447\u0442\u0438 180 \u043c. \u0412\u043d\u0443\u0442\u0440\u0435\u043d\u043d\u0435\u0435 \u043f\u0440\u043e\u0441\u0442\u0440\u0430\u043d\u0441\u0442\u0432\u043e \u0445\u0440\u0430\u043c\u0430 \u043e\u0448\u0435\u043b\u043e\u043c\u043b\u044f\u0435\u0442 \u0432\u0435\u043b\u0438\u0447\u0435\u0441\u0442\u0432\u0435\u043d\u043d\u043e\u0441\u0442\u044c\u044e \u0441\u0432\u043e\u0434\u043e\u0432. \u0410 \u0432\u043e\u0442 \u0435\u0433\u043e \u0443\u0431\u0440\u0430\u043d\u0441\u0442\u0432\u043e \u0434\u043e\u0441\u0440\u043e\u0447\u043d\u043e \u0441\u043a\u0440\u043e\u043c\u043d\u043e\u0435. \u042d\u0442\u043e \u0441\u0432\u044f\u0437\u0430\u043d\u043e \u0441 \u0442\u0440\u0430\u0434\u0438\u0446\u0438\u044f\u043c\u0438 \u0430\u043d\u0433\u043b\u0438\u043a\u0430\u043d\u0441\u043a\u043e\u0439 \u0446\u0435\u0440\u043a\u0432\u0438, \u043d\u0435\u0433\u0430\u0442\u0438\u0432\u043d\u043e \u043e\u0442\u043d\u043e\u0441\u044f\u0449\u0435\u0439\u0441\u044f \u043a \u043e\u0431\u0438\u043b\u044c\u043d\u043e\u0439 \u043b\u0435\u043f\u043a\u0435, \u043f\u043e\u0437\u043e\u043b\u043e\u0442\u0435, \u0441\u043a\u0443\u043b\u044c\u043f\u0442\u0443\u0440\u0430\u043c. \u0413\u043b\u0430\u0432\u043d\u044b\u043c \u0443\u043a\u0440\u0430\u0448\u0435\u043d\u0438\u0435\u043c \u0441\u043e\u0431\u043e\u0440\u0430 \u0421\u0432\u044f\u0442\u043e\u0433\u043e \u041f\u0430\u0432\u043b\u0430 \u044f\u0432\u043b\u044f\u0435\u0442\u0441\u044f \u043a\u0443\u043f\u043e\u043b. \u041e\u043d \u0443\u0441\u0442\u0430\u043d\u043e\u0432\u043b\u0435\u043d \u043d\u0430 \u0432\u043e\u0441\u044c\u043c\u0438 \u0433\u0438\u0433\u0430\u043d\u0442\u0441\u043a\u0438\u0445 \u0441\u0442\u043e\u043b\u0431\u0430\u0445 \u0438 \u0443\u043a\u0440\u0430\u0448\u0435\u043d 8-\u044e \u0444\u0440\u0435\u0441\u043a\u0430\u043c\u0438 \u043d\u0430 \u0435\u0432\u0430\u043d\u0433\u0435\u043b\u044c\u0441\u043a\u0438\u0435 \u0441\u044e\u0436\u0435\u0442\u044b \u0436\u0438\u0437\u043d\u0438 \u0430\u043f\u043e\u0441\u0442\u043e\u043b\u0430 \u041f\u0430\u0432\u043b\u0430. \u041d\u0430\u0432\u0435\u0440\u0445\u0443 \u0441\u0432\u0435\u0442\u043e\u0432\u043e\u0439 \u0444\u043e\u043d\u0430\u0440\u044c, \u0443\u0432\u0435\u043d\u0447\u0430\u043d\u043d\u044b\u0439 \u0448\u0430\u0440\u043e\u043c \u0434\u0438\u0430\u043c\u0435\u0442\u0440\u043e\u043c \u043e\u043a\u043e\u043b\u043e \u0434\u0432\u0443\u0445 \u043c\u0435\u0442\u0440\u043e\u0432 \u0438 \u043a\u0440\u0435\u0441\u0442\u043e\u043c.<\/p>\n<p>3D \u043f\u0430\u0437\u043b\u044b \u0443\u0434\u0438\u0432\u0438\u0442\u0435\u043b\u044c\u043d\u043e\u0435 \u0445\u043e\u0431\u0431\u0438 \u043a\u043e\u0442\u043e\u0440\u043e\u0435 \u0440\u0430\u0437\u0432\u0438\u0432\u0430\u0435\u0442 \u043d\u0435 \u0442\u043e\u043b\u044c\u043a\u043e \u043b\u043e\u0433\u0438\u0447\u0435\u0441\u043a\u043e\u0433\u043e \u043c\u044b\u0448\u043b\u0435\u043d\u0438\u044f, \u043c\u0435\u043b\u043a\u0443\u044e \u043c\u043e\u0442\u043e\u0440\u0438\u043a\u0443, \u0443\u0441\u0438\u0434\u0447\u0438\u0432\u043e\u0441\u0442\u0438 \u0438 \u0430\u043a\u043a\u0443\u0440\u0430\u0442\u043d\u043e\u0441\u0442\u044c, \u043d\u043e \u0438 \u0443\u0447\u0438\u0442 \u043c\u043d\u043e\u0433\u043e\u043c\u0443 \u0438\u043d\u0442\u0435\u0440\u0435\u0441\u043d\u043e\u043c\u0443 \u043e \u043c\u0438\u0440\u0435 \u0437\u0430 \u0432\u0435\u0441\u0435\u043b\u043e \u043f\u0440\u043e\u0432\u0435\u0434\u0435\u043d\u043d\u043e\u043c \u0432\u0440\u0435\u043c\u0435\u043d\u0438 \u0432 \u043a\u0440\u0443\u0433\u0443 \u0441\u0435\u043c\u044c\u0438.[trim][:ro_RO]<strong>Puzzle 3D \u201cCatedrala Sf\u00eentul Paul\u201d, de la CubicFun este un joc de puzzle foarte interesant pentru \u00eentreaga familie.<\/strong><\/p>\n<p>\u00cen timul jocului cu\u00a0 puzzle 3D \u00eempreun\u0103 cu copiii t\u0103i, le po\u021bi povesti c\u0103 <strong>Sf. Paul,<\/strong> a\u0219a cum numesc britanicii catedrala, este principala catedral\u0103 <strong>a Londrei.<\/strong> Un fapt interesant este c\u0103 a fost construit sub forma unei cruci latine alungite, lungimea sa este de aproape 180 m. Interiorul templului este uluitor prin m\u0103re\u021bia bol\u021bilor. Dar decorul lui este modest. Acest lucru se datoreaz\u0103 tradi\u021biilor Bisericii Anglicane, care are o atitudine negativ\u0103 fa\u021b\u0103 de modelarea abundent\u0103, aurirea \u0219i sculpturile. Decorul principal al Catedralei Sf. Paul este cupola. Este instalat\u0103 pe opt st\u00e2lpi gigan\u021bi \u0219i decorat cu 8 fresce care \u00eenf\u0103\u021bi\u0219eaz\u0103 scene evanghelice din via\u021ba apostolului Pavel. Deasupra se afla un felinar usor \u00eencoronat cu o sfer\u0103 de diametru aproximativ doi metri \u0219i o cruce.<\/p>\n<p><strong>Puzzle-urile 3D<\/strong> sunt un hobby uimitor care dezvolt\u0103 nu<\/p>\n","protected":false},"excerpt":{"rendered":"<p>[:ru_RU]3D \u043f\u0430\u0437\u043b \u201c\u0421\u043e\u0431\u043e\u0440 \u0421\u0432\u044f\u0442\u043e\u0433\u043e \u041f\u0430\u0432\u043b\u0430\u201d, \u043e\u0442\u00a0 CubicFun \u043e\u0447\u0435\u043d\u044c \u0438\u043d\u0442\u0435\u0440\u0435\u0441\u043d\u0430\u044f \u0433\u043e\u043b\u043e\u0432\u043e\u043b\u043e\u043c\u043a\u0430 \u0434\u043b\u044f \u0432\u0441\u0435\u0439 \u0441\u0435\u043c\u044c\u0438.\u00a0 \u0412\u043c\u0435\u0441\u0442\u0435 \u0441\u043e\u0431\u0438\u0440\u0430\u044f 3D \u043f\u0430\u0437\u043b \u0441\u043e \u0441\u0432\u043e\u0438\u043c\u0438 \u0434\u0435\u0442\u044c\u043c\u0438, \u0432\u044b\u00a0 \u043c\u043e\u0436\u0435\u0442\u0435 \u0438\u043c \u0440\u0430\u0441\u0441\u043a\u0430\u0437\u0430\u0442\u044c \u043e \u0442\u043e\u043c \u0447\u0442\u043e \u0421\u043e\u0432\u0440\u0435\u043c\u0435\u043d\u043d\u044b\u0439 \u0421\u0435\u043d\u0442-\u041f\u043e\u043b, \u043a\u0430\u043a \u043d\u0430\u0437\u044b\u0432\u0430\u044e\u0442 \u0441\u043e\u0431\u043e\u0440 \u0430\u043d\u0433\u043b\u0438\u0447\u0430\u043d\u0435, \u044f\u0432\u043b\u044f\u0435\u0442\u0441\u044f \u0433\u043b\u0430\u0432\u043d\u044b\u043c \u0441\u043e\u0431\u043e\u0440\u043e\u043c \u041b\u043e\u043d\u0434\u043e\u043d\u0430. \u0418\u043d\u0442\u0435\u0440\u0435\u0441\u043d\u044b\u0439 \u0444\u0430\u043a\u0442 \u2014 \u043e\u043d \u043f\u043e\u0441\u0442\u0440\u043e\u0435\u043d \u0432 \u0432\u0438\u0434\u0435 \u0443\u0434\u043b\u0438\u043d\u0435\u043d\u043d\u043e\u0433\u043e \u043b\u0430\u0442\u0438\u043d\u0441\u043a\u043e\u0433\u043e \u043a\u0440\u0435\u0441\u0442\u0430, \u0435\u0433\u043e \u0434\u043b\u0438\u043d\u0430 \u2014 \u043f\u043e\u0447\u0442\u0438 180 \u043c. \u0412\u043d\u0443\u0442\u0440\u0435\u043d\u043d\u0435\u0435 \u043f\u0440\u043e\u0441\u0442\u0440\u0430\u043d\u0441\u0442\u0432\u043e [&hellip;]<\/p>\n","protected":false},"featured_media":41798,"comment_status":"open","ping_status":"closed","template":"","meta":{"_acf_changed":false},"product_brand":[],"product_cat":[6713],"product_tag":[],"class_list":{"0":"post-41802","1":"product","2":"type-product","3":"status-publish","4":"has-post-thumbnail","6":"product_cat-ru_ru-pazly-i-mozaiki-trim","8":"first","9":"instock","10":"shipping-taxable","11":"purchasable","12":"product-type-simple"},"acf":[],"_links":{"self":[{"href":"https:\/\/minimax.md\/ru\/wp-json\/wp\/v2\/product\/41802","targetHints":{"allow":["GET"]}}],"collection":[{"href":"https:\/\/minimax.md\/ru\/wp-json\/wp\/v2\/product"}],"about":[{"href":"https:\/\/minimax.md\/ru\/wp-json\/wp\/v2\/types\/product"}],"replies":[{"embeddable":true,"href":"https:\/\/minimax.md\/ru\/wp-json\/wp\/v2\/comments?post=41802"}],"version-history":[{"count":0,"href":"https:\/\/minimax.md\/ru\/wp-json\/wp\/v2\/product\/41802\/revisions"}],"wp:featuredmedia":[{"embeddable":true,"href":"https:\/\/minimax.md\/ru\/wp-json\/wp\/v2\/media\/41798"}],"wp:attachment":[{"href":"https:\/\/minimax.md\/ru\/wp-json\/wp\/v2\/media?parent=41802"}],"wp:term":[{"taxonomy":"product_brand","embeddable":true,"href":"https:\/\/minimax.md\/ru\/wp-json\/wp\/v2\/product_brand?post=41802"},{"taxonomy":"product_cat","embeddable":true,"href":"https:\/\/minimax.md\/ru\/wp-json\/wp\/v2\/product_cat?post=41802"},{"taxonomy":"product_tag","embeddable":true,"href":"https:\/\/minimax.md\/ru\/wp-json\/wp\/v2\/product_tag?post=41802"}],"curies":[{"name":"wp","href":"https:\/\/api.w.org\/{rel}","templated":true}]}}