{"id":41808,"date":"2023-11-28T13:10:14","date_gmt":"2023-11-28T10:10:14","guid":{"rendered":"https:\/\/minimax.md\/product\/41808.html"},"modified":"2024-03-13T00:32:55","modified_gmt":"2024-03-12T21:32:55","slug":"ru_ru-cubicfun-pazl-3d-big-ben-trim-ro_ro-cubicfun-puzzle-3d-big-ben","status":"publish","type":"product","link":"https:\/\/minimax.md\/ru\/product\/41808.html","title":{"rendered":"3D \u043f\u0430\u0437\u043b \u201c\u0411\u0438\u0433 \u0411\u0435\u043d\u201d, 94 \u044d\u043b\u0435\u043c\u0435\u043d\u0442\u0430"},"content":{"rendered":"<p>[:ru_RU]3D \u043f\u0430\u0437\u043b \u201c\u0411\u0438\u0433 \u0411\u0435\u043d\u201d, \u043e\u0442\u00a0 CubicFun \u043e\u0447\u0435\u043d\u044c \u0438\u043d\u0442\u0435\u0440\u0435\u0441\u043d\u0430\u044f \u0433\u043e\u043b\u043e\u0432\u043e\u043b\u043e\u043c\u043a\u0430 \u0434\u043b\u044f \u0432\u0441\u0435\u0439 \u0441\u0435\u043c\u044c\u0438.\u00a0<\/p>\n<p>\u0412\u043c\u0435\u0441\u0442\u0435 \u0441\u043e\u0431\u0438\u0440\u0430\u044f 3D \u043f\u0430\u0437\u043b \u0441\u043e \u0441\u0432\u043e\u0438\u043c\u0438 \u0434\u0435\u0442\u044c\u043c\u0438, \u0432\u044b\u00a0 \u043c\u043e\u0436\u0435\u0442\u0435 \u0438\u043c \u0440\u0430\u0441\u0441\u043a\u0430\u0437\u0430\u0442\u044c \u043e \u0442\u043e\u043c \u0447\u0442\u043e \u043d\u0430 \u0440\u0430\u0437\u043c\u0435\u0440 \u0431\u0430\u0448\u043d\u0438 \u0432\u043c\u0435\u0441\u0442\u0435 \u0441\u043e \u0448\u043f\u0438\u043b\u0435\u043c \u0440\u0430\u0432\u0435\u043d 320 \u0444\u0443\u0442\u0430\u043c (96,3 \u043c\u0435\u0442\u0440\u0430). \u0427\u0442\u043e\u0431\u044b \u043f\u0440\u0435\u0434\u0441\u0442\u0430\u0432\u0438\u0442\u044c \u043a\u0430\u043a \u0432\u044b\u0433\u043b\u044f\u0434\u0438\u0442 \u0411\u0438\u0433-\u0411\u0435\u043d, \u0432\u043e\u043e\u0431\u0440\u0430\u0437\u0438\u0442\u0435 \u0432\u044b\u0441\u043e\u0442\u0443 16-\u044d\u0442\u0430\u0436\u043d\u043e\u0433\u043e \u0434\u043e\u043c\u0430. \u0412 \u0431\u0430\u0448\u043d\u0435 \u043e\u0442\u0441\u0443\u0442\u0441\u0442\u0432\u0443\u044e\u0442 \u043b\u0438\u0444\u0442\u044b \u0438\u043b\u0438 \u043f\u043e\u0434\u044a\u0435\u043c\u043d\u0438\u043a\u0438, \u043f\u043e\u044d\u0442\u043e\u043c\u0443 \u043e\u043d\u0430 \u0437\u0430\u043a\u0440\u044b\u0442\u0430 \u0434\u043b\u044f \u043c\u0430\u0441\u0441\u043e\u0432\u043e\u0433\u043e \u043f\u043e\u0441\u0435\u0449\u0435\u043d\u0438\u044f. \u0418\u043d\u043e\u0433\u0434\u0430 \u0438\u0437 \u044d\u0442\u043e\u0433\u043e \u043f\u0440\u0430\u0432\u0438\u043b\u0430 \u0434\u0435\u043b\u0430\u044e\u0442 \u0438\u0441\u043a\u043b\u044e\u0447\u0435\u043d\u0438\u044f, \u0438 \u0442\u043e\u0433\u0434\u0430 \u043f\u043e\u0441\u0435\u0442\u0438\u0442\u0435\u043b\u0438 \u043f\u0440\u0435\u043e\u0434\u043e\u043b\u0435\u0432\u0430\u044e\u0442 334 \u0441\u0442\u0443\u043f\u0435\u043d\u044c\u043a\u0438, \u0447\u0442\u043e\u0431\u044b \u043f\u043e\u0434\u043d\u044f\u0442\u044c\u0441\u044f \u043d\u0430\u0432\u0435\u0440\u0445.\u00a0\u0427\u0430\u0441\u044b \u043d\u0430 \u0431\u0430\u0448\u043d\u0435 \u0411\u0438\u0433-\u0411\u0435\u043d \u0432 \u041b\u043e\u043d\u0434\u043e\u043d\u0435 \u0434\u043e \u043d\u0430\u0441\u0442\u043e\u044f\u0449\u0435\u0433\u043e \u0432\u0440\u0435\u043c\u0435\u043d\u0438 \u044f\u0432\u043b\u044f\u044e\u0442\u0441\u044f \u0441\u0430\u043c\u044b\u043c\u0438 \u0431\u043e\u043b\u044c\u0448\u0438\u043c\u0438 \u0432 \u043c\u0438\u0440\u0435. \u0414\u0438\u0430\u043c\u0435\u0442\u0440 \u0446\u0438\u0444\u0435\u0440\u0431\u043b\u0430\u0442\u0430 \u2013 7 \u043c\u0435\u0442\u0440\u043e\u0432. \u0414\u043b\u0438\u043d\u0430 \u0441\u0442\u0440\u0435\u043b\u043e\u043a \u2013 2,7 \u0438 4,2 \u043c\u0435\u0442\u0440\u0430.\u00a0\u0427\u0430\u0441\u043e\u0432\u043e\u0439 \u043c\u0435\u0445\u0430\u043d\u0438\u0437\u043c \u0441\u0447\u0438\u0442\u0430\u0435\u0442\u0441\u044f \u044d\u0442\u0430\u043b\u043e\u043d\u043e\u043c \u043d\u0430\u0434\u0435\u0436\u043d\u043e\u0441\u0442\u0438, \u043e\u0431\u0449\u0438\u0439 \u0432\u0435\u0441 \u0435\u0433\u043e \u0441\u043e\u0441\u0442\u0430\u0432\u043b\u044f\u0435\u0442 5 \u0442\u043e\u043d\u043d. \u0417\u0430 \u0435\u0433\u043e \u0441\u0431\u043e\u0440\u043a\u0443 \u043e\u0442\u0432\u0435\u0447\u0430\u043b \u0447\u0430\u0441\u043e\u0432\u0449\u0438\u043a \u042d\u0434\u0432\u0430\u0440\u0434 \u0414\u0436\u043e\u043d \u0414\u0435\u043d\u0442, \u043a\u043e\u0442\u043e\u0440\u044b\u0439 \u0437\u0430\u0432\u0435\u0440\u0448\u0438\u043b \u0440\u0430\u0431\u043e\u0442\u0443 \u0432 1854 \u0433\u043e\u0434\u0443. \u0411\u044b\u043b \u0441\u043e\u0437\u0434\u0430\u043d \u043f\u0440\u0438\u043d\u0446\u0438\u043f\u0438\u0430\u043b\u044c\u043d\u043e \u043d\u043e\u0432\u044b\u0439 \u0434\u0432\u043e\u0439\u043d\u043e\u0439 \u0442\u0440\u0435\u0445\u0441\u0442\u0443\u043f\u0435\u043d\u0447\u0430\u0442\u044b\u0439 \u0445\u043e\u0434, \u043a\u043e\u0442\u043e\u0440\u044b\u0439 \u043f\u043e\u0437\u0432\u043e\u043b\u044f\u0435\u0442 \u043b\u0443\u0447\u0448\u0435 \u0440\u0430\u0437\u0434\u0435\u043b\u0438\u0442\u044c \u043c\u0430\u044f\u0442\u043d\u0438\u043a \u0438 \u043f\u044f\u0442\u0438\u0442\u043e\u043d\u043d\u044b\u0439 \u0447\u0430\u0441\u043e\u0432\u043e\u0439 \u043c\u0435\u0445\u0430\u043d\u0438\u0437\u043c.\u00a0\u0427\u0430\u0441\u044b \u043d\u0430\u0441\u0442\u043e\u043b\u044c\u043a\u043e \u043d\u0430\u0434\u0435\u0436\u043d\u044b, \u0447\u0442\u043e \u0434\u0430\u0436\u0435 \u0432\u043e \u0432\u0440\u0435\u043c\u044f \u0412\u0442\u043e\u0440\u043e\u0439 \u041c\u0438\u0440\u043e\u0432\u043e\u0439 \u0432\u043e\u0439\u043d\u044b, \u043a\u043e\u0433\u0434\u0430 \u043d\u0435\u043c\u0435\u0446\u043a[trim][:ro_RO]<strong>Puzzle 3D \u201cBig Ben\u201d, de la CubicFun este un joc de puzzle foarte interesant pentru \u00eentreaga familie.<\/strong><\/p>\n<p>\u00cen timul jocului cu\u00a0 puzzle 3D \u00eempreun\u0103 cu copiii t\u0103i, le po\u021bi povesti c\u0103 dimensiunea turnului \u00eempreun\u0103 cu turla este de 320 de picioare (96,3 metri). Pentru a v\u0103 imagina cum arat\u0103 <strong>Big Ben,<\/strong> imagina\u021bi-v\u0103 \u00een\u0103l\u021bimea unei cl\u0103diri cu 16 etaje. \u00cen turn nu exist\u0103 lifturi, a\u0219a c\u0103 este \u00eenchis publicului. Uneori se fac excep\u021bii de la aceast\u0103 regul\u0103, iar vizitatorii urc\u0103 334 trepte.<strong> Ceasul de pe Big Ben<\/strong> din Londra este cel mai mare din lume. Diametrul cadranului este de 7 metri. Lungimea s\u0103ge\u021bilor este de 2,7 \u0219i 4,2 metri. Mecanismul ceasului este considerat standardul de fiabilitate, greutatea sa total\u0103 este de 5 tone. Ceasornicarul Edward John Dent a fost responsabil pentru asamblarea acestuia \u0219i a finalizat lucrarea \u00een 1854. A fost creat\u0103 o curs\u0103 dubl\u0103 \u00een trei trepte fundamental nou\u0103, care permite o mai bun\u0103 separare a pendulului \u0219i a mecanismului de ceas de cinci <\/p>\n","protected":false},"excerpt":{"rendered":"<p>[:ru_RU]3D \u043f\u0430\u0437\u043b \u201c\u0411\u0438\u0433 \u0411\u0435\u043d\u201d, \u043e\u0442\u00a0 CubicFun \u043e\u0447\u0435\u043d\u044c \u0438\u043d\u0442\u0435\u0440\u0435\u0441\u043d\u0430\u044f \u0433\u043e\u043b\u043e\u0432\u043e\u043b\u043e\u043c\u043a\u0430 \u0434\u043b\u044f \u0432\u0441\u0435\u0439 \u0441\u0435\u043c\u044c\u0438.\u00a0 \u0412\u043c\u0435\u0441\u0442\u0435 \u0441\u043e\u0431\u0438\u0440\u0430\u044f 3D \u043f\u0430\u0437\u043b \u0441\u043e \u0441\u0432\u043e\u0438\u043c\u0438 \u0434\u0435\u0442\u044c\u043c\u0438, \u0432\u044b\u00a0 \u043c\u043e\u0436\u0435\u0442\u0435 \u0438\u043c \u0440\u0430\u0441\u0441\u043a\u0430\u0437\u0430\u0442\u044c \u043e \u0442\u043e\u043c \u0447\u0442\u043e \u043d\u0430 \u0440\u0430\u0437\u043c\u0435\u0440 \u0431\u0430\u0448\u043d\u0438 \u0432\u043c\u0435\u0441\u0442\u0435 \u0441\u043e \u0448\u043f\u0438\u043b\u0435\u043c \u0440\u0430\u0432\u0435\u043d 320 \u0444\u0443\u0442\u0430\u043c (96,3 \u043c\u0435\u0442\u0440\u0430). \u0427\u0442\u043e\u0431\u044b \u043f\u0440\u0435\u0434\u0441\u0442\u0430\u0432\u0438\u0442\u044c \u043a\u0430\u043a \u0432\u044b\u0433\u043b\u044f\u0434\u0438\u0442 \u0411\u0438\u0433-\u0411\u0435\u043d, \u0432\u043e\u043e\u0431\u0440\u0430\u0437\u0438\u0442\u0435 \u0432\u044b\u0441\u043e\u0442\u0443 16-\u044d\u0442\u0430\u0436\u043d\u043e\u0433\u043e \u0434\u043e\u043c\u0430. \u0412 \u0431\u0430\u0448\u043d\u0435 \u043e\u0442\u0441\u0443\u0442\u0441\u0442\u0432\u0443\u044e\u0442 \u043b\u0438\u0444\u0442\u044b \u0438\u043b\u0438 \u043f\u043e\u0434\u044a\u0435\u043c\u043d\u0438\u043a\u0438, \u043f\u043e\u044d\u0442\u043e\u043c\u0443 \u043e\u043d\u0430 \u0437\u0430\u043a\u0440\u044b\u0442\u0430 [&hellip;]<\/p>\n","protected":false},"featured_media":41803,"comment_status":"open","ping_status":"closed","template":"","meta":{"_acf_changed":false},"product_brand":[],"product_cat":[6713],"product_tag":[],"class_list":{"0":"post-41808","1":"product","2":"type-product","3":"status-publish","4":"has-post-thumbnail","6":"product_cat-ru_ru-pazly-i-mozaiki-trim","8":"first","9":"instock","10":"shipping-taxable","11":"purchasable","12":"product-type-simple"},"acf":[],"_links":{"self":[{"href":"https:\/\/minimax.md\/ru\/wp-json\/wp\/v2\/product\/41808","targetHints":{"allow":["GET"]}}],"collection":[{"href":"https:\/\/minimax.md\/ru\/wp-json\/wp\/v2\/product"}],"about":[{"href":"https:\/\/minimax.md\/ru\/wp-json\/wp\/v2\/types\/product"}],"replies":[{"embeddable":true,"href":"https:\/\/minimax.md\/ru\/wp-json\/wp\/v2\/comments?post=41808"}],"version-history":[{"count":0,"href":"https:\/\/minimax.md\/ru\/wp-json\/wp\/v2\/product\/41808\/revisions"}],"wp:featuredmedia":[{"embeddable":true,"href":"https:\/\/minimax.md\/ru\/wp-json\/wp\/v2\/media\/41803"}],"wp:attachment":[{"href":"https:\/\/minimax.md\/ru\/wp-json\/wp\/v2\/media?parent=41808"}],"wp:term":[{"taxonomy":"product_brand","embeddable":true,"href":"https:\/\/minimax.md\/ru\/wp-json\/wp\/v2\/product_brand?post=41808"},{"taxonomy":"product_cat","embeddable":true,"href":"https:\/\/minimax.md\/ru\/wp-json\/wp\/v2\/product_cat?post=41808"},{"taxonomy":"product_tag","embeddable":true,"href":"https:\/\/minimax.md\/ru\/wp-json\/wp\/v2\/product_tag?post=41808"}],"curies":[{"name":"wp","href":"https:\/\/api.w.org\/{rel}","templated":true}]}}