{"id":41821,"date":"2023-11-28T13:10:15","date_gmt":"2023-11-28T10:10:15","guid":{"rendered":"https:\/\/minimax.md\/product\/41821.html"},"modified":"2024-03-13T00:32:02","modified_gmt":"2024-03-12T21:32:02","slug":"ru_ru-cubicfun-pazl-3d-taj-mahal-trim-ro_ro-cubicfun-puzzle-3d-taj-mahal","status":"publish","type":"product","link":"https:\/\/minimax.md\/ru\/product\/41821.html","title":{"rendered":"3D \u043f\u0430\u0437\u043b \u201c\u0422\u0430\u0434\u0436-\u041c\u0430\u0445\u0430\u043b\u201d, 87 \u044d\u043b\u0435\u043c\u0435\u043d\u0442\u043e\u0432"},"content":{"rendered":"<p>[:ru_RU]3D \u043f\u0430\u0437\u043b \u201c\u0422\u0430\u0434\u0436-\u041c\u0430\u0445\u0430\u043b\u201d \u043e\u0442\u00a0 CubicFun \u043e\u0447\u0435\u043d\u044c \u0438\u043d\u0442\u0435\u0440\u0435\u0441\u043d\u0430\u044f \u0433\u043e\u043b\u043e\u0432\u043e\u043b\u043e\u043c\u043a\u0430 \u0434\u043b\u044f \u0432\u0441\u0435\u0439 \u0441\u0435\u043c\u044c\u0438.\u00a0<\/p>\n<p>\u0412\u043c\u0435\u0441\u0442\u0435 \u0441\u043e\u0431\u0438\u0440\u0430\u044f 3D \u043f\u0430\u0437\u043b \u0441\u043e \u0441\u0432\u043e\u0438\u043c\u0438 \u0434\u0435\u0442\u044c\u043c\u0438, \u0432\u044b\u00a0 \u043c\u043e\u0436\u0435\u0442\u0435 \u0438\u043c \u0440\u0430\u0441\u0441\u043a\u0430\u0437\u0430\u0442\u044c \u043e \u0442\u043e\u043c \u0447\u0442\u043e \u0422\u0430\u0434\u0436-\u041c\u0430\u0445\u0430\u043b \u044f\u0432\u043b\u044f\u0435\u0442\u0441\u044f \u043e\u0431\u044a\u0435\u043a\u0442\u043e\u043c \u0412\u0441\u0435\u043c\u0438\u0440\u043d\u043e\u0433\u043e \u043d\u0430\u0441\u043b\u0435\u0434\u0438\u044f \u042e\u041d\u0415\u0421\u041a\u041e \u0438 \u043e\u0434\u043d\u0438\u043c \u0438\u0437 \u0441\u0435\u043c\u0438 \u0447\u0443\u0434\u0435\u0441 \u0441\u0432\u0435\u0442\u0430. \u0421\u043b\u043e\u0432\u043e \u00ab\u0422\u0430\u0434\u0436\u00bb \u043e\u0437\u043d\u0430\u0447\u0430\u0435\u0442 \u043a\u043e\u0440\u043e\u043d\u0430, \u0430 \u00ab\u041c\u0430\u0445\u0430\u043b\u00bb \u2013 \u0434\u0432\u043e\u0440\u0435\u0446. \u0415\u0433\u043e \u0441\u0442\u0440\u043e\u0438\u0442\u0435\u043b\u044c\u0441\u0442\u0432\u043e \u043d\u0430\u0447\u0430\u043b\u043e\u0441\u044c \u0432 1631 \u0433\u043e\u0434\u0443 \u0438 \u043f\u0440\u043e\u0434\u043e\u043b\u0436\u0430\u043b\u043e\u0441\u044c \u0432 \u0442\u0435\u0447\u0435\u043d\u0438\u0435 \u043f\u043e\u0441\u043b\u0435\u0434\u0443\u044e\u0449\u0438\u0445 22 \u043b\u0435\u0442. \u0418\u043c\u043f\u0435\u0440\u0430\u0442\u043e\u0440 \u043d\u0430\u043d\u044f\u043b \u043e\u043a\u043e\u043b\u043e 22 000 \u0447\u0435\u043b\u043e\u0432\u0435\u043a, \u0447\u0442\u043e\u0431\u044b \u043f\u043e\u0441\u0442\u0440\u043e\u0438\u0442\u044c \u044d\u0442\u0443 \u0443\u0434\u0438\u0432\u0438\u0442\u0435\u043b\u044c\u043d\u0443\u044e \u043c\u0435\u0447\u0435\u0442\u044c \u0438\u0437 \u0447\u0438\u0441\u0442\u043e\u0433\u043e \u0431\u0435\u043b\u043e\u0433\u043e \u043c\u0440\u0430\u043c\u043e\u0440\u0430, \u0441\u043f\u0435\u0446\u0438\u0430\u043b\u044c\u043d\u043e \u043f\u0440\u0438\u0432\u0435\u0437\u0435\u043d\u043d\u043e\u0433\u043e \u0438\u0437 \u0448\u0442\u0430\u0442\u0430 \u0420\u0430\u0434\u0436\u0430\u0441\u0442\u0430\u043d \u0432 \u0418\u043d\u0434\u0438\u0438. \u0418\u0437\u043d\u0430\u0447\u0430\u043b\u044c\u043d\u043e \u043e\u043d\u0430 \u0431\u044b\u043b\u0430 \u0443\u0441\u0435\u044f\u043d\u0430 \u0434\u0440\u0430\u0433\u043e\u0446\u0435\u043d\u043d\u044b\u043c\u0438 \u043a\u0430\u043c\u043d\u044f\u043c\u0438, \u0442\u0430\u043a\u0438\u043c\u0438 \u043a\u0430\u043a \u043d\u0435\u0444\u0440\u0438\u0442 \u0438 \u044f\u043d\u0442\u0430\u0440\u044c, \u043f\u0440\u0438\u0432\u0435\u0437\u0435\u043d\u043d\u044b\u043c\u0438 \u0438\u0437 \u0426\u0435\u043d\u0442\u0440\u0430\u043b\u044c\u043d\u043e\u0439 \u0410\u0437\u0438\u0438, \u0430 \u0432\u043d\u0443\u0442\u0440\u0438 \u0437\u0430\u0442\u0435\u0439\u043b\u0438\u0432\u043e \u043e\u0442\u0434\u0435\u043b\u0430\u043d\u0430 \u043c\u0440\u0430\u043c\u043e\u0440\u043e\u043c. \u0422\u0430\u043a\u0436\u0435 \u0438\u0441\u043f\u043e\u043b\u044c\u0437\u043e\u0432\u0430\u043b\u0438\u0441\u044c \u0434\u0440\u0443\u0433\u0438\u0435 \u043c\u0430\u0442\u0435\u0440\u0438\u0430\u043b\u044b \u0434\u043b\u044f \u0443\u043a\u0440\u0430\u0448\u0435\u043d\u0438\u044f: \u0441\u0430\u043f\u0444\u0438\u0440\u044b, \u0433\u0440\u0430\u043d\u0430\u0442\u044b, \u0442\u043e\u043f\u0430\u0437\u044b \u0438 \u043a\u043e\u0440\u0430\u043b\u043b\u044b \u0438\u0437 \u041a\u0438\u0442\u0430\u044f, \u0411\u0438\u0440\u043c\u044b \u0438 \u0421\u0440\u0435\u0434\u043d\u0435\u0439 \u0410\u0437\u0438\u0438; \u043f\u0435\u0441\u0447\u0430\u043d\u0438\u043a, \u043f\u0440\u0438\u0432\u0435\u0437\u0435\u043d\u043d\u044b\u0439 \u0438\u0437 \u0424\u0430\u0442\u0435\u0445\u043f\u0443\u0440-\u0421\u0438\u043a\u0440\u0438; \u043b\u0430\u0437\u0443\u0440\u0438\u0442\u044b \u0438 \u0441\u0430\u043f\u0444\u0438\u0440\u044b \u0438\u0437 \u0428\u0440\u0438-\u041b\u0430\u043d\u043a\u0438 \u0438 \u0431\u0440\u0438\u043b\u043b\u0438\u0430\u043d\u0442\u044b \u0438\u0437 \u041f\u0430\u043d\u043d\u044b.<\/p>\n<p>3D \u043f\u0430\u0437\u043b\u044b \u0443\u0434\u0438\u0432\u0438\u0442\u0435\u043b\u044c\u043d\u043e\u0435 \u0445\u043e\u0431\u0431\u0438 \u043a\u043e\u0442\u043e\u0440\u043e\u0435 \u0440\u0430\u0437\u0432\u0438\u0432\u0430\u0435\u0442 \u043d\u0435 \u0442\u043e\u043b\u044c\u043a\u043e \u043b\u043e\u0433\u0438\u0447\u0435\u0441\u043a\u043e\u0433\u043e \u043c\u044b\u0448\u043b\u0435\u043d\u0438\u044f, \u043c\u0435\u043b\u043a\u0443\u044e \u043c\u043e\u0442\u043e\u0440\u0438\u043a\u0443, \u0443\u0441\u0438\u0434\u0447\u0438\u0432\u043e\u0441\u0442\u0438 \u0438 \u0430\u043a\u043a\u0443\u0440\u0430\u0442\u043d\u043e\u0441\u0442\u044c[trim][:ro_RO]<strong>Puzzle 3D \u201cTaj Mahal\u201d, de la CubicFun este un joc de puzzle foarte interesant pentru \u00eentreaga familie.<\/strong><\/p>\n<p>\u00cen timul jocului cu\u00a0 puzzle 3D \u00eempreun\u0103 cu copiii t\u0103i, le po\u021bi povesti c\u0103 <strong>Taj Mahal<\/strong> este un sit al Patrimoniului Mondial UNESCO \u0219i una dintre cele \u0219apte minuni ale lumii. Cuv\u00e2ntul <strong>Taj \u00eenseamn\u0103 coroan\u0103, iar Mahal \u00eenseamn\u0103 palat.<\/strong> Construc\u021bia sa a \u00eenceput \u00een 1631 \u0219i a continuat \u00een urm\u0103torii 22 de ani. \u00cemp\u0103ratul a angajat aproximativ 22.000 de oameni pentru a construi aceast\u0103 moschee uimitoare din marmur\u0103 alb\u0103 pur\u0103, adus\u0103 special din statul Rajasthan din India. Ini\u021bial, a fost \u00eemp\u00e2nzit cu pietre pre\u021bioase precum jad \u0219i chihlimbar aduse din Asia Central\u0103, iar interiorul este\u00a0 decorat cu marmur\u0103. Pentru decor s-au folosit \u0219i alte materiale: safire, granate, topaze \u0219i corali din China, Birmania \u0219i Asia Central\u0103; gresie adus\u0103 din Fatehpur Sikri; lapis lazuli \u0219i safire din Sri Lanka \u0219i diamante din Panna<\/p>\n<p><strong>Puzzle-urile 3D<\/strong> sunt un hobby uimitor ca<\/p>\n","protected":false},"excerpt":{"rendered":"<p>[:ru_RU]3D \u043f\u0430\u0437\u043b \u201c\u0422\u0430\u0434\u0436-\u041c\u0430\u0445\u0430\u043b\u201d \u043e\u0442\u00a0 CubicFun \u043e\u0447\u0435\u043d\u044c \u0438\u043d\u0442\u0435\u0440\u0435\u0441\u043d\u0430\u044f \u0433\u043e\u043b\u043e\u0432\u043e\u043b\u043e\u043c\u043a\u0430 \u0434\u043b\u044f \u0432\u0441\u0435\u0439 \u0441\u0435\u043c\u044c\u0438.\u00a0 \u0412\u043c\u0435\u0441\u0442\u0435 \u0441\u043e\u0431\u0438\u0440\u0430\u044f 3D \u043f\u0430\u0437\u043b \u0441\u043e \u0441\u0432\u043e\u0438\u043c\u0438 \u0434\u0435\u0442\u044c\u043c\u0438, \u0432\u044b\u00a0 \u043c\u043e\u0436\u0435\u0442\u0435 \u0438\u043c \u0440\u0430\u0441\u0441\u043a\u0430\u0437\u0430\u0442\u044c \u043e \u0442\u043e\u043c \u0447\u0442\u043e \u0422\u0430\u0434\u0436-\u041c\u0430\u0445\u0430\u043b \u044f\u0432\u043b\u044f\u0435\u0442\u0441\u044f \u043e\u0431\u044a\u0435\u043a\u0442\u043e\u043c \u0412\u0441\u0435\u043c\u0438\u0440\u043d\u043e\u0433\u043e \u043d\u0430\u0441\u043b\u0435\u0434\u0438\u044f \u042e\u041d\u0415\u0421\u041a\u041e \u0438 \u043e\u0434\u043d\u0438\u043c \u0438\u0437 \u0441\u0435\u043c\u0438 \u0447\u0443\u0434\u0435\u0441 \u0441\u0432\u0435\u0442\u0430. \u0421\u043b\u043e\u0432\u043e \u00ab\u0422\u0430\u0434\u0436\u00bb \u043e\u0437\u043d\u0430\u0447\u0430\u0435\u0442 \u043a\u043e\u0440\u043e\u043d\u0430, \u0430 \u00ab\u041c\u0430\u0445\u0430\u043b\u00bb \u2013 \u0434\u0432\u043e\u0440\u0435\u0446. \u0415\u0433\u043e \u0441\u0442\u0440\u043e\u0438\u0442\u0435\u043b\u044c\u0441\u0442\u0432\u043e \u043d\u0430\u0447\u0430\u043b\u043e\u0441\u044c \u0432 1631 \u0433\u043e\u0434\u0443 \u0438 \u043f\u0440\u043e\u0434\u043e\u043b\u0436\u0430\u043b\u043e\u0441\u044c \u0432 \u0442\u0435\u0447\u0435\u043d\u0438\u0435 [&hellip;]<\/p>\n","protected":false},"featured_media":41814,"comment_status":"open","ping_status":"closed","template":"","meta":{"_acf_changed":false},"product_brand":[],"product_cat":[6713],"product_tag":[],"class_list":{"0":"post-41821","1":"product","2":"type-product","3":"status-publish","4":"has-post-thumbnail","6":"product_cat-ru_ru-pazly-i-mozaiki-trim","8":"first","9":"instock","10":"shipping-taxable","11":"purchasable","12":"product-type-simple"},"acf":[],"_links":{"self":[{"href":"https:\/\/minimax.md\/ru\/wp-json\/wp\/v2\/product\/41821","targetHints":{"allow":["GET"]}}],"collection":[{"href":"https:\/\/minimax.md\/ru\/wp-json\/wp\/v2\/product"}],"about":[{"href":"https:\/\/minimax.md\/ru\/wp-json\/wp\/v2\/types\/product"}],"replies":[{"embeddable":true,"href":"https:\/\/minimax.md\/ru\/wp-json\/wp\/v2\/comments?post=41821"}],"version-history":[{"count":0,"href":"https:\/\/minimax.md\/ru\/wp-json\/wp\/v2\/product\/41821\/revisions"}],"wp:featuredmedia":[{"embeddable":true,"href":"https:\/\/minimax.md\/ru\/wp-json\/wp\/v2\/media\/41814"}],"wp:attachment":[{"href":"https:\/\/minimax.md\/ru\/wp-json\/wp\/v2\/media?parent=41821"}],"wp:term":[{"taxonomy":"product_brand","embeddable":true,"href":"https:\/\/minimax.md\/ru\/wp-json\/wp\/v2\/product_brand?post=41821"},{"taxonomy":"product_cat","embeddable":true,"href":"https:\/\/minimax.md\/ru\/wp-json\/wp\/v2\/product_cat?post=41821"},{"taxonomy":"product_tag","embeddable":true,"href":"https:\/\/minimax.md\/ru\/wp-json\/wp\/v2\/product_tag?post=41821"}],"curies":[{"name":"wp","href":"https:\/\/api.w.org\/{rel}","templated":true}]}}