{"id":41829,"date":"2023-11-28T13:10:16","date_gmt":"2023-11-28T10:10:16","guid":{"rendered":"https:\/\/minimax.md\/product\/41829.html"},"modified":"2024-03-13T00:32:02","modified_gmt":"2024-03-12T21:32:02","slug":"ru_ru-cubicfun-pazl-3d-colosseum-trim-ro_ro-cubicfun-puzzle-3d-colosseum","status":"publish","type":"product","link":"https:\/\/minimax.md\/ru\/product\/41829.html","title":{"rendered":"3D \u043f\u0430\u0437\u043b \u201c\u041a\u043e\u043b\u0438\u0437\u0435\u0439\u201d, 131 \u044d\u043b\u0435\u043c\u0435\u043d\u0442"},"content":{"rendered":"<p>[:ru_RU]3D \u043f\u0430\u0437\u043b \u201c\u041a\u043e\u043b\u0438\u0437\u0435\u0439\u201d \u043e\u0442\u00a0 CubicFun \u043e\u0447\u0435\u043d\u044c \u0438\u043d\u0442\u0435\u0440\u0435\u0441\u043d\u0430\u044f \u0433\u043e\u043b\u043e\u0432\u043e\u043b\u043e\u043c\u043a\u0430 \u0434\u043b\u044f \u0432\u0441\u0435\u0439 \u0441\u0435\u043c\u044c\u0438.\u00a0<\/p>\n<p>\u0412\u043c\u0435\u0441\u0442\u0435 \u0441\u043e\u0431\u0438\u0440\u0430\u044f 3D \u043f\u0430\u0437\u043b \u0441\u043e \u0441\u0432\u043e\u0438\u043c\u0438 \u0434\u0435\u0442\u044c\u043c\u0438, \u0432\u044b\u00a0 \u043c\u043e\u0436\u0435\u0442\u0435 \u0438\u043c \u0440\u0430\u0441\u0441\u043a\u0430\u0437\u0430\u0442\u044c \u043e \u0442\u043e\u043c \u041a\u043e\u043b\u0438\u0437\u0435\u0439\u00a0\u0441\u043c\u0435\u043b\u043e \u043c\u043e\u0436\u043d\u043e \u043d\u0430\u0437\u0432\u0430\u0442\u044c \u00ab\u0434\u0432\u043e\u0439\u043d\u044b\u043c \u0430\u043c\u0444\u0438\u0442\u0435\u0430\u0442\u0440\u043e\u043c\u00bb, \u0442\u0430\u043a \u043a\u0430\u043a \u043e\u043d \u043f\u0440\u0435\u0434\u0441\u0442\u0430\u0432\u043b\u044f\u0435\u0442 \u0441\u043e\u0431\u043e\u0439 \u0434\u0432\u0430 \u043f\u043e\u043b\u0443\u043a\u043e\u043b\u044c\u0446\u0430, \u0441\u043e\u0435\u0434\u0438\u043d\u0435\u043d\u043d\u044b\u0435 \u0432 \u0432\u0438\u0434\u0435 \u043e\u0432\u0430\u043b\u0430. \u0414\u043b\u0438\u043d\u0430 \u043d\u0430\u0440\u0443\u0436\u043d\u043e\u0433\u043e \u044d\u043b\u043b\u0438\u043f\u0441\u0430 \u041a\u043e\u043b\u0438\u0437\u0435\u044f \u0441\u043e\u0441\u0442\u0430\u0432\u043b\u044f\u0435\u0442 524 \u043c\u0435\u0442\u0440\u0430, \u0434\u043b\u0438\u043d\u0430 \u0431\u043e\u043b\u044c\u0448\u043e\u0439 \u043e\u0441\u0438 \u2013 188 \u043c\u0435\u0442\u0440\u043e\u0432, \u043c\u0430\u043b\u0430\u044f \u043e\u0441\u044c \u2013 155,6 \u043c\u0435\u0442\u0440\u043e\u0432. \u0414\u043b\u0438\u043d\u0430 \u0430\u0440\u0435\u043d\u044b \u041a\u043e\u043b\u0438\u0437\u0435\u044f \u043e\u0441\u0442\u0430\u0432\u043b\u044f\u0435\u0442 85,75 \u043c\u0435\u0442\u0440\u043e\u0432, \u0430 \u0448\u0438\u0440\u0438\u043d\u0430 \u2013 53,62 \u043c\u0435\u0442\u0440\u0430<\/p>\n<p>3D \u043f\u0430\u0437\u043b\u044b \u0443\u0434\u0438\u0432\u0438\u0442\u0435\u043b\u044c\u043d\u043e\u0435 \u0445\u043e\u0431\u0431\u0438 \u043a\u043e\u0442\u043e\u0440\u043e\u0435 \u0440\u0430\u0437\u0432\u0438\u0432\u0430\u0435\u0442 \u043d\u0435 \u0442\u043e\u043b\u044c\u043a\u043e \u043b\u043e\u0433\u0438\u0447\u0435\u0441\u043a\u043e\u0433\u043e \u043c\u044b\u0448\u043b\u0435\u043d\u0438\u044f, \u043c\u0435\u043b\u043a\u0443\u044e \u043c\u043e\u0442\u043e\u0440\u0438\u043a\u0443, \u0443\u0441\u0438\u0434\u0447\u0438\u0432\u043e\u0441\u0442\u0438 \u0438 \u0430\u043a\u043a\u0443\u0440\u0430\u0442\u043d\u043e\u0441\u0442\u044c, \u043d\u043e \u0438 \u0443\u0447\u0438\u0442 \u043c\u043d\u043e\u0433\u043e\u043c\u0443 \u0438\u043d\u0442\u0435\u0440\u0435\u0441\u043d\u043e\u043c\u0443 \u043e \u043c\u0438\u0440\u0435 \u0437\u0430 \u0432\u0435\u0441\u0435\u043b\u043e \u043f\u0440\u043e\u0432\u0435\u0434\u0435\u043d\u043d\u043e\u043c \u0432\u0440\u0435\u043c\u0435\u043d\u0438 \u0432 \u043a\u0440\u0443\u0433\u0443 \u0441\u0435\u043c\u044c\u0438.[trim][:ro_RO]<strong>Puzzle 3D \u201cColosseum\u201d, de la CubicFun este un joc de puzzle foarte interesant pentru \u00eentreaga familie.<\/strong><\/p>\n<p>\u00cen timul jocului cu\u00a0 puzzle 3D \u00eempreun\u0103 cu copiii t\u0103i, le po\u021bi povesti c\u0103 <strong>Colosseumul<\/strong> poate fi numit \u00een siguran\u021b\u0103 \u201eamfiteatru dublu\u201d, deoarece este format din dou\u0103 jum\u0103t\u0103\u021bi de inele conectate sub forma unui oval. Lungimea elipsei exterioare a Colosseumului este de 524 de metri, lungimea axei majore este de 188 de metri, axa minor\u0103 este de 155,6 metri. Lungimea arenei Colosseumului este de 85,75 metri, iar l\u0103\u021bimea este de 53,62 metri.<\/p>\n<p>Puzzle-urile 3D sunt un hobby uimitor care dezvolt\u0103 nu numai g\u00e2ndirea logic\u0103, abilit\u0103\u021bile motorii fine, perseveren\u021ba \u0219i acurate\u021bea, dar \u00eenva\u021b\u0103 \u0219i o mul\u021bime de lucruri interesante despre univers, \u00een timp ce te distrezi cu familia ta.<\/p>\n","protected":false},"excerpt":{"rendered":"<p>[:ru_RU]3D \u043f\u0430\u0437\u043b \u201c\u041a\u043e\u043b\u0438\u0437\u0435\u0439\u201d \u043e\u0442\u00a0 CubicFun \u043e\u0447\u0435\u043d\u044c \u0438\u043d\u0442\u0435\u0440\u0435\u0441\u043d\u0430\u044f \u0433\u043e\u043b\u043e\u0432\u043e\u043b\u043e\u043c\u043a\u0430 \u0434\u043b\u044f \u0432\u0441\u0435\u0439 \u0441\u0435\u043c\u044c\u0438.\u00a0 \u0412\u043c\u0435\u0441\u0442\u0435 \u0441\u043e\u0431\u0438\u0440\u0430\u044f 3D \u043f\u0430\u0437\u043b \u0441\u043e \u0441\u0432\u043e\u0438\u043c\u0438 \u0434\u0435\u0442\u044c\u043c\u0438, \u0432\u044b\u00a0 \u043c\u043e\u0436\u0435\u0442\u0435 \u0438\u043c \u0440\u0430\u0441\u0441\u043a\u0430\u0437\u0430\u0442\u044c \u043e \u0442\u043e\u043c \u041a\u043e\u043b\u0438\u0437\u0435\u0439\u00a0\u0441\u043c\u0435\u043b\u043e \u043c\u043e\u0436\u043d\u043e \u043d\u0430\u0437\u0432\u0430\u0442\u044c \u00ab\u0434\u0432\u043e\u0439\u043d\u044b\u043c \u0430\u043c\u0444\u0438\u0442\u0435\u0430\u0442\u0440\u043e\u043c\u00bb, \u0442\u0430\u043a \u043a\u0430\u043a \u043e\u043d \u043f\u0440\u0435\u0434\u0441\u0442\u0430\u0432\u043b\u044f\u0435\u0442 \u0441\u043e\u0431\u043e\u0439 \u0434\u0432\u0430 \u043f\u043e\u043b\u0443\u043a\u043e\u043b\u044c\u0446\u0430, \u0441\u043e\u0435\u0434\u0438\u043d\u0435\u043d\u043d\u044b\u0435 \u0432 \u0432\u0438\u0434\u0435 \u043e\u0432\u0430\u043b\u0430. \u0414\u043b\u0438\u043d\u0430 \u043d\u0430\u0440\u0443\u0436\u043d\u043e\u0433\u043e \u044d\u043b\u043b\u0438\u043f\u0441\u0430 \u041a\u043e\u043b\u0438\u0437\u0435\u044f \u0441\u043e\u0441\u0442\u0430\u0432\u043b\u044f\u0435\u0442 524 \u043c\u0435\u0442\u0440\u0430, \u0434\u043b\u0438\u043d\u0430 \u0431\u043e\u043b\u044c\u0448\u043e\u0439 \u043e\u0441\u0438 \u2013 188 \u043c\u0435\u0442\u0440\u043e\u0432, \u043c\u0430\u043b\u0430\u044f \u043e\u0441\u044c [&hellip;]<\/p>\n","protected":false},"featured_media":41822,"comment_status":"open","ping_status":"closed","template":"","meta":{"_acf_changed":false},"product_brand":[],"product_cat":[6713],"product_tag":[],"class_list":{"0":"post-41829","1":"product","2":"type-product","3":"status-publish","4":"has-post-thumbnail","6":"product_cat-ru_ru-pazly-i-mozaiki-trim","8":"first","9":"instock","10":"shipping-taxable","11":"purchasable","12":"product-type-simple"},"acf":[],"_links":{"self":[{"href":"https:\/\/minimax.md\/ru\/wp-json\/wp\/v2\/product\/41829","targetHints":{"allow":["GET"]}}],"collection":[{"href":"https:\/\/minimax.md\/ru\/wp-json\/wp\/v2\/product"}],"about":[{"href":"https:\/\/minimax.md\/ru\/wp-json\/wp\/v2\/types\/product"}],"replies":[{"embeddable":true,"href":"https:\/\/minimax.md\/ru\/wp-json\/wp\/v2\/comments?post=41829"}],"version-history":[{"count":0,"href":"https:\/\/minimax.md\/ru\/wp-json\/wp\/v2\/product\/41829\/revisions"}],"wp:featuredmedia":[{"embeddable":true,"href":"https:\/\/minimax.md\/ru\/wp-json\/wp\/v2\/media\/41822"}],"wp:attachment":[{"href":"https:\/\/minimax.md\/ru\/wp-json\/wp\/v2\/media?parent=41829"}],"wp:term":[{"taxonomy":"product_brand","embeddable":true,"href":"https:\/\/minimax.md\/ru\/wp-json\/wp\/v2\/product_brand?post=41829"},{"taxonomy":"product_cat","embeddable":true,"href":"https:\/\/minimax.md\/ru\/wp-json\/wp\/v2\/product_cat?post=41829"},{"taxonomy":"product_tag","embeddable":true,"href":"https:\/\/minimax.md\/ru\/wp-json\/wp\/v2\/product_tag?post=41829"}],"curies":[{"name":"wp","href":"https:\/\/api.w.org\/{rel}","templated":true}]}}