{"id":41870,"date":"2023-11-28T13:10:20","date_gmt":"2023-11-28T10:10:20","guid":{"rendered":"https:\/\/minimax.md\/product\/41870.html"},"modified":"2024-03-13T00:17:54","modified_gmt":"2024-03-12T21:17:54","slug":"ru_ru-intex-vodopad-dlja-bassejna-s-cvetnoj-led-podsvetkoj-trim-ro_ro-intex-cascada-pentru-piscine-cu-iluminare-led","status":"publish","type":"product","link":"https:\/\/minimax.md\/ru\/product\/41870.html","title":{"rendered":"Intex \u0412\u043e\u0434\u043e\u043f\u0430\u0434 \u0434\u043b\u044f \u0431\u0430\u0441\u0441\u0435\u0439\u043d\u0430 \u0441 \u0446\u0432\u0435\u0442\u043d\u043e\u0439 LED \u043f\u043e\u0434\u0441\u0432\u0435\u0442\u043a\u043e\u0439"},"content":{"rendered":"<p>[:ru_RU]\u0412\u043e\u0434\u043e\u043f\u0430\u0434 \u0434\u043b\u044f \u0431\u0430\u0441\u0441\u0435\u0439\u043d\u0430 \u0441 \u0446\u0432\u0435\u0442\u043d\u043e\u0439 \u043f\u043e\u0434\u0441\u0432\u0435\u0442\u043a\u043e\u0439 \u2013 \u044d\u0442\u043e \u0432\u043e\u0437\u043c\u043e\u0436\u043d\u043e\u0441\u0442\u044c \u043f\u0440\u0438\u0434\u0430\u0442\u044c \u0432\u043e\u0434\u043e\u0435\u043c\u0443 \u0432 \u043d\u043e\u0447\u043d\u043e\u0435 \u0432\u0440\u0435\u043c\u044f \u0441\u0442\u0438\u043b\u044c\u043d\u044b\u0439 \u0438 \u043e\u0440\u0438\u0433\u0438\u043d\u0430\u043b\u044c\u043d\u044b\u0439 \u0432\u0438\u0434. \u0423\u0441\u0442\u0440\u043e\u0439\u0441\u0442\u0432\u043e \u0440\u0430\u0431\u043e\u0442\u0430\u0435\u0442 \u043e\u0442 \u0432\u0441\u0442\u0440\u043e\u0435\u043d\u043d\u043e\u0433\u043e \u0433\u0438\u0434\u0440\u043e\u0433\u0435\u043d\u0435\u0440\u0430\u0442\u043e\u0440\u0430, \u043a\u043e\u0442\u043e\u0440\u044b\u0439 \u0432\u044b\u0440\u0430\u0431\u0430\u0442\u044b\u0432\u0430\u0435\u0442 \u044d\u043b\u0435\u043a\u0442\u0440\u043e\u044d\u043d\u0435\u0440\u0433\u0438\u044e \u0431\u043b\u0430\u0433\u043e\u0434\u0430\u0440\u044f \u043f\u043e\u0442\u043e\u043a\u0443 \u043f\u0440\u043e\u0445\u043e\u0434\u044f\u0449\u0435\u0439 \u0447\u0435\u0440\u0435\u0437 \u043d\u0435\u0433\u043e \u0432\u043e\u0434\u044b. \u0414\u043b\u044f \u0440\u0430\u0431\u043e\u0442\u044b \u0432\u043e\u0434\u043e\u043f\u0430\u0434\u0430 \u043d\u0435\u043e\u0431\u0445\u043e\u0434\u0438\u043c\u043e \u043f\u043e\u0434\u043a\u043b\u044e\u0447\u0435\u043d\u0438\u0435 \u043a \u0444\u0438\u043b\u044c\u0442\u0440-\u043d\u0430\u0441\u043e\u0441\u0443 \u043c\u043e\u0449\u043d\u043e\u0441\u0442\u044c\u044e 3785-12112 \u043b\u0438\u0442\u0440\u043e\u0432 \u0432 \u0447\u0430\u0441. \u0414\u043b\u044f \u043f\u043e\u0434\u043a\u043b\u044e\u0447\u0435\u043d\u0438\u044f \u0444\u043e\u043d\u0442\u0430\u043d\u0430 \u0432 \u043a\u043e\u043c\u043f\u043b\u0435\u043a\u0442 \u043f\u043e\u0441\u0442\u0430\u0432\u043a\u0438 \u0432\u0445\u043e\u0434\u0438\u0442 \u0442\u0440\u043e\u0439\u043d\u0438\u043a \u0441 \u043a\u0440\u0430\u043d\u043e\u043c \u0438 \u0448\u043b\u0430\u043d\u0433 \u0441 \u0440\u0435\u0437\u044c\u0431\u043e\u0432\u044b\u043c \u043f\u043e\u0434\u0441\u043e\u0435\u0434\u0438\u043d\u0435\u043d\u0438\u0435\u043c \u043d\u0430 38 \u043c\u043c.<\/p>\n<p>&nbsp;<br \/>\n\u041a\u043e\u043c\u043f\u043b\u0435\u043a\u0442\u0430\u0446\u0438\u044f \u0442\u043e\u0432\u0430\u0440\u0430<br \/>\n\u0426\u0432\u0435\u0442\u043d\u043e\u0439 \u0444\u043e\u043d\u0442\u0430\u043d \u0441 \u0433\u0438\u0434\u0440\u043e\u0433\u0435\u043d\u0435\u0440\u0430\u0442\u043e\u0440\u043e\u043c<br \/>\n\u041a\u0440\u043e\u043d\u0448\u0442\u0435\u0439\u043d \u0434\u043b\u044f \u0443\u0441\u0442\u0430\u043d\u043e\u0432\u043a\u0438 \u043d\u0430 \u0431\u0430\u0441\u0441\u0435\u0439\u043d<br \/>\n\u0428\u043b\u0430\u043d\u0433 \u0441 \u043f\u043e\u0434\u043a\u043b\u044e\u0447\u0435\u043d\u0438\u0435\u043c \u043d\u0430 38 \u043c\u043c<br \/>\n\u0422\u0440\u043e\u0439\u043d\u0438\u043a \u0441 \u043a\u0440\u0430\u043d\u043e\u043c[trim][:ro_RO]Cascada pentru piscin\u0103 cu iluminare colorat\u0103 este o oportunitate de a oferi iazului un aspect elegant \u0219i original pe timp de noapte. Aparatul este alimentat de un hidrogenerator \u00eencorporat, care genereaz\u0103 energie electric\u0103 datorit\u0103 fluxului de ap\u0103 care trece prin el. Pentru func\u021bionarea cascadei, este necesar\u0103 conectarea la o pomp\u0103 de filtru cu o capacitate de 3785-12112 litri pe or\u0103. Pentru conectarea f\u00e2nt\u00e2nii, setul de livrare include un T cu robinet \u0219i un furtun cu racord filetat de 38 mm.<\/p>\n<p><strong>Ambalarea produsului<\/strong><\/p>\n<p>F\u00e2nt\u00e2n\u0103 colorat\u0103 cu hidrogenerator<br \/>\nSuport de montare la piscin\u0103<br \/>\nFurtun cu racord de 38 mm<br \/>\nTricou cu robinet<\/p>\n","protected":false},"excerpt":{"rendered":"<p>[:ru_RU]\u0412\u043e\u0434\u043e\u043f\u0430\u0434 \u0434\u043b\u044f \u0431\u0430\u0441\u0441\u0435\u0439\u043d\u0430 \u0441 \u0446\u0432\u0435\u0442\u043d\u043e\u0439 \u043f\u043e\u0434\u0441\u0432\u0435\u0442\u043a\u043e\u0439 \u2013 \u044d\u0442\u043e \u0432\u043e\u0437\u043c\u043e\u0436\u043d\u043e\u0441\u0442\u044c \u043f\u0440\u0438\u0434\u0430\u0442\u044c \u0432\u043e\u0434\u043e\u0435\u043c\u0443 \u0432 \u043d\u043e\u0447\u043d\u043e\u0435 \u0432\u0440\u0435\u043c\u044f \u0441\u0442\u0438\u043b\u044c\u043d\u044b\u0439 \u0438 \u043e\u0440\u0438\u0433\u0438\u043d\u0430\u043b\u044c\u043d\u044b\u0439 \u0432\u0438\u0434. \u0423\u0441\u0442\u0440\u043e\u0439\u0441\u0442\u0432\u043e \u0440\u0430\u0431\u043e\u0442\u0430\u0435\u0442 \u043e\u0442 \u0432\u0441\u0442\u0440\u043e\u0435\u043d\u043d\u043e\u0433\u043e \u0433\u0438\u0434\u0440\u043e\u0433\u0435\u043d\u0435\u0440\u0430\u0442\u043e\u0440\u0430, \u043a\u043e\u0442\u043e\u0440\u044b\u0439 \u0432\u044b\u0440\u0430\u0431\u0430\u0442\u044b\u0432\u0430\u0435\u0442 \u044d\u043b\u0435\u043a\u0442\u0440\u043e\u044d\u043d\u0435\u0440\u0433\u0438\u044e \u0431\u043b\u0430\u0433\u043e\u0434\u0430\u0440\u044f \u043f\u043e\u0442\u043e\u043a\u0443 \u043f\u0440\u043e\u0445\u043e\u0434\u044f\u0449\u0435\u0439 \u0447\u0435\u0440\u0435\u0437 \u043d\u0435\u0433\u043e \u0432\u043e\u0434\u044b. \u0414\u043b\u044f \u0440\u0430\u0431\u043e\u0442\u044b \u0432\u043e\u0434\u043e\u043f\u0430\u0434\u0430 \u043d\u0435\u043e\u0431\u0445\u043e\u0434\u0438\u043c\u043e \u043f\u043e\u0434\u043a\u043b\u044e\u0447\u0435\u043d\u0438\u0435 \u043a \u0444\u0438\u043b\u044c\u0442\u0440-\u043d\u0430\u0441\u043e\u0441\u0443 \u043c\u043e\u0449\u043d\u043e\u0441\u0442\u044c\u044e 3785-12112 \u043b\u0438\u0442\u0440\u043e\u0432 \u0432 \u0447\u0430\u0441. \u0414\u043b\u044f \u043f\u043e\u0434\u043a\u043b\u044e\u0447\u0435\u043d\u0438\u044f \u0444\u043e\u043d\u0442\u0430\u043d\u0430 \u0432 \u043a\u043e\u043c\u043f\u043b\u0435\u043a\u0442 \u043f\u043e\u0441\u0442\u0430\u0432\u043a\u0438 \u0432\u0445\u043e\u0434\u0438\u0442 \u0442\u0440\u043e\u0439\u043d\u0438\u043a \u0441 \u043a\u0440\u0430\u043d\u043e\u043c \u0438 [&hellip;]<\/p>\n","protected":false},"featured_media":41867,"comment_status":"open","ping_status":"closed","template":"","meta":{"_acf_changed":false},"product_brand":[],"product_cat":[6700],"product_tag":[],"class_list":{"0":"post-41870","1":"product","2":"type-product","3":"status-publish","4":"has-post-thumbnail","6":"product_cat-ru_ru-dlja-igry-s-vodoj-tri","8":"first","9":"instock","10":"shipping-taxable","11":"purchasable","12":"product-type-simple"},"acf":[],"_links":{"self":[{"href":"https:\/\/minimax.md\/ru\/wp-json\/wp\/v2\/product\/41870","targetHints":{"allow":["GET"]}}],"collection":[{"href":"https:\/\/minimax.md\/ru\/wp-json\/wp\/v2\/product"}],"about":[{"href":"https:\/\/minimax.md\/ru\/wp-json\/wp\/v2\/types\/product"}],"replies":[{"embeddable":true,"href":"https:\/\/minimax.md\/ru\/wp-json\/wp\/v2\/comments?post=41870"}],"version-history":[{"count":0,"href":"https:\/\/minimax.md\/ru\/wp-json\/wp\/v2\/product\/41870\/revisions"}],"wp:featuredmedia":[{"embeddable":true,"href":"https:\/\/minimax.md\/ru\/wp-json\/wp\/v2\/media\/41867"}],"wp:attachment":[{"href":"https:\/\/minimax.md\/ru\/wp-json\/wp\/v2\/media?parent=41870"}],"wp:term":[{"taxonomy":"product_brand","embeddable":true,"href":"https:\/\/minimax.md\/ru\/wp-json\/wp\/v2\/product_brand?post=41870"},{"taxonomy":"product_cat","embeddable":true,"href":"https:\/\/minimax.md\/ru\/wp-json\/wp\/v2\/product_cat?post=41870"},{"taxonomy":"product_tag","embeddable":true,"href":"https:\/\/minimax.md\/ru\/wp-json\/wp\/v2\/product_tag?post=41870"}],"curies":[{"name":"wp","href":"https:\/\/api.w.org\/{rel}","templated":true}]}}