{"id":41912,"date":"2023-11-28T13:10:24","date_gmt":"2023-11-28T10:10:24","guid":{"rendered":"https:\/\/minimax.md\/product\/41912.html"},"modified":"2024-03-13T00:17:54","modified_gmt":"2024-03-12T21:17:54","slug":"ru_ru-intex-bassejn-karkasnyj-366h76-sm-trim-ro_ro-intex-piscin-cu-sadru-metalic-366h76-cm","status":"publish","type":"product","link":"https:\/\/minimax.md\/ru\/product\/41912.html","title":{"rendered":"\u0411\u0430\u0441\u0441\u0435\u0439\u043d METAL FRAME 244x51cm, 1828\u041b, \u043c\u0435\u0442\u0430\u043b\u043b\u0438\u0447\u0435\u0441\u043a\u0438\u0439 \u043a\u0430\u0440\u043a\u0430\u0441"},"content":{"rendered":"<p>[:ru_RU]\u0421\u0431\u043e\u0440\u043d\u044b\u0439 \u043a\u0430\u0440\u043a\u0430\u0441\u043d\u044b\u0439 \u0431\u0430\u0441\u0441\u0435\u0439\u043d \u0441\u0435\u0440\u0438\u0438 Metal Frame Pool.<br \/>\n\u0417\u0430\u043f\u0430\u0442\u0435\u043d\u0442\u043e\u0432\u0430\u043d\u043d\u0430\u044f \u0442\u0435\u0445\u043d\u043e\u043b\u043e\u0433\u0438\u044f SUPER-TOUGH \u043e\u0431\u0435\u0441\u043f\u0435\u0447\u0438\u0432\u0430\u0435\u0442 \u0431\u0430\u0441\u0441\u0435\u0439\u043d\u0443 \u0442\u0440\u043e\u0439\u043d\u0443\u044e \u043d\u0430\u0434\u0435\u0436\u043d\u043e\u0441\u0442\u044c. \u0421\u0442\u0435\u043d\u043a\u0438 \u0432\u044b\u043f\u043e\u043b\u043d\u0435\u043d\u044b \u0438\u0437 \u0442\u0440\u0435\u0445 \u0441\u043b\u043e\u0435\u0432: \u0434\u0432\u0430 \u0441\u043b\u043e\u044f \u043f\u043b\u043e\u0442\u043d\u043e\u0433\u043e \u0432\u0438\u043d\u0438\u043b\u0430 \u0438 \u043e\u0434\u0438\u043d \u2014 \u043f\u043e\u043b\u0438\u044d\u0441\u0442\u0435\u0440\u0430 \u0434\u043b\u044f \u043e\u0441\u043e\u0431\u043e\u0439 \u043f\u0440\u043e\u0447\u043d\u043e\u0441\u0442\u0438. \u0422\u0430\u043a\u0436\u0435 \u0431\u043b\u0430\u0433\u043e\u0434\u0430\u0440\u044f \u0441\u0442\u0430\u043b\u044c\u043d\u043e\u043c\u0443 \u043a\u0430\u0440\u043a\u0430\u0441\u0443 \u0431\u0430\u0441\u0441\u0435\u0439\u043d Metal Frame Pool \u0432\u044b\u0434\u0435\u0440\u0436\u0438\u0432\u0430\u0435\u0442 \u0431\u043e\u043b\u044c\u0448\u0438\u0435 \u043d\u0430\u0433\u0440\u0443\u0437\u043a\u0438, \u0432 \u043d\u0435\u043c \u043e\u0434\u043d\u043e\u0432\u0440\u0435\u043c\u0435\u043d\u043d\u043e \u043c\u043e\u0433\u0443\u0442 \u043a\u0443\u043f\u0430\u0442\u044c\u0441\u044f \u043d\u0435\u0441\u043a\u043e\u043b\u044c\u043a\u043e \u0447\u0435\u043b\u043e\u0432\u0435\u043a.<\/p>\n<p>\u041d\u0435 \u0442\u0440\u0435\u0431\u0443\u0435\u0442 \u043f\u043e\u0434\u0433\u043e\u0442\u043e\u0432\u043a\u0438 \u0433\u0440\u0443\u043d\u0442\u0430. \u0412\u0441\u0435, \u0447\u0442\u043e \u043d\u0443\u0436\u043d\u043e \u2014 \u043f\u043b\u043e\u0441\u043a\u0430\u044f \u0433\u043e\u0440\u0438\u0437\u043e\u043d\u0442\u0430\u043b\u044c\u043d\u0430\u044f \u043f\u043b\u043e\u0449\u0430\u0434\u043a\u0430.<br \/>\n\u041f\u0440\u043e\u0446\u0435\u0441\u0441 \u0441\u0431\u043e\u0440\u043a\u0438 \u0431\u0430\u0441\u0441\u0435\u0439\u043d\u0430 \u0437\u0430\u043d\u0438\u043c\u0430\u0435\u0442 10-20 \u043c\u0438\u043d\u0443\u0442 (\u0434\u043e \u043d\u0430\u043f\u043e\u043b\u043d\u0435\u043d\u0438\u044f \u0432\u043e\u0434\u043e\u0439).<\/p>\n<p>\u0424\u0438\u043b\u044c\u0442\u0440-\u043d\u0430\u0441\u043e\u0441 \u0434\u043b\u044f \u0431\u0430\u0441\u0441\u0435\u0439\u043d\u0430 \u043d\u0443\u0436\u043d\u043e \u043f\u0440\u0438\u043e\u0431\u0440\u0435\u0442\u0430\u0442\u044c \u043e\u0442\u0434\u0435\u043b\u044c\u043d\u043e.[trim][:ro_RO]<strong>Piscina cu cadru metalic din seria Metal Frame Pool.<\/strong><\/p>\n<p id=\"tw-target-text\" class=\"tw-data-text tw-text-large tw-ta\" dir=\"ltr\" data-placeholder=\"\u041f\u0435\u0440\u0435\u0432\u043e\u0434\"><span class=\"Y2IQFc\" lang=\"ro\">Tehnologia patentat\u0103 SUPER-TOUGH ofer\u0103 piscinei o siguran\u021b\u0103 tripl\u0103. Pere\u021bii sunt forma\u021bi din trei straturi: dou\u0103 straturi de vinil dens \u0219i unul &#8211; poliester pentru un plus de rezisten\u021b\u0103. De asemenea, datorita cadrului de otel, piscina cu cadru metalic poate rezista la sarcini grele, mai multe persoane pot inota in el in acelasi timp.<\/span><\/p>\n<p id=\"tw-target-text\" class=\"tw-data-text tw-text-large tw-ta\" dir=\"ltr\" data-placeholder=\"\u041f\u0435\u0440\u0435\u0432\u043e\u0434\"><span class=\"Y2IQFc\" lang=\"ro\">Nu necesit\u0103 preg\u0103tirea solului. Tot ce ave\u021bi nevoie este o platform\u0103 orizontal\u0103 plat\u0103. Procesul de asamblare a piscinei dureaz\u0103 10-20 de minute (\u00eenainte de a fi umplut cu ap\u0103).<\/span><\/p>\n<p id=\"tw-target-text\" class=\"tw-data-text tw-text-large tw-ta\" dir=\"ltr\" data-placeholder=\"\u041f\u0435\u0440\u0435\u0432\u043e\u0434\"><span class=\"Y2IQFc\" lang=\"ro\">Pompa cu filtrului pe<\/p>\n","protected":false},"excerpt":{"rendered":"<p>[:ru_RU]\u0421\u0431\u043e\u0440\u043d\u044b\u0439 \u043a\u0430\u0440\u043a\u0430\u0441\u043d\u044b\u0439 \u0431\u0430\u0441\u0441\u0435\u0439\u043d \u0441\u0435\u0440\u0438\u0438 Metal Frame Pool. \u0417\u0430\u043f\u0430\u0442\u0435\u043d\u0442\u043e\u0432\u0430\u043d\u043d\u0430\u044f \u0442\u0435\u0445\u043d\u043e\u043b\u043e\u0433\u0438\u044f SUPER-TOUGH \u043e\u0431\u0435\u0441\u043f\u0435\u0447\u0438\u0432\u0430\u0435\u0442 \u0431\u0430\u0441\u0441\u0435\u0439\u043d\u0443 \u0442\u0440\u043e\u0439\u043d\u0443\u044e \u043d\u0430\u0434\u0435\u0436\u043d\u043e\u0441\u0442\u044c. \u0421\u0442\u0435\u043d\u043a\u0438 \u0432\u044b\u043f\u043e\u043b\u043d\u0435\u043d\u044b \u0438\u0437 \u0442\u0440\u0435\u0445 \u0441\u043b\u043e\u0435\u0432: \u0434\u0432\u0430 \u0441\u043b\u043e\u044f \u043f\u043b\u043e\u0442\u043d\u043e\u0433\u043e \u0432\u0438\u043d\u0438\u043b\u0430 \u0438 \u043e\u0434\u0438\u043d \u2014 \u043f\u043e\u043b\u0438\u044d\u0441\u0442\u0435\u0440\u0430 \u0434\u043b\u044f \u043e\u0441\u043e\u0431\u043e\u0439 \u043f\u0440\u043e\u0447\u043d\u043e\u0441\u0442\u0438. \u0422\u0430\u043a\u0436\u0435 \u0431\u043b\u0430\u0433\u043e\u0434\u0430\u0440\u044f \u0441\u0442\u0430\u043b\u044c\u043d\u043e\u043c\u0443 \u043a\u0430\u0440\u043a\u0430\u0441\u0443 \u0431\u0430\u0441\u0441\u0435\u0439\u043d Metal Frame Pool \u0432\u044b\u0434\u0435\u0440\u0436\u0438\u0432\u0430\u0435\u0442 \u0431\u043e\u043b\u044c\u0448\u0438\u0435 \u043d\u0430\u0433\u0440\u0443\u0437\u043a\u0438, \u0432 \u043d\u0435\u043c \u043e\u0434\u043d\u043e\u0432\u0440\u0435\u043c\u0435\u043d\u043d\u043e \u043c\u043e\u0433\u0443\u0442 \u043a\u0443\u043f\u0430\u0442\u044c\u0441\u044f \u043d\u0435\u0441\u043a\u043e\u043b\u044c\u043a\u043e \u0447\u0435\u043b\u043e\u0432\u0435\u043a. \u041d\u0435 \u0442\u0440\u0435\u0431\u0443\u0435\u0442 \u043f\u043e\u0434\u0433\u043e\u0442\u043e\u0432\u043a\u0438 \u0433\u0440\u0443\u043d\u0442\u0430. \u0412\u0441\u0435, \u0447\u0442\u043e \u043d\u0443\u0436\u043d\u043e [&hellip;]<\/p>\n","protected":false},"featured_media":41909,"comment_status":"open","ping_status":"closed","template":"","meta":{"_acf_changed":false},"product_brand":[],"product_cat":[6700],"product_tag":[],"class_list":{"0":"post-41912","1":"product","2":"type-product","3":"status-publish","4":"has-post-thumbnail","6":"product_cat-ru_ru-dlja-igry-s-vodoj-tri","8":"first","9":"instock","10":"shipping-taxable","11":"purchasable","12":"product-type-simple"},"acf":[],"_links":{"self":[{"href":"https:\/\/minimax.md\/ru\/wp-json\/wp\/v2\/product\/41912","targetHints":{"allow":["GET"]}}],"collection":[{"href":"https:\/\/minimax.md\/ru\/wp-json\/wp\/v2\/product"}],"about":[{"href":"https:\/\/minimax.md\/ru\/wp-json\/wp\/v2\/types\/product"}],"replies":[{"embeddable":true,"href":"https:\/\/minimax.md\/ru\/wp-json\/wp\/v2\/comments?post=41912"}],"version-history":[{"count":0,"href":"https:\/\/minimax.md\/ru\/wp-json\/wp\/v2\/product\/41912\/revisions"}],"wp:featuredmedia":[{"embeddable":true,"href":"https:\/\/minimax.md\/ru\/wp-json\/wp\/v2\/media\/41909"}],"wp:attachment":[{"href":"https:\/\/minimax.md\/ru\/wp-json\/wp\/v2\/media?parent=41912"}],"wp:term":[{"taxonomy":"product_brand","embeddable":true,"href":"https:\/\/minimax.md\/ru\/wp-json\/wp\/v2\/product_brand?post=41912"},{"taxonomy":"product_cat","embeddable":true,"href":"https:\/\/minimax.md\/ru\/wp-json\/wp\/v2\/product_cat?post=41912"},{"taxonomy":"product_tag","embeddable":true,"href":"https:\/\/minimax.md\/ru\/wp-json\/wp\/v2\/product_tag?post=41912"}],"curies":[{"name":"wp","href":"https:\/\/api.w.org\/{rel}","templated":true}]}}