{"id":41921,"date":"2023-11-28T13:10:25","date_gmt":"2023-11-28T10:10:25","guid":{"rendered":"https:\/\/minimax.md\/product\/41921.html"},"modified":"2024-03-13T00:17:54","modified_gmt":"2024-03-12T21:17:54","slug":"ru_ru-intex-bassejn-karkasnyj-305x76-sm-trim-ro_ro-intex-piscin-cu-sadru-metalic-305x76cm","status":"publish","type":"product","link":"https:\/\/minimax.md\/ru\/product\/41921.html","title":{"rendered":"\u0411\u0430\u0441\u0441\u0435\u0439\u043d BEACHSIDE METAL FRAME 305x76cm, 4485\u041b, \u043c\u0435\u0442\u0430\u043b\u043b\u0438\u0447\u0435\u0441\u043a\u0438\u0439 \u043a\u0430\u0440\u043a\u0430\u0441"},"content":{"rendered":"<p>[:ru_RU]\u0422\u0435\u043f\u0435\u0440\u044c \u0432\u044b \u043c\u043e\u0436\u0435\u0442\u0435 \u0438\u0441\u0441\u043b\u0435\u0434\u043e\u0432\u0430\u0442\u044c \u043e\u043a\u0435\u0430\u043d \u0441 \u0432\u0430\u0448\u0438\u043c \u043d\u043e\u0432\u044b\u043c \u0431\u0430\u0441\u0441\u0435\u0439\u043d\u043e\u043c BEACHSIDE METAL FRAME POOL.<\/p>\n<p>\u042d\u0442\u043e\u0442 \u0431\u0430\u0441\u0441\u0435\u0439\u043d \u0441 \u0437\u0430\u0445\u0432\u0430\u0442\u044b\u0432\u0430\u044e\u0449\u0438\u043c \u0444\u043e\u0442\u043e\u0440\u0435\u0430\u043b\u0438\u0441\u0442\u0438\u0447\u043d\u044b\u043c \u043f\u0440\u0438\u043d\u0442\u043e\u043c \u043e\u043a\u0435\u0430\u043d\u0430 \u043d\u0430 \u0431\u043e\u043a\u043e\u0432\u044b\u0445 \u0441\u0442\u0435\u043d\u043a\u0430\u0445 \u0438 \u043f\u043e\u043b\u0443, \u043f\u043e\u0434\u0434\u0435\u0440\u0436\u0438\u0432\u0430\u0435\u0442\u0441\u044f \u043f\u0440\u043e\u0447\u043d\u044b\u043c\u0438 \u0438 \u0434\u043e\u043b\u0433\u043e\u0432\u0435\u0447\u043d\u044b\u043c \u043c\u0435\u0442\u0430\u043b\u043b\u0438\u0447\u0435\u0441\u043a\u0438\u043c\u00a0 \u043a\u0430\u0440\u043a\u0430\u0441\u043e\u043c, \u043a\u043e\u0442\u043e\u0440\u044b\u0435 \u0440\u0430\u0441\u0441\u0447\u0438\u0442\u0430\u043d \u043d\u0430 \u0434\u043e\u043b\u0433\u0438\u0439 \u0441\u0440\u043e\u043a \u0441\u043b\u0443\u0436\u0431\u044b. \u0417\u0430\u043f\u0430\u0442\u0435\u043d\u0442\u043e\u0432\u0430\u043d\u043d\u0430\u044f \u0442\u0435\u0445\u043d\u043e\u043b\u043e\u0433\u0438\u044f SUPER-TOUGH \u043e\u0431\u0435\u0441\u043f\u0435\u0447\u0438\u0432\u0430\u0435\u0442 \u0431\u0430\u0441\u0441\u0435\u0439\u043d\u0443 \u0442\u0440\u043e\u0439\u043d\u0443\u044e \u043d\u0430\u0434\u0435\u0436\u043d\u043e\u0441\u0442\u044c. \u0421\u0442\u0435\u043d\u043a\u0438 \u0432\u044b\u043f\u043e\u043b\u043d\u0435\u043d\u044b \u0438\u0437 \u0442\u0440\u0435\u0445 \u0441\u043b\u043e\u0435\u0432: \u0434\u0432\u0430 \u0441\u043b\u043e\u044f \u043f\u043b\u043e\u0442\u043d\u043e\u0433\u043e \u0432\u0438\u043d\u0438\u043b\u0430 \u0438 \u043e\u0434\u0438\u043d \u2014 \u043f\u043e\u043b\u0438\u044d\u0441\u0442\u0435\u0440\u0430 \u0434\u043b\u044f \u043e\u0441\u043e\u0431\u043e\u0439 \u043f\u0440\u043e\u0447\u043d\u043e\u0441\u0442\u0438. \u0422\u0430\u043a\u0436\u0435 \u0431\u043b\u0430\u0433\u043e\u0434\u0430\u0440\u044f \u0441\u0442\u0430\u043b\u044c\u043d\u043e\u043c\u0443 \u043a\u0430\u0440\u043a\u0430\u0441\u0443 \u0431\u0430\u0441\u0441\u0435\u0439\u043d Metal Frame Pool \u0432\u044b\u0434\u0435\u0440\u0436\u0438\u0432\u0430\u0435\u0442 \u0431\u043e\u043b\u044c\u0448\u0438\u0435 \u043d\u0430\u0433\u0440\u0443\u0437\u043a\u0438, \u0432 \u043d\u0435\u043c \u043e\u0434\u043d\u043e\u0432\u0440\u0435\u043c\u0435\u043d\u043d\u043e \u043c\u043e\u0433\u0443\u0442 \u043a\u0443\u043f\u0430\u0442\u044c\u0441\u044f \u043d\u0435\u0441\u043a\u043e\u043b\u044c\u043a\u043e \u0447\u0435\u043b\u043e\u0432\u0435\u043a.<\/p>\n<p>\u041d\u0435 \u0442\u0440\u0435\u0431\u0443\u0435\u0442 \u043f\u043e\u0434\u0433\u043e\u0442\u043e\u0432\u043a\u0438 \u0433\u0440\u0443\u043d\u0442\u0430. \u0412\u0441\u0435, \u0447\u0442\u043e \u043d\u0443\u0436\u043d\u043e \u2014 \u043f\u043b\u043e\u0441\u043a\u0430\u044f \u0433\u043e\u0440\u0438\u0437\u043e\u043d\u0442\u0430\u043b\u044c\u043d\u0430\u044f \u043f\u043b\u043e\u0449\u0430\u0434\u043a\u0430.<br \/>\n\u041f\u0440\u043e\u0446\u0435\u0441\u0441 \u0441\u0431\u043e\u0440\u043a\u0438 \u0431\u0430\u0441\u0441\u0435\u0439\u043d\u0430 \u0437\u0430\u043d\u0438\u043c\u0430\u0435\u0442 30-40 \u043c\u0438\u043d\u0443\u0442 (\u0434\u043e \u043d\u0430\u043f\u043e\u043b\u043d\u0435\u043d\u0438\u044f \u0432\u043e\u0434\u043e\u0439).<\/p>\n<p>&nbsp;[trim][:ro_RO]Acum po\u021bi explora oceanul cu noua ta piscin\u0103 BEACHSIDE METAL FRAME POOL.<\/p>\n<p>Are un imprimeu oceanic fotorealist uluitor pe pere\u021bii laterali \u0219i pe podea, aceast\u0103 piscin\u0103 este sus\u021binut\u0103 de un cadru metalic puternic \u0219i durabil. Tehnologia patentat\u0103 SUPER-TOUGH ofer\u0103 piscinei o siguran\u021b\u0103 tripl\u0103. Pere\u021bii sunt forma\u021bi din trei straturi: dou\u0103 straturi de vinil dens \u0219i unul &#8211; poliester pentru un plus de rezisten\u021b\u0103. De asemenea, datorita cadrului de o\u021bel, piscina cu cadru metalic poate rezista la sarcini grele, mai multe persoane pot \u00eenota \u00een ea \u00een acelasi timp.<\/p>\n<p>Nu necesit\u0103 preg\u0103tirea solului. Tot ce ave\u021bi nevoie este o platform\u0103 orizontal\u0103 plan\u0103.<br \/>\nProcesul de asamblare a piscinei dureaz\u0103 30-40 de minute (\u00eenainte de a se umple cu ap\u0103).<\/p>\n<p>&nbsp;<\/p>\n<p>&nbsp;<\/p>\n","protected":false},"excerpt":{"rendered":"<p>[:ru_RU]\u0422\u0435\u043f\u0435\u0440\u044c \u0432\u044b \u043c\u043e\u0436\u0435\u0442\u0435 \u0438\u0441\u0441\u043b\u0435\u0434\u043e\u0432\u0430\u0442\u044c \u043e\u043a\u0435\u0430\u043d \u0441 \u0432\u0430\u0448\u0438\u043c \u043d\u043e\u0432\u044b\u043c \u0431\u0430\u0441\u0441\u0435\u0439\u043d\u043e\u043c BEACHSIDE METAL FRAME POOL. \u042d\u0442\u043e\u0442 \u0431\u0430\u0441\u0441\u0435\u0439\u043d \u0441 \u0437\u0430\u0445\u0432\u0430\u0442\u044b\u0432\u0430\u044e\u0449\u0438\u043c \u0444\u043e\u0442\u043e\u0440\u0435\u0430\u043b\u0438\u0441\u0442\u0438\u0447\u043d\u044b\u043c \u043f\u0440\u0438\u043d\u0442\u043e\u043c \u043e\u043a\u0435\u0430\u043d\u0430 \u043d\u0430 \u0431\u043e\u043a\u043e\u0432\u044b\u0445 \u0441\u0442\u0435\u043d\u043a\u0430\u0445 \u0438 \u043f\u043e\u043b\u0443, \u043f\u043e\u0434\u0434\u0435\u0440\u0436\u0438\u0432\u0430\u0435\u0442\u0441\u044f \u043f\u0440\u043e\u0447\u043d\u044b\u043c\u0438 \u0438 \u0434\u043e\u043b\u0433\u043e\u0432\u0435\u0447\u043d\u044b\u043c \u043c\u0435\u0442\u0430\u043b\u043b\u0438\u0447\u0435\u0441\u043a\u0438\u043c\u00a0 \u043a\u0430\u0440\u043a\u0430\u0441\u043e\u043c, \u043a\u043e\u0442\u043e\u0440\u044b\u0435 \u0440\u0430\u0441\u0441\u0447\u0438\u0442\u0430\u043d \u043d\u0430 \u0434\u043e\u043b\u0433\u0438\u0439 \u0441\u0440\u043e\u043a \u0441\u043b\u0443\u0436\u0431\u044b. \u0417\u0430\u043f\u0430\u0442\u0435\u043d\u0442\u043e\u0432\u0430\u043d\u043d\u0430\u044f \u0442\u0435\u0445\u043d\u043e\u043b\u043e\u0433\u0438\u044f SUPER-TOUGH \u043e\u0431\u0435\u0441\u043f\u0435\u0447\u0438\u0432\u0430\u0435\u0442 \u0431\u0430\u0441\u0441\u0435\u0439\u043d\u0443 \u0442\u0440\u043e\u0439\u043d\u0443\u044e \u043d\u0430\u0434\u0435\u0436\u043d\u043e\u0441\u0442\u044c. \u0421\u0442\u0435\u043d\u043a\u0438 \u0432\u044b\u043f\u043e\u043b\u043d\u0435\u043d\u044b \u0438\u0437 \u0442\u0440\u0435\u0445 \u0441\u043b\u043e\u0435\u0432: \u0434\u0432\u0430 \u0441\u043b\u043e\u044f \u043f\u043b\u043e\u0442\u043d\u043e\u0433\u043e \u0432\u0438\u043d\u0438\u043b\u0430 \u0438 \u043e\u0434\u0438\u043d [&hellip;]<\/p>\n","protected":false},"featured_media":41913,"comment_status":"open","ping_status":"closed","template":"","meta":{"_acf_changed":false},"product_brand":[],"product_cat":[6700],"product_tag":[],"class_list":{"0":"post-41921","1":"product","2":"type-product","3":"status-publish","4":"has-post-thumbnail","6":"product_cat-ru_ru-dlja-igry-s-vodoj-tri","8":"first","9":"instock","10":"shipping-taxable","11":"purchasable","12":"product-type-simple"},"acf":[],"_links":{"self":[{"href":"https:\/\/minimax.md\/ru\/wp-json\/wp\/v2\/product\/41921","targetHints":{"allow":["GET"]}}],"collection":[{"href":"https:\/\/minimax.md\/ru\/wp-json\/wp\/v2\/product"}],"about":[{"href":"https:\/\/minimax.md\/ru\/wp-json\/wp\/v2\/types\/product"}],"replies":[{"embeddable":true,"href":"https:\/\/minimax.md\/ru\/wp-json\/wp\/v2\/comments?post=41921"}],"version-history":[{"count":0,"href":"https:\/\/minimax.md\/ru\/wp-json\/wp\/v2\/product\/41921\/revisions"}],"wp:featuredmedia":[{"embeddable":true,"href":"https:\/\/minimax.md\/ru\/wp-json\/wp\/v2\/media\/41913"}],"wp:attachment":[{"href":"https:\/\/minimax.md\/ru\/wp-json\/wp\/v2\/media?parent=41921"}],"wp:term":[{"taxonomy":"product_brand","embeddable":true,"href":"https:\/\/minimax.md\/ru\/wp-json\/wp\/v2\/product_brand?post=41921"},{"taxonomy":"product_cat","embeddable":true,"href":"https:\/\/minimax.md\/ru\/wp-json\/wp\/v2\/product_cat?post=41921"},{"taxonomy":"product_tag","embeddable":true,"href":"https:\/\/minimax.md\/ru\/wp-json\/wp\/v2\/product_tag?post=41921"}],"curies":[{"name":"wp","href":"https:\/\/api.w.org\/{rel}","templated":true}]}}