{"id":41976,"date":"2023-11-28T13:10:31","date_gmt":"2023-11-28T10:10:31","guid":{"rendered":"https:\/\/minimax.md\/product\/41976.html"},"modified":"2024-02-21T09:03:43","modified_gmt":"2024-02-21T06:03:43","slug":"ru_ru-cubicfun-pazl-3-d-city-line-new-york-trim-ro_ro-cubicfun-puzzle-3d-city-line-new-york","status":"publish","type":"product","link":"https:\/\/minimax.md\/ru\/product\/41976.html","title":{"rendered":"3D \u043f\u0430\u0437\u043b \u201c\u0414\u043e\u0441\u0442\u043e\u043f\u0440\u0438\u043c\u0435\u0447\u0430\u0442\u0435\u043b\u044c\u043d\u043e\u0441\u0442\u0438 \u041d\u044c\u044e-\u0419\u043e\u0440\u043a\u0430\u201d, 123 \u044d\u043b\u0435\u043c\u0435\u043d\u0442\u0430"},"content":{"rendered":"<p>[:ru_RU]3D \u043f\u0430\u0437\u043b \u0411\u0435\u043b\u044b\u0439 \u0434\u043e\u043c \u043e\u0442\u00a0 CubicFun \u043e\u0447\u0435\u043d\u044c \u0438\u043d\u0442\u0435\u0440\u0435\u0441\u043d\u0430\u044f \u0433\u043e\u043b\u043e\u0432\u043e\u043b\u043e\u043c\u043a\u0430 \u0434\u043b\u044f \u0432\u0441\u0435\u0439 \u0441\u0435\u043c\u044c\u0438.\u00a0<\/p>\n<p>\u0412\u043c\u0435\u0441\u0442\u0435 \u0441\u043e\u0431\u0438\u0440\u0430\u044f 3D \u043f\u0430\u0437\u043b \u0441\u043e \u0441\u0432\u043e\u0438\u043c\u0438 \u0434\u0435\u0442\u044c\u043c\u0438, \u0432\u044b\u00a0 \u043c\u043e\u0436\u0435\u0442\u0435 \u0438\u043c \u0440\u0430\u0441\u0441\u043a\u0430\u0437\u0430\u0442\u044c \u043e \u0442\u043e\u043c \u0447\u0442\u043e \u043e\u0434\u0438\u043d \u0438\u0437 \u043a\u0440\u0443\u043f\u043d\u0435\u0439\u0448\u0438\u0445 \u0433\u043e\u0440\u043e\u0434\u043e\u0432 \u043c\u0438\u0440\u0430 \u044d\u0442\u043e \u041d\u044c\u044e-\u0419\u043e\u0440\u043a, \u044f\u0432\u043b\u044f\u0435\u0442\u0441\u044f \u043e\u0434\u043d\u0438\u043c \u0438\u0437 \u0441\u0438\u043c\u0432\u043e\u043b\u043e\u043c \u0421\u0428\u0410, \u043d\u0430\u0440\u044f\u0434\u0443 \u0441 \u0443\u0441\u0442\u0430\u043d\u043e\u0432\u043b\u0435\u043d\u043d\u043e\u0439 \u0437\u0434\u0435\u0441\u044c \u0436\u0435 \u0441\u0442\u0430\u0442\u0443\u0435\u0439 \u0421\u0432\u043e\u0431\u043e\u0434\u044b. \u042d\u0442\u043e \u0441\u0432\u0435\u0440\u043a\u0430\u044e\u0449\u0438\u0439 \u043c\u0438\u043b\u043b\u0438\u043e\u043d\u0430\u043c\u0438 \u043e\u0433\u043d\u0435\u0439 \u043c\u0435\u0433\u0430\u043f\u043e\u043b\u0438\u0441, \u043c\u0435\u0441\u0442\u0430\u043c\u0438 \u043f\u0440\u0435\u043a\u0440\u0430\u0441\u043d\u044b\u0439, \u043c\u0435\u0441\u0442\u0430\u043c\u0438\u00a0\u2014 \u043d\u0435 \u043e\u0447\u0435\u043d\u044c, \u043a\u0430\u043a, \u0432\u043f\u0440\u043e\u0447\u0435\u043c, \u0438 \u043b\u044e\u0431\u043e\u0439 \u0434\u0440\u0443\u0433\u043e\u0439 \u0433\u043e\u0440\u043e\u0434 \u043c\u0438\u0440\u0430.<\/p>\n<p>3D \u043f\u0430\u0437\u043b\u044b \u0443\u0434\u0438\u0432\u0438\u0442\u0435\u043b\u044c\u043d\u043e\u0435 \u0445\u043e\u0431\u0431\u0438 \u043a\u043e\u0442\u043e\u0440\u043e\u0435 \u0440\u0430\u0437\u0432\u0438\u0432\u0430\u0435\u0442 \u043d\u0435 \u0442\u043e\u043b\u044c\u043a\u043e \u043b\u043e\u0433\u0438\u0447\u0435\u0441\u043a\u043e\u0433\u043e \u043c\u044b\u0448\u043b\u0435\u043d\u0438\u044f, \u043c\u0435\u043b\u043a\u0443\u044e \u043c\u043e\u0442\u043e\u0440\u0438\u043a\u0443, \u0443\u0441\u0438\u0434\u0447\u0438\u0432\u043e\u0441\u0442\u0438 \u0438 \u0430\u043a\u043a\u0443\u0440\u0430\u0442\u043d\u043e\u0441\u0442\u044c, \u043d\u043e \u0438 \u0443\u0447\u0438\u0442 \u043c\u043d\u043e\u0433\u043e\u043c\u0443 \u0438\u043d\u0442\u0435\u0440\u0435\u0441\u043d\u043e\u043c\u0443 \u043e \u043c\u0438\u0440\u0435 \u0437\u0430 \u0432\u0435\u0441\u0435\u043b\u043e \u043f\u0440\u043e\u0432\u0435\u0434\u0435\u043d\u043d\u043e\u043c \u0432\u0440\u0435\u043c\u0435\u043d\u0438 \u0432 \u043a\u0440\u0443\u0433\u0443 \u0441\u0435\u043c\u044c\u0438.[trim][:ro_RO]<strong>Puzzle 3D Casa alb\u0103, de la CubicFun este un joc de puzzle foarte interesant pentru \u00eentreaga familie.<\/strong><\/p>\n<p>\u00cen timul jocului cu puzzle 3D \u00eempreun\u0103 cu copiii t\u0103i, le po\u021bi povesti c\u0103 unul dintre cele mai mari ora\u0219e din lume este New York, este unul dintre simbolurile Statelor Unite, al\u0103turi de Statuia Libert\u0103\u021bii instalat\u0103 aici. Aceasta este o metropol\u0103 care str\u0103luce\u0219te cu milioane de lumini, frumoas\u0103 pe alocuri, nu foarte bun\u0103 pe alocuri, la fel ca orice alt ora\u0219 din lume.<\/p>\n<p>Puzzle-urile 3D sunt un hobby uimitor care dezvolt\u0103 nu numai g\u00e2ndirea logic\u0103, abilit\u0103\u021bile motorii fine, perseveren\u021ba \u0219i acurate\u021bea, dar \u00eenva\u021b\u0103 \u0219i o mul\u021bime de lucruri interesante despre univers, \u00een timp ce te distrezi cu familia ta.<\/p>\n","protected":false},"excerpt":{"rendered":"<p>[:ru_RU]3D \u043f\u0430\u0437\u043b \u0411\u0435\u043b\u044b\u0439 \u0434\u043e\u043c \u043e\u0442\u00a0 CubicFun \u043e\u0447\u0435\u043d\u044c \u0438\u043d\u0442\u0435\u0440\u0435\u0441\u043d\u0430\u044f \u0433\u043e\u043b\u043e\u0432\u043e\u043b\u043e\u043c\u043a\u0430 \u0434\u043b\u044f \u0432\u0441\u0435\u0439 \u0441\u0435\u043c\u044c\u0438.\u00a0 \u0412\u043c\u0435\u0441\u0442\u0435 \u0441\u043e\u0431\u0438\u0440\u0430\u044f 3D \u043f\u0430\u0437\u043b \u0441\u043e \u0441\u0432\u043e\u0438\u043c\u0438 \u0434\u0435\u0442\u044c\u043c\u0438, \u0432\u044b\u00a0 \u043c\u043e\u0436\u0435\u0442\u0435 \u0438\u043c \u0440\u0430\u0441\u0441\u043a\u0430\u0437\u0430\u0442\u044c \u043e \u0442\u043e\u043c \u0447\u0442\u043e \u043e\u0434\u0438\u043d \u0438\u0437 \u043a\u0440\u0443\u043f\u043d\u0435\u0439\u0448\u0438\u0445 \u0433\u043e\u0440\u043e\u0434\u043e\u0432 \u043c\u0438\u0440\u0430 \u044d\u0442\u043e \u041d\u044c\u044e-\u0419\u043e\u0440\u043a, \u044f\u0432\u043b\u044f\u0435\u0442\u0441\u044f \u043e\u0434\u043d\u0438\u043c \u0438\u0437 \u0441\u0438\u043c\u0432\u043e\u043b\u043e\u043c \u0421\u0428\u0410, \u043d\u0430\u0440\u044f\u0434\u0443 \u0441 \u0443\u0441\u0442\u0430\u043d\u043e\u0432\u043b\u0435\u043d\u043d\u043e\u0439 \u0437\u0434\u0435\u0441\u044c \u0436\u0435 \u0441\u0442\u0430\u0442\u0443\u0435\u0439 \u0421\u0432\u043e\u0431\u043e\u0434\u044b. \u042d\u0442\u043e \u0441\u0432\u0435\u0440\u043a\u0430\u044e\u0449\u0438\u0439 \u043c\u0438\u043b\u043b\u0438\u043e\u043d\u0430\u043c\u0438 \u043e\u0433\u043d\u0435\u0439 \u043c\u0435\u0433\u0430\u043f\u043e\u043b\u0438\u0441, \u043c\u0435\u0441\u0442\u0430\u043c\u0438 \u043f\u0440\u0435\u043a\u0440\u0430\u0441\u043d\u044b\u0439, \u043c\u0435\u0441\u0442\u0430\u043c\u0438\u00a0\u2014 \u043d\u0435 \u043e\u0447\u0435\u043d\u044c, [&hellip;]<\/p>\n","protected":false},"featured_media":41962,"comment_status":"open","ping_status":"closed","template":"","meta":{"_acf_changed":false},"product_brand":[],"product_cat":[6713],"product_tag":[],"class_list":{"0":"post-41976","1":"product","2":"type-product","3":"status-publish","4":"has-post-thumbnail","6":"product_cat-ru_ru-pazly-i-mozaiki-trim","8":"first","9":"instock","10":"shipping-taxable","11":"purchasable","12":"product-type-simple"},"acf":[],"_links":{"self":[{"href":"https:\/\/minimax.md\/ru\/wp-json\/wp\/v2\/product\/41976","targetHints":{"allow":["GET"]}}],"collection":[{"href":"https:\/\/minimax.md\/ru\/wp-json\/wp\/v2\/product"}],"about":[{"href":"https:\/\/minimax.md\/ru\/wp-json\/wp\/v2\/types\/product"}],"replies":[{"embeddable":true,"href":"https:\/\/minimax.md\/ru\/wp-json\/wp\/v2\/comments?post=41976"}],"version-history":[{"count":0,"href":"https:\/\/minimax.md\/ru\/wp-json\/wp\/v2\/product\/41976\/revisions"}],"wp:featuredmedia":[{"embeddable":true,"href":"https:\/\/minimax.md\/ru\/wp-json\/wp\/v2\/media\/41962"}],"wp:attachment":[{"href":"https:\/\/minimax.md\/ru\/wp-json\/wp\/v2\/media?parent=41976"}],"wp:term":[{"taxonomy":"product_brand","embeddable":true,"href":"https:\/\/minimax.md\/ru\/wp-json\/wp\/v2\/product_brand?post=41976"},{"taxonomy":"product_cat","embeddable":true,"href":"https:\/\/minimax.md\/ru\/wp-json\/wp\/v2\/product_cat?post=41976"},{"taxonomy":"product_tag","embeddable":true,"href":"https:\/\/minimax.md\/ru\/wp-json\/wp\/v2\/product_tag?post=41976"}],"curies":[{"name":"wp","href":"https:\/\/api.w.org\/{rel}","templated":true}]}}