{"id":41984,"date":"2023-11-28T13:10:32","date_gmt":"2023-11-28T10:10:32","guid":{"rendered":"https:\/\/minimax.md\/product\/41984.html"},"modified":"2024-03-13T00:17:55","modified_gmt":"2024-03-12T21:17:55","slug":"ru_ru-viga-wall-toy-sliding-ball-trim-ro_ro-viga-wall-toy-sliding-ball","status":"publish","type":"product","link":"https:\/\/minimax.md\/ru\/product\/41984.html","title":{"rendered":"Viga Wall Toy Sliding Ball"},"content":{"rendered":"<p>[:ru_RU]\u0411\u0438\u0437\u0438\u0431\u043e\u0440\u0434 \u043e\u0442 Viga Toys &#8220;\u0421\u043a\u043e\u043b\u044c\u0437\u044f\u0449\u0438\u0439 \u0448\u0430\u0440&#8221; \u043f\u043e\u043c\u043e\u0436\u0435\u0442 \u0434\u0435\u0442\u044f\u043c \u0432\u044b\u0443\u0447\u0438\u0442\u044c \u0438 \u0437\u0430\u043f\u043e\u043c\u043d\u0438\u0442\u044c \u0447\u0438\u0441\u043b\u0430 \u043e\u0442 1 \u0434\u043e 9.<\/p>\n<p>\u0411\u0438\u0437\u0438\u0431\u043e\u0440\u0434 Viga Toys \u0414\u043e\u0440\u043e\u0436\u043a\u0430 \u0434\u043b\u044f \u0448\u0430\u0440\u0438\u043a\u0430 \u043f\u043e\u043c\u043e\u0436\u0435\u0442 \u0434\u0435\u0442\u044f\u043c \u0432\u044b\u0443\u0447\u0438\u0442\u044c \u0438 \u0437\u0430\u043f\u043e\u043c\u043d\u0438\u0442\u044c \u0447\u0438\u0441\u043b\u0430 \u043e\u0442 1 \u0434\u043e 9. \u041c\u0430\u043b\u044b\u0448\u0430\u043c \u043d\u0435\u043e\u0431\u0445\u043e\u0434\u0438\u043c\u043e \u043f\u0440\u043e\u0432\u0435\u0441\u0442\u0438 \u043c\u0435\u0442\u0430\u043b\u043b\u0438\u0447\u0435\u0441\u043a\u0438\u0439 \u0448\u0430\u0440\u0438\u043a \u043f\u043e \u043b\u043e\u043c\u0430\u043d\u043d\u043e\u0439 \u0434\u043e\u0440\u043e\u0436\u043a\u0435 \u0441 \u043f\u0440\u043e\u043d\u0443\u043c\u0435\u0440\u043e\u0432\u0430\u043d\u043d\u044b\u043c\u0438 \u043a\u0440\u0443\u0436\u043e\u0447\u043a\u0430\u043c\u0438, \u0432\u0440\u0430\u0449\u0430\u044f \u043f\u0440\u043e\u0437\u0440\u0430\u0447\u043d\u0443\u044e \u043e\u0441\u043d\u043e\u0432\u0443.<\/p>\n<p>\u0414\u043b\u044f \u043f\u0440\u043e\u0445\u043e\u0436\u0434\u0435\u043d\u0438\u044f \u043b\u0430\u0431\u0438\u0440\u0438\u043d\u0442\u0430 \u043f\u043e \u0446\u0438\u0444\u0440\u0430\u043c \u043c\u0430\u043b\u044b\u0448\u0430\u043c \u043f\u043e\u043d\u0430\u0434\u043e\u0431\u0438\u0442\u0441\u044f \u043b\u043e\u0432\u043a\u043e\u0441\u0442\u044c \u0438 \u0441\u043c\u0435\u043a\u0430\u043b\u043a\u0430, \u043e\u043d\u0438 \u0443\u0437\u043d\u0430\u044e\u0442 \u043e \u043c\u0430\u0442\u0435\u043c\u0430\u0442\u0438\u043a\u0435, \u043f\u043e\u0442\u0440\u0435\u043d\u0438\u0440\u0443\u044e\u0442 \u0432\u043d\u0438\u043c\u0430\u0442\u0435\u043b\u044c\u043d\u043e\u0441\u0442\u044c \u0438 \u043b\u043e\u0433\u0438\u0447\u0435\u0441\u043a\u043e\u0435 \u043c\u044b\u0448\u043b\u0435\u043d\u0438\u0435. \u0420\u0430\u0437\u0432\u0438\u0432\u0430\u044e\u0449\u0438\u0439 \u0431\u0438\u0437\u0438\u0431\u043e\u0440\u0434 \u043f\u043e\u0434\u0445\u043e\u0434\u0438\u0442 \u0434\u043b\u044f \u043c\u0435\u0442\u043e\u0434\u0438\u043a\u0438 \u041c\u043e\u043d\u0442\u0435\u0441\u0441\u043e\u0440\u0438. \u041e\u043d \u043e\u0442\u043b\u0438\u0447\u043d\u043e \u0434\u043e\u043f\u043e\u043b\u043d\u0438\u0442 \u0434\u043e\u043c\u0430\u0448\u043d\u044e\u044e \u043a\u043e\u043c\u043d\u0430\u0442\u0443 \u043c\u0430\u043b\u044b\u0448\u0430, \u0438\u0433\u0440\u043e\u0432\u0443\u044e \u0437\u043e\u043d\u0443 \u0432 \u0434\u0435\u0442\u0441\u043a\u043e\u043c \u0441\u0430\u0434\u0443, \u0446\u0435\u043d\u0442\u0440\u0435 \u0440\u0430\u0437\u0432\u0438\u0442\u0438\u044f.<\/p>\n<p>\u041d\u0430\u0441\u0442\u0435\u043d\u043d\u0430\u044f \u0434\u0435\u0440\u0435\u0432\u044f\u043d\u043d\u0430\u044f \u0438\u0433\u0440\u0443\u0448\u043a\u0430 \u043f\u043e\u0437\u043d\u0430\u043a\u043e\u043c\u0438\u0442 \u0434\u0435\u0442\u0435\u0439 \u0441 \u0446\u0438\u0444\u0440\u0430\u043c\u0438 \u0438 \u0438\u0445 \u043f\u043e\u0440\u044f\u0434\u043a\u043e\u043c. \u0411\u0438\u0437\u0438\u0431\u043e\u0440\u0434 \u0441 \u043b\u0430\u0431\u0438\u0440\u0438\u043d\u0442\u043e\u043c \u0434\u043b\u044f \u0448\u0430\u0440\u0438\u043a\u0430 \u0443\u0432\u043b\u0435\u0447\u0435\u0442 \u0434\u0435\u0442\u0435\u0439 \u0438\u0433\u0440\u043e\u0439, \u0432\u043e \u0432\u0440\u0435\u043c\u044f \u043a\u043e\u0442\u043e\u0440\u043e\u0439 \u0443\u043a\u0440\u0435\u043f\u043b\u044f\u044e\u0442\u0441\u044f \u043c\u044b\u0448\u0446\u044b \u0440\u0443\u043a \u0438 \u0437\u0440\u0438\u0442\u0435\u043b\u044c\u043d\u043e-\u043c\u043e\u0442\u043e\u0440\u043d\u0430\u044f \u043a\u043e\u043e\u0440\u0434\u0438\u043d\u0430\u0446\u0438\u044e.<\/p>\n<p>\u0420\u0430\u0437\u0432\u0438\u0432\u0430\u044e\u0449\u0438\u0439 \u0434\u0435\u0440\u0435\u0432\u044f\u043d\u043d\u044b\u0439 \u0431\u0438\u0437\u0438\u0431\u043e\u0440\u0434 \u043d\u0430\u0434\u0435\u0436\u043d\u044b\u0439 \u0438 \u043f\u0440\u043e\u0447\u043d\u044b\u0439, \u043b\u0435\u0433\u043a\u043e \u043a\u0440\u0435\u043f\u0438\u0442\u0441\u044f \u043a \u0441\u0442\u0435\u043d\u0435.[trim][:ro_RO]<strong>Busyboard de la Viga Toys \u201eMingea care alunec\u0103\u201d\u00a0 \u00eei va ajuta pe copii s\u0103 \u00eenve\u021be \u0219i s\u0103-\u0219i aminteasc\u0103 numerele de la 0 la 9.<\/strong><\/p>\n<p>Traseul mingii \u00eei va ajuta pe copiii s\u0103 \u00eenve\u021be \u0219i s\u0103-\u0219i aminteasc\u0103 numerele de la 0 la 9. Copiii mici trebuie s\u0103 conduc\u0103 o minge de metal de-a lungul unei piste rupte cu cercuri numerotate, rotind baza transparent\u0103.<\/p>\n<p><strong>Busyboard-ul<\/strong>\u00a0este conceput pentru copii de la 18 luni la 3 ani.<\/p>\n<p>Pentru a trece labirintul dup\u0103 numere, copiii vor avea nevoie de dexteritate \u0219i ingeniozitate, vor \u00eenv\u0103\u021ba despre matematic\u0103, \u00ee\u0219i vor antrena aten\u021bia \u0219i g\u00e2ndirea logic\u0103. Jocul este potrivit pentru tehnica Montessori. <em>Va completa perfect camera de acas\u0103 a bebelu\u0219ului, zona de joac\u0103 \u00een gr\u0103dini\u021b\u0103, centrul de dezvoltare.<\/em><\/p>\n<p>Juc\u0103ria de perete din lemn va prezenta copiilor numerele \u0219i ordinea acestora. <strong>Busyboard-ul<\/strong> va captiva copiii cu un joc \u00een timpul c\u0103ruia mu\u0219chii m\u00e2inilor \u0219i coordonarea m\u00e2n\u0103-ochi se dezvolt\u0103.<\/p>\n<p>Este u\u0219or de ata\u0219at pe perete.<\/p>\n<p>&lt;em<\/p>\n","protected":false},"excerpt":{"rendered":"<p>[:ru_RU]\u0411\u0438\u0437\u0438\u0431\u043e\u0440\u0434 \u043e\u0442 Viga Toys &#8220;\u0421\u043a\u043e\u043b\u044c\u0437\u044f\u0449\u0438\u0439 \u0448\u0430\u0440&#8221; \u043f\u043e\u043c\u043e\u0436\u0435\u0442 \u0434\u0435\u0442\u044f\u043c \u0432\u044b\u0443\u0447\u0438\u0442\u044c \u0438 \u0437\u0430\u043f\u043e\u043c\u043d\u0438\u0442\u044c \u0447\u0438\u0441\u043b\u0430 \u043e\u0442 1 \u0434\u043e 9. \u0411\u0438\u0437\u0438\u0431\u043e\u0440\u0434 Viga Toys \u0414\u043e\u0440\u043e\u0436\u043a\u0430 \u0434\u043b\u044f \u0448\u0430\u0440\u0438\u043a\u0430 \u043f\u043e\u043c\u043e\u0436\u0435\u0442 \u0434\u0435\u0442\u044f\u043c \u0432\u044b\u0443\u0447\u0438\u0442\u044c \u0438 \u0437\u0430\u043f\u043e\u043c\u043d\u0438\u0442\u044c \u0447\u0438\u0441\u043b\u0430 \u043e\u0442 1 \u0434\u043e 9. \u041c\u0430\u043b\u044b\u0448\u0430\u043c \u043d\u0435\u043e\u0431\u0445\u043e\u0434\u0438\u043c\u043e \u043f\u0440\u043e\u0432\u0435\u0441\u0442\u0438 \u043c\u0435\u0442\u0430\u043b\u043b\u0438\u0447\u0435\u0441\u043a\u0438\u0439 \u0448\u0430\u0440\u0438\u043a \u043f\u043e \u043b\u043e\u043c\u0430\u043d\u043d\u043e\u0439 \u0434\u043e\u0440\u043e\u0436\u043a\u0435 \u0441 \u043f\u0440\u043e\u043d\u0443\u043c\u0435\u0440\u043e\u0432\u0430\u043d\u043d\u044b\u043c\u0438 \u043a\u0440\u0443\u0436\u043e\u0447\u043a\u0430\u043c\u0438, \u0432\u0440\u0430\u0449\u0430\u044f \u043f\u0440\u043e\u0437\u0440\u0430\u0447\u043d\u0443\u044e \u043e\u0441\u043d\u043e\u0432\u0443. \u0414\u043b\u044f \u043f\u0440\u043e\u0445\u043e\u0436\u0434\u0435\u043d\u0438\u044f \u043b\u0430\u0431\u0438\u0440\u0438\u043d\u0442\u0430 \u043f\u043e \u0446\u0438\u0444\u0440\u0430\u043c \u043c\u0430\u043b\u044b\u0448\u0430\u043c \u043f\u043e\u043d\u0430\u0434\u043e\u0431\u0438\u0442\u0441\u044f \u043b\u043e\u0432\u043a\u043e\u0441\u0442\u044c \u0438 [&hellip;]<\/p>\n","protected":false},"featured_media":41977,"comment_status":"open","ping_status":"closed","template":"","meta":{"_acf_changed":false},"product_brand":[],"product_cat":[6721],"product_tag":[],"class_list":{"0":"post-41984","1":"product","2":"type-product","3":"status-publish","4":"has-post-thumbnail","6":"product_cat-ru_ru-derevjannye-igrushki","8":"first","9":"instock","10":"shipping-taxable","11":"purchasable","12":"product-type-simple"},"acf":[],"_links":{"self":[{"href":"https:\/\/minimax.md\/ru\/wp-json\/wp\/v2\/product\/41984","targetHints":{"allow":["GET"]}}],"collection":[{"href":"https:\/\/minimax.md\/ru\/wp-json\/wp\/v2\/product"}],"about":[{"href":"https:\/\/minimax.md\/ru\/wp-json\/wp\/v2\/types\/product"}],"replies":[{"embeddable":true,"href":"https:\/\/minimax.md\/ru\/wp-json\/wp\/v2\/comments?post=41984"}],"version-history":[{"count":0,"href":"https:\/\/minimax.md\/ru\/wp-json\/wp\/v2\/product\/41984\/revisions"}],"wp:featuredmedia":[{"embeddable":true,"href":"https:\/\/minimax.md\/ru\/wp-json\/wp\/v2\/media\/41977"}],"wp:attachment":[{"href":"https:\/\/minimax.md\/ru\/wp-json\/wp\/v2\/media?parent=41984"}],"wp:term":[{"taxonomy":"product_brand","embeddable":true,"href":"https:\/\/minimax.md\/ru\/wp-json\/wp\/v2\/product_brand?post=41984"},{"taxonomy":"product_cat","embeddable":true,"href":"https:\/\/minimax.md\/ru\/wp-json\/wp\/v2\/product_cat?post=41984"},{"taxonomy":"product_tag","embeddable":true,"href":"https:\/\/minimax.md\/ru\/wp-json\/wp\/v2\/product_tag?post=41984"}],"curies":[{"name":"wp","href":"https:\/\/api.w.org\/{rel}","templated":true}]}}