{"id":42049,"date":"2023-11-28T13:10:38","date_gmt":"2023-11-28T10:10:38","guid":{"rendered":"https:\/\/minimax.md\/product\/42049.html"},"modified":"2024-02-21T09:03:43","modified_gmt":"2024-02-21T06:03:43","slug":"ru_ru-cubicfun-pazl-3d-notre-dame-de-paris-trim-ro_ro-cubicfun-puzzle-3d-notre-dame-de-paris-2","status":"publish","type":"product","link":"https:\/\/minimax.md\/ru\/product\/42049.html","title":{"rendered":"3D \u043f\u0430\u0437\u043b \u201c\u0421\u043e\u0431\u043e\u0440 \u041f\u0430\u0440\u0438\u0436\u0441\u043a\u043e\u0439 \u0411\u043e\u0433\u043e\u043c\u0430\u0442\u0435\u0440\u0438\u201d\u0441\u043e \u0441\u0432\u0435\u0442\u043e\u0434\u0438\u043e\u0434\u043d\u043e\u0439 \u043f\u043e\u0434\u0441\u0432\u0435\u0442\u043a\u043e\u0439, 149 \u044d\u043b\u0435\u043c\u0435\u043d\u0442\u043e\u0432"},"content":{"rendered":"<p>[:ru_RU]3D \u043f\u0430\u0437\u043b \u201c\u0421\u043e\u0431\u043e\u0440 \u041f\u0430\u0440\u0438\u0436\u0441\u043a\u043e\u0439 \u0411\u043e\u0433\u043e\u043c\u0430\u0442\u0435\u0440\u0438\u201d\u0441\u043e \u0441\u0432\u0435\u0442\u043e\u0434\u0438\u043e\u0434\u043d\u043e\u0439 \u043f\u043e\u0434\u0441\u0432\u0435\u0442\u043a\u043e\u0439 \u043e\u0442\u00a0 CubicFun \u043e\u0447\u0435\u043d\u044c \u0438\u043d\u0442\u0435\u0440\u0435\u0441\u043d\u0430\u044f \u0433\u043e\u043b\u043e\u0432\u043e\u043b\u043e\u043c\u043a\u0430 \u0434\u043b\u044f \u0432\u0441\u0435\u0439 \u0441\u0435\u043c\u044c\u0438.\u00a0<\/p>\n<p>\u0412\u043c\u0435\u0441\u0442\u0435 \u0441\u043e\u0431\u0438\u0440\u0430\u044f 3D \u043f\u0430\u0437\u043b \u0441\u043e \u0441\u0432\u043e\u0438\u043c\u0438 \u0434\u0435\u0442\u044c\u043c\u0438, \u0432\u044b\u00a0 \u043c\u043e\u0436\u0435\u0442\u0435 \u0438\u043c \u0440\u0430\u0441\u0441\u043a\u0430\u0437\u0430\u0442\u044c \u043e \u0442\u043e\u043c \u0447\u0442\u043e \u0432 \u041d\u043e\u0442\u0440-\u0414\u0430\u043c\u0435 \u0445\u0440\u0430\u043d\u0438\u0442\u0441\u044f \u0442\u0435\u0440\u043d\u043e\u0432\u044b\u0439 \u0432\u0435\u043d\u0435\u0446 \u0418\u0438\u0441\u0443\u0441\u0430 \u0425\u0440\u0438\u0441\u0442\u0430,\u00a0\u043f\u0440\u0438\u0432\u0435\u0437\u0435\u043d\u043d\u044b\u0439\u00a0\u0432 \u041f\u0430\u0440\u0438\u0436 \u0438\u0437 \u0418\u0435\u0440\u0443\u0441\u0430\u043b\u0438\u043c\u0430 \u0432 1239 \u0433\u043e\u0434\u0443. \u041e\u043d \u0441\u043e\u0432\u0435\u0440\u0448\u0435\u043d\u043d\u043e \u0442\u043e\u0447\u043d\u043e \u0443\u0446\u0435\u043b\u0435\u043b \u043f\u0440\u0438 \u043f\u043e\u0436\u0430\u0440\u0435, \u0438 \u044d\u0442\u043e \u043d\u0430\u0441\u0442\u043e\u044f\u0449\u0435\u0435 \u0447\u0443\u0434\u043e, \u0442\u0430\u043a \u043a\u0430\u043a \u043e\u043d \u044f\u0432\u043b\u044f\u0435\u0442\u0441\u044f \u0432\u0435\u043b\u0438\u043a\u043e\u0439 \u0445\u0440\u0438\u0441\u0442\u0438\u0430\u043d\u0441\u043a\u043e\u0439 \u0440\u0435\u043b\u0438\u043a\u0432\u0438\u0435\u0439, \u0447\u0435\u043c \u0445\u0440\u0430\u043c \u043e\u0447\u0435\u043d\u044c \u0433\u043e\u0440\u0434\u0438\u0442\u0441\u044f.<\/p>\n<p>3D \u043f\u0430\u0437\u043b\u044b \u0443\u0434\u0438\u0432\u0438\u0442\u0435\u043b\u044c\u043d\u043e\u0435 \u0445\u043e\u0431\u0431\u0438 \u043a\u043e\u0442\u043e\u0440\u043e\u0435 \u0440\u0430\u0437\u0432\u0438\u0432\u0430\u0435\u0442 \u043d\u0435 \u0442\u043e\u043b\u044c\u043a\u043e \u043b\u043e\u0433\u0438\u0447\u0435\u0441\u043a\u043e\u0433\u043e \u043c\u044b\u0448\u043b\u0435\u043d\u0438\u044f, \u043c\u0435\u043b\u043a\u0443\u044e \u043c\u043e\u0442\u043e\u0440\u0438\u043a\u0443, \u0443\u0441\u0438\u0434\u0447\u0438\u0432\u043e\u0441\u0442\u0438 \u0438 \u0430\u043a\u043a\u0443\u0440\u0430\u0442\u043d\u043e\u0441\u0442\u044c, \u043d\u043e \u0438 \u0443\u0447\u0438\u0442 \u043c\u043d\u043e\u0433\u043e\u043c\u0443 \u0438\u043d\u0442\u0435\u0440\u0435\u0441\u043d\u043e\u043c\u0443 \u043e \u043c\u0438\u0440\u0435 \u0437\u0430 \u0432\u0435\u0441\u0435\u043b\u043e \u043f\u0440\u043e\u0432\u0435\u0434\u0435\u043d\u043d\u043e\u043c \u0432\u0440\u0435\u043c\u0435\u043d\u0438 \u0432 \u043a\u0440\u0443\u0433\u0443 \u0441\u0435\u043c\u044c\u0438.[trim][:ro_RO]<strong>Puzzle 3D \u201eNotre Dame de Paris\u201d cu iluminare LED, de la CubicFun este un joc de puzzle foarte interesant pentru \u00eentreaga familie.<\/strong><\/p>\n<p>\u00cen timul jocului cu\u00a0 puzzle 3D \u00eempreun\u0103 cu copiii t\u0103i, le po\u021bi povesti c\u0103 <strong>Notre Dame<\/strong> ad\u0103poste\u0219te coroana de spini a lui Isus Hristos, adus\u0103 la Paris din Ierusalim \u00een 1239. Cu siguran\u021b\u0103 a supravie\u021buit incendiului, iar acesta este un adev\u0103rat miracol, deoarece este o mare relicv\u0103 cre\u0219tin\u0103, de care templul este foarte m\u00e2ndru.<\/p>\n<p><strong>Puzzle-urile 3D<\/strong> sunt un hobby uimitor care dezvolt\u0103 nu numai g\u00e2ndirea logic\u0103, abilit\u0103\u021bile motorii fine, perseveren\u021ba \u0219i acurate\u021bea, dar \u00eenva\u021b\u0103 \u0219i o mul\u021bime de lucruri interesante despre univers, \u00een timp ce te distrezi cu familia ta.<\/p>\n","protected":false},"excerpt":{"rendered":"<p>[:ru_RU]3D \u043f\u0430\u0437\u043b \u201c\u0421\u043e\u0431\u043e\u0440 \u041f\u0430\u0440\u0438\u0436\u0441\u043a\u043e\u0439 \u0411\u043e\u0433\u043e\u043c\u0430\u0442\u0435\u0440\u0438\u201d\u0441\u043e \u0441\u0432\u0435\u0442\u043e\u0434\u0438\u043e\u0434\u043d\u043e\u0439 \u043f\u043e\u0434\u0441\u0432\u0435\u0442\u043a\u043e\u0439 \u043e\u0442\u00a0 CubicFun \u043e\u0447\u0435\u043d\u044c \u0438\u043d\u0442\u0435\u0440\u0435\u0441\u043d\u0430\u044f \u0433\u043e\u043b\u043e\u0432\u043e\u043b\u043e\u043c\u043a\u0430 \u0434\u043b\u044f \u0432\u0441\u0435\u0439 \u0441\u0435\u043c\u044c\u0438.\u00a0 \u0412\u043c\u0435\u0441\u0442\u0435 \u0441\u043e\u0431\u0438\u0440\u0430\u044f 3D \u043f\u0430\u0437\u043b \u0441\u043e \u0441\u0432\u043e\u0438\u043c\u0438 \u0434\u0435\u0442\u044c\u043c\u0438, \u0432\u044b\u00a0 \u043c\u043e\u0436\u0435\u0442\u0435 \u0438\u043c \u0440\u0430\u0441\u0441\u043a\u0430\u0437\u0430\u0442\u044c \u043e \u0442\u043e\u043c \u0447\u0442\u043e \u0432 \u041d\u043e\u0442\u0440-\u0414\u0430\u043c\u0435 \u0445\u0440\u0430\u043d\u0438\u0442\u0441\u044f \u0442\u0435\u0440\u043d\u043e\u0432\u044b\u0439 \u0432\u0435\u043d\u0435\u0446 \u0418\u0438\u0441\u0443\u0441\u0430 \u0425\u0440\u0438\u0441\u0442\u0430,\u00a0\u043f\u0440\u0438\u0432\u0435\u0437\u0435\u043d\u043d\u044b\u0439\u00a0\u0432 \u041f\u0430\u0440\u0438\u0436 \u0438\u0437 \u0418\u0435\u0440\u0443\u0441\u0430\u043b\u0438\u043c\u0430 \u0432 1239 \u0433\u043e\u0434\u0443. \u041e\u043d \u0441\u043e\u0432\u0435\u0440\u0448\u0435\u043d\u043d\u043e \u0442\u043e\u0447\u043d\u043e \u0443\u0446\u0435\u043b\u0435\u043b \u043f\u0440\u0438 \u043f\u043e\u0436\u0430\u0440\u0435, \u0438 \u044d\u0442\u043e \u043d\u0430\u0441\u0442\u043e\u044f\u0449\u0435\u0435 \u0447\u0443\u0434\u043e, \u0442\u0430\u043a \u043a\u0430\u043a \u043e\u043d [&hellip;]<\/p>\n","protected":false},"featured_media":42045,"comment_status":"open","ping_status":"closed","template":"","meta":{"_acf_changed":false},"product_brand":[],"product_cat":[6713],"product_tag":[],"class_list":{"0":"post-42049","1":"product","2":"type-product","3":"status-publish","4":"has-post-thumbnail","6":"product_cat-ru_ru-pazly-i-mozaiki-trim","8":"first","9":"instock","10":"shipping-taxable","11":"purchasable","12":"product-type-simple"},"acf":[],"_links":{"self":[{"href":"https:\/\/minimax.md\/ru\/wp-json\/wp\/v2\/product\/42049","targetHints":{"allow":["GET"]}}],"collection":[{"href":"https:\/\/minimax.md\/ru\/wp-json\/wp\/v2\/product"}],"about":[{"href":"https:\/\/minimax.md\/ru\/wp-json\/wp\/v2\/types\/product"}],"replies":[{"embeddable":true,"href":"https:\/\/minimax.md\/ru\/wp-json\/wp\/v2\/comments?post=42049"}],"version-history":[{"count":0,"href":"https:\/\/minimax.md\/ru\/wp-json\/wp\/v2\/product\/42049\/revisions"}],"wp:featuredmedia":[{"embeddable":true,"href":"https:\/\/minimax.md\/ru\/wp-json\/wp\/v2\/media\/42045"}],"wp:attachment":[{"href":"https:\/\/minimax.md\/ru\/wp-json\/wp\/v2\/media?parent=42049"}],"wp:term":[{"taxonomy":"product_brand","embeddable":true,"href":"https:\/\/minimax.md\/ru\/wp-json\/wp\/v2\/product_brand?post=42049"},{"taxonomy":"product_cat","embeddable":true,"href":"https:\/\/minimax.md\/ru\/wp-json\/wp\/v2\/product_cat?post=42049"},{"taxonomy":"product_tag","embeddable":true,"href":"https:\/\/minimax.md\/ru\/wp-json\/wp\/v2\/product_tag?post=42049"}],"curies":[{"name":"wp","href":"https:\/\/api.w.org\/{rel}","templated":true}]}}