{"id":42073,"date":"2023-11-28T13:10:40","date_gmt":"2023-11-28T10:10:40","guid":{"rendered":"https:\/\/minimax.md\/product\/42073.html"},"modified":"2023-11-28T13:29:53","modified_gmt":"2023-11-28T10:29:53","slug":"ru_ru-viga-derevjannaja-igrushka-toster-trim-ro_ro-viga-juc-rie-din-lemn-toaster","status":"publish","type":"product","link":"https:\/\/minimax.md\/ru\/product\/42073.html","title":{"rendered":"Viga \u0414\u0435\u0440\u0435\u0432\u044f\u043d\u043d\u0430\u044f \u0438\u0433\u0440\u0443\u0448\u043a\u0430 \u0422\u043e\u0441\u0442\u0435\u0440"},"content":{"rendered":"<p>[:ru_RU]Viga \u0414\u0435\u0440\u0435\u0432\u044f\u043d\u043d\u0430\u044f \u0438\u0433\u0440\u0443\u0448\u043a\u0430 \u0422\u043e\u0441\u0442\u0435\u0440<br \/>\n\u0420\u0430\u0437\u043c\u0435\u0440\u044b: 20 \u00d7 12.5 \u00d7 10  c\u043c[trim][:ro_RO]Viga Juc\u0103rie din lemn Toaster<br \/>\nDimensiuni  20 \u00d7 12.5 \u00d7 10 cm<\/p>\n","protected":false},"excerpt":{"rendered":"<p>[:ru_RU]Viga \u0414\u0435\u0440\u0435\u0432\u044f\u043d\u043d\u0430\u044f \u0438\u0433\u0440\u0443\u0448\u043a\u0430 \u0422\u043e\u0441\u0442\u0435\u0440 \u0420\u0430\u0437\u043c\u0435\u0440\u044b: 20 \u00d7 12.5 \u00d7 10 c\u043c[trim][:ro_RO]Viga Juc\u0103rie din lemn Toaster Dimensiuni 20 \u00d7 12.5 \u00d7 10 cm<\/p>\n","protected":false},"featured_media":42069,"comment_status":"open","ping_status":"closed","template":"","meta":{"_acf_changed":false},"product_brand":[],"product_cat":[6715],"product_tag":[],"class_list":{"0":"post-42073","1":"product","2":"type-product","3":"status-publish","4":"has-post-thumbnail","6":"product_cat-ru_ru-malenkie-hozjajki-tri","8":"first","9":"instock","10":"shipping-taxable","11":"purchasable","12":"product-type-simple"},"acf":[],"_links":{"self":[{"href":"https:\/\/minimax.md\/ru\/wp-json\/wp\/v2\/product\/42073","targetHints":{"allow":["GET"]}}],"collection":[{"href":"https:\/\/minimax.md\/ru\/wp-json\/wp\/v2\/product"}],"about":[{"href":"https:\/\/minimax.md\/ru\/wp-json\/wp\/v2\/types\/product"}],"replies":[{"embeddable":true,"href":"https:\/\/minimax.md\/ru\/wp-json\/wp\/v2\/comments?post=42073"}],"version-history":[{"count":0,"href":"https:\/\/minimax.md\/ru\/wp-json\/wp\/v2\/product\/42073\/revisions"}],"wp:featuredmedia":[{"embeddable":true,"href":"https:\/\/minimax.md\/ru\/wp-json\/wp\/v2\/media\/42069"}],"wp:attachment":[{"href":"https:\/\/minimax.md\/ru\/wp-json\/wp\/v2\/media?parent=42073"}],"wp:term":[{"taxonomy":"product_brand","embeddable":true,"href":"https:\/\/minimax.md\/ru\/wp-json\/wp\/v2\/product_brand?post=42073"},{"taxonomy":"product_cat","embeddable":true,"href":"https:\/\/minimax.md\/ru\/wp-json\/wp\/v2\/product_cat?post=42073"},{"taxonomy":"product_tag","embeddable":true,"href":"https:\/\/minimax.md\/ru\/wp-json\/wp\/v2\/product_tag?post=42073"}],"curies":[{"name":"wp","href":"https:\/\/api.w.org\/{rel}","templated":true}]}}