{"id":42115,"date":"2023-11-28T13:10:45","date_gmt":"2023-11-28T10:10:45","guid":{"rendered":"https:\/\/minimax.md\/product\/42115.html"},"modified":"2024-03-13T00:33:08","modified_gmt":"2024-03-12T21:33:08","slug":"ru_ru-viga-labirint-nastolnaja-igra-karovka-trim-ro_ro-viga-labirint-din-lemn-v-cu","status":"publish","type":"product","link":"https:\/\/minimax.md\/ru\/product\/42115.html","title":{"rendered":"Viga \u041b\u0430\u0431\u0438\u0440\u0438\u043d\u0442 \u043d\u0430\u0441\u0442\u043e\u043b\u044c\u043d\u0430\u044f \u0438\u0433\u0440\u0430 \u041a\u0430\u0440\u043e\u0432\u043a\u0430"},"content":{"rendered":"<p>[:ru_RU]\u041b\u0430\u0431\u0438\u0440\u0438\u043d\u0442 &#8220;\u041a\u043e\u0440\u043e\u0432\u043a\u0430&#8221; \u0441 \u0434\u0435\u0440\u0435\u0432\u044f\u043d\u043d\u044b\u043c\u0438 \u0431\u0443\u0441\u0438\u043d\u0430\u043c\u0438 \u0440\u0430\u0437\u043d\u044b\u0445 \u0444\u043e\u0440\u043c \u0438 \u0446\u0432\u0435\u0442\u043e\u0432, \u043a\u043e\u0442\u043e\u0440\u044b\u0435 \u0432\u0440\u0430\u0449\u0430\u044e\u0442\u0441\u044f \u0438 \u0441\u043a\u043e\u043b\u044c\u0437\u044f\u0442. \u00a0\u041f\u0435\u0440\u0435\u043c\u0435\u0449\u0430\u0439\u0442\u0435 \u0448\u0430\u0440\u0438\u043a\u0438 \u043f\u043e \u0434\u043e\u0440\u043e\u0436\u043a\u0435, \u043a\u0430\u043a \u043d\u0430 \u0430\u043c\u0435\u0440\u0438\u043a\u0430\u043d\u0441\u043a\u0438\u0445 \u0433\u043e\u0440\u043a\u0430\u0445. \u0423\u0437\u043d\u0430\u0439\u0442\u0435 \u043e\u0441\u043d\u043e\u0432\u043d\u043e\u0439 \u0441\u0447\u0435\u0442, \u0441\u0447\u0438\u0442\u0430\u044f \u0431\u0443\u0441\u0438\u043d\u044b. \u0413\u043e\u043b\u043e\u0432\u0430 \u0438 \u0442\u0435\u043b\u043e \u0436\u0438\u0432\u043e\u0442\u043d\u043e\u0433\u043e \u043c\u043e\u0433\u0443\u0442 \u0434\u0432\u0438\u0433\u0430\u0442\u044c\u0441\u044f \u0432\u043f\u0435\u0440\u0435\u0434 \u0438 \u043d\u0430\u0437\u0430\u0434 \u0441 \u0431\u043e\u043b\u044c\u0448\u0438\u043c \u0443\u0434\u043e\u0432\u043e\u043b\u044c\u0441\u0442\u0432\u0438\u0435\u043c, \u043f\u043e\u043c\u0438\u043c\u043e \u043f\u0440\u043e\u0432\u043e\u0434\u043a\u0438 \u0438\u0437 \u0431\u0438\u0441\u0435\u0440\u0430.<\/p>\n<p>\u041a\u043b\u0430\u0441\u0441\u0438\u0447\u0435\u0441\u043a\u0430\u044f \u0434\u0435\u0440\u0435\u0432\u044f\u043d\u043d\u0430\u044f \u0438\u0433\u0440\u0443\u0448\u043a\u0430, \u0440\u0430\u0437\u0432\u0438\u0432\u0430\u044e\u0449\u0430\u044f \u0441\u0435\u043d\u0441\u043e\u0440\u043d\u044b\u0435 \u043d\u0430\u0432\u044b\u043a\u0438, \u043c\u0435\u043b\u043a\u0443\u044e \u043c\u043e\u0442\u043e\u0440\u0438\u043a\u0443, \u0437\u0440\u0438\u0442\u0435\u043b\u044c\u043d\u043e-\u043c\u043e\u0442\u043e\u0440\u043d\u0443\u044e \u043a\u043e\u043e\u0440\u0434\u0438\u043d\u0430\u0446\u0438\u044e, \u0437\u0440\u0438\u0442\u0435\u043b\u044c\u043d\u043e\u0435 \u0432\u043e\u0441\u043f\u0440\u0438\u044f\u0442\u0438\u0435, \u0440\u0430\u0441\u043f\u043e\u0437\u043d\u0430\u0432\u0430\u043d\u0438\u0435 \u0446\u0432\u0435\u0442\u0430 \u0438 \u0444\u043e\u0440\u043c\u044b.[trim][:ro_RO]<strong>Labirintul din lemn &#8220;V\u0103cu\u021ba&#8221; cu m\u0103rgele de lemn de diferite forme \u0219i culori care se rotesc \u0219i alunec\u0103.<\/strong> Muta\u021bi bilele de-a lungul pistei ca pe un roller coaster. Afla\u021bi scorul de baz\u0103 num\u0103r\u00e2nd margelele. Capul \u0219i corpul animalului se pot deplasa \u00eenainte \u0219i \u00eenapoi cu mare pl\u0103cere.<\/p>\n<p>O juc\u0103rie clasic\u0103 din lemn care dezvolt\u0103 abilit\u0103\u021bile senzoriale, motricitatea fin\u0103, coordonarea m\u00e2n\u0103-ochi, percep\u021bia vizual\u0103, recunoa\u0219terea culorilor \u0219i a formei.<\/p>\n","protected":false},"excerpt":{"rendered":"<p>[:ru_RU]\u041b\u0430\u0431\u0438\u0440\u0438\u043d\u0442 &#8220;\u041a\u043e\u0440\u043e\u0432\u043a\u0430&#8221; \u0441 \u0434\u0435\u0440\u0435\u0432\u044f\u043d\u043d\u044b\u043c\u0438 \u0431\u0443\u0441\u0438\u043d\u0430\u043c\u0438 \u0440\u0430\u0437\u043d\u044b\u0445 \u0444\u043e\u0440\u043c \u0438 \u0446\u0432\u0435\u0442\u043e\u0432, \u043a\u043e\u0442\u043e\u0440\u044b\u0435 \u0432\u0440\u0430\u0449\u0430\u044e\u0442\u0441\u044f \u0438 \u0441\u043a\u043e\u043b\u044c\u0437\u044f\u0442. \u00a0\u041f\u0435\u0440\u0435\u043c\u0435\u0449\u0430\u0439\u0442\u0435 \u0448\u0430\u0440\u0438\u043a\u0438 \u043f\u043e \u0434\u043e\u0440\u043e\u0436\u043a\u0435, \u043a\u0430\u043a \u043d\u0430 \u0430\u043c\u0435\u0440\u0438\u043a\u0430\u043d\u0441\u043a\u0438\u0445 \u0433\u043e\u0440\u043a\u0430\u0445. \u0423\u0437\u043d\u0430\u0439\u0442\u0435 \u043e\u0441\u043d\u043e\u0432\u043d\u043e\u0439 \u0441\u0447\u0435\u0442, \u0441\u0447\u0438\u0442\u0430\u044f \u0431\u0443\u0441\u0438\u043d\u044b. \u0413\u043e\u043b\u043e\u0432\u0430 \u0438 \u0442\u0435\u043b\u043e \u0436\u0438\u0432\u043e\u0442\u043d\u043e\u0433\u043e \u043c\u043e\u0433\u0443\u0442 \u0434\u0432\u0438\u0433\u0430\u0442\u044c\u0441\u044f \u0432\u043f\u0435\u0440\u0435\u0434 \u0438 \u043d\u0430\u0437\u0430\u0434 \u0441 \u0431\u043e\u043b\u044c\u0448\u0438\u043c \u0443\u0434\u043e\u0432\u043e\u043b\u044c\u0441\u0442\u0432\u0438\u0435\u043c, \u043f\u043e\u043c\u0438\u043c\u043e \u043f\u0440\u043e\u0432\u043e\u0434\u043a\u0438 \u0438\u0437 \u0431\u0438\u0441\u0435\u0440\u0430. \u041a\u043b\u0430\u0441\u0441\u0438\u0447\u0435\u0441\u043a\u0430\u044f \u0434\u0435\u0440\u0435\u0432\u044f\u043d\u043d\u0430\u044f \u0438\u0433\u0440\u0443\u0448\u043a\u0430, \u0440\u0430\u0437\u0432\u0438\u0432\u0430\u044e\u0449\u0430\u044f \u0441\u0435\u043d\u0441\u043e\u0440\u043d\u044b\u0435 \u043d\u0430\u0432\u044b\u043a\u0438, \u043c\u0435\u043b\u043a\u0443\u044e \u043c\u043e\u0442\u043e\u0440\u0438\u043a\u0443, \u0437\u0440\u0438\u0442\u0435\u043b\u044c\u043d\u043e-\u043c\u043e\u0442\u043e\u0440\u043d\u0443\u044e \u043a\u043e\u043e\u0440\u0434\u0438\u043d\u0430\u0446\u0438\u044e, \u0437\u0440\u0438\u0442\u0435\u043b\u044c\u043d\u043e\u0435 \u0432\u043e\u0441\u043f\u0440\u0438\u044f\u0442\u0438\u0435, \u0440\u0430\u0441\u043f\u043e\u0437\u043d\u0430\u0432\u0430\u043d\u0438\u0435 [&hellip;]<\/p>\n","protected":false},"featured_media":42110,"comment_status":"open","ping_status":"closed","template":"","meta":{"_acf_changed":false},"product_brand":[],"product_cat":[6721],"product_tag":[],"class_list":{"0":"post-42115","1":"product","2":"type-product","3":"status-publish","4":"has-post-thumbnail","6":"product_cat-ru_ru-derevjannye-igrushki","8":"first","9":"instock","10":"shipping-taxable","11":"purchasable","12":"product-type-simple"},"acf":[],"_links":{"self":[{"href":"https:\/\/minimax.md\/ru\/wp-json\/wp\/v2\/product\/42115","targetHints":{"allow":["GET"]}}],"collection":[{"href":"https:\/\/minimax.md\/ru\/wp-json\/wp\/v2\/product"}],"about":[{"href":"https:\/\/minimax.md\/ru\/wp-json\/wp\/v2\/types\/product"}],"replies":[{"embeddable":true,"href":"https:\/\/minimax.md\/ru\/wp-json\/wp\/v2\/comments?post=42115"}],"version-history":[{"count":0,"href":"https:\/\/minimax.md\/ru\/wp-json\/wp\/v2\/product\/42115\/revisions"}],"wp:featuredmedia":[{"embeddable":true,"href":"https:\/\/minimax.md\/ru\/wp-json\/wp\/v2\/media\/42110"}],"wp:attachment":[{"href":"https:\/\/minimax.md\/ru\/wp-json\/wp\/v2\/media?parent=42115"}],"wp:term":[{"taxonomy":"product_brand","embeddable":true,"href":"https:\/\/minimax.md\/ru\/wp-json\/wp\/v2\/product_brand?post=42115"},{"taxonomy":"product_cat","embeddable":true,"href":"https:\/\/minimax.md\/ru\/wp-json\/wp\/v2\/product_cat?post=42115"},{"taxonomy":"product_tag","embeddable":true,"href":"https:\/\/minimax.md\/ru\/wp-json\/wp\/v2\/product_tag?post=42115"}],"curies":[{"name":"wp","href":"https:\/\/api.w.org\/{rel}","templated":true}]}}