{"id":42119,"date":"2023-11-28T13:10:45","date_gmt":"2023-11-28T10:10:45","guid":{"rendered":"https:\/\/minimax.md\/product\/42119.html"},"modified":"2023-11-28T13:29:53","modified_gmt":"2023-11-28T10:29:53","slug":"ru_ru-viga-derevjannaja-igrushka-uchimsja-schitat-trim-ro_ro-viga-juc-rie-din-lemn-match-numbers","status":"publish","type":"product","link":"https:\/\/minimax.md\/ru\/product\/42119.html","title":{"rendered":"Viga \u0414\u0435\u0440\u0435\u0432\u044f\u043d\u043d\u0430\u044f \u0438\u0433\u0440\u0443\u0448\u043a\u0430 \u0423\u0447\u0438\u043c\u0441\u044f \u0441\u0447\u0438\u0442\u0430\u0442\u044c"},"content":{"rendered":"<p>[:ru_RU]\u041d\u0430\u0443\u0447\u0438\u0442\u044c\u0441\u044f \u0441\u0447\u0438\u0442\u0430\u0442\u044c \u043c\u043e\u0436\u043d\u043e \u043b\u0435\u0433\u043a\u043e \u0438 \u0432\u0435\u0441\u0435\u043b\u043e \u0432 \u043f\u0440\u043e\u0446\u0435\u0441\u0441\u0435 \u0438\u0433\u0440\u044b.<br \/>\n\u041e\u0431\u0443\u0447\u0430\u044e\u0449\u0430\u044f \u0438\u0433\u0440\u0443\u0448\u043a\u0430 Viga Toys \u0432\u044b\u043f\u043e\u043b\u043d\u0435\u043d\u0430 \u0438\u0437 \u0432\u044b\u0441\u043e\u043a\u043e\u043a\u0430\u0447\u0435\u0441\u0442\u0432\u0435\u043d\u043d\u043e\u0439 \u0434\u0440\u0435\u0432\u0435\u0441\u0438\u043d\u044b \u0441 \u043e\u043a\u0440\u0430\u0448\u0438\u0432\u0430\u043d\u0438\u0435\u043c \u0432\u0440\u0443\u0447\u043d\u0443\u044e.<br \/>\n\u041a\u043e\u043c\u043f\u043b\u0435\u043a\u0442 \u0441\u043e\u0441\u0442\u043e\u0438\u0442 \u0438\u0437 \u0434\u0435\u0440\u0435\u0432\u044f\u043d\u043d\u043e\u0439 \u043e\u0441\u043d\u043e\u0432\u044b, 55 \u0440\u0430\u0437\u043d\u043e\u0446\u0432\u0435\u0442\u043d\u044b\u0445 \u043a\u043e\u043b\u0435\u0446 \u0438 20 \u043a\u0432\u0430\u0434\u0440\u0430\u0442\u043e\u0432, \u043f\u0440\u0435\u0434\u043d\u043d\u0430\u0437\u043d\u0430\u0447\u0435\u043d\u043d\u044b\u0445 \u0434\u043b\u044f \u043d\u0430\u0433\u043b\u044f\u0434\u043d\u043e\u0433\u043e \u0438\u0437\u0443\u0447\u0435\u043d\u0438\u044f \u0441\u0447\u0435\u0442\u0430 \u0438 \u0437\u043d\u0430\u043a\u043e\u043c\u0441\u0442\u0432\u0430 \u0441 \u0446\u0438\u0444\u0440\u0430\u043c\u0438.<br \/>\n\u0420\u0430\u0437\u043c\u0435\u0440\u044b 41.5 c\u043c x 13 c\u043c x 7.5 c\u043c[trim][:ro_RO]Viga juc\u0103rie din lemn Match Numbers<br \/>\nViga Toys este fabricat\u0103 din lemn de calitate \u00eenalt\u0103<br \/>\nDimensiuni: 41.5 cm x 13 cm x 7.5 cm<\/p>\n","protected":false},"excerpt":{"rendered":"<p>[:ru_RU]\u041d\u0430\u0443\u0447\u0438\u0442\u044c\u0441\u044f \u0441\u0447\u0438\u0442\u0430\u0442\u044c \u043c\u043e\u0436\u043d\u043e \u043b\u0435\u0433\u043a\u043e \u0438 \u0432\u0435\u0441\u0435\u043b\u043e \u0432 \u043f\u0440\u043e\u0446\u0435\u0441\u0441\u0435 \u0438\u0433\u0440\u044b. \u041e\u0431\u0443\u0447\u0430\u044e\u0449\u0430\u044f \u0438\u0433\u0440\u0443\u0448\u043a\u0430 Viga Toys \u0432\u044b\u043f\u043e\u043b\u043d\u0435\u043d\u0430 \u0438\u0437 \u0432\u044b\u0441\u043e\u043a\u043e\u043a\u0430\u0447\u0435\u0441\u0442\u0432\u0435\u043d\u043d\u043e\u0439 \u0434\u0440\u0435\u0432\u0435\u0441\u0438\u043d\u044b \u0441 \u043e\u043a\u0440\u0430\u0448\u0438\u0432\u0430\u043d\u0438\u0435\u043c \u0432\u0440\u0443\u0447\u043d\u0443\u044e. \u041a\u043e\u043c\u043f\u043b\u0435\u043a\u0442 \u0441\u043e\u0441\u0442\u043e\u0438\u0442 \u0438\u0437 \u0434\u0435\u0440\u0435\u0432\u044f\u043d\u043d\u043e\u0439 \u043e\u0441\u043d\u043e\u0432\u044b, 55 \u0440\u0430\u0437\u043d\u043e\u0446\u0432\u0435\u0442\u043d\u044b\u0445 \u043a\u043e\u043b\u0435\u0446 \u0438 20 \u043a\u0432\u0430\u0434\u0440\u0430\u0442\u043e\u0432, \u043f\u0440\u0435\u0434\u043d\u043d\u0430\u0437\u043d\u0430\u0447\u0435\u043d\u043d\u044b\u0445 \u0434\u043b\u044f \u043d\u0430\u0433\u043b\u044f\u0434\u043d\u043e\u0433\u043e \u0438\u0437\u0443\u0447\u0435\u043d\u0438\u044f \u0441\u0447\u0435\u0442\u0430 \u0438 \u0437\u043d\u0430\u043a\u043e\u043c\u0441\u0442\u0432\u0430 \u0441 \u0446\u0438\u0444\u0440\u0430\u043c\u0438. \u0420\u0430\u0437\u043c\u0435\u0440\u044b 41.5 c\u043c x 13 c\u043c x 7.5 c\u043c[trim][:ro_RO]Viga juc\u0103rie din lemn Match Numbers Viga [&hellip;]<\/p>\n","protected":false},"featured_media":42116,"comment_status":"open","ping_status":"closed","template":"","meta":{"_acf_changed":false},"product_brand":[],"product_cat":[6721],"product_tag":[],"class_list":{"0":"post-42119","1":"product","2":"type-product","3":"status-publish","4":"has-post-thumbnail","6":"product_cat-ru_ru-derevjannye-igrushki","8":"first","9":"instock","10":"shipping-taxable","11":"purchasable","12":"product-type-simple"},"acf":[],"_links":{"self":[{"href":"https:\/\/minimax.md\/ru\/wp-json\/wp\/v2\/product\/42119","targetHints":{"allow":["GET"]}}],"collection":[{"href":"https:\/\/minimax.md\/ru\/wp-json\/wp\/v2\/product"}],"about":[{"href":"https:\/\/minimax.md\/ru\/wp-json\/wp\/v2\/types\/product"}],"replies":[{"embeddable":true,"href":"https:\/\/minimax.md\/ru\/wp-json\/wp\/v2\/comments?post=42119"}],"version-history":[{"count":0,"href":"https:\/\/minimax.md\/ru\/wp-json\/wp\/v2\/product\/42119\/revisions"}],"wp:featuredmedia":[{"embeddable":true,"href":"https:\/\/minimax.md\/ru\/wp-json\/wp\/v2\/media\/42116"}],"wp:attachment":[{"href":"https:\/\/minimax.md\/ru\/wp-json\/wp\/v2\/media?parent=42119"}],"wp:term":[{"taxonomy":"product_brand","embeddable":true,"href":"https:\/\/minimax.md\/ru\/wp-json\/wp\/v2\/product_brand?post=42119"},{"taxonomy":"product_cat","embeddable":true,"href":"https:\/\/minimax.md\/ru\/wp-json\/wp\/v2\/product_cat?post=42119"},{"taxonomy":"product_tag","embeddable":true,"href":"https:\/\/minimax.md\/ru\/wp-json\/wp\/v2\/product_tag?post=42119"}],"curies":[{"name":"wp","href":"https:\/\/api.w.org\/{rel}","templated":true}]}}