{"id":42127,"date":"2023-11-28T13:10:46","date_gmt":"2023-11-28T10:10:46","guid":{"rendered":"https:\/\/minimax.md\/product\/42127.html"},"modified":"2023-11-28T13:29:53","modified_gmt":"2023-11-28T10:29:53","slug":"ru_ru-canpol-prorezyvatel-silikonovyj-s-pogremushkoj-zvjozdochka-trim-ro_ro-canpol-juc-rie-pentru-din-isori-din-silicon-stelu","status":"publish","type":"product","link":"https:\/\/minimax.md\/ru\/product\/42127.html","title":{"rendered":"Canpol \u041f\u0440\u043e\u0440\u0435\u0437\u044b\u0432\u0430\u0442\u0435\u043b\u044c \u0441\u0438\u043b\u0438\u043a\u043e\u043d\u043e\u0432\u044b\u0439 \u0441 \u043f\u043e\u0433\u0440\u0435\u043c\u0443\u0448\u043a\u043e\u0439 \u0417\u0432\u0451\u0437\u0434\u043e\u0447\u043a\u0430"},"content":{"rendered":"<p>[:ru_RU]\u0421\u0438\u043b\u0438\u043a\u043e\u043d\u043e\u0432\u044b\u0439 \u043f\u0440\u043e\u0440\u0435\u0437\u044b\u0432\u0430\u0442\u0435\u043b\u044c \u0434\u043b\u044f \u0437\u0443\u0431\u043e\u0432 \u043f\u0440\u0435\u0434\u043d\u0430\u0437\u043d\u0430\u0447\u0435\u043d \u0434\u043b\u044f \u0441\u043d\u044f\u0442\u0438\u044f \u0437\u0443\u0434\u0430 \u043f\u0440\u0438 \u043f\u0440\u043e\u0440\u0435\u0437\u044b\u0432\u0430\u043d\u0438\u0438 \u0437\u0443\u0431\u043e\u0432.<br \/>\n\u0423\u0434\u043e\u0431\u043d\u0430\u044f \u0444\u043e\u0440\u043c\u0430 \u0434\u043b\u044f \u043c\u0430\u043b\u044b\u0448\u0430.<br \/>\n\u0420\u0430\u0437\u043d\u044b\u0435 \u0446\u0432\u0435\u0442\u0430.<br \/>\n\u0423\u0441\u0442\u043e\u0439\u0447\u0438\u0432\u0430\u044f \u043a \u0443\u043a\u0443\u0441\u0430\u043c \u0438 \u043f\u0440\u043e\u043a\u043e\u043b\u0430\u043c \u044d\u043a\u043e\u043b\u043e\u0433\u0438\u0447\u0435\u0441\u043a\u0438 \u0447\u0438\u0441\u0442\u0430\u044f \u0440\u0435\u0437\u0438\u043d\u0430 (\u0431\u0435\u0437 \u041f\u0412\u0425).<br \/>\n\u0421\u043e\u043e\u0442\u0432\u0435\u0442\u0441\u0442\u0432\u0443\u0435\u0442 \u0435\u0432\u0440\u043e\u043f\u0435\u0439\u0441\u043a\u0438\u043c \u044d\u043a\u043e\u043b\u043e\u0433\u0438\u0447\u0435\u0441\u043a\u0438\u043c \u0441\u0442\u0430\u043d\u0434\u0430\u0440\u0442\u0430\u043c \u0421\u0415.<br \/>\n\u041c\u043e\u0436\u043d\u043e \u043c\u044b\u0442\u044c \u0433\u043e\u0440\u044f\u0447\u0435\u0439 \u0432\u043e\u0434\u043e\u0439 \u0441 \u043c\u044b\u043b\u043e\u043c, \u043d\u0435 \u043a\u0438\u043f\u044f\u0442\u0438\u0442\u044c.<br \/>\n\u041f\u0435\u0440\u0435\u0434 \u0442\u0435\u043c, \u043a\u0430\u043a \u0434\u0430\u0442\u044c \u0433\u0440\u044b\u0437\u0443\u043d\u043e\u043a \u043c\u0430\u043b\u044b\u0448\u0443, \u043f\u043e\u043c\u0435\u0441\u0442\u0438\u0442\u0435 \u0435\u0433\u043e \u0432 \u0445\u043e\u043b\u043e\u0434\u0438\u043b\u044c\u043d\u0438\u043a (\u043d\u0435 \u0432 \u043c\u043e\u0440\u043e\u0437\u0438\u043b\u043a\u0443).[trim][:ro_RO]Inel gingival  din silicon r\u0103cit pentru din\u021bi sunt concepute pentru a u\u0219ura pruritul \u00een timpul denti\u021biei.<br \/>\nForm\u0103 convenabil\u0103 pentru copil.<br \/>\nCulori diferite.<br \/>\nRezistent la mu\u0219c\u0103turi \u0219i pene cauciuc prietenos cu mediul \u00eenconjur\u0103tor (f\u0103r\u0103 PVC).<br \/>\nRespect\u0103 standardele europene de mediu CE.<br \/>\nPute\u021bi sp\u0103la cu ap\u0103 cald\u0103 \u0219i s\u0103pun, nu fierbe\u021bi.<br \/>\n\u00cenainte de a da roz\u0103toare copilului, pune\u021bi-l \u00een frigider (nu \u00een congelator).<\/p>\n","protected":false},"excerpt":{"rendered":"<p>[:ru_RU]\u0421\u0438\u043b\u0438\u043a\u043e\u043d\u043e\u0432\u044b\u0439 \u043f\u0440\u043e\u0440\u0435\u0437\u044b\u0432\u0430\u0442\u0435\u043b\u044c \u0434\u043b\u044f \u0437\u0443\u0431\u043e\u0432 \u043f\u0440\u0435\u0434\u043d\u0430\u0437\u043d\u0430\u0447\u0435\u043d \u0434\u043b\u044f \u0441\u043d\u044f\u0442\u0438\u044f \u0437\u0443\u0434\u0430 \u043f\u0440\u0438 \u043f\u0440\u043e\u0440\u0435\u0437\u044b\u0432\u0430\u043d\u0438\u0438 \u0437\u0443\u0431\u043e\u0432. \u0423\u0434\u043e\u0431\u043d\u0430\u044f \u0444\u043e\u0440\u043c\u0430 \u0434\u043b\u044f \u043c\u0430\u043b\u044b\u0448\u0430. \u0420\u0430\u0437\u043d\u044b\u0435 \u0446\u0432\u0435\u0442\u0430. \u0423\u0441\u0442\u043e\u0439\u0447\u0438\u0432\u0430\u044f \u043a \u0443\u043a\u0443\u0441\u0430\u043c \u0438 \u043f\u0440\u043e\u043a\u043e\u043b\u0430\u043c \u044d\u043a\u043e\u043b\u043e\u0433\u0438\u0447\u0435\u0441\u043a\u0438 \u0447\u0438\u0441\u0442\u0430\u044f \u0440\u0435\u0437\u0438\u043d\u0430 (\u0431\u0435\u0437 \u041f\u0412\u0425). \u0421\u043e\u043e\u0442\u0432\u0435\u0442\u0441\u0442\u0432\u0443\u0435\u0442 \u0435\u0432\u0440\u043e\u043f\u0435\u0439\u0441\u043a\u0438\u043c \u044d\u043a\u043e\u043b\u043e\u0433\u0438\u0447\u0435\u0441\u043a\u0438\u043c \u0441\u0442\u0430\u043d\u0434\u0430\u0440\u0442\u0430\u043c \u0421\u0415. \u041c\u043e\u0436\u043d\u043e \u043c\u044b\u0442\u044c \u0433\u043e\u0440\u044f\u0447\u0435\u0439 \u0432\u043e\u0434\u043e\u0439 \u0441 \u043c\u044b\u043b\u043e\u043c, \u043d\u0435 \u043a\u0438\u043f\u044f\u0442\u0438\u0442\u044c. \u041f\u0435\u0440\u0435\u0434 \u0442\u0435\u043c, \u043a\u0430\u043a \u0434\u0430\u0442\u044c \u0433\u0440\u044b\u0437\u0443\u043d\u043e\u043a \u043c\u0430\u043b\u044b\u0448\u0443, \u043f\u043e\u043c\u0435\u0441\u0442\u0438\u0442\u0435 \u0435\u0433\u043e \u0432 \u0445\u043e\u043b\u043e\u0434\u0438\u043b\u044c\u043d\u0438\u043a (\u043d\u0435 \u0432 \u043c\u043e\u0440\u043e\u0437\u0438\u043b\u043a\u0443).[trim][:ro_RO]Inel gingival din [&hellip;]<\/p>\n","protected":false},"featured_media":42125,"comment_status":"open","ping_status":"closed","template":"","meta":{"_acf_changed":false},"product_brand":[],"product_cat":[6772],"product_tag":[],"class_list":{"0":"post-42127","1":"product","2":"type-product","3":"status-publish","4":"has-post-thumbnail","6":"product_cat-ru_ru-prorezyvateli-trim-ro","8":"first","9":"instock","10":"shipping-taxable","11":"purchasable","12":"product-type-simple"},"acf":[],"_links":{"self":[{"href":"https:\/\/minimax.md\/ru\/wp-json\/wp\/v2\/product\/42127","targetHints":{"allow":["GET"]}}],"collection":[{"href":"https:\/\/minimax.md\/ru\/wp-json\/wp\/v2\/product"}],"about":[{"href":"https:\/\/minimax.md\/ru\/wp-json\/wp\/v2\/types\/product"}],"replies":[{"embeddable":true,"href":"https:\/\/minimax.md\/ru\/wp-json\/wp\/v2\/comments?post=42127"}],"version-history":[{"count":0,"href":"https:\/\/minimax.md\/ru\/wp-json\/wp\/v2\/product\/42127\/revisions"}],"wp:featuredmedia":[{"embeddable":true,"href":"https:\/\/minimax.md\/ru\/wp-json\/wp\/v2\/media\/42125"}],"wp:attachment":[{"href":"https:\/\/minimax.md\/ru\/wp-json\/wp\/v2\/media?parent=42127"}],"wp:term":[{"taxonomy":"product_brand","embeddable":true,"href":"https:\/\/minimax.md\/ru\/wp-json\/wp\/v2\/product_brand?post=42127"},{"taxonomy":"product_cat","embeddable":true,"href":"https:\/\/minimax.md\/ru\/wp-json\/wp\/v2\/product_cat?post=42127"},{"taxonomy":"product_tag","embeddable":true,"href":"https:\/\/minimax.md\/ru\/wp-json\/wp\/v2\/product_tag?post=42127"}],"curies":[{"name":"wp","href":"https:\/\/api.w.org\/{rel}","templated":true}]}}