{"id":42147,"date":"2023-11-28T13:10:48","date_gmt":"2023-11-28T10:10:48","guid":{"rendered":"https:\/\/minimax.md\/product\/42147.html"},"modified":"2023-11-28T13:29:53","modified_gmt":"2023-11-28T10:29:53","slug":"ru_ru-canpol-prorezyvatel-ohlazhdajushhij-c-pogremushkoj-loshad-trim-ro_ro-canpol-juc-rie-pentru-din-i-ori-c-lu","status":"publish","type":"product","link":"https:\/\/minimax.md\/ru\/product\/42147.html","title":{"rendered":"Canpol \u043f\u0440\u043e\u0440\u0435\u0437\u044b\u0432\u0430\u0442\u0435\u043b\u044c \u043e\u0445\u043b\u0430\u0436\u0434\u0430\u044e\u0449\u0438\u0439 c \u043f\u043e\u0433\u0440\u0435\u043c\u0443\u0448\u043a\u043e\u0439 \u041b\u043e\u0448\u0430\u0434\u044c"},"content":{"rendered":"<p>[:ru_RU]\u041e\u0445\u043b\u0430\u0436\u0434\u0430\u044e\u0449\u0438\u0435 \u043f\u0440\u043e\u0440\u0435\u0437\u044b\u0432\u0430\u0442\u0435\u043b\u0438 \u043e\u0442 Canpol \u043f\u043e\u043c\u043e\u0433\u0443\u0442 \u0443\u0441\u043f\u043e\u043a\u0430\u0438\u0442\u044c \u0431\u043e\u043b\u044c \u0432 \u0434\u0435\u0441\u043d\u0430\u0445, \u043a\u043e\u0433\u0434\u0430 \u0443 \u043c\u0430\u043b\u044b\u0448\u0430 \u043d\u0430\u0447\u0438\u043d\u0430\u044e\u0442 \u0440\u0435\u0437\u0430\u0442\u044c\u0441\u044f \u0437\u0443\u0431\u043a\u0438.<br \/>\n\u041f\u0440\u043e\u0440\u0435\u0437\u044b\u0432\u0430\u0442\u0435\u043b\u044c \u043d\u0430\u043f\u043e\u043b\u043d\u0435\u043d \u0434\u0438\u0441\u0442\u0438\u043b\u043b\u0438\u0440\u043e\u0432\u0430\u043d\u043d\u043e\u0439 \u0432\u043e\u0434\u043e\u0439.<br \/>\n\u041f\u0440\u043e\u0441\u0442\u043e \u043f\u043e\u043c\u0435\u0441\u0442\u0438\u0442\u0435 \u0435\u0433\u043e \u0432 \u0445\u043e\u043b\u043e\u0434\u0438\u043b\u044c\u043d\u0438\u043a \u043d\u0430 10-15 \u043c\u0438\u043d\u0443\u0442(\u043d\u0435 \u0437\u0430\u043c\u043e\u0440\u0430\u0436\u0438\u0432\u0430\u0442\u044c \u0438 \u043d\u0435 \u043a\u0438\u043f\u044f\u0442\u0438\u0442\u044c) \u0438 \u0434\u0430\u0439\u0442\u0435 \u043c\u0430\u043b\u044b\u0448\u0443.<br \/>\n\u041a\u0440\u0430\u0441\u043e\u0447\u043d\u044b\u0435 \u043f\u0440\u043e\u0440\u0435\u0437\u044b\u0432\u0430\u0442\u0435\u043b\u0438 \u0431\u044b\u0432\u0430\u044e\u0442 \u0440\u0430\u0437\u043b\u0438\u0447\u043d\u044b\u0445 \u0446\u0432\u0435\u0442\u043e\u0432  \u0438 \u043c\u043e\u0434\u0435\u043b\u0435\u0439 .<br \/>\n\u041e\u043d\u0438 \u0438\u0437\u0433\u043e\u0442\u043e\u0432\u043b\u0435\u043d\u044b \u0438\u0437 \u043d\u0435\u0442\u043e\u043a\u0441\u0438\u0447\u043d\u043e\u0433\u043e  \u043c\u044f\u0433\u043a\u043e\u0433\u043e \u043c\u0430\u0442\u0435\u0440\u0438\u0430\u043b\u0430.<br \/>\n\u0418\u0445 \u043b\u0435\u0433\u043a\u043e \u0431\u0440\u0430\u0442\u044c \u0438 \u0434\u0435\u0440\u0436\u0430\u0442\u044c \u043c\u0430\u043b\u0435\u043d\u044c\u043a\u0438\u043c\u0438 \u0440\u0443\u0447\u043a\u0430\u043c\u0438.[trim][:ro_RO]Inele gingivale pentru denti\u021bie de r\u0103cire de la Canpol ajuta la calmarea gingiilor g\u00e2t atunci c\u00e2nd copilul \u00eencepe dentitie.<br \/>\n Prorezyvatel umplut cu ap\u0103 distilat\u0103. Doar pune-l \u00een frigider timp de 10-15 minute (a nu se congela \u0219i nu se fierbe) \u0219i l\u0103sa\u021bi copilul.<br \/>\nInele pentru denti\u021bie colorate vin \u00een diferite culori.<br \/>\nAcestea sunt realizate din material moale, non-toxic. Este u\u0219or de a lua \u0219i \u021bin\u0103 m\u00e2inile mici.<\/p>\n","protected":false},"excerpt":{"rendered":"<p>[:ru_RU]\u041e\u0445\u043b\u0430\u0436\u0434\u0430\u044e\u0449\u0438\u0435 \u043f\u0440\u043e\u0440\u0435\u0437\u044b\u0432\u0430\u0442\u0435\u043b\u0438 \u043e\u0442 Canpol \u043f\u043e\u043c\u043e\u0433\u0443\u0442 \u0443\u0441\u043f\u043e\u043a\u0430\u0438\u0442\u044c \u0431\u043e\u043b\u044c \u0432 \u0434\u0435\u0441\u043d\u0430\u0445, \u043a\u043e\u0433\u0434\u0430 \u0443 \u043c\u0430\u043b\u044b\u0448\u0430 \u043d\u0430\u0447\u0438\u043d\u0430\u044e\u0442 \u0440\u0435\u0437\u0430\u0442\u044c\u0441\u044f \u0437\u0443\u0431\u043a\u0438. \u041f\u0440\u043e\u0440\u0435\u0437\u044b\u0432\u0430\u0442\u0435\u043b\u044c \u043d\u0430\u043f\u043e\u043b\u043d\u0435\u043d \u0434\u0438\u0441\u0442\u0438\u043b\u043b\u0438\u0440\u043e\u0432\u0430\u043d\u043d\u043e\u0439 \u0432\u043e\u0434\u043e\u0439. \u041f\u0440\u043e\u0441\u0442\u043e \u043f\u043e\u043c\u0435\u0441\u0442\u0438\u0442\u0435 \u0435\u0433\u043e \u0432 \u0445\u043e\u043b\u043e\u0434\u0438\u043b\u044c\u043d\u0438\u043a \u043d\u0430 10-15 \u043c\u0438\u043d\u0443\u0442(\u043d\u0435 \u0437\u0430\u043c\u043e\u0440\u0430\u0436\u0438\u0432\u0430\u0442\u044c \u0438 \u043d\u0435 \u043a\u0438\u043f\u044f\u0442\u0438\u0442\u044c) \u0438 \u0434\u0430\u0439\u0442\u0435 \u043c\u0430\u043b\u044b\u0448\u0443. \u041a\u0440\u0430\u0441\u043e\u0447\u043d\u044b\u0435 \u043f\u0440\u043e\u0440\u0435\u0437\u044b\u0432\u0430\u0442\u0435\u043b\u0438 \u0431\u044b\u0432\u0430\u044e\u0442 \u0440\u0430\u0437\u043b\u0438\u0447\u043d\u044b\u0445 \u0446\u0432\u0435\u0442\u043e\u0432 \u0438 \u043c\u043e\u0434\u0435\u043b\u0435\u0439 . \u041e\u043d\u0438 \u0438\u0437\u0433\u043e\u0442\u043e\u0432\u043b\u0435\u043d\u044b \u0438\u0437 \u043d\u0435\u0442\u043e\u043a\u0441\u0438\u0447\u043d\u043e\u0433\u043e \u043c\u044f\u0433\u043a\u043e\u0433\u043e \u043c\u0430\u0442\u0435\u0440\u0438\u0430\u043b\u0430. \u0418\u0445 \u043b\u0435\u0433\u043a\u043e \u0431\u0440\u0430\u0442\u044c \u0438 \u0434\u0435\u0440\u0436\u0430\u0442\u044c \u043c\u0430\u043b\u0435\u043d\u044c\u043a\u0438\u043c\u0438 \u0440\u0443\u0447\u043a\u0430\u043c\u0438.[trim][:ro_RO]Inele [&hellip;]<\/p>\n","protected":false},"featured_media":0,"comment_status":"open","ping_status":"closed","template":"","meta":{"_acf_changed":false},"product_brand":[],"product_cat":[6772],"product_tag":[],"class_list":{"0":"post-42147","1":"product","2":"type-product","3":"status-publish","5":"product_cat-ru_ru-prorezyvateli-trim-ro","7":"first","8":"instock","9":"shipping-taxable","10":"purchasable","11":"product-type-simple"},"acf":[],"_links":{"self":[{"href":"https:\/\/minimax.md\/ru\/wp-json\/wp\/v2\/product\/42147","targetHints":{"allow":["GET"]}}],"collection":[{"href":"https:\/\/minimax.md\/ru\/wp-json\/wp\/v2\/product"}],"about":[{"href":"https:\/\/minimax.md\/ru\/wp-json\/wp\/v2\/types\/product"}],"replies":[{"embeddable":true,"href":"https:\/\/minimax.md\/ru\/wp-json\/wp\/v2\/comments?post=42147"}],"version-history":[{"count":0,"href":"https:\/\/minimax.md\/ru\/wp-json\/wp\/v2\/product\/42147\/revisions"}],"wp:attachment":[{"href":"https:\/\/minimax.md\/ru\/wp-json\/wp\/v2\/media?parent=42147"}],"wp:term":[{"taxonomy":"product_brand","embeddable":true,"href":"https:\/\/minimax.md\/ru\/wp-json\/wp\/v2\/product_brand?post=42147"},{"taxonomy":"product_cat","embeddable":true,"href":"https:\/\/minimax.md\/ru\/wp-json\/wp\/v2\/product_cat?post=42147"},{"taxonomy":"product_tag","embeddable":true,"href":"https:\/\/minimax.md\/ru\/wp-json\/wp\/v2\/product_tag?post=42147"}],"curies":[{"name":"wp","href":"https:\/\/api.w.org\/{rel}","templated":true}]}}