{"id":42171,"date":"2023-11-28T13:10:49","date_gmt":"2023-11-28T10:10:49","guid":{"rendered":"https:\/\/minimax.md\/product\/42171.html"},"modified":"2023-11-28T13:29:54","modified_gmt":"2023-11-28T10:29:54","slug":"ru_ru-canpol-pustyshka-cilikonovaja-ortodonticheskaja-pure-color-6-18-mes-2-shtk-trim-ro_ro-canpol-suzet-simetric-din-silicon-pure-color-6-18-luni-2-buc","status":"publish","type":"product","link":"https:\/\/minimax.md\/ru\/product\/42171.html","title":{"rendered":"Canpol \u043f\u0443\u0441\u0442\u044b\u0448\u043a\u0430 c\u0438\u043b\u0438\u043a\u043e\u043d\u043e\u0432\u0430\u044f \u043e\u0440\u0442\u043e\u0434\u043e\u043d\u0442\u0438\u0447\u0435\u0441\u043a\u0430\u044f Pure Color, 6-18 \u043c\u0435\u0441, 2 \u0448\u0442\u043a"},"content":{"rendered":"<p>[:ru_RU]\u0421\u0438\u043b\u0438\u043a\u043e\u043d\u043e\u0432\u0430\u044f \u0441\u0438\u043c\u043c\u0435\u0442\u0440\u0438\u0447\u043d\u0430\u044f \u043f\u0443\u0441\u0442\u044b\u0448\u043a\u0430 Canpol babies  &#8211; \u0432\u044b\u0441\u043e\u043a\u043e\u043a\u0430\u0447\u0435\u0441\u0442\u0432\u0435\u043d\u043d\u0430\u044f \u0441\u0438\u043b\u0438\u043a\u043e\u043d\u043e\u0432\u0430\u044f \u043f\u0443\u0441\u0442\u044b\u0448\u043a\u0430 \u0441 \u0441\u043e\u0441\u043a\u043e\u0439 \u0441\u0438\u043c\u043c\u0435\u0442\u0440\u0438\u0447\u043d\u043e\u0439 \u0444\u043e\u0440\u043c\u044b.<br \/>\n\u041e\u0441\u043d\u043e\u0432\u043d\u044b\u0435 \u043f\u0440\u0435\u0438\u043c\u0443\u0449\u0435\u0441\u0442\u0432\u0430:<br \/>\n&#8211;  \u0418\u0437\u0433\u043e\u0442\u043e\u0432\u043b\u0435\u043d\u0430 \u0438\u0437 \u0431\u0435\u0437\u043e\u043f\u0430\u0441\u043d\u044b\u0445 \u043c\u0430\u0442\u0435\u0440\u0438\u0430\u043b\u043e\u0432;<br \/>\n&#8211;  \u0421\u043d\u0430\u0431\u0436\u0435\u043d\u0430 \u043f\u0440\u043e\u0447\u043d\u043e\u0439 \u0441\u0438\u043b\u0438\u043a\u043e\u043d\u043e\u0432\u043e\u0439 \u0441\u043e\u0441\u043a\u043e\u0439 \u0441\u0438\u043c\u043c\u0435\u0442\u0440\u0438\u0447\u043d\u043e\u0439 \u0444\u043e\u0440\u043c\u044b;<br \/>\n&#8211;  \u041d\u0435 \u0438\u043c\u0435\u0435\u0442 \u0432\u043a\u0443\u0441\u0430 \u0438 \u0437\u0430\u043f\u0430\u0445\u0430;<br \/>\n&#8211;  \u041b\u0435\u0433\u043a\u043e \u043c\u043e\u0435\u0442\u0441\u044f;<br \/>\n&#8211;  \u041d\u0435 \u0442\u0435\u043c\u043d\u0435\u0435\u0442 \u043e\u0442 \u0441\u043e\u043b\u043d\u0435\u0447\u043d\u044b\u0445 \u043b\u0443\u0447\u0435\u0439;<\/p>\n<p>\u0425\u0430\u0440\u0430\u043a\u0442\u0435\u0440\u0438\u0441\u0442\u0438\u043a\u0438:<br \/>\n&#8211; \u0412\u043e\u0437\u0440\u0430\u0441\u0442: B ( 6-18 \u043c\u0435\u0441\u044f\u0446\u0435\u0432);<br \/>\n&#8211; \u0412 \u043a\u043e\u043c\u043f\u043b\u0435\u043a\u0442\u0435: 2 \u0448\u0442;<br \/>\n&#8211; \u0424\u043e\u0440\u043c\u0430: \u0441\u0438\u043c\u043c\u0435\u0442\u0440\u0438\u0447\u043d\u0430\u044f;<br \/>\n&#8211; \u041c\u0430\u0442\u0435\u0440\u0438\u0430\u043b: \u0441\u0438\u043b\u0438\u043a\u043e\u043d, \u043f\u043b\u0430\u0441\u0442\u0438\u043a;<br \/>\n&#8211; \u041f\u0440\u043e\u0438\u0437\u0432\u043e\u0434\u0438\u0442\u0435\u043b\u044c: Canpol babies (\u041f\u043e\u043b\u044c\u0448\u0430)[trim][:ro_RO]Avantaje principale:<br \/>\n&#8211; Fabricat din materiale sigure;<br \/>\n&#8211; Este furnizat cu un sf\u00e2rc de silicon puternic, de form\u0103 simetric\u0103;<br \/>\n&#8211; Nu are gust \u0219i miros;<br \/>\n&#8211; Usor de curatat;<br \/>\n&#8211; Nu se \u00eentunec\u0103 de la soare;<br \/>\nSpecifica\u021bii:<br \/>\n&#8211; V\u00e2rsta: B (6-18 luni);<br \/>\n&#8211; Inclus: 2 buc;<br \/>\n&#8211; Forma: simetric\u0103;<br \/>\n&#8211; Material: silicon, plastic;<br \/>\n&#8211; Produc\u0103tor: Canpol baby (Polonia).<\/p>\n","protected":false},"excerpt":{"rendered":"<p>[:ru_RU]\u0421\u0438\u043b\u0438\u043a\u043e\u043d\u043e\u0432\u0430\u044f \u0441\u0438\u043c\u043c\u0435\u0442\u0440\u0438\u0447\u043d\u0430\u044f \u043f\u0443\u0441\u0442\u044b\u0448\u043a\u0430 Canpol babies &#8211; \u0432\u044b\u0441\u043e\u043a\u043e\u043a\u0430\u0447\u0435\u0441\u0442\u0432\u0435\u043d\u043d\u0430\u044f \u0441\u0438\u043b\u0438\u043a\u043e\u043d\u043e\u0432\u0430\u044f \u043f\u0443\u0441\u0442\u044b\u0448\u043a\u0430 \u0441 \u0441\u043e\u0441\u043a\u043e\u0439 \u0441\u0438\u043c\u043c\u0435\u0442\u0440\u0438\u0447\u043d\u043e\u0439 \u0444\u043e\u0440\u043c\u044b. \u041e\u0441\u043d\u043e\u0432\u043d\u044b\u0435 \u043f\u0440\u0435\u0438\u043c\u0443\u0449\u0435\u0441\u0442\u0432\u0430: &#8211; \u0418\u0437\u0433\u043e\u0442\u043e\u0432\u043b\u0435\u043d\u0430 \u0438\u0437 \u0431\u0435\u0437\u043e\u043f\u0430\u0441\u043d\u044b\u0445 \u043c\u0430\u0442\u0435\u0440\u0438\u0430\u043b\u043e\u0432; &#8211; \u0421\u043d\u0430\u0431\u0436\u0435\u043d\u0430 \u043f\u0440\u043e\u0447\u043d\u043e\u0439 \u0441\u0438\u043b\u0438\u043a\u043e\u043d\u043e\u0432\u043e\u0439 \u0441\u043e\u0441\u043a\u043e\u0439 \u0441\u0438\u043c\u043c\u0435\u0442\u0440\u0438\u0447\u043d\u043e\u0439 \u0444\u043e\u0440\u043c\u044b; &#8211; \u041d\u0435 \u0438\u043c\u0435\u0435\u0442 \u0432\u043a\u0443\u0441\u0430 \u0438 \u0437\u0430\u043f\u0430\u0445\u0430; &#8211; \u041b\u0435\u0433\u043a\u043e \u043c\u043e\u0435\u0442\u0441\u044f; &#8211; \u041d\u0435 \u0442\u0435\u043c\u043d\u0435\u0435\u0442 \u043e\u0442 \u0441\u043e\u043b\u043d\u0435\u0447\u043d\u044b\u0445 \u043b\u0443\u0447\u0435\u0439; \u0425\u0430\u0440\u0430\u043a\u0442\u0435\u0440\u0438\u0441\u0442\u0438\u043a\u0438: &#8211; \u0412\u043e\u0437\u0440\u0430\u0441\u0442: B ( 6-18 \u043c\u0435\u0441\u044f\u0446\u0435\u0432); &#8211; \u0412 \u043a\u043e\u043c\u043f\u043b\u0435\u043a\u0442\u0435: 2 \u0448\u0442; &#8211; [&hellip;]<\/p>\n","protected":false},"featured_media":42170,"comment_status":"open","ping_status":"closed","template":"","meta":{"_acf_changed":false},"product_brand":[],"product_cat":[6773],"product_tag":[],"class_list":{"0":"post-42171","1":"product","2":"type-product","3":"status-publish","4":"has-post-thumbnail","6":"product_cat-ru_ru-pustyshki-trim-ro_ro","8":"first","9":"instock","10":"shipping-taxable","11":"purchasable","12":"product-type-simple"},"acf":[],"_links":{"self":[{"href":"https:\/\/minimax.md\/ru\/wp-json\/wp\/v2\/product\/42171","targetHints":{"allow":["GET"]}}],"collection":[{"href":"https:\/\/minimax.md\/ru\/wp-json\/wp\/v2\/product"}],"about":[{"href":"https:\/\/minimax.md\/ru\/wp-json\/wp\/v2\/types\/product"}],"replies":[{"embeddable":true,"href":"https:\/\/minimax.md\/ru\/wp-json\/wp\/v2\/comments?post=42171"}],"version-history":[{"count":0,"href":"https:\/\/minimax.md\/ru\/wp-json\/wp\/v2\/product\/42171\/revisions"}],"wp:featuredmedia":[{"embeddable":true,"href":"https:\/\/minimax.md\/ru\/wp-json\/wp\/v2\/media\/42170"}],"wp:attachment":[{"href":"https:\/\/minimax.md\/ru\/wp-json\/wp\/v2\/media?parent=42171"}],"wp:term":[{"taxonomy":"product_brand","embeddable":true,"href":"https:\/\/minimax.md\/ru\/wp-json\/wp\/v2\/product_brand?post=42171"},{"taxonomy":"product_cat","embeddable":true,"href":"https:\/\/minimax.md\/ru\/wp-json\/wp\/v2\/product_cat?post=42171"},{"taxonomy":"product_tag","embeddable":true,"href":"https:\/\/minimax.md\/ru\/wp-json\/wp\/v2\/product_tag?post=42171"}],"curies":[{"name":"wp","href":"https:\/\/api.w.org\/{rel}","templated":true}]}}