{"id":42173,"date":"2023-11-28T13:10:49","date_gmt":"2023-11-28T10:10:49","guid":{"rendered":"https:\/\/minimax.md\/product\/42173.html"},"modified":"2023-11-28T13:29:54","modified_gmt":"2023-11-28T10:29:54","slug":"ru_ru-canpol-aspirator-dlja-nosa-trim-ro_ro-canpol-aspirator-nazal-2","status":"publish","type":"product","link":"https:\/\/minimax.md\/ru\/product\/42173.html","title":{"rendered":"Canpol \u0430\u0441\u043f\u0438\u0440\u0430\u0442\u043e\u0440 \u0434\u043b\u044f \u043d\u043e\u0441\u0430"},"content":{"rendered":"<p>[:ru_RU]\u0410\u0441\u043f\u0438\u0440\u0430\u0442\u043e\u0440 \u043f\u0440\u0435\u0434\u043d\u0430\u0437\u043d\u0430\u0447\u0435\u043d \u0434\u043b\u044f \u0434\u0435\u0442\u0435\u0439 \u0432 \u0432\u043e\u0437\u0440\u0430\u0441\u0442\u0435 \u0434\u043e 3 \u043b\u0435\u0442, \u043a\u043e\u0442\u043e\u0440\u044b\u0435 \u043d\u0435 \u0432 \u0441\u043e\u0441\u0442\u043e\u044f\u043d\u0438\u0438 \u0441\u0430\u043c\u043e\u0441\u0442\u043e\u044f\u0442\u0435\u043b\u044c\u043d\u043e \u043e\u0447\u0438\u0441\u0442\u0438\u0442\u044c \u043d\u043e\u0441\u043e\u0432\u044b\u0435 \u043f\u0440\u043e\u0445\u043e\u0434\u044b.<br \/>\n\u041e\u043d \u043f\u043e\u0437\u0432\u043e\u043b\u044f\u0435\u0442 \u0443\u0434\u0430\u043b\u0438\u0442\u044c \u0438\u0437\u0431\u044b\u0442\u043e\u043a \u0441\u0435\u043a\u0440\u0435\u0442\u0430, \u043a\u043e\u0442\u043e\u0440\u044b\u0435 \u043c\u043e\u0433\u0443\u0442 \u043f\u0440\u0438\u0432\u0435\u0441\u0442\u0438 \u043a \u0442\u0430\u043a\u0438\u043c \u043e\u0441\u043b\u043e\u0436\u043d\u0435\u043d\u0438\u044f\u043c, \u043a\u0430\u043a \u043a\u0430\u0448\u0435\u043b\u044c \u0438\u043b\u0438 \u0438\u043d\u0444\u0435\u043a\u0446\u0438\u0438 \u0443\u0445\u0430.<br \/>\n\u0421\u043f\u0435\u0446\u0438\u0430\u043b\u044c\u043d\u0430\u044f \u0444\u043e\u0440\u043c\u0430 \u043d\u0430\u043a\u043e\u043d\u0435\u0447\u043d\u0438\u043a\u0430 \u0430\u0441\u043f\u0438\u0440\u0430\u0442\u043e\u0440\u0430 \u043f\u0440\u0435\u0434\u043e\u0442\u0432\u0440\u0430\u0449\u0430\u0435\u0442 \u0441\u043b\u0438\u0448\u043a\u043e\u043c \u0433\u043b\u0443\u0431\u043e\u043a\u043e\u0435 \u0432\u0432\u0435\u0434\u0435\u043d\u0438\u0435.<br \/>\n\u041c\u044f\u0433\u043a\u0438\u0439 \u0441\u0438\u043b\u0438\u043a\u043e\u043d\u043e\u0432\u044b\u0439 \u043d\u0430\u043a\u043e\u043d\u0435\u0447\u043d\u0438\u043a \u0441\u043d\u0438\u0436\u0430\u0435\u0442 \u0440\u0438\u0441\u043a \u0440\u0430\u0437\u0434\u0440\u0430\u0436\u0435\u043d\u0438\u044f \u0438 \u0442\u0440\u0430\u0432\u043c\u044b, \u0435\u0441\u043b\u0438 \u0440\u0435\u0431\u0435\u043d\u043e\u043a \u043d\u0435\u043e\u0436\u0438\u0434\u0430\u043d\u043d\u043e \u043f\u0435\u0440\u0435\u043c\u0435\u0449\u0430\u0435\u0442 \u0433\u043e\u043b\u043e\u0432\u043a\u0443.<br \/>\n\u0415\u0433\u043e \u043f\u0440\u0435\u0438\u043c\u0443\u0449\u0435\u0441\u0442\u0432\u043e \u043d\u0430\u0434 \u0434\u0440\u0443\u0433\u0438\u043c\u0438 \u0442\u0430\u043a\u0438\u043c\u0438 \u0430\u043a\u0441\u0435\u0441\u0441\u0443\u0430\u0440\u0430\u043c\u0438 \u0440\u0435\u0433\u0443\u043b\u0438\u0440\u0443\u0435\u043c\u0430\u044f \u043c\u043e\u0449\u043d\u043e\u0441\u0442\u044c \u0432\u0441\u0430\u0441\u044b\u0432\u0430\u043d\u0438\u044f.<br \/>\n\u0423\u0441\u0442\u0440\u043e\u0439\u0441\u0442\u0432\u043e \u043e\u0447\u0435\u043d\u044c \u043b\u0435\u0433\u043a\u043e \u0438\u0441\u043f\u043e\u043b\u044c\u0437\u043e\u0432\u0430\u0442\u044c, \u043d\u0435 \u0442\u0440\u0435\u0431\u0443\u044e\u0442 \u0438\u0441\u043f\u043e\u043b\u044c\u0437\u043e\u0432\u0430\u043d\u0438\u044f \u0444\u0438\u043b\u044c\u0442\u0440\u043e\u0432 \u0438 \u0431\u0430\u0442\u0430\u0440\u0435\u0439.<br \/>\n\u0414\u043e\u0441\u0442\u0443\u043f\u0435\u043d \u0432 \u0442\u0440\u0435\u0445 \u0446\u0432\u0435\u0442\u043e\u0432\u044b\u0445 \u0432\u0430\u0440\u0438\u0430\u043d\u0442\u0430\u0445: \u0431\u0435\u043b\u044b\u0439, \u0440\u043e\u0437\u043e\u0432\u044b\u0439 \u0438\u043b\u0438 \u0433\u043e\u043b\u0443\u0431\u043e\u0439 \u043e\u043a\u043e\u043d\u0435\u0447\u043d\u043e\u0441\u0442\u0438[trim][:ro_RO]Aspirator este proiectat pentru copiii pina la 3 ani.<br \/>\nEl v\u0103 permite s\u0103 elimina\u021bi secre\u021biile exces, care poate duce la complicatii, cum ar fi tuse, sau o infectie a urechii.<br \/>\nForma speciala a v\u00e2rfului aspirare previne introducerea prea ad\u00e2nc. Sfat silicon moale reduce riscul de irita\u021bie sau r\u0103nire \u00een cazul \u00een care copilul se mut\u0103 brusc capul.<br \/>\n Aparatul este foarte usor de utilizat, nu necesit\u0103 utilizarea de filtre \u0219i baterii.<br \/>\nDisponibil \u00een trei culori: alb, roz sau albastru<\/p>\n","protected":false},"excerpt":{"rendered":"<p>[:ru_RU]\u0410\u0441\u043f\u0438\u0440\u0430\u0442\u043e\u0440 \u043f\u0440\u0435\u0434\u043d\u0430\u0437\u043d\u0430\u0447\u0435\u043d \u0434\u043b\u044f \u0434\u0435\u0442\u0435\u0439 \u0432 \u0432\u043e\u0437\u0440\u0430\u0441\u0442\u0435 \u0434\u043e 3 \u043b\u0435\u0442, \u043a\u043e\u0442\u043e\u0440\u044b\u0435 \u043d\u0435 \u0432 \u0441\u043e\u0441\u0442\u043e\u044f\u043d\u0438\u0438 \u0441\u0430\u043c\u043e\u0441\u0442\u043e\u044f\u0442\u0435\u043b\u044c\u043d\u043e \u043e\u0447\u0438\u0441\u0442\u0438\u0442\u044c \u043d\u043e\u0441\u043e\u0432\u044b\u0435 \u043f\u0440\u043e\u0445\u043e\u0434\u044b. \u041e\u043d \u043f\u043e\u0437\u0432\u043e\u043b\u044f\u0435\u0442 \u0443\u0434\u0430\u043b\u0438\u0442\u044c \u0438\u0437\u0431\u044b\u0442\u043e\u043a \u0441\u0435\u043a\u0440\u0435\u0442\u0430, \u043a\u043e\u0442\u043e\u0440\u044b\u0435 \u043c\u043e\u0433\u0443\u0442 \u043f\u0440\u0438\u0432\u0435\u0441\u0442\u0438 \u043a \u0442\u0430\u043a\u0438\u043c \u043e\u0441\u043b\u043e\u0436\u043d\u0435\u043d\u0438\u044f\u043c, \u043a\u0430\u043a \u043a\u0430\u0448\u0435\u043b\u044c \u0438\u043b\u0438 \u0438\u043d\u0444\u0435\u043a\u0446\u0438\u0438 \u0443\u0445\u0430. \u0421\u043f\u0435\u0446\u0438\u0430\u043b\u044c\u043d\u0430\u044f \u0444\u043e\u0440\u043c\u0430 \u043d\u0430\u043a\u043e\u043d\u0435\u0447\u043d\u0438\u043a\u0430 \u0430\u0441\u043f\u0438\u0440\u0430\u0442\u043e\u0440\u0430 \u043f\u0440\u0435\u0434\u043e\u0442\u0432\u0440\u0430\u0449\u0430\u0435\u0442 \u0441\u043b\u0438\u0448\u043a\u043e\u043c \u0433\u043b\u0443\u0431\u043e\u043a\u043e\u0435 \u0432\u0432\u0435\u0434\u0435\u043d\u0438\u0435. \u041c\u044f\u0433\u043a\u0438\u0439 \u0441\u0438\u043b\u0438\u043a\u043e\u043d\u043e\u0432\u044b\u0439 \u043d\u0430\u043a\u043e\u043d\u0435\u0447\u043d\u0438\u043a \u0441\u043d\u0438\u0436\u0430\u0435\u0442 \u0440\u0438\u0441\u043a \u0440\u0430\u0437\u0434\u0440\u0430\u0436\u0435\u043d\u0438\u044f \u0438 \u0442\u0440\u0430\u0432\u043c\u044b, \u0435\u0441\u043b\u0438 \u0440\u0435\u0431\u0435\u043d\u043e\u043a \u043d\u0435\u043e\u0436\u0438\u0434\u0430\u043d\u043d\u043e \u043f\u0435\u0440\u0435\u043c\u0435\u0449\u0430\u0435\u0442 \u0433\u043e\u043b\u043e\u0432\u043a\u0443. \u0415\u0433\u043e [&hellip;]<\/p>\n","protected":false},"featured_media":0,"comment_status":"open","ping_status":"closed","template":"","meta":{"_acf_changed":false},"product_brand":[],"product_cat":[6765],"product_tag":[],"class_list":{"0":"post-42173","1":"product","2":"type-product","3":"status-publish","5":"product_cat-ru_ru-nazalnye-aspiratory-t","7":"first","8":"instock","9":"shipping-taxable","10":"purchasable","11":"product-type-simple"},"acf":[],"_links":{"self":[{"href":"https:\/\/minimax.md\/ru\/wp-json\/wp\/v2\/product\/42173","targetHints":{"allow":["GET"]}}],"collection":[{"href":"https:\/\/minimax.md\/ru\/wp-json\/wp\/v2\/product"}],"about":[{"href":"https:\/\/minimax.md\/ru\/wp-json\/wp\/v2\/types\/product"}],"replies":[{"embeddable":true,"href":"https:\/\/minimax.md\/ru\/wp-json\/wp\/v2\/comments?post=42173"}],"version-history":[{"count":0,"href":"https:\/\/minimax.md\/ru\/wp-json\/wp\/v2\/product\/42173\/revisions"}],"wp:attachment":[{"href":"https:\/\/minimax.md\/ru\/wp-json\/wp\/v2\/media?parent=42173"}],"wp:term":[{"taxonomy":"product_brand","embeddable":true,"href":"https:\/\/minimax.md\/ru\/wp-json\/wp\/v2\/product_brand?post=42173"},{"taxonomy":"product_cat","embeddable":true,"href":"https:\/\/minimax.md\/ru\/wp-json\/wp\/v2\/product_cat?post=42173"},{"taxonomy":"product_tag","embeddable":true,"href":"https:\/\/minimax.md\/ru\/wp-json\/wp\/v2\/product_tag?post=42173"}],"curies":[{"name":"wp","href":"https:\/\/api.w.org\/{rel}","templated":true}]}}