{"id":42177,"date":"2023-11-28T13:10:50","date_gmt":"2023-11-28T10:10:50","guid":{"rendered":"https:\/\/minimax.md\/product\/42177.html"},"modified":"2023-11-28T13:29:54","modified_gmt":"2023-11-28T10:29:54","slug":"ru_ru-lovi-neprolivajushhij-poilnik-indian-summer-12-mes-250-ml-trim-ro_ro-lovi-c-nu-indian-summer-12-luni-250-ml-2","status":"publish","type":"product","link":"https:\/\/minimax.md\/ru\/product\/42177.html","title":{"rendered":"Lovi \u041d\u0435\u043f\u0440\u043e\u043b\u0438\u0432\u0430\u044e\u0449\u0438\u0439 \u043f\u043e\u0438\u043b\u044c\u043d\u0438\u043a Indian Summer, 12+ \u043c\u0435\u0441,250 \u043c\u043b"},"content":{"rendered":"<p>[:ru_RU]\u041f\u043e\u0438\u043b\u044c\u043d\u0438\u043a \u043d\u0435\u043f\u0440\u043e\u043b\u0438\u0432\u0430\u044e\u0449\u0438\u0439 Lovi \u043e\u0431\u043b\u0435\u0433\u0447\u0430\u0435\u0442 \u0434\u043b\u044f \u043c\u0430\u043b\u044b\u0448\u0430 \u043f\u0440\u043e\u0446\u0435\u0441\u0441 \u043f\u0435\u0440\u0435\u0445\u043e\u0434\u0430 \u043e\u0442 \u0431\u0443\u0442\u044b\u043b\u043e\u0447\u043a\u0438 \u043a \u043f\u0438\u0442\u044c\u044e \u0438\u0437 \u043e\u0431\u044b\u0447\u043d\u043e\u0439 \u043a\u0440\u0443\u0436\u043a\u0438.<br \/>\n\u041f\u0440\u0435\u0438\u043c\u0443\u0449\u0435\u0441\u0442\u0432\u0430 \u043d\u0435\u043f\u0440\u043e\u043b\u0438\u0432\u0430\u0439\u043a\u0438:<br \/>\n&#8211; \u041f\u043e\u0437\u0432\u043e\u043b\u044f\u0435\u0442 \u043f\u0438\u0442\u044c, \u043d\u0435 \u043f\u0440\u043e\u043b\u0438\u0432\u0430\u044f \u0436\u0438\u0434\u043a\u043e\u0441\u0442\u0438.<br \/>\n&#8211; \u041e\u0441\u043d\u0430\u0449\u0435\u043d\u0430 \u0441\u0438\u043b\u0438\u043a\u043e\u043d\u043e\u0432\u044b\u043c \u043d\u043e\u0441\u0438\u043a\u043e\u043c \u0438 \u0438\u043c\u0435\u0435\u0442 \u043a\u043b\u0430\u043f\u0430\u043d, \u043a\u043e\u0442\u043e\u0440\u044b\u0439 \u043f\u043e\u0437\u0432\u043e\u043b\u044f\u0435\u0442 \u0440\u0435\u0433\u0443\u043b\u0438\u0440\u043e\u0432\u0430\u0442\u044c \u0441\u043a\u043e\u0440\u043e\u0441\u0442\u044c \u043f\u043e\u0442\u043e\u043a\u0430 \u0432 \u0437\u0430\u0432\u0438\u0441\u0438\u043c\u043e\u0441\u0442\u0438 \u043e\u0442 \u043f\u043e\u0442\u0440\u0435\u0431\u043d\u043e\u0441\u0442\u0435\u0439 \u0438 \u0432\u043e\u0437\u0440\u0430\u0441\u0442\u0430 \u0440\u0435\u0431\u0451\u043d\u043a\u0430.<br \/>\n\u041a\u043b\u0430\u043f\u0430\u043d \u043f\u043e\u0437\u0432\u043e\u043b\u044f\u0435\u0442 \u0432\u044b\u0442\u0435\u043a\u0430\u0442\u044c \u0436\u0438\u0434\u043a\u043e\u0441\u0442\u0438 \u0442\u043e\u043b\u044c\u043a\u043e \u0432\u043e \u0432\u0440\u0435\u043c\u044f \u0441\u043e\u0441\u0430\u043d\u0438\u044f.<br \/>\n&#8211; \u041c\u044f\u0433\u043a\u0438\u0439 \u043c\u0430\u0442\u0435\u0440\u0438\u0430\u043b \u043d\u0435 \u0440\u0430\u0437\u0434\u0440\u0430\u0436\u0430\u0435\u0442 \u0434\u0435\u0441\u043d\u044b \u0440\u0435\u0431\u0451\u043d\u043a\u0430.<br \/>\n&#8211; \u041a\u043e\u043b\u043f\u0430\u0447\u043e\u043a \u0438\u0434\u0435\u0430\u043b\u044c\u043d\u043e \u043f\u043e\u0434\u0445\u043e\u0434\u0438\u0442 \u0434\u043b\u044f \u0444\u0440\u0443\u043a\u0442\u043e\u0432\u043e\u0433\u043e \u043c\u0443\u0441\u0441\u0430, \u043b\u0435\u043a\u0430\u0440\u0441\u0442\u0432 \u0438\u043b\u0438 \u0434\u0440\u0443\u0433\u0438\u0445 \u043f\u0440\u043e\u0434\u0443\u043a\u0442\u043e\u0432.<br \/>\n&#8211; \u0421\u0442\u0438\u043b\u044c\u043d\u044b\u0439 \u043f\u043e\u0438\u043b\u044c\u043d\u0438\u043a \u043f\u043e\u0437\u0432\u043e\u043b\u044f\u0435\u0442 \u043c\u0430\u043b\u044b\u0448\u0443 \u043f\u0438\u0442\u044c \u0431\u0435\u0437 \u043f\u0440\u043e\u043b\u0438\u0432\u0430\u043d\u0438\u044f. \u041d\u0435 \u043f\u0440\u0435\u043f\u044f\u0442\u0441\u0442\u0432\u0443\u0435\u0442 \u0441\u043e\u0441\u0430\u0442\u0435\u043b\u044c\u043d\u043e\u043c\u0443 \u0440\u0435\u0444\u043b\u0435\u043a\u0441\u0443.<br \/>\n\u0418\u043c\u0435\u0435\u0442 \u043d\u0435\u0441\u043a\u043e\u043b\u044c\u0437\u044f\u0449\u0435\u0435 \u0434\u043d\u043e \u0438 \u043a\u043e\u043b\u043f\u0430\u0447\u043e\u043a, \u0437\u0430\u0449\u0438\u0449\u0430\u044e\u0449\u0438\u0439 \u043d\u043e\u0441\u0438\u043a \u043e\u0442 \u0433\u0440\u044f\u0437\u0438.<br \/>\n&#8211; \u041f\u0440\u043e\u0444\u0438\u043b\u0438\u0440\u043e\u0432\u0430\u043d\u043d\u044b\u0435 \u0440\u0443\u0447\u043a\u0438 \u0443\u0434\u043e\u0431\u043d\u044b \u0434\u043b\u044f \u043c\u0430\u043b\u0435\u043d\u044c\u043a\u0438\u0445 \u043f\u0430\u043b\u044c\u0447\u0438\u043a\u043e\u0432.<br \/>\n&#8211; \u0421\u043e\u0432\u043c\u0435\u0441\u0442\u0438\u043c \u0441 \u043f\u043e\u0438\u043b\u044c\u043d\u0438\u043a\u043e\u043c LOVI 360 \u00b0.<br \/>\n&#8211; \u041d\u0435 \u0441\u043e\u0434\u0435\u0440\u0436\u0438\u0442 \u0431\u0438\u0441\u0444\u0435\u043d\u043e\u043b\u0430-\u0410.<br \/>\n&#8211; \u0412\u043e\u0437\u0440\u0430\u0441\u0442: \u043e\u0442 12 \u043c\u0435\u0441\u044f\u0446\u0435\u0432.<br \/>\n&#8211; \u041e\u0431\u044a\u0451\u043c: 250 \u043c\u043b.[trim][:ro_RO]Permite copilului s\u0103 bea f\u0103r\u0103 a v\u0103rsa lichide.<br \/>\n&#8211; Este echipat cu nas de silicon \u0219i are o supap\u0103 care v\u0103 permite s\u0103 regla\u021bi debitul \u00een func\u021bie de nevoile \u0219i v\u00e2rsta copilului. Supapa permite lichidului s\u0103 curg\u0103 numai \u00een timpul aspira\u021biei.<br \/>\n&#8211; Materialul moale nu irit\u0103 gingiile copilului.<br \/>\n&#8211; Capacul este ideal pentru mousse de fructe, medicamente sau alte produse.<br \/>\n&#8211; Un b\u0103utor elegant permite bebelu\u0219ului s\u0103 bea f\u0103r\u0103 s\u0103 se v\u0103rs\u0103. Nu interfereaz\u0103 cu reflexul de supt.<br \/>\n&#8211; Are fundul antiderapant \u0219i capacul care protejeaz\u0103 nasul de murd\u0103rie.<br \/>\n&#8211; M\u00e2nerele profilate sunt convenabile pentru degetele mici.<br \/>\n&#8211; Compatibil cu b\u0103utorul LOVI 360 \u00b0.<br \/>\n&#8211; Nu con\u021bine bisfenol-A.<br \/>\n&#8211; V\u00e2rsta: de la 12 luni.<br \/>\n&#8211; Volum: 250 ml.<\/p>\n","protected":false},"excerpt":{"rendered":"<p>[:ru_RU]\u041f\u043e\u0438\u043b\u044c\u043d\u0438\u043a \u043d\u0435\u043f\u0440\u043e\u043b\u0438\u0432\u0430\u044e\u0449\u0438\u0439 Lovi \u043e\u0431\u043b\u0435\u0433\u0447\u0430\u0435\u0442 \u0434\u043b\u044f \u043c\u0430\u043b\u044b\u0448\u0430 \u043f\u0440\u043e\u0446\u0435\u0441\u0441 \u043f\u0435\u0440\u0435\u0445\u043e\u0434\u0430 \u043e\u0442 \u0431\u0443\u0442\u044b\u043b\u043e\u0447\u043a\u0438 \u043a \u043f\u0438\u0442\u044c\u044e \u0438\u0437 \u043e\u0431\u044b\u0447\u043d\u043e\u0439 \u043a\u0440\u0443\u0436\u043a\u0438. \u041f\u0440\u0435\u0438\u043c\u0443\u0449\u0435\u0441\u0442\u0432\u0430 \u043d\u0435\u043f\u0440\u043e\u043b\u0438\u0432\u0430\u0439\u043a\u0438: &#8211; \u041f\u043e\u0437\u0432\u043e\u043b\u044f\u0435\u0442 \u043f\u0438\u0442\u044c, \u043d\u0435 \u043f\u0440\u043e\u043b\u0438\u0432\u0430\u044f \u0436\u0438\u0434\u043a\u043e\u0441\u0442\u0438. &#8211; \u041e\u0441\u043d\u0430\u0449\u0435\u043d\u0430 \u0441\u0438\u043b\u0438\u043a\u043e\u043d\u043e\u0432\u044b\u043c \u043d\u043e\u0441\u0438\u043a\u043e\u043c \u0438 \u0438\u043c\u0435\u0435\u0442 \u043a\u043b\u0430\u043f\u0430\u043d, \u043a\u043e\u0442\u043e\u0440\u044b\u0439 \u043f\u043e\u0437\u0432\u043e\u043b\u044f\u0435\u0442 \u0440\u0435\u0433\u0443\u043b\u0438\u0440\u043e\u0432\u0430\u0442\u044c \u0441\u043a\u043e\u0440\u043e\u0441\u0442\u044c \u043f\u043e\u0442\u043e\u043a\u0430 \u0432 \u0437\u0430\u0432\u0438\u0441\u0438\u043c\u043e\u0441\u0442\u0438 \u043e\u0442 \u043f\u043e\u0442\u0440\u0435\u0431\u043d\u043e\u0441\u0442\u0435\u0439 \u0438 \u0432\u043e\u0437\u0440\u0430\u0441\u0442\u0430 \u0440\u0435\u0431\u0451\u043d\u043a\u0430. \u041a\u043b\u0430\u043f\u0430\u043d \u043f\u043e\u0437\u0432\u043e\u043b\u044f\u0435\u0442 \u0432\u044b\u0442\u0435\u043a\u0430\u0442\u044c \u0436\u0438\u0434\u043a\u043e\u0441\u0442\u0438 \u0442\u043e\u043b\u044c\u043a\u043e \u0432\u043e \u0432\u0440\u0435\u043c\u044f \u0441\u043e\u0441\u0430\u043d\u0438\u044f. &#8211; \u041c\u044f\u0433\u043a\u0438\u0439 \u043c\u0430\u0442\u0435\u0440\u0438\u0430\u043b \u043d\u0435 \u0440\u0430\u0437\u0434\u0440\u0430\u0436\u0430\u0435\u0442 [&hellip;]<\/p>\n","protected":false},"featured_media":42176,"comment_status":"open","ping_status":"closed","template":"","meta":{"_acf_changed":false},"product_brand":[],"product_cat":[6790],"product_tag":[],"class_list":{"0":"post-42177","1":"product","2":"type-product","3":"status-publish","4":"has-post-thumbnail","6":"product_cat-ru_ru-kruzhki-i-poilniki-tr","8":"first","9":"instock","10":"shipping-taxable","11":"purchasable","12":"product-type-simple"},"acf":[],"_links":{"self":[{"href":"https:\/\/minimax.md\/ru\/wp-json\/wp\/v2\/product\/42177","targetHints":{"allow":["GET"]}}],"collection":[{"href":"https:\/\/minimax.md\/ru\/wp-json\/wp\/v2\/product"}],"about":[{"href":"https:\/\/minimax.md\/ru\/wp-json\/wp\/v2\/types\/product"}],"replies":[{"embeddable":true,"href":"https:\/\/minimax.md\/ru\/wp-json\/wp\/v2\/comments?post=42177"}],"version-history":[{"count":0,"href":"https:\/\/minimax.md\/ru\/wp-json\/wp\/v2\/product\/42177\/revisions"}],"wp:featuredmedia":[{"embeddable":true,"href":"https:\/\/minimax.md\/ru\/wp-json\/wp\/v2\/media\/42176"}],"wp:attachment":[{"href":"https:\/\/minimax.md\/ru\/wp-json\/wp\/v2\/media?parent=42177"}],"wp:term":[{"taxonomy":"product_brand","embeddable":true,"href":"https:\/\/minimax.md\/ru\/wp-json\/wp\/v2\/product_brand?post=42177"},{"taxonomy":"product_cat","embeddable":true,"href":"https:\/\/minimax.md\/ru\/wp-json\/wp\/v2\/product_cat?post=42177"},{"taxonomy":"product_tag","embeddable":true,"href":"https:\/\/minimax.md\/ru\/wp-json\/wp\/v2\/product_tag?post=42177"}],"curies":[{"name":"wp","href":"https:\/\/api.w.org\/{rel}","templated":true}]}}