{"id":42181,"date":"2023-11-28T13:10:50","date_gmt":"2023-11-28T10:10:50","guid":{"rendered":"https:\/\/minimax.md\/product\/42181.html"},"modified":"2023-11-28T13:29:54","modified_gmt":"2023-11-28T10:29:54","slug":"ru_ru-canpol-poilnik-neprolivajka-250-ml-trim-ro_ro-canpol-c-nu-anticurgere-250-ml","status":"publish","type":"product","link":"https:\/\/minimax.md\/ru\/product\/42181.html","title":{"rendered":"Canpol \u043f\u043e\u0438\u043b\u044c\u043d\u0438\u043a \u043d\u0435\u043f\u0440\u043e\u043b\u0438\u0432\u0430\u0439\u043a\u0430 250 \u043c\u043b"},"content":{"rendered":"<p>[:ru_RU]\u041f\u043e\u0438\u043b\u044c\u043d\u0438\u043a Canpol Babies \u0441\u043e \u0441\u043a\u043b\u0430\u0434\u044b\u0432\u0430\u044e\u0449\u0435\u0439\u0441\u044f \u0441\u0438\u043b\u0438\u043a\u043e\u043d\u043e\u0432\u043e\u0439 \u0442\u0440\u0443\u0431\u043e\u0447\u043a\u043e\u0439, \u043a\u043e\u0442\u043e\u0440\u0430\u044f \u043b\u0435\u0433\u043a\u043e \u0441\u043a\u0440\u044b\u0432\u0430\u0435\u0442\u0441\u044f \u2014 \u043f\u043e\u043c\u043e\u0433\u0430\u0435\u0442 \u0441\u043e\u0445\u0440\u0430\u043d\u044f\u0442\u044c \u0442\u0440\u0443\u0431\u043e\u0447\u043a\u0443 \u0432 \u0447\u0438\u0441\u0442\u043e\u0442\u0435 \u0438 \u043f\u0440\u0435\u0434\u043e\u0442\u0432\u0440\u0430\u0449\u0430\u0435\u0442 \u043d\u0435\u0436\u0435\u043b\u0430\u0442\u0435\u043b\u044c\u043d\u043e\u0435 \u043f\u0440\u043e\u043b\u0438\u0432\u0430\u043d\u0438\u0435 \u043d\u0430\u043f\u0438\u0442\u043a\u0430.<br \/>\n\u041e\u0441\u043e\u0431\u0435\u043d\u043d\u043e\u0441\u0442\u0438:<br \/>\n\u0422\u0440\u0443\u0431\u043e\u0447\u043a\u0430 \u0438\u043c\u0435\u0435\u0442 \u0443\u0442\u044f\u0436\u0435\u043b\u0438\u0442\u0435\u043b\u044c \u043d\u0430 \u043a\u043e\u043d\u0446\u0435 \u2014 \u043f\u043e\u0437\u0432\u043e\u043b\u044f\u0435\u0442 \u043f\u0438\u0442\u044c \u0438\u0437 \u043a\u0440\u0443\u0436\u043a\u0438 \u043f\u043e\u0434 \u043b\u044e\u0431\u044b\u043c \u0443\u0433\u043b\u043e\u043c<br \/>\n\u0423\u0434\u043e\u0431\u043d\u044b\u0435 \u0440\u0443\u0447\u043a\u0438 \u2014 \u043e\u0431\u043b\u0435\u0433\u0447\u0430\u044e\u0442 \u0443\u0434\u0435\u0440\u0436\u0430\u043d\u0438\u0435 \u043a\u0440\u0443\u0436\u043a\u0438 \u043c\u0430\u043b\u0435\u043d\u044c\u043a\u0438\u043c\u0438 \u0440\u0443\u0447\u043a\u0430\u043c\u0438 \u043c\u0430\u043b\u044b\u0448\u0430<br \/>\n\u041f\u0440\u043e\u0437\u0440\u0430\u0447\u043d\u043e\u0441\u0442\u044c \u2014 \u043f\u043e\u0437\u0432\u043e\u043b\u044f\u0435\u0442 \u043a\u043e\u043d\u0442\u0440\u043e\u043b\u0438\u0440\u043e\u0432\u0430\u0442\u044c \u043a\u043e\u043b\u0438\u0447\u0435\u0441\u0442\u0432\u043e \u0436\u0438\u0434\u043a\u043e\u0441\u0442\u0438 \u0432 \u043a\u0440\u0443\u0436\u043a\u0435<br \/>\n\u0412\u043e\u0437\u0440\u0430\u0441\u0442: \u0441 9 \u043c\u0435\u0441[trim][:ro_RO]Caracteristici:<br \/>\nTubul are un agent de ponderare la sf\u00e2r\u0219it &#8211; v\u0103 permite s\u0103 be\u021bi dintr-o cea\u0219c\u0103 \u00een orice unghi<br \/>\nM\u00e2nerele convenabile &#8211; u\u0219ureaz\u0103 men\u021binerea unei cani cu m\u00e2inile mici pentru bebelu\u0219i<br \/>\nTransparen\u021b\u0103 &#8211; v\u0103 permite s\u0103 controla\u021bi cantitatea de lichid din cerc<br \/>\nV\u00e2rsta: de la 9 luni<br \/>\nVolum: 250 ml.<\/p>\n","protected":false},"excerpt":{"rendered":"<p>[:ru_RU]\u041f\u043e\u0438\u043b\u044c\u043d\u0438\u043a Canpol Babies \u0441\u043e \u0441\u043a\u043b\u0430\u0434\u044b\u0432\u0430\u044e\u0449\u0435\u0439\u0441\u044f \u0441\u0438\u043b\u0438\u043a\u043e\u043d\u043e\u0432\u043e\u0439 \u0442\u0440\u0443\u0431\u043e\u0447\u043a\u043e\u0439, \u043a\u043e\u0442\u043e\u0440\u0430\u044f \u043b\u0435\u0433\u043a\u043e \u0441\u043a\u0440\u044b\u0432\u0430\u0435\u0442\u0441\u044f \u2014 \u043f\u043e\u043c\u043e\u0433\u0430\u0435\u0442 \u0441\u043e\u0445\u0440\u0430\u043d\u044f\u0442\u044c \u0442\u0440\u0443\u0431\u043e\u0447\u043a\u0443 \u0432 \u0447\u0438\u0441\u0442\u043e\u0442\u0435 \u0438 \u043f\u0440\u0435\u0434\u043e\u0442\u0432\u0440\u0430\u0449\u0430\u0435\u0442 \u043d\u0435\u0436\u0435\u043b\u0430\u0442\u0435\u043b\u044c\u043d\u043e\u0435 \u043f\u0440\u043e\u043b\u0438\u0432\u0430\u043d\u0438\u0435 \u043d\u0430\u043f\u0438\u0442\u043a\u0430. \u041e\u0441\u043e\u0431\u0435\u043d\u043d\u043e\u0441\u0442\u0438: \u0422\u0440\u0443\u0431\u043e\u0447\u043a\u0430 \u0438\u043c\u0435\u0435\u0442 \u0443\u0442\u044f\u0436\u0435\u043b\u0438\u0442\u0435\u043b\u044c \u043d\u0430 \u043a\u043e\u043d\u0446\u0435 \u2014 \u043f\u043e\u0437\u0432\u043e\u043b\u044f\u0435\u0442 \u043f\u0438\u0442\u044c \u0438\u0437 \u043a\u0440\u0443\u0436\u043a\u0438 \u043f\u043e\u0434 \u043b\u044e\u0431\u044b\u043c \u0443\u0433\u043b\u043e\u043c \u0423\u0434\u043e\u0431\u043d\u044b\u0435 \u0440\u0443\u0447\u043a\u0438 \u2014 \u043e\u0431\u043b\u0435\u0433\u0447\u0430\u044e\u0442 \u0443\u0434\u0435\u0440\u0436\u0430\u043d\u0438\u0435 \u043a\u0440\u0443\u0436\u043a\u0438 \u043c\u0430\u043b\u0435\u043d\u044c\u043a\u0438\u043c\u0438 \u0440\u0443\u0447\u043a\u0430\u043c\u0438 \u043c\u0430\u043b\u044b\u0448\u0430 \u041f\u0440\u043e\u0437\u0440\u0430\u0447\u043d\u043e\u0441\u0442\u044c \u2014 \u043f\u043e\u0437\u0432\u043e\u043b\u044f\u0435\u0442 \u043a\u043e\u043d\u0442\u0440\u043e\u043b\u0438\u0440\u043e\u0432\u0430\u0442\u044c \u043a\u043e\u043b\u0438\u0447\u0435\u0441\u0442\u0432\u043e \u0436\u0438\u0434\u043a\u043e\u0441\u0442\u0438 \u0432 \u043a\u0440\u0443\u0436\u043a\u0435 \u0412\u043e\u0437\u0440\u0430\u0441\u0442: \u0441 9 [&hellip;]<\/p>\n","protected":false},"featured_media":42180,"comment_status":"open","ping_status":"closed","template":"","meta":{"_acf_changed":false},"product_brand":[],"product_cat":[6790],"product_tag":[],"class_list":{"0":"post-42181","1":"product","2":"type-product","3":"status-publish","4":"has-post-thumbnail","6":"product_cat-ru_ru-kruzhki-i-poilniki-tr","8":"first","9":"instock","10":"shipping-taxable","11":"purchasable","12":"product-type-simple"},"acf":[],"_links":{"self":[{"href":"https:\/\/minimax.md\/ru\/wp-json\/wp\/v2\/product\/42181","targetHints":{"allow":["GET"]}}],"collection":[{"href":"https:\/\/minimax.md\/ru\/wp-json\/wp\/v2\/product"}],"about":[{"href":"https:\/\/minimax.md\/ru\/wp-json\/wp\/v2\/types\/product"}],"replies":[{"embeddable":true,"href":"https:\/\/minimax.md\/ru\/wp-json\/wp\/v2\/comments?post=42181"}],"version-history":[{"count":0,"href":"https:\/\/minimax.md\/ru\/wp-json\/wp\/v2\/product\/42181\/revisions"}],"wp:featuredmedia":[{"embeddable":true,"href":"https:\/\/minimax.md\/ru\/wp-json\/wp\/v2\/media\/42180"}],"wp:attachment":[{"href":"https:\/\/minimax.md\/ru\/wp-json\/wp\/v2\/media?parent=42181"}],"wp:term":[{"taxonomy":"product_brand","embeddable":true,"href":"https:\/\/minimax.md\/ru\/wp-json\/wp\/v2\/product_brand?post=42181"},{"taxonomy":"product_cat","embeddable":true,"href":"https:\/\/minimax.md\/ru\/wp-json\/wp\/v2\/product_cat?post=42181"},{"taxonomy":"product_tag","embeddable":true,"href":"https:\/\/minimax.md\/ru\/wp-json\/wp\/v2\/product_tag?post=42181"}],"curies":[{"name":"wp","href":"https:\/\/api.w.org\/{rel}","templated":true}]}}