{"id":42185,"date":"2023-11-28T13:10:51","date_gmt":"2023-11-28T10:10:51","guid":{"rendered":"https:\/\/minimax.md\/product\/42185.html"},"modified":"2023-11-28T13:29:54","modified_gmt":"2023-11-28T10:29:54","slug":"ru_ru-canpol-poilnik-ptichki-300-ml-trim-ro_ro-canpol-c-nu-birds-300-ml","status":"publish","type":"product","link":"https:\/\/minimax.md\/ru\/product\/42185.html","title":{"rendered":"Canpol \u043f\u043e\u0438\u043b\u044c\u043d\u0438\u043a \u041f\u0442\u0438\u0447\u043a\u0438 300 \u043c\u043b"},"content":{"rendered":"<p>[:ru_RU]\u041f\u043e\u0438\u043b\u044c\u043d\u0438\u043a \u0442\u0440\u0435\u043d\u0438\u0440\u043e\u0432\u043e\u0447\u043d\u044b\u0439 \u0441 \u043c\u044f\u0433\u043a\u0438\u043c \u0441\u0438\u043b\u0438\u043a\u043e\u043d\u043e\u0432\u044b\u043c \u043d\u043e\u0441\u0438\u043a\u043e\u043c \u0438 \u0440\u0443\u0447\u043a\u0430\u043c\u0438.<br \/>\n\u041f\u043e\u0438\u043b\u044c\u043d\u0438\u043a \u0438\u0434\u0435\u0430\u043b\u044c\u043d\u044b\u0439 \u0434\u043b\u044f \u043e\u0431\u0443\u0447\u0435\u043d\u0438\u044f \u0434\u0435\u0442\u0435\u0439 \u0441\u0430\u043c\u043e\u0441\u0442\u043e\u044f\u0442\u0435\u043b\u044c\u043d\u043e\u043c\u0443 \u043f\u0438\u0442\u044c\u044e, \u0430 \u0448\u0438\u0440\u043e\u043a\u0438\u0435 \u0440\u0443\u0447\u043a\u0438 \u043f\u043e\u0437\u0432\u043e\u043b\u044f\u044e\u0442 \u0432\u0430\u0448\u0435\u043c\u0443 \u0440\u0435\u0431\u0435\u043d\u043a\u0443 \u0443\u0434\u043e\u0431\u043d\u043e \u0443\u0434\u0435\u0440\u0436\u0438\u0432\u0430\u0442\u044c \u0435\u0433\u043e.<br \/>\n\u041c\u044f\u0433\u043a\u0438\u0439 \u0441\u0438\u043b\u0438\u043a\u043e\u043d\u043e\u0432\u044b\u0439 \u043d\u043e\u0441\u0438\u043a \u043d\u0435 \u0440\u0430\u0437\u0434\u0440\u0430\u0436\u0430\u0435\u0442 \u0447\u0443\u0432\u0441\u0442\u0432\u0438\u0442\u0435\u043b\u044c\u043d\u044b\u0445 \u0434\u0435\u0441\u0435\u043d \u0438 \u0437\u0443\u0431\u043e\u0432 \u0440\u0435\u0431\u0435\u043d\u043a\u0430.<br \/>\n\u041e\u0431\u044a\u0435\u043c &#8211; 300 \u043c\u043b.[trim][:ro_RO]Cana de \u00eenv\u0103\u021bare Birds cu butuc de silicon moale \u0219i m\u00e2nere.<br \/>\nCana este ideala pentru a \u00eenv\u0103\u021ba copiii s\u0103 bea \u00een mod independent, iar m\u00e2nerele largi permit copilului s\u0103 o \u021bin\u0103 confortabil.<br \/>\nGura de silicon moale nu irit\u0103 gingiile sensibile \u0219i din\u021bii copiilor.<br \/>\nVolum &#8211; 300 ml<\/p>\n","protected":false},"excerpt":{"rendered":"<p>[:ru_RU]\u041f\u043e\u0438\u043b\u044c\u043d\u0438\u043a \u0442\u0440\u0435\u043d\u0438\u0440\u043e\u0432\u043e\u0447\u043d\u044b\u0439 \u0441 \u043c\u044f\u0433\u043a\u0438\u043c \u0441\u0438\u043b\u0438\u043a\u043e\u043d\u043e\u0432\u044b\u043c \u043d\u043e\u0441\u0438\u043a\u043e\u043c \u0438 \u0440\u0443\u0447\u043a\u0430\u043c\u0438. \u041f\u043e\u0438\u043b\u044c\u043d\u0438\u043a \u0438\u0434\u0435\u0430\u043b\u044c\u043d\u044b\u0439 \u0434\u043b\u044f \u043e\u0431\u0443\u0447\u0435\u043d\u0438\u044f \u0434\u0435\u0442\u0435\u0439 \u0441\u0430\u043c\u043e\u0441\u0442\u043e\u044f\u0442\u0435\u043b\u044c\u043d\u043e\u043c\u0443 \u043f\u0438\u0442\u044c\u044e, \u0430 \u0448\u0438\u0440\u043e\u043a\u0438\u0435 \u0440\u0443\u0447\u043a\u0438 \u043f\u043e\u0437\u0432\u043e\u043b\u044f\u044e\u0442 \u0432\u0430\u0448\u0435\u043c\u0443 \u0440\u0435\u0431\u0435\u043d\u043a\u0443 \u0443\u0434\u043e\u0431\u043d\u043e \u0443\u0434\u0435\u0440\u0436\u0438\u0432\u0430\u0442\u044c \u0435\u0433\u043e. \u041c\u044f\u0433\u043a\u0438\u0439 \u0441\u0438\u043b\u0438\u043a\u043e\u043d\u043e\u0432\u044b\u0439 \u043d\u043e\u0441\u0438\u043a \u043d\u0435 \u0440\u0430\u0437\u0434\u0440\u0430\u0436\u0430\u0435\u0442 \u0447\u0443\u0432\u0441\u0442\u0432\u0438\u0442\u0435\u043b\u044c\u043d\u044b\u0445 \u0434\u0435\u0441\u0435\u043d \u0438 \u0437\u0443\u0431\u043e\u0432 \u0440\u0435\u0431\u0435\u043d\u043a\u0430. \u041e\u0431\u044a\u0435\u043c &#8211; 300 \u043c\u043b.[trim][:ro_RO]Cana de \u00eenv\u0103\u021bare Birds cu butuc de silicon moale \u0219i m\u00e2nere. Cana este ideala pentru a \u00eenv\u0103\u021ba copiii [&hellip;]<\/p>\n","protected":false},"featured_media":42184,"comment_status":"open","ping_status":"closed","template":"","meta":{"_acf_changed":false},"product_brand":[],"product_cat":[6790],"product_tag":[],"class_list":{"0":"post-42185","1":"product","2":"type-product","3":"status-publish","4":"has-post-thumbnail","6":"product_cat-ru_ru-kruzhki-i-poilniki-tr","8":"first","9":"instock","10":"shipping-taxable","11":"purchasable","12":"product-type-simple"},"acf":[],"_links":{"self":[{"href":"https:\/\/minimax.md\/ru\/wp-json\/wp\/v2\/product\/42185","targetHints":{"allow":["GET"]}}],"collection":[{"href":"https:\/\/minimax.md\/ru\/wp-json\/wp\/v2\/product"}],"about":[{"href":"https:\/\/minimax.md\/ru\/wp-json\/wp\/v2\/types\/product"}],"replies":[{"embeddable":true,"href":"https:\/\/minimax.md\/ru\/wp-json\/wp\/v2\/comments?post=42185"}],"version-history":[{"count":0,"href":"https:\/\/minimax.md\/ru\/wp-json\/wp\/v2\/product\/42185\/revisions"}],"wp:featuredmedia":[{"embeddable":true,"href":"https:\/\/minimax.md\/ru\/wp-json\/wp\/v2\/media\/42184"}],"wp:attachment":[{"href":"https:\/\/minimax.md\/ru\/wp-json\/wp\/v2\/media?parent=42185"}],"wp:term":[{"taxonomy":"product_brand","embeddable":true,"href":"https:\/\/minimax.md\/ru\/wp-json\/wp\/v2\/product_brand?post=42185"},{"taxonomy":"product_cat","embeddable":true,"href":"https:\/\/minimax.md\/ru\/wp-json\/wp\/v2\/product_cat?post=42185"},{"taxonomy":"product_tag","embeddable":true,"href":"https:\/\/minimax.md\/ru\/wp-json\/wp\/v2\/product_tag?post=42185"}],"curies":[{"name":"wp","href":"https:\/\/api.w.org\/{rel}","templated":true}]}}