{"id":42201,"date":"2023-11-28T13:11:06","date_gmt":"2023-11-28T10:11:06","guid":{"rendered":"https:\/\/minimax.md\/product\/42201.html"},"modified":"2023-11-28T13:29:55","modified_gmt":"2023-11-28T10:29:55","slug":"ru_ru-sano-maxima-black-stiralnyj-poroshok-avtomat-1-25-kg-trim-ro_ro-sano-maxima-detergent-pentru-es-turi-negre-1-25-kg","status":"publish","type":"product","link":"https:\/\/minimax.md\/ru\/product\/42201.html","title":{"rendered":"Sano Maxima Black \u0441\u0442\u0438\u0440\u0430\u043b\u044c\u043d\u044b\u0439 \u043f\u043e\u0440\u043e\u0448\u043e\u043a \u0430\u0432\u0442\u043e\u043c\u0430\u0442, 1,25 \u043a\u0433"},"content":{"rendered":"<p>[:ru_RU]\u041a\u043e\u043d\u0446\u0435\u043d\u0442\u0440\u0438\u0440\u043e\u0432\u0430\u043d\u043d\u044b\u0439 \u0431\u0435\u0441\u0444\u043e\u0441\u0444\u0430\u0442\u043d\u044b\u0439 \u0441\u0442\u0438\u0440\u0430\u043b\u044c\u043d\u044b\u0439 \u043f\u043e\u0440\u043e\u0448\u043e\u043a Sano Maxima Sensitive \u0431\u0435\u0437 \u0431\u0438\u043e \u0434\u043e\u0431\u0430\u0432\u043e\u043a.<br \/>\n \u041f\u0440\u0435\u0434\u043d\u0430\u0437\u043d\u0430\u0447\u0435\u043d \u0441\u043f\u0435\u0446\u0438\u0430\u043b\u044c\u043d\u043e \u0434\u043b\u044f \u0441\u0442\u0438\u0440\u043a\u0438 \u0434\u0435\u0442\u0441\u043a\u043e\u0439 \u043e\u0434\u0435\u0436\u0434\u044b \u0438 \u043e\u0434\u0435\u0436\u0434\u044b \u0434\u043b\u044f \u0432\u0437\u0440\u043e\u0441\u043b\u044b\u0445, \u0438\u043c\u0435\u044e\u0449\u0438\u0445 \u0447\u0443\u0432\u0441\u0442\u0432\u0438\u0442\u0435\u043b\u044c\u043d\u0443\u044e \u043a\u043e\u0436\u0443.<br \/>\n\u0418\u0434\u0435\u0430\u043b\u044c\u043d\u043e \u043e\u0447\u0438\u0449\u0430\u0435\u0442 \u0432\u043e\u043b\u043e\u043a\u043d\u0430 \u0442\u043a\u0430\u043d\u0438 \u043e\u0442 \u043e\u0441\u0442\u0430\u0442\u043a\u043e\u0432 \u043f\u0440\u0435\u0434\u044b\u0434\u0443\u0449\u0438\u0445 \u0441\u0440\u0435\u0434\u0441\u0442\u0432 \u0434\u043b\u044f \u0441\u0442\u0438\u0440\u043a\u0438 \u0431\u0435\u043b\u044c\u044f, \u0432\u043e \u0432\u0440\u0435\u043c\u044f \u0440\u0435\u0436\u0438\u043c\u0430 \u043f\u043e\u043b\u043e\u0441\u043a\u0430\u043d\u0438\u044f \u043f\u043e\u043b\u043d\u043e\u0441\u0442\u044c\u044e \u0432\u044b\u043c\u044b\u0432\u0430\u0435\u0442\u0441\u044f \u0438 \u043d\u0435 \u043e\u0441\u0442\u0430\u0432\u043b\u044f\u0435\u0442 \u043c\u0438\u043a\u0440\u043e\u0447\u0430\u0441\u0442\u0438\u0446 \u043f\u043e\u0440\u043e\u0448\u043a\u0430, \u0432\u044b\u0437\u044b\u0432\u0430\u044e\u0449\u0438\u0445 \u0430\u043b\u043b\u0435\u0440\u0433\u0438\u044e. \u0421\u043e\u0434\u0435\u0440\u0436\u0438\u0442 \u043e\u0441\u043e\u0431\u044b\u0435 \u0434\u043e\u0431\u0430\u0432\u043a\u0438, \u043a\u043e\u0442\u043e\u0440\u044b\u0435 \u043e\u0447\u0438\u0449\u0430\u044e\u0442 \u0432\u043e\u0434\u0443 \u0438 \u043f\u0440\u0435\u0434\u043e\u0442\u0432\u0440\u0430\u0449\u0430\u044e\u0442 \u043e\u0431\u0440\u0430\u0437\u043e\u0432\u0430\u043d\u0438\u0435 \u0438\u0437\u0432\u0435\u0441\u0442\u043a\u043e\u0432\u043e\u0433\u043e \u043d\u0430\u043b\u0435\u0442\u0430.<br \/>\n\u0421\u0442\u0438\u0440\u0430\u043b\u044c\u043d\u044b\u0439 \u043f\u043e\u0440\u043e\u0448\u043e\u043a Sano Maxima Sensitive \u0431\u044b\u043b \u043e\u0442\u043c\u0435\u0447\u0435\u043d \u043d\u0430\u0433\u0440\u0430\u0434\u043e\u0439 \u0418\u0437\u0440\u0430\u0438\u043b\u044c\u0441\u043a\u043e\u0433\u043e \u0418\u043d\u0441\u0442\u0438\u0442\u0443\u0442\u0430 \u0421\u0442\u0430\u043d\u0434\u0430\u0440\u0442\u043e\u0432 Platinum Mark.<br \/>\n\u041f\u043e\u0434\u0445\u043e\u0434\u0438\u0442 \u0434\u043b\u044f \u0441\u0442\u0438\u0440\u043a\u0438 \u0432\u0441\u0435\u0445 \u0442\u0438\u043f\u043e\u0432 \u0431\u0435\u043b\u044c\u044f \u043f\u0440\u0438 \u043b\u044e\u0431\u044b\u0445 \u0442\u0435\u043c\u043f\u0435\u0440\u0430\u0442\u0443\u0440\u043d\u044b\u0445 \u0440\u0435\u0436\u0438\u043c\u0430\u0445.<br \/>\nSano Maxima Sensitive \u043f\u043e\u0434\u0445\u043e\u0434\u0438\u0442 \u0434\u043b\u044f \u0432\u0441\u0435\u0445 \u0442\u0438\u043f\u043e\u0432 \u0441\u0442\u0438\u0440\u0430\u043b\u044c\u043d\u044b\u0445 \u043c\u0430\u0448\u0438\u043d, \u044d\u0444\u0444\u0435\u043a\u0442\u0438\u0432\u043d\u043e \u043f\u0440\u0435\u0434\u043e\u0442\u0432\u0440\u0430\u0449\u0430\u0435\u0442 \u043e\u0431\u0440\u0430\u0437\u043e\u0432\u0430\u043d\u0438\u0435 \u0438\u0437\u0432\u0435\u0441\u0442\u043a\u043e\u0432\u043e\u0433\u043e \u043d\u0430\u043b\u0435\u0442\u0430, \u0441\u043c\u044f\u0433\u0447\u0430\u0435\u0442 \u0436\u0435\u0441\u0442\u043a\u0443\u044e \u0432\u043e\u0434\u0443 \u0438 \u043d\u0435 \u043d\u0430\u043d\u043e\u0441\u0438\u0442 \u0432\u0440\u0435\u0434\u0430 \u0432\u043e\u043b\u043e\u043a\u043d\u0430\u043c \u0442\u043a\u0430\u043d\u0438.<br \/>\n\u0414\u043b\u044f \u0434\u043e\u0441\u0442\u0438\u0436\u0435\u043d\u0438\u044f \u043b\u0443\u0447\u0448\u0435\u0433\u043e \u0440\u0435\u0437\u0443\u043b\u044c\u0442\u0430\u0442\u0430 \u0440\u0435\u043a\u043e\u043c\u0435\u043d\u0434\u043e\u0432\u0430\u043d\u0430 \u0441\u0442\u0438\u0440\u043a\u0430 \u043f\u0440\u0438 30\u00b0  \u2013  40\u00b0 \u0421.<br \/>\n\u041d\u0435 \u0440\u0435\u043a\u043e\u043c\u0435\u043d\u0434\u0443\u0435\u0442\u0441\u044f \u0438\u0441\u043f\u043e\u043b\u044c\u0437\u043e\u0432\u0430\u0442\u044c \u043f\u043e\u0440\u043e\u0448\u043e\u043a \u0434\u043b\u044f \u0434\u043b\u044f \u0440\u0443\u0447\u043d\u043e\u0439 \u0441\u0442\u0438\u0440\u043a\u0438.<br \/>\n\u0421\u043f\u043e\u0441\u043e\u0431 \u043f\u0440\u0438\u043c\u0435\u043d\u0435\u043d\u0438\u044f:<br \/>\n\u041d\u0430 5 \u043a\u0433 \u043e\u0431\u044b\u0447\u043d\u043e\u0439 \u0441\u0442\u0438\u0440\u043a\u0438  \u2013  1\/3 \u043c\u0435\u0440\u043d\u043e[trim][:ro_RO]Detergent ob\u0163inut printr-o tehnologie de varf, indeparteaz\u0103 chiar si cele mai persistente pete.<br \/>\nConfer\u0103 rufelor un aspect nou si este adaptat apei dure .<br \/>\nIndeparteaz\u0103 petele dificile de pe \u0163es\u0103turi, protejand culorile inchise far\u0103 a permite transferul de culoare de la o \u0163es\u0103tur\u0103 la alta.<br \/>\n \u2022 Cur\u0103\u0163\u0103 si indeparteaz\u0103 petele;<br \/>\n \u2022 Distruge microbii;<br \/>\n \u2022 Far\u0103 inalbitori optici si chimici;<br \/>\n \u2022 Con\u0163ine substan\u0163e active si enzime bio;<br \/>\n \u2022 Protejeaz\u0103 culorile;<br \/>\n \u2022 Deosebit de parfumat.<\/p>\n","protected":false},"excerpt":{"rendered":"<p>[:ru_RU]\u041a\u043e\u043d\u0446\u0435\u043d\u0442\u0440\u0438\u0440\u043e\u0432\u0430\u043d\u043d\u044b\u0439 \u0431\u0435\u0441\u0444\u043e\u0441\u0444\u0430\u0442\u043d\u044b\u0439 \u0441\u0442\u0438\u0440\u0430\u043b\u044c\u043d\u044b\u0439 \u043f\u043e\u0440\u043e\u0448\u043e\u043a Sano Maxima Sensitive \u0431\u0435\u0437 \u0431\u0438\u043e \u0434\u043e\u0431\u0430\u0432\u043e\u043a. \u041f\u0440\u0435\u0434\u043d\u0430\u0437\u043d\u0430\u0447\u0435\u043d \u0441\u043f\u0435\u0446\u0438\u0430\u043b\u044c\u043d\u043e \u0434\u043b\u044f \u0441\u0442\u0438\u0440\u043a\u0438 \u0434\u0435\u0442\u0441\u043a\u043e\u0439 \u043e\u0434\u0435\u0436\u0434\u044b \u0438 \u043e\u0434\u0435\u0436\u0434\u044b \u0434\u043b\u044f \u0432\u0437\u0440\u043e\u0441\u043b\u044b\u0445, \u0438\u043c\u0435\u044e\u0449\u0438\u0445 \u0447\u0443\u0432\u0441\u0442\u0432\u0438\u0442\u0435\u043b\u044c\u043d\u0443\u044e \u043a\u043e\u0436\u0443. \u0418\u0434\u0435\u0430\u043b\u044c\u043d\u043e \u043e\u0447\u0438\u0449\u0430\u0435\u0442 \u0432\u043e\u043b\u043e\u043a\u043d\u0430 \u0442\u043a\u0430\u043d\u0438 \u043e\u0442 \u043e\u0441\u0442\u0430\u0442\u043a\u043e\u0432 \u043f\u0440\u0435\u0434\u044b\u0434\u0443\u0449\u0438\u0445 \u0441\u0440\u0435\u0434\u0441\u0442\u0432 \u0434\u043b\u044f \u0441\u0442\u0438\u0440\u043a\u0438 \u0431\u0435\u043b\u044c\u044f, \u0432\u043e \u0432\u0440\u0435\u043c\u044f \u0440\u0435\u0436\u0438\u043c\u0430 \u043f\u043e\u043b\u043e\u0441\u043a\u0430\u043d\u0438\u044f \u043f\u043e\u043b\u043d\u043e\u0441\u0442\u044c\u044e \u0432\u044b\u043c\u044b\u0432\u0430\u0435\u0442\u0441\u044f \u0438 \u043d\u0435 \u043e\u0441\u0442\u0430\u0432\u043b\u044f\u0435\u0442 \u043c\u0438\u043a\u0440\u043e\u0447\u0430\u0441\u0442\u0438\u0446 \u043f\u043e\u0440\u043e\u0448\u043a\u0430, \u0432\u044b\u0437\u044b\u0432\u0430\u044e\u0449\u0438\u0445 \u0430\u043b\u043b\u0435\u0440\u0433\u0438\u044e. \u0421\u043e\u0434\u0435\u0440\u0436\u0438\u0442 \u043e\u0441\u043e\u0431\u044b\u0435 \u0434\u043e\u0431\u0430\u0432\u043a\u0438, \u043a\u043e\u0442\u043e\u0440\u044b\u0435 \u043e\u0447\u0438\u0449\u0430\u044e\u0442 \u0432\u043e\u0434\u0443 \u0438 \u043f\u0440\u0435\u0434\u043e\u0442\u0432\u0440\u0430\u0449\u0430\u044e\u0442 [&hellip;]<\/p>\n","protected":false},"featured_media":42200,"comment_status":"open","ping_status":"closed","template":"","meta":{"_acf_changed":false},"product_brand":[],"product_cat":[6743],"product_tag":[],"class_list":{"0":"post-42201","1":"product","2":"type-product","3":"status-publish","4":"has-post-thumbnail","6":"product_cat-ru_ru-stiralnye-poroshki-i","8":"first","9":"instock","10":"shipping-taxable","11":"purchasable","12":"product-type-simple"},"acf":[],"_links":{"self":[{"href":"https:\/\/minimax.md\/ru\/wp-json\/wp\/v2\/product\/42201","targetHints":{"allow":["GET"]}}],"collection":[{"href":"https:\/\/minimax.md\/ru\/wp-json\/wp\/v2\/product"}],"about":[{"href":"https:\/\/minimax.md\/ru\/wp-json\/wp\/v2\/types\/product"}],"replies":[{"embeddable":true,"href":"https:\/\/minimax.md\/ru\/wp-json\/wp\/v2\/comments?post=42201"}],"version-history":[{"count":0,"href":"https:\/\/minimax.md\/ru\/wp-json\/wp\/v2\/product\/42201\/revisions"}],"wp:featuredmedia":[{"embeddable":true,"href":"https:\/\/minimax.md\/ru\/wp-json\/wp\/v2\/media\/42200"}],"wp:attachment":[{"href":"https:\/\/minimax.md\/ru\/wp-json\/wp\/v2\/media?parent=42201"}],"wp:term":[{"taxonomy":"product_brand","embeddable":true,"href":"https:\/\/minimax.md\/ru\/wp-json\/wp\/v2\/product_brand?post=42201"},{"taxonomy":"product_cat","embeddable":true,"href":"https:\/\/minimax.md\/ru\/wp-json\/wp\/v2\/product_cat?post=42201"},{"taxonomy":"product_tag","embeddable":true,"href":"https:\/\/minimax.md\/ru\/wp-json\/wp\/v2\/product_tag?post=42201"}],"curies":[{"name":"wp","href":"https:\/\/api.w.org\/{rel}","templated":true}]}}