{"id":42203,"date":"2023-11-28T13:11:06","date_gmt":"2023-11-28T10:11:06","guid":{"rendered":"https:\/\/minimax.md\/product\/42203.html"},"modified":"2023-11-28T13:29:55","modified_gmt":"2023-11-28T10:29:55","slug":"ru_ru-sano-balzam-sensitive-1-l-trim-ro_ro-sano-balsam-sensitive-1-l","status":"publish","type":"product","link":"https:\/\/minimax.md\/ru\/product\/42203.html","title":{"rendered":"Sano \u0411\u0430\u043b\u044c\u0437\u0430\u043c Sensitive, 1 \u043b"},"content":{"rendered":"<p>[:ru_RU]\u041e\u043f\u043e\u043b\u0430\u0441\u043a\u0438\u0432\u0430\u0442\u0435\u043b\u044c \u0434\u043b\u044f \u0431\u0435\u043b\u044c\u044f Sano MAXIMA Sensitiv \u043f\u0440\u0435\u0434\u043d\u0430\u0437\u043d\u0430\u0447\u0435\u043d \u0434\u043b\u044f \u0441\u0442\u0438\u0440\u043a\u0438 \u0434\u0435\u0442\u0441\u043a\u043e\u0439 \u043e\u0434\u0435\u0436\u0434\u044b \u0438 \u043e\u0434\u0435\u0436\u0434\u044b \u0434\u043b\u044f \u0432\u0437\u0440\u043e\u0441\u043b\u044b\u0445 \u0438\u0437 \u043b\u044e\u0431\u044b\u0445 \u0442\u043a\u0430\u043d\u0435\u0439.<br \/>\n\u0411\u043b\u0430\u0433\u043e\u0434\u0430\u0440\u044f \u043e\u0442\u0441\u0443\u0442\u0441\u0442\u0432\u0438\u044e \u0431\u0438\u043e \u0434\u043e\u0431\u0430\u0432\u043e\u043a \u043d\u0435 \u0432\u044b\u0437\u044b\u0432\u0430\u0435\u0442 \u0430\u043b\u043b\u0435\u0440\u0433\u0438\u0438.<br \/>\n\u0421\u043e\u0434\u0435\u0440\u0436\u0438\u0442 \u043e\u0442\u0434\u0443\u0448\u043a\u0438 \u0434\u043b\u044f \u0443\u0434\u0430\u043b\u0435\u043d\u0438\u044f \u043d\u0435\u043f\u0440\u0438\u044f\u0442\u043d\u044b\u0445 \u0437\u0430\u043f\u0430\u0445\u043e\u0432.<br \/>\n\u0423\u0441\u0438\u043b\u0438\u0432\u0430\u0435\u0442 \u0431\u0435\u043b\u0438\u0437\u043d\u0443 \u0438 \u044f\u0440\u043a\u043e\u0441\u0442\u044c \u043e\u0442\u0442\u0435\u043d\u043a\u043e\u0432.<br \/>\n\u0421\u043c\u044f\u0433\u0447\u0430\u0435\u0442 \u0438 \u0430\u0440\u043e\u043c\u0430\u0442\u0438\u0437\u0438\u0440\u0443\u0435\u0442 \u0431\u0435\u043b\u044c\u0435, \u043e\u0431\u043b\u0435\u0433\u0447\u0430\u0435\u0442 \u0433\u043b\u0430\u0436\u043a\u0443 \u0431\u0435\u043b\u044c\u044f, \u043e\u0431\u043b\u0430\u0434\u0430\u0435\u0442 \u0430\u043d\u0442\u0438\u0441\u0442\u0430\u0442\u0438\u0447\u0435\u0441\u043a\u0438\u043c \u0438 \u043f\u0440\u043e\u0442\u0438\u0432\u043e\u043c\u0438\u043a\u0440\u043e\u0431\u043d\u044b\u043c \u0434\u0435\u0439\u0441\u0442\u0432\u0438\u0435\u043c.<br \/>\n\u0420\u0435\u043a\u043e\u043c\u0435\u043d\u0434\u0443\u0435\u0442\u0441\u044f \u0438\u0441\u043f\u043e\u043b\u044c\u0437\u043e\u0432\u0430\u0442\u044c \u0441\u043e \u0441\u0440\u0435\u0434\u0441\u0442\u0432\u0430\u043c\u0438 \u0434\u043b\u044f \u0441\u0442\u0438\u0440\u043a\u0438 \u043b\u0438\u043d\u0438\u0438 Sano MAXIMA Sensitive.<br \/>\n\u041d\u0430 \u0434\u043e\u043b\u0433\u043e \u0441\u043e\u0445\u0440\u0430\u043d\u0438\u0442 \u043c\u044f\u0433\u043a\u043e\u0441\u0442\u044c, \u0441\u0432\u0435\u0436\u0435\u0441\u0442\u044c \u0432\u0430\u0448\u0435\u0433\u043e \u0431\u0435\u043b\u044c\u044f \u0438 \u043f\u0440\u0438\u044f\u0442\u043d\u044b\u0439 \u0430\u0440\u043e\u043c\u0430\u0442[trim][:ro_RO]Usc\u0103tor Balsamul Sano MAXIMA Sensitiv destinate pentru haine \u0219i haine de sp\u0103lat pentru copii pentru adul\u021bi de toate \u021besuturile.<br \/>\nDin cauza lipsei de aditivi bio nu provoac\u0103 alergii.<br \/>\nAcesta con\u021bine arome pentru a elimina mirosurile nepl\u0103cute.<br \/>\nEa \u00eembun\u0103t\u0103\u021be\u0219te albea\u021ba \u0219i luminozitatea culorilor.<br \/>\nCatifeleaz\u0103 \u0219i parfumuri lenjerie, permite o c\u0103lcare, are ac\u021biune antistatice \u0219i antimicrobiene.<br \/>\nSe recomand\u0103 utilizarea cu mijloace pentru linia de sp\u0103lare Sano MAXIMA sensibile.<br \/>\nPe datoria de a p\u0103stra moliciune, prospe\u021bimea hainelor tale \u0219i un parfum pl\u0103cut<\/p>\n","protected":false},"excerpt":{"rendered":"<p>[:ru_RU]\u041e\u043f\u043e\u043b\u0430\u0441\u043a\u0438\u0432\u0430\u0442\u0435\u043b\u044c \u0434\u043b\u044f \u0431\u0435\u043b\u044c\u044f Sano MAXIMA Sensitiv \u043f\u0440\u0435\u0434\u043d\u0430\u0437\u043d\u0430\u0447\u0435\u043d \u0434\u043b\u044f \u0441\u0442\u0438\u0440\u043a\u0438 \u0434\u0435\u0442\u0441\u043a\u043e\u0439 \u043e\u0434\u0435\u0436\u0434\u044b \u0438 \u043e\u0434\u0435\u0436\u0434\u044b \u0434\u043b\u044f \u0432\u0437\u0440\u043e\u0441\u043b\u044b\u0445 \u0438\u0437 \u043b\u044e\u0431\u044b\u0445 \u0442\u043a\u0430\u043d\u0435\u0439. \u0411\u043b\u0430\u0433\u043e\u0434\u0430\u0440\u044f \u043e\u0442\u0441\u0443\u0442\u0441\u0442\u0432\u0438\u044e \u0431\u0438\u043e \u0434\u043e\u0431\u0430\u0432\u043e\u043a \u043d\u0435 \u0432\u044b\u0437\u044b\u0432\u0430\u0435\u0442 \u0430\u043b\u043b\u0435\u0440\u0433\u0438\u0438. \u0421\u043e\u0434\u0435\u0440\u0436\u0438\u0442 \u043e\u0442\u0434\u0443\u0448\u043a\u0438 \u0434\u043b\u044f \u0443\u0434\u0430\u043b\u0435\u043d\u0438\u044f \u043d\u0435\u043f\u0440\u0438\u044f\u0442\u043d\u044b\u0445 \u0437\u0430\u043f\u0430\u0445\u043e\u0432. \u0423\u0441\u0438\u043b\u0438\u0432\u0430\u0435\u0442 \u0431\u0435\u043b\u0438\u0437\u043d\u0443 \u0438 \u044f\u0440\u043a\u043e\u0441\u0442\u044c \u043e\u0442\u0442\u0435\u043d\u043a\u043e\u0432. \u0421\u043c\u044f\u0433\u0447\u0430\u0435\u0442 \u0438 \u0430\u0440\u043e\u043c\u0430\u0442\u0438\u0437\u0438\u0440\u0443\u0435\u0442 \u0431\u0435\u043b\u044c\u0435, \u043e\u0431\u043b\u0435\u0433\u0447\u0430\u0435\u0442 \u0433\u043b\u0430\u0436\u043a\u0443 \u0431\u0435\u043b\u044c\u044f, \u043e\u0431\u043b\u0430\u0434\u0430\u0435\u0442 \u0430\u043d\u0442\u0438\u0441\u0442\u0430\u0442\u0438\u0447\u0435\u0441\u043a\u0438\u043c \u0438 \u043f\u0440\u043e\u0442\u0438\u0432\u043e\u043c\u0438\u043a\u0440\u043e\u0431\u043d\u044b\u043c \u0434\u0435\u0439\u0441\u0442\u0432\u0438\u0435\u043c. \u0420\u0435\u043a\u043e\u043c\u0435\u043d\u0434\u0443\u0435\u0442\u0441\u044f \u0438\u0441\u043f\u043e\u043b\u044c\u0437\u043e\u0432\u0430\u0442\u044c \u0441\u043e \u0441\u0440\u0435\u0434\u0441\u0442\u0432\u0430\u043c\u0438 \u0434\u043b\u044f \u0441\u0442\u0438\u0440\u043a\u0438 \u043b\u0438\u043d\u0438\u0438 [&hellip;]<\/p>\n","protected":false},"featured_media":42202,"comment_status":"open","ping_status":"closed","template":"","meta":{"_acf_changed":false},"product_brand":[],"product_cat":[6740],"product_tag":[],"class_list":{"0":"post-42203","1":"product","2":"type-product","3":"status-publish","4":"has-post-thumbnail","6":"product_cat-ru_ru-kondicionery-dlja-bel","8":"first","9":"instock","10":"shipping-taxable","11":"purchasable","12":"product-type-simple"},"acf":[],"_links":{"self":[{"href":"https:\/\/minimax.md\/ru\/wp-json\/wp\/v2\/product\/42203","targetHints":{"allow":["GET"]}}],"collection":[{"href":"https:\/\/minimax.md\/ru\/wp-json\/wp\/v2\/product"}],"about":[{"href":"https:\/\/minimax.md\/ru\/wp-json\/wp\/v2\/types\/product"}],"replies":[{"embeddable":true,"href":"https:\/\/minimax.md\/ru\/wp-json\/wp\/v2\/comments?post=42203"}],"version-history":[{"count":0,"href":"https:\/\/minimax.md\/ru\/wp-json\/wp\/v2\/product\/42203\/revisions"}],"wp:featuredmedia":[{"embeddable":true,"href":"https:\/\/minimax.md\/ru\/wp-json\/wp\/v2\/media\/42202"}],"wp:attachment":[{"href":"https:\/\/minimax.md\/ru\/wp-json\/wp\/v2\/media?parent=42203"}],"wp:term":[{"taxonomy":"product_brand","embeddable":true,"href":"https:\/\/minimax.md\/ru\/wp-json\/wp\/v2\/product_brand?post=42203"},{"taxonomy":"product_cat","embeddable":true,"href":"https:\/\/minimax.md\/ru\/wp-json\/wp\/v2\/product_cat?post=42203"},{"taxonomy":"product_tag","embeddable":true,"href":"https:\/\/minimax.md\/ru\/wp-json\/wp\/v2\/product_tag?post=42203"}],"curies":[{"name":"wp","href":"https:\/\/api.w.org\/{rel}","templated":true}]}}