{"id":42209,"date":"2023-11-28T13:11:06","date_gmt":"2023-11-28T10:11:06","guid":{"rendered":"https:\/\/minimax.md\/product\/42209.html"},"modified":"2023-11-28T13:29:55","modified_gmt":"2023-11-28T10:29:55","slug":"ru_ru-sano-sredstvo-dlja-chistki-mikrovolnovoj-pechi-750-ml-trim-ro_ro-sano-solu-ie-pentru-cur-area-cuptorului-cu-microunde-750-ml","status":"publish","type":"product","link":"https:\/\/minimax.md\/ru\/product\/42209.html","title":{"rendered":"Sano \u0421\u0440\u0435\u0434\u0441\u0442\u0432\u043e \u0434\u043b\u044f \u0447\u0438\u0441\u0442\u043a\u0438 \u043c\u0438\u043a\u0440\u043e\u0432\u043e\u043b\u043d\u043e\u0432\u043e\u0439 \u043f\u0435\u0447\u0438, 750 \u043c\u043b"},"content":{"rendered":"<p>[:ru_RU]\u0413\u0438\u0433\u0438\u0435\u043d\u0438\u0447\u0435\u0441\u043a\u043e\u0435 \u0441\u0440\u0435\u0434\u0441\u0442\u0432\u043e \u0434\u043b\u044f \u0447\u0438\u0441\u0442\u043a\u0438 \u043c\u0438\u043a\u0440\u043e\u0432\u043e\u043b\u043d\u043e\u0432\u043e\u0439 \u043f\u0435\u0447\u0438 Sano Microwave Cleaner \u0431\u044b\u0441\u0442\u0440\u043e \u0438 \u044d\u0444\u0444\u0435\u043a\u0442\u0438\u0432\u043d\u043e \u0443\u0434\u0430\u043b\u044f\u0435\u0442 \u0436\u0438\u0440 \u0438 \u0437\u0430\u0433\u0440\u044f\u0437\u043d\u0435\u043d\u0438\u044f, \u0430 \u0442\u0430\u043a\u0436\u0435 \u0434\u0435\u0437\u0438\u043d\u0444\u0438\u0446\u0438\u0440\u0443\u0435\u0442 \u0432\u043d\u0443\u0442\u0440\u0435\u043d\u043d\u044e\u044e \u0438 \u0432\u043d\u0435\u0448\u043d\u044e\u044e \u043f\u043e\u0432\u0435\u0440\u0445\u043d\u043e\u0441\u0442\u044c \u043f\u0435\u0447\u043a\u0438.<br \/>\n\u0421\u043c\u044b\u0432\u0430\u0442\u044c \u0441\u0440\u0435\u0434\u0441\u0442\u0432\u043e \u043d\u0435 \u043d\u0443\u0436\u043d\u043e. \u0414\u043e\u0441\u0442\u0430\u0442\u043e\u0447\u043d\u043e \u043f\u0440\u043e\u0441\u0442\u043e \u0440\u0430\u0441\u043f\u044b\u043b\u0438\u0442\u044c \u0438 \u043f\u0440\u043e\u0442\u0435\u0440\u0435\u0442\u044c!<br \/>\n \u041d\u0435 \u043e\u0441\u0442\u0430\u0432\u043b\u044f\u0435\u0442 \u0441\u043b\u0435\u0434\u043e\u0432 \u0438 \u0440\u0430\u0437\u0432\u043e\u0434\u043e\u0432, \u043e\u0431\u043b\u0430\u0434\u0430\u0435\u0442 \u043f\u0440\u0438\u044f\u0442\u043d\u044b\u043c \u0437\u0430\u043f\u0430\u0445\u043e\u043c.<br \/>\n\u0421\u0440\u0435\u0434\u0441\u0442\u0432\u043e \u0434\u043b\u044f \u0447\u0438\u0441\u0442\u043a\u0438 \u043c\u0438\u043a\u0440\u043e\u0432\u043e\u043b\u043d\u043e\u0432\u043e\u0439 \u043f\u0435\u0447\u0438 Sano Microwave Cleaner \u0431\u044b\u043b\u043e \u043e\u0442\u043c\u0435\u0447\u0435\u043d\u043e \u043d\u0430\u0433\u0440\u0430\u0434\u043e\u0439<br \/>\n\u0418\u0437\u0440\u0430\u0438\u043b\u044c\u0441\u043a\u043e\u0433\u043e \u0418\u043d\u0441\u0442\u0438\u0442\u0443\u0442\u0430 \u0421\u0442\u0430\u043d\u0434\u0430\u0440\u0442\u043e\u0432 Platinum Mark.<br \/>\n\u041f\u0435\u0440\u0435\u0434 \u0438\u0441\u043f\u043e\u043b\u044c\u0437\u043e\u0432\u0430\u043d\u0438\u0435\u043c \u0441\u0440\u0435\u0434\u0441\u0442\u0432\u0430 \u043f\u0440\u043e\u0432\u0435\u0440\u044c\u0442\u0435 \u043d\u0430 \u043d\u0435\u0437\u0430\u043c\u0435\u0442\u043d\u043e\u043c \u0443\u0447\u0430\u0441\u0442\u043a\u0435 \u0443\u0441\u0442\u043e\u0439\u0447\u0438\u0432\u043e\u0441\u0442\u044c \u043e\u043a\u0440\u0430\u0441\u043a\u0438 \u043f\u0435\u0447\u0438.<br \/>\n\u0421\u043f\u043e\u0441\u043e\u0431 \u043f\u0440\u0438\u043c\u0435\u043d\u0435\u043d\u0438\u044f:<br \/>\n \u2022 \u041f\u043e\u0432\u0435\u0440\u043d\u0443\u0442\u044c \u043a\u0440\u044b\u0448\u0435\u0447\u043a\u0443 \u0440\u0430\u0441\u043f\u044b\u043b\u0438\u0442\u0435\u043b\u044f \u0432 \u043f\u043e\u043b\u043e\u0436\u0435\u043d\u0438\u0435 ON<br \/>\n \u2022 \u041d\u0430\u0431\u0440\u044b\u0437\u0433\u0430\u0439\u0442\u0435 \u0441\u0440\u0435\u0434\u0441\u0442\u0432\u043e \u043d\u0430 \u043c\u0438\u043a\u0440\u043e\u0432\u043e\u043b\u043d\u043e\u0432\u0443\u044e \u043f\u0435\u0447\u044c \u0432\u043d\u0443\u0442\u0440\u0438 \u0438 \u0441\u043d\u0430\u0440\u0443\u0436\u0438<br \/>\n \u2022 \u0421\u0440\u0430\u0437\u0443 \u043f\u0440\u043e\u0442\u0440\u0438\u0442\u0435 \u0441\u0443\u0445\u043e\u0439 \u0442\u0440\u044f\u043f\u043e\u0447\u043a\u043e\u0439<br \/>\n \u2022 \u041f\u043e\u0441\u043b\u0435 \u0438\u0441\u043f\u043e\u043b\u044c\u0437\u043e\u0432\u0430\u043d\u0438\u044f \u0441\u0440\u0435\u0434\u0441\u0442\u0432\u0430 \u0437\u0430\u043a\u0440\u043e\u0439\u0442\u0435 \u043a\u0440\u044b\u0448\u0435\u0447\u043a\u0443 \u0440\u0430\u0441\u043f\u044b\u043b\u0438\u0442\u0435\u043b\u044f, \u043f\u043e\u0432\u0435\u0440\u043d\u0443\u0432 \u0435\u0435 \u0432 \u043f\u043e\u043b\u043e\u0436\u0435\u043d\u0438\u0435 OFF<br \/>\n\u041d\u0435 \u043d\u0430\u043d\u043e\u0441\u0438\u0442\u044c \u0441\u0440\u0435\u0434\u0441\u0442\u0432\u043e \u043d\u0430 \u043f\u0430\u043d\u0435\u043b\u044c \u0443\u043f\u0440\u0430\u0432\u043b\u0435\u043d\u0438\u044f \u0438 \u0434\u0435\u0442\u0430\u043b\u0438 \u044d\u043b\u0435\u043a\u0442\u0440\u0438\u0447\u0435\u0441\u043a\u043e\u0439 \u043f\u0440\u043e\u0432\u043e\u0434\u043a\u0438![trim][:ro_RO]Detergent igienizant cu ac\u0163iune rapid\u0103 \u015fi eficient\u0103 pentru cuptoare cu microunde.<br \/>\nU\u015for de utilizat: pulverizezi \u015fi \u015ftergi. Nu necesit\u0103 cl\u0103tire!<br \/>\nIdeal pentru cur\u0103\u0163area at\u00eet a interiorului c\u00eet si a exteriorului cuptorului.<br \/>\n \u2022 Cur\u0103\u0163\u0103 \u015fi igienizeaz\u0103;<br \/>\n \u2022 Degreseaz\u0103 \u015fi distruge microbii;<br \/>\n \u2022 Ac\u0163iune rapid\u0103 \u015fi eficient\u0103;<br \/>\n \u2022 Nu necesit\u0103 clatire;<br \/>\n \u2022 Nu las\u0103 pete:<br \/>\n \u2022 Cu parfum delicat.<\/p>\n","protected":false},"excerpt":{"rendered":"<p>[:ru_RU]\u0413\u0438\u0433\u0438\u0435\u043d\u0438\u0447\u0435\u0441\u043a\u043e\u0435 \u0441\u0440\u0435\u0434\u0441\u0442\u0432\u043e \u0434\u043b\u044f \u0447\u0438\u0441\u0442\u043a\u0438 \u043c\u0438\u043a\u0440\u043e\u0432\u043e\u043b\u043d\u043e\u0432\u043e\u0439 \u043f\u0435\u0447\u0438 Sano Microwave Cleaner \u0431\u044b\u0441\u0442\u0440\u043e \u0438 \u044d\u0444\u0444\u0435\u043a\u0442\u0438\u0432\u043d\u043e \u0443\u0434\u0430\u043b\u044f\u0435\u0442 \u0436\u0438\u0440 \u0438 \u0437\u0430\u0433\u0440\u044f\u0437\u043d\u0435\u043d\u0438\u044f, \u0430 \u0442\u0430\u043a\u0436\u0435 \u0434\u0435\u0437\u0438\u043d\u0444\u0438\u0446\u0438\u0440\u0443\u0435\u0442 \u0432\u043d\u0443\u0442\u0440\u0435\u043d\u043d\u044e\u044e \u0438 \u0432\u043d\u0435\u0448\u043d\u044e\u044e \u043f\u043e\u0432\u0435\u0440\u0445\u043d\u043e\u0441\u0442\u044c \u043f\u0435\u0447\u043a\u0438. \u0421\u043c\u044b\u0432\u0430\u0442\u044c \u0441\u0440\u0435\u0434\u0441\u0442\u0432\u043e \u043d\u0435 \u043d\u0443\u0436\u043d\u043e. \u0414\u043e\u0441\u0442\u0430\u0442\u043e\u0447\u043d\u043e \u043f\u0440\u043e\u0441\u0442\u043e \u0440\u0430\u0441\u043f\u044b\u043b\u0438\u0442\u044c \u0438 \u043f\u0440\u043e\u0442\u0435\u0440\u0435\u0442\u044c! \u041d\u0435 \u043e\u0441\u0442\u0430\u0432\u043b\u044f\u0435\u0442 \u0441\u043b\u0435\u0434\u043e\u0432 \u0438 \u0440\u0430\u0437\u0432\u043e\u0434\u043e\u0432, \u043e\u0431\u043b\u0430\u0434\u0430\u0435\u0442 \u043f\u0440\u0438\u044f\u0442\u043d\u044b\u043c \u0437\u0430\u043f\u0430\u0445\u043e\u043c. \u0421\u0440\u0435\u0434\u0441\u0442\u0432\u043e \u0434\u043b\u044f \u0447\u0438\u0441\u0442\u043a\u0438 \u043c\u0438\u043a\u0440\u043e\u0432\u043e\u043b\u043d\u043e\u0432\u043e\u0439 \u043f\u0435\u0447\u0438 Sano Microwave Cleaner \u0431\u044b\u043b\u043e \u043e\u0442\u043c\u0435\u0447\u0435\u043d\u043e \u043d\u0430\u0433\u0440\u0430\u0434\u043e\u0439 \u0418\u0437\u0440\u0430\u0438\u043b\u044c\u0441\u043a\u043e\u0433\u043e \u0418\u043d\u0441\u0442\u0438\u0442\u0443\u0442\u0430 \u0421\u0442\u0430\u043d\u0434\u0430\u0440\u0442\u043e\u0432 [&hellip;]<\/p>\n","protected":false},"featured_media":42208,"comment_status":"open","ping_status":"closed","template":"","meta":{"_acf_changed":false},"product_brand":[],"product_cat":[6748],"product_tag":[],"class_list":{"0":"post-42209","1":"product","2":"type-product","3":"status-publish","4":"has-post-thumbnail","6":"product_cat-ru_ru-sredstva-dlja-ochistk","8":"first","9":"instock","10":"shipping-taxable","11":"purchasable","12":"product-type-simple"},"acf":[],"_links":{"self":[{"href":"https:\/\/minimax.md\/ru\/wp-json\/wp\/v2\/product\/42209","targetHints":{"allow":["GET"]}}],"collection":[{"href":"https:\/\/minimax.md\/ru\/wp-json\/wp\/v2\/product"}],"about":[{"href":"https:\/\/minimax.md\/ru\/wp-json\/wp\/v2\/types\/product"}],"replies":[{"embeddable":true,"href":"https:\/\/minimax.md\/ru\/wp-json\/wp\/v2\/comments?post=42209"}],"version-history":[{"count":0,"href":"https:\/\/minimax.md\/ru\/wp-json\/wp\/v2\/product\/42209\/revisions"}],"wp:featuredmedia":[{"embeddable":true,"href":"https:\/\/minimax.md\/ru\/wp-json\/wp\/v2\/media\/42208"}],"wp:attachment":[{"href":"https:\/\/minimax.md\/ru\/wp-json\/wp\/v2\/media?parent=42209"}],"wp:term":[{"taxonomy":"product_brand","embeddable":true,"href":"https:\/\/minimax.md\/ru\/wp-json\/wp\/v2\/product_brand?post=42209"},{"taxonomy":"product_cat","embeddable":true,"href":"https:\/\/minimax.md\/ru\/wp-json\/wp\/v2\/product_cat?post=42209"},{"taxonomy":"product_tag","embeddable":true,"href":"https:\/\/minimax.md\/ru\/wp-json\/wp\/v2\/product_tag?post=42209"}],"curies":[{"name":"wp","href":"https:\/\/api.w.org\/{rel}","templated":true}]}}