{"id":42211,"date":"2023-11-28T13:11:06","date_gmt":"2023-11-28T10:11:06","guid":{"rendered":"https:\/\/minimax.md\/product\/42211.html"},"modified":"2023-11-28T13:29:55","modified_gmt":"2023-11-28T10:29:55","slug":"ru_ru-sano-forte-sprej-ot-zhira-750-ml-trim-ro_ro-sano-forte-spray-spum-pentru-gr-simi-750-ml","status":"publish","type":"product","link":"https:\/\/minimax.md\/ru\/product\/42211.html","title":{"rendered":"Sano Forte \u0421\u043f\u0440\u0435\u0439 \u043e\u0442 \u0436\u0438\u0440\u0430, 750 \u043c\u043b"},"content":{"rendered":"<p>[:ru_RU]\u041a\u043e\u043d\u0446\u0435\u043d\u0442\u0440\u0438\u0440\u043e\u0432\u0430\u043d\u043d\u043e\u0435 \u0441\u0440\u0435\u0434\u0441\u0442\u0432\u043e \u0434\u043b\u044f \u0447\u0438\u0441\u0442\u043a\u0438 \u0434\u0443\u0445\u043e\u0432\u043e\u043a \u0421\u0430\u043d\u043e \u0424\u043e\u0440\u0442\u0435 Sano Forte Plus, 750 \u043c\u043b<br \/>\nSano Forte plus &#8211; Highly concentrated foam cleaner.<br \/>\n\u0412\u044b\u0441\u043e\u043a\u043e\u043a\u043e\u043d\u0446\u0435\u043d\u0442\u0440\u0438\u0440\u043e\u0432\u0430\u043d&shy;\u043d\u043e\u0435 \u043f\u0435\u043d\u044f\u0449\u0435\u0435\u0441\u044f \u0447\u0438\u0441\u0442\u044f\u0449\u0435\u0435 \u0441\u0440\u0435\u0434\u0441\u0442\u0432\u043e Sano Forte \u0434\u043b\u044f \u0443\u0434\u0430\u043b\u0435\u043d\u0438\u044f \u0436\u0438\u0440\u0430, \u0441\u0430\u0436\u0438 \u0438 \u043a\u043e\u043f\u043e\u0442\u0438.<br \/>\n\u0418\u043d\u0441\u0442\u0440\u0443\u043a\u0446\u0438\u0438 \u043f\u043e \u043f\u0440\u0438\u043c\u0435\u043d\u0435\u043d\u0438\u044e: \u041e\u0431\u044f\u0437\u0430\u0442\u0435\u043b\u044c\u043d\u043e \u043f\u043e\u043b\u044c\u0437\u043e\u0432\u0430\u0442\u044c\u0441\u044f \u0440\u0435\u0437\u0438\u043d\u043e\u0432\u044b\u043c\u0438 \u043f\u0435\u0440\u0447\u0430\u0442\u043a\u0430\u043c\u0438.<br \/>\n\u041f\u0435\u0440\u0435\u0434 \u043f\u0440\u0438\u043c\u0435\u043d\u0435\u043d\u0438\u0435\u043c \u0442\u0449\u0430\u0442\u0435\u043b\u044c\u043d\u043e \u0432\u0441\u0442\u0440\u044f\u0445\u043d\u0443\u0442\u044c.<br \/>\n\u041e\u0442\u043a\u0440\u043e\u0439\u0442\u0435 \u043f\u0440\u0435\u0434\u043e\u0445\u0440\u0430\u043d\u0438\u0442\u0435\u043b\u044c\u043d\u044b\u0439 \u044f\u0437\u044b\u0447\u043e\u043a, \u0441\u0431\u0440\u044b\u0437\u043d\u0438\u0442\u0435 \u0437\u0430\u0433\u0440\u044f\u0437\u043d\u0435\u043d\u043d\u0443\u044e \u043f\u043e\u0432\u0435\u0440\u0445\u043d\u043e\u0441\u0442\u044c, \u043e\u0441\u0442\u0430\u0432\u044c\u0442\u0435 \u043d\u0430 2-3 \u043c\u0438\u043d\u0443\u0442\u044b \u0438 \u043e\u0447\u0438\u0441\u0442\u0438\u0442\u0435 \u043f\u043e\u0432\u0435\u0440\u0445\u043d\u043e\u0441\u0442\u044c \u0432\u043b\u0430\u0436\u043d\u043e\u0439 \u0442\u043a\u0430\u043d\u044c\u044e, \u0433\u0443\u0431\u043a\u043e\u0439 \u0438\u043b\u0438 \u0447\u0438\u0441\u0442\u044f\u0449\u0438\u043c \u0441\u043a\u0440\u0435\u0431\u043a\u043e\u043c.<br \/>\n\u0422\u0449\u0430\u0442\u0435\u043b\u044c\u043d\u043e \u043f\u0440\u043e\u043c\u043e\u0439\u0442\u0435 \u0432\u043e\u0434\u043e\u0439 \u0438 \u0432\u044b\u0442\u0440\u0438\u0442\u0435 \u043d\u0430\u0441\u0443\u0445\u043e.<br \/>\n\u041f\u0440\u0438 \u043d\u0435\u043e\u0431\u0445\u043e\u0434\u0438\u043c\u043e\u0441\u0442\u0438 \u043f\u043e\u0432\u0442\u043e\u0440\u0438\u0442\u0435 \u043f\u0440\u043e\u0446\u0435\u0434\u0443\u0440\u0443.<br \/>\n\u041f\u043e\u0441\u043b\u0435 \u0438\u0441\u043f\u043e\u043b\u044c\u0437\u043e\u0432\u0430\u043d\u0438\u044f \u0432\u0441\u0435\u0433\u0434\u0430 \u0437\u0430\u043a\u0440\u044b\u0432\u0430\u0439\u0442\u0435 \u043f\u0440\u0435\u0434\u043e\u0445\u0440\u0430\u043d\u0438\u0442\u0435\u043b\u044c\u043d\u044b\u0439 \u044f\u0437\u044b\u0447\u043e\u043a, \u043f\u0440\u043e\u0442\u0438\u0440\u0430\u0439\u0442\u0435 \u043d\u0430\u0441\u0443\u0445\u043e \u0435\u043c\u043a\u043e\u0441\u0442\u044c \u043f\u0435\u0440\u0435\u0434 \u0445\u0440\u0430\u043d\u0435\u043d\u0438\u0435\u043c.<br \/>\n\u041f\u0440\u0435\u0434\u0443\u043f\u0440\u0435\u0436\u0434\u0435\u043d\u0438\u0435: \u041d\u0435 \u0434\u043b\u044f \u0432\u043d\u0443\u0442\u0440\u0435\u043d\u043d\u0435\u0433\u043e \u0438\u0441\u043f\u043e\u043b\u044c\u0437\u043e\u0432\u0430\u043d\u0438\u044f. \u0425\u0440\u0430\u043d\u0438\u0442\u044c \u0432 \u043d\u0435\u0434\u043e\u0441\u0442\u0443\u043f\u043d\u043e\u043c \u0434\u043b\u044f \u0434\u0435\u0442\u0435\u0439 \u043c\u0435\u0441\u0442\u0435.<br \/>\n\u0421\u0442\u0440\u043e\u0433\u043e \u0441\u043b\u0435\u0434\u0443\u0439\u0442\u0435 \u0438\u043d\u0441\u0442\u0440\u0443\u043a\u0446\u0438\u044f\u043c \u0438\u0437\u0433\u043e\u0442\u043e\u0432\u0438\u0442\u0435\u043b\u044f \u0434\u043b\u044f \u043f\u043e\u043b\u0443\u0447\u0435\u043d\u0438\u044f \u043d\u0435\u043e\u0431\u0445\u043e\u0434\u0438\u043c\u043e\u0433\u043e \u044d\u0444\u0444\u0435\u043a\u0442\u0430 \u043e\u0447\u0438\u0449\u0435\u043d\u0438\u044f.<br \/>\n\u041f\u0435\u0440\u0435\u0434 \u043f\u0440\u0438\u043c\u0435\u043d\u0435\u043d\u0438\u0435\u043c \u043e\u043f\u0440\u043e\u0431\u0443\u0439\u0442\u0435 \u0432\u0435\u0449\u0435\u0441\u0442\u0432\u043e \u043d\u0430 \u043d\u0435\u0437\u0430\u043c\u0435\u0442\u043d\u043e\u0439 \u043f\u043e\u0432\u0435\u0440\u0445\u043d\u043e\u0441\u0442\u0438 \u0434\u043b\u044f \u043f\u0440\u043e\u0432\u0435\u0440\u043a\u0438 \u0440\u0435\u0430\u043a\u0446\u0438\u0438 \u043f\u043e\u0432\u0435\u0440\u0445\u043d\u043e\u0441\u0442\u0438.<br \/>\n\u041d\u0435 \u0438\u0441\u043f\u043e\u043b\u044c\u0437\u0443\u0439\u0442\u0435 \u0441\u0440\u0435\u0434\u0441\u0442\u0432\u043e \u0434\u043b\u044f \u043e\u0447\u0438\u0441\u0442\u043a\u0438 \u0438\u0437\u0434\u0435\u043b\u0438[trim][:ro_RO]Sano Forte Plus Trigger Detergent spum\u0103 pentru cur\u0103\u0163at cuptoare, aragaze.<br \/>\n Campionul lichid\u0103rii gr\u0103similor arse;<br \/>\nDetergent spum\u0103 foarte concentrat care indep\u0103rteaz\u0103 grasimea si arsurile de pe aragaz, gr\u0103tar, cuptor, plit\u0103, oale, tig\u0103i, hot\u0103, ceramic\u0103.<br \/>\nDetergent spum\u0103 cu con\u0163inut de sod\u0103 caustic\u0103 pentru cur\u0103\u0163at cuptoare, aragaze; ofer\u0103 o cur\u0103\u0163enie miraculoas\u0103 a depunerilor grele si a gr\u0103similor arse de pe aragaz, gr\u0103tar, plit\u0103, oale etc.,<br \/>\nSe vor folosi m\u0103nu\u015fi de protec\u0163ie \u00een timpul utiliz\u0103rii acestui produs.<\/p>\n","protected":false},"excerpt":{"rendered":"<p>[:ru_RU]\u041a\u043e\u043d\u0446\u0435\u043d\u0442\u0440\u0438\u0440\u043e\u0432\u0430\u043d\u043d\u043e\u0435 \u0441\u0440\u0435\u0434\u0441\u0442\u0432\u043e \u0434\u043b\u044f \u0447\u0438\u0441\u0442\u043a\u0438 \u0434\u0443\u0445\u043e\u0432\u043e\u043a \u0421\u0430\u043d\u043e \u0424\u043e\u0440\u0442\u0435 Sano Forte Plus, 750 \u043c\u043b Sano Forte plus &#8211; Highly concentrated foam cleaner. \u0412\u044b\u0441\u043e\u043a\u043e\u043a\u043e\u043d\u0446\u0435\u043d\u0442\u0440\u0438\u0440\u043e\u0432\u0430\u043d&shy;\u043d\u043e\u0435 \u043f\u0435\u043d\u044f\u0449\u0435\u0435\u0441\u044f \u0447\u0438\u0441\u0442\u044f\u0449\u0435\u0435 \u0441\u0440\u0435\u0434\u0441\u0442\u0432\u043e Sano Forte \u0434\u043b\u044f \u0443\u0434\u0430\u043b\u0435\u043d\u0438\u044f \u0436\u0438\u0440\u0430, \u0441\u0430\u0436\u0438 \u0438 \u043a\u043e\u043f\u043e\u0442\u0438. \u0418\u043d\u0441\u0442\u0440\u0443\u043a\u0446\u0438\u0438 \u043f\u043e \u043f\u0440\u0438\u043c\u0435\u043d\u0435\u043d\u0438\u044e: \u041e\u0431\u044f\u0437\u0430\u0442\u0435\u043b\u044c\u043d\u043e \u043f\u043e\u043b\u044c\u0437\u043e\u0432\u0430\u0442\u044c\u0441\u044f \u0440\u0435\u0437\u0438\u043d\u043e\u0432\u044b\u043c\u0438 \u043f\u0435\u0440\u0447\u0430\u0442\u043a\u0430\u043c\u0438. \u041f\u0435\u0440\u0435\u0434 \u043f\u0440\u0438\u043c\u0435\u043d\u0435\u043d\u0438\u0435\u043c \u0442\u0449\u0430\u0442\u0435\u043b\u044c\u043d\u043e \u0432\u0441\u0442\u0440\u044f\u0445\u043d\u0443\u0442\u044c. \u041e\u0442\u043a\u0440\u043e\u0439\u0442\u0435 \u043f\u0440\u0435\u0434\u043e\u0445\u0440\u0430\u043d\u0438\u0442\u0435\u043b\u044c\u043d\u044b\u0439 \u044f\u0437\u044b\u0447\u043e\u043a, \u0441\u0431\u0440\u044b\u0437\u043d\u0438\u0442\u0435 \u0437\u0430\u0433\u0440\u044f\u0437\u043d\u0435\u043d\u043d\u0443\u044e \u043f\u043e\u0432\u0435\u0440\u0445\u043d\u043e\u0441\u0442\u044c, \u043e\u0441\u0442\u0430\u0432\u044c\u0442\u0435 \u043d\u0430 2-3 \u043c\u0438\u043d\u0443\u0442\u044b \u0438 \u043e\u0447\u0438\u0441\u0442\u0438\u0442\u0435 [&hellip;]<\/p>\n","protected":false},"featured_media":42210,"comment_status":"open","ping_status":"closed","template":"","meta":{"_acf_changed":false},"product_brand":[],"product_cat":[6748],"product_tag":[],"class_list":{"0":"post-42211","1":"product","2":"type-product","3":"status-publish","4":"has-post-thumbnail","6":"product_cat-ru_ru-sredstva-dlja-ochistk","8":"first","9":"instock","10":"shipping-taxable","11":"purchasable","12":"product-type-simple"},"acf":[],"_links":{"self":[{"href":"https:\/\/minimax.md\/ru\/wp-json\/wp\/v2\/product\/42211","targetHints":{"allow":["GET"]}}],"collection":[{"href":"https:\/\/minimax.md\/ru\/wp-json\/wp\/v2\/product"}],"about":[{"href":"https:\/\/minimax.md\/ru\/wp-json\/wp\/v2\/types\/product"}],"replies":[{"embeddable":true,"href":"https:\/\/minimax.md\/ru\/wp-json\/wp\/v2\/comments?post=42211"}],"version-history":[{"count":0,"href":"https:\/\/minimax.md\/ru\/wp-json\/wp\/v2\/product\/42211\/revisions"}],"wp:featuredmedia":[{"embeddable":true,"href":"https:\/\/minimax.md\/ru\/wp-json\/wp\/v2\/media\/42210"}],"wp:attachment":[{"href":"https:\/\/minimax.md\/ru\/wp-json\/wp\/v2\/media?parent=42211"}],"wp:term":[{"taxonomy":"product_brand","embeddable":true,"href":"https:\/\/minimax.md\/ru\/wp-json\/wp\/v2\/product_brand?post=42211"},{"taxonomy":"product_cat","embeddable":true,"href":"https:\/\/minimax.md\/ru\/wp-json\/wp\/v2\/product_cat?post=42211"},{"taxonomy":"product_tag","embeddable":true,"href":"https:\/\/minimax.md\/ru\/wp-json\/wp\/v2\/product_tag?post=42211"}],"curies":[{"name":"wp","href":"https:\/\/api.w.org\/{rel}","templated":true}]}}