{"id":42215,"date":"2023-11-28T13:11:09","date_gmt":"2023-11-28T10:11:09","guid":{"rendered":"https:\/\/minimax.md\/product\/42215.html"},"modified":"2023-11-28T13:29:55","modified_gmt":"2023-11-28T10:29:55","slug":"ru_ru-sano-sredstvo-protiv-naleta-izvesti-i-rzhavchiny-antikalk-1-l-trim-ro_ro-sano-solu-ie-anticalcar-i-rugin-anti-kalk-1-l","status":"publish","type":"product","link":"https:\/\/minimax.md\/ru\/product\/42215.html","title":{"rendered":"Sano \u0421\u0440\u0435\u0434\u0441\u0442\u0432\u043e \u043f\u0440\u043e\u0442\u0438\u0432 \u043d\u0430\u043b\u0435\u0442\u0430,\u0438\u0437\u0432\u0435\u0441\u0442\u0438 \u0438 \u0440\u0436\u0430\u0432\u0447\u0438\u043d\u044b antikalk, 1 \u043b"},"content":{"rendered":"<p>[:ru_RU]\u0412\u044b\u0441\u043e\u043a\u043e\u043a\u043e\u043d\u0446\u0435\u043d\u0442\u0440\u0438\u0440\u043e\u043d\u043d\u043e\u0435 \u0447\u0438\u0441\u0442\u044f\u0449\u0435\u0435 \u0441\u0440\u0435\u0434\u0441\u0442\u0432\u043e.<br \/>\n\u0421 \u043b\u0435\u0433\u043a\u043e\u0441\u0442\u044c\u044e \u043e\u0447\u0438\u0449\u0430\u0435\u0442 \u043a\u0440\u0430\u043d\u044b, \u0441\u0430\u043d\u0442\u0435\u0445\u043d\u0438\u043a\u0443, \u043a\u0435\u0440\u0430\u043c\u0438\u0447\u0435\u0441\u043a\u0443\u044e \u043f\u043b\u0438\u0442\u043a\u0443, \u043f\u0440\u0435\u0434\u043c\u0435\u0442\u044b \u0438\u0437 \u043f\u043b\u0430\u0441\u0442\u043c\u0430\u0441\u0441\u044b \u0438 \u0441\u0442\u0435\u043a\u043b\u0430 \u0438 \u0434\u0440.<br \/>\n\u042d\u0444\u0444\u0435\u043a\u0442\u0438\u0432\u043d\u043e\u0435 \u0441\u0440\u0435\u0434\u0441\u0442\u0432\u043e \u0434\u043b\u044f \u0443\u0434\u0430\u043b\u0435\u043d\u0438\u044f \u043c\u0438\u043d\u0435\u0440\u0430\u043b\u044c\u043d\u043e\u0433\u043e \u043d\u0430\u043b\u0435\u0442\u0430 \u0441 \u043a\u0440\u0430\u043d\u043e\u0432.[trim][:ro_RO]Cur\u0103\u021b\u0103 cu u\u0219urin\u021b\u0103 robinete, obiecte sanitare, placi ceramice, plastic \u0219i obiecte de sticl\u0103 \u0219i altele.<br \/>\nMijloace eficiente pentru \u00eendep\u0103rtarea pl\u0103cii bacteriene macarale minerale.<\/p>\n","protected":false},"excerpt":{"rendered":"<p>[:ru_RU]\u0412\u044b\u0441\u043e\u043a\u043e\u043a\u043e\u043d\u0446\u0435\u043d\u0442\u0440\u0438\u0440\u043e\u043d\u043d\u043e\u0435 \u0447\u0438\u0441\u0442\u044f\u0449\u0435\u0435 \u0441\u0440\u0435\u0434\u0441\u0442\u0432\u043e. \u0421 \u043b\u0435\u0433\u043a\u043e\u0441\u0442\u044c\u044e \u043e\u0447\u0438\u0449\u0430\u0435\u0442 \u043a\u0440\u0430\u043d\u044b, \u0441\u0430\u043d\u0442\u0435\u0445\u043d\u0438\u043a\u0443, \u043a\u0435\u0440\u0430\u043c\u0438\u0447\u0435\u0441\u043a\u0443\u044e \u043f\u043b\u0438\u0442\u043a\u0443, \u043f\u0440\u0435\u0434\u043c\u0435\u0442\u044b \u0438\u0437 \u043f\u043b\u0430\u0441\u0442\u043c\u0430\u0441\u0441\u044b \u0438 \u0441\u0442\u0435\u043a\u043b\u0430 \u0438 \u0434\u0440. \u042d\u0444\u0444\u0435\u043a\u0442\u0438\u0432\u043d\u043e\u0435 \u0441\u0440\u0435\u0434\u0441\u0442\u0432\u043e \u0434\u043b\u044f \u0443\u0434\u0430\u043b\u0435\u043d\u0438\u044f \u043c\u0438\u043d\u0435\u0440\u0430\u043b\u044c\u043d\u043e\u0433\u043e \u043d\u0430\u043b\u0435\u0442\u0430 \u0441 \u043a\u0440\u0430\u043d\u043e\u0432.[trim][:ro_RO]Cur\u0103\u021b\u0103 cu u\u0219urin\u021b\u0103 robinete, obiecte sanitare, placi ceramice, plastic \u0219i obiecte de sticl\u0103 \u0219i altele. Mijloace eficiente pentru \u00eendep\u0103rtarea pl\u0103cii bacteriene macarale minerale.<\/p>\n","protected":false},"featured_media":42214,"comment_status":"open","ping_status":"closed","template":"","meta":{"_acf_changed":false},"product_brand":[],"product_cat":[6737],"product_tag":[],"class_list":{"0":"post-42215","1":"product","2":"type-product","3":"status-publish","4":"has-post-thumbnail","6":"product_cat-ru_ru-chistjashhie-sredstva","8":"first","9":"instock","10":"shipping-taxable","11":"purchasable","12":"product-type-simple"},"acf":[],"_links":{"self":[{"href":"https:\/\/minimax.md\/ru\/wp-json\/wp\/v2\/product\/42215","targetHints":{"allow":["GET"]}}],"collection":[{"href":"https:\/\/minimax.md\/ru\/wp-json\/wp\/v2\/product"}],"about":[{"href":"https:\/\/minimax.md\/ru\/wp-json\/wp\/v2\/types\/product"}],"replies":[{"embeddable":true,"href":"https:\/\/minimax.md\/ru\/wp-json\/wp\/v2\/comments?post=42215"}],"version-history":[{"count":0,"href":"https:\/\/minimax.md\/ru\/wp-json\/wp\/v2\/product\/42215\/revisions"}],"wp:featuredmedia":[{"embeddable":true,"href":"https:\/\/minimax.md\/ru\/wp-json\/wp\/v2\/media\/42214"}],"wp:attachment":[{"href":"https:\/\/minimax.md\/ru\/wp-json\/wp\/v2\/media?parent=42215"}],"wp:term":[{"taxonomy":"product_brand","embeddable":true,"href":"https:\/\/minimax.md\/ru\/wp-json\/wp\/v2\/product_brand?post=42215"},{"taxonomy":"product_cat","embeddable":true,"href":"https:\/\/minimax.md\/ru\/wp-json\/wp\/v2\/product_cat?post=42215"},{"taxonomy":"product_tag","embeddable":true,"href":"https:\/\/minimax.md\/ru\/wp-json\/wp\/v2\/product_tag?post=42215"}],"curies":[{"name":"wp","href":"https:\/\/api.w.org\/{rel}","templated":true}]}}