{"id":42217,"date":"2023-11-28T13:11:09","date_gmt":"2023-11-28T10:11:09","guid":{"rendered":"https:\/\/minimax.md\/product\/42217.html"},"modified":"2023-11-28T13:29:55","modified_gmt":"2023-11-28T10:29:55","slug":"ru_ru-sano-mylo-dlja-tualeta-trim-ro_ro-sano-sapun-antibacterial-pentru-wc","status":"publish","type":"product","link":"https:\/\/minimax.md\/ru\/product\/42217.html","title":{"rendered":"Sano \u041c\u044b\u043b\u043e \u0434\u043b\u044f \u0442\u0443\u0430\u043b\u0435\u0442\u0430"},"content":{"rendered":"<p>[:ru_RU]\u041f\u043e\u0434\u0432\u0435\u0441\u043d\u043e\u0439 \u0431\u043b\u043e\u043a SANO (\u0421\u0430\u043d\u043e) Sanobon \u0434\u043b\u044f \u0443\u043d\u0438\u0442\u0430\u0437\u0430 Blue 50\u0433<br \/>\n\u0414\u043b\u044f \u0433\u0438\u0433\u0438\u0435\u043d\u0438\u0447\u0435\u0441\u043a\u043e\u0439 \u0447\u0438\u0441\u0442\u043e\u0442\u044b \u0442\u0443\u0430\u043b\u0435\u0442\u0430 \u0438\u0441\u043f\u043e\u043b\u044c\u0437\u0443\u0439\u0442\u0435 \u043f\u043e\u0434\u0432\u0435\u0441\u043d\u043e\u0439 \u0431\u043b\u043e\u043a \u0434\u043b\u044f \u0442\u0443\u0430\u043b\u0435\u0442\u0430 \u042f\u0431\u043b\u043e\u043a\u043e Sanobon Blue Apple \u043e\u0442 \u0442\u043e\u0440\u0433\u043e\u0432\u043e\u0439 \u043c\u0430\u0440\u043a\u0438 Sano!<br \/>\n\u0421\u0440\u0435\u0434\u0441\u0442\u0432\u043e \u0434\u0435\u0439\u0441\u0442\u0432\u0443\u0435\u0442 \u0441\u0440\u0430\u0437\u0443 \u0432 \u043d\u0435\u0441\u043a\u043e\u043b\u044c\u043a\u0438\u0445 \u043d\u0430\u043f\u0440\u0430\u0432\u043b\u0435\u043d\u0438\u044f\u0445: \u043e\u0442\u043b\u0438\u0447\u043d\u043e \u043e\u0447\u0438\u0449\u0430\u0435\u0442, \u0443\u0431\u0438\u0432\u0430\u0435\u0442 \u043c\u0438\u043a\u0440\u043e\u0431\u043e\u0432, \u043f\u0440\u0438\u0434\u0430\u0435\u0442 \u0431\u043b\u0435\u0441\u043a.<br \/>\n\u041f\u0440\u0438 \u0441\u043c\u044b\u0432\u0430\u043d\u0438\u0438 \u0432\u043e\u0434\u0430 \u043e\u043a\u0440\u0430\u0448\u0438\u0432\u0430\u0435\u0442\u0441\u044f \u0432 \u0441\u0438\u043d\u0438\u0439 \u0446\u0432\u0435\u0442.<br \/>\n\u0410\u043a\u0442\u0438\u0432\u043d\u044b\u0435 \u043a\u043e\u043c\u043f\u043e\u043d\u0435\u043d\u0442\u044b \u0441\u0440\u0435\u0434\u0441\u0442\u0432\u0430 \u0437\u0430\u0449\u0438\u0449\u0430\u044e\u0442 \u043e\u0442 \u0438\u0437\u0432\u0435\u0441\u0442\u043a\u043e\u0432\u043e\u0433\u043e \u043d\u0430\u043b\u0435\u0442\u0430 \u043d\u0430 \u0441\u0442\u0435\u043d\u043a\u0430\u0445 \u0443\u043d\u0438\u0442\u0430\u0437\u0430.<br \/>\n\u0411\u043b\u043e\u043a \u043e\u0447\u0435\u043d\u044c \u043f\u0440\u0430\u043a\u0442\u0438\u0447\u0435\u043d \u0432 \u0438\u0441\u043f\u043e\u043b\u044c\u0437\u043e\u0432\u0430\u043d\u0438\u0438.<br \/>\n\u0415\u0433\u043e \u0445\u0432\u0430\u0442\u0438\u0442 \u0431\u043e\u043b\u0435\u0435 \u0447\u0435\u043c \u043d\u0430 1000 \u0441\u043c\u044b\u0432\u0430\u043d\u0438\u0439.<br \/>\n\u0410 \u0432\u0430\u0448\u0430 \u0442\u0443\u0430\u043b\u0435\u0442\u043d\u0430\u044f \u043a\u043e\u043c\u043d\u0430\u0442\u0430 \u043e\u0441\u0442\u0430\u043d\u0435\u0442\u0441\u044f \u043d\u0430\u043f\u043e\u043b\u043d\u0435\u043d\u043d\u043e\u0439 \u0441\u0432\u0435\u0436\u0438\u043c \u0430\u0440\u043e\u043c\u0430\u0442\u043e\u043c.<br \/>\n\u0421\u043e\u0441\u0442\u0430\u0432 \u0411\u043e\u043b\u0435\u0435 30% \u043f\u043e\u0432\u0435\u0440\u0445\u043d\u043e\u0441\u0442\u043d\u043e-\u0430\u043a\u0442\u0438\u0432\u043d\u044b\u0445 \u0432\u0435\u0449\u0435\u0441\u0442\u0432 \u043d\u043e\u043d\u0438\u043e\u043d\u043e\u0432, \u043a\u043e\u043d\u0441\u0435\u0440\u0432\u0430\u043d\u0442 PDCB, \u0430\u0440\u043e\u043c\u0430\u0442\u0438\u0437\u0430\u0442\u043e\u0440.<br \/>\n\u0421\u043f\u043e\u0441\u043e\u0431 \u043f\u0440\u0438\u043c\u0435\u043d\u0435\u043d\u0438\u044f<br \/>\n\u041f\u043e\u0434\u0432\u0435\u0441\u0438\u0442\u044c \u0431\u043b\u043e\u043a \u043d\u0430 \u0431\u043e\u0440\u0442\u0438\u043a \u0443\u043d\u0438\u0442\u0430\u0437\u0430 \u043e\u0442\u043a\u0440\u044b\u0442\u043e\u0439 \u0441\u0442\u043e\u0440\u043e\u043d\u043e\u0439 \u0432\u043e\u0432\u043d\u0443\u0442\u0440\u044c.<br \/>\n\u0416\u0435\u043b\u0430\u0442\u0435\u043b\u044c\u043d\u043e \u0440\u0430\u0441\u043f\u043e\u043b\u043e\u0436\u0438\u0442\u044c \u0432 \u043c\u0435\u0441\u0442\u0435 \u0438\u043d\u0442\u0435\u043d\u0441\u0438\u0432\u043d\u043e\u0433\u043e \u043d\u0430\u043f\u043e\u0440\u0430 \u0432\u043e\u0434\u044b.[trim][:ro_RO]Unitate de suspensie SANO (Sano) Sanobon WC Albastru 50g<br \/>\nPentru cur\u0103\u021benia igienic\u0103 a toaletei, folosind o unitate de suspensie pentru o toalet\u0103 Apple Sanobon Albastru Apple a de marca Sano!<br \/>\nMijloace de ac\u021biune \u00een mai multe moduri: curata, ucide microbii, d\u0103 str\u0103lucire.<br \/>\nC\u00e2nd \u00eenro\u0219irea fe\u021bei apa devine albastr\u0103.<br \/>\nComponentele active ale mijloacelor de protec\u021bie \u00eempotriva depunerilor de calcar pe pere\u021bii toaletei.<br \/>\nUnitatea este foarte practic de a utiliza. Aceasta va dura mai mult de 1000 Flushing.<br \/>\n\u0218i camera dressing va fi umplut cu aroma proasp\u0103t\u0103.<br \/>\nCompozi\u021bie Peste 30% din surfactan\u021bi nonionov, conservant PDCB, arome.<br \/>\nDozajul Suspend bloc jant\u0103 toalet\u0103 pe partea deschis\u0103 spre interior. De preferin\u021b\u0103 aranjate \u00een loc intensiv jeturi de ap\u0103.<\/p>\n","protected":false},"excerpt":{"rendered":"<p>[:ru_RU]\u041f\u043e\u0434\u0432\u0435\u0441\u043d\u043e\u0439 \u0431\u043b\u043e\u043a SANO (\u0421\u0430\u043d\u043e) Sanobon \u0434\u043b\u044f \u0443\u043d\u0438\u0442\u0430\u0437\u0430 Blue 50\u0433 \u0414\u043b\u044f \u0433\u0438\u0433\u0438\u0435\u043d\u0438\u0447\u0435\u0441\u043a\u043e\u0439 \u0447\u0438\u0441\u0442\u043e\u0442\u044b \u0442\u0443\u0430\u043b\u0435\u0442\u0430 \u0438\u0441\u043f\u043e\u043b\u044c\u0437\u0443\u0439\u0442\u0435 \u043f\u043e\u0434\u0432\u0435\u0441\u043d\u043e\u0439 \u0431\u043b\u043e\u043a \u0434\u043b\u044f \u0442\u0443\u0430\u043b\u0435\u0442\u0430 \u042f\u0431\u043b\u043e\u043a\u043e Sanobon Blue Apple \u043e\u0442 \u0442\u043e\u0440\u0433\u043e\u0432\u043e\u0439 \u043c\u0430\u0440\u043a\u0438 Sano! \u0421\u0440\u0435\u0434\u0441\u0442\u0432\u043e \u0434\u0435\u0439\u0441\u0442\u0432\u0443\u0435\u0442 \u0441\u0440\u0430\u0437\u0443 \u0432 \u043d\u0435\u0441\u043a\u043e\u043b\u044c\u043a\u0438\u0445 \u043d\u0430\u043f\u0440\u0430\u0432\u043b\u0435\u043d\u0438\u044f\u0445: \u043e\u0442\u043b\u0438\u0447\u043d\u043e \u043e\u0447\u0438\u0449\u0430\u0435\u0442, \u0443\u0431\u0438\u0432\u0430\u0435\u0442 \u043c\u0438\u043a\u0440\u043e\u0431\u043e\u0432, \u043f\u0440\u0438\u0434\u0430\u0435\u0442 \u0431\u043b\u0435\u0441\u043a. \u041f\u0440\u0438 \u0441\u043c\u044b\u0432\u0430\u043d\u0438\u0438 \u0432\u043e\u0434\u0430 \u043e\u043a\u0440\u0430\u0448\u0438\u0432\u0430\u0435\u0442\u0441\u044f \u0432 \u0441\u0438\u043d\u0438\u0439 \u0446\u0432\u0435\u0442. \u0410\u043a\u0442\u0438\u0432\u043d\u044b\u0435 \u043a\u043e\u043c\u043f\u043e\u043d\u0435\u043d\u0442\u044b \u0441\u0440\u0435\u0434\u0441\u0442\u0432\u0430 \u0437\u0430\u0449\u0438\u0449\u0430\u044e\u0442 \u043e\u0442 \u0438\u0437\u0432\u0435\u0441\u0442\u043a\u043e\u0432\u043e\u0433\u043e \u043d\u0430\u043b\u0435\u0442\u0430 \u043d\u0430 \u0441\u0442\u0435\u043d\u043a\u0430\u0445 \u0443\u043d\u0438\u0442\u0430\u0437\u0430. [&hellip;]<\/p>\n","protected":false},"featured_media":42216,"comment_status":"open","ping_status":"closed","template":"","meta":{"_acf_changed":false},"product_brand":[],"product_cat":[6736],"product_tag":[],"class_list":{"0":"post-42217","1":"product","2":"type-product","3":"status-publish","4":"has-post-thumbnail","6":"product_cat-ru_ru-bytovaja-himija-dlja","8":"first","9":"instock","10":"shipping-taxable","11":"purchasable","12":"product-type-simple"},"acf":[],"_links":{"self":[{"href":"https:\/\/minimax.md\/ru\/wp-json\/wp\/v2\/product\/42217","targetHints":{"allow":["GET"]}}],"collection":[{"href":"https:\/\/minimax.md\/ru\/wp-json\/wp\/v2\/product"}],"about":[{"href":"https:\/\/minimax.md\/ru\/wp-json\/wp\/v2\/types\/product"}],"replies":[{"embeddable":true,"href":"https:\/\/minimax.md\/ru\/wp-json\/wp\/v2\/comments?post=42217"}],"version-history":[{"count":0,"href":"https:\/\/minimax.md\/ru\/wp-json\/wp\/v2\/product\/42217\/revisions"}],"wp:featuredmedia":[{"embeddable":true,"href":"https:\/\/minimax.md\/ru\/wp-json\/wp\/v2\/media\/42216"}],"wp:attachment":[{"href":"https:\/\/minimax.md\/ru\/wp-json\/wp\/v2\/media?parent=42217"}],"wp:term":[{"taxonomy":"product_brand","embeddable":true,"href":"https:\/\/minimax.md\/ru\/wp-json\/wp\/v2\/product_brand?post=42217"},{"taxonomy":"product_cat","embeddable":true,"href":"https:\/\/minimax.md\/ru\/wp-json\/wp\/v2\/product_cat?post=42217"},{"taxonomy":"product_tag","embeddable":true,"href":"https:\/\/minimax.md\/ru\/wp-json\/wp\/v2\/product_tag?post=42217"}],"curies":[{"name":"wp","href":"https:\/\/api.w.org\/{rel}","templated":true}]}}