{"id":42221,"date":"2023-11-28T13:11:10","date_gmt":"2023-11-28T10:11:10","guid":{"rendered":"https:\/\/minimax.md\/product\/42221.html"},"modified":"2023-11-28T13:29:55","modified_gmt":"2023-11-28T10:29:55","slug":"ru_ru-sano-mylo-dlja-tualeta-s-aromatom-lesa-trim-ro_ro-sano-sapun-antibacterial-pentru-wc-cu-arom-de-p-dure","status":"publish","type":"product","link":"https:\/\/minimax.md\/ru\/product\/42221.html","title":{"rendered":"Sano \u041c\u044b\u043b\u043e \u0434\u043b\u044f \u0442\u0443\u0430\u043b\u0435\u0442\u0430 \u0441 \u0430\u0440\u043e\u043c\u0430\u0442\u043e\u043c \u043b\u0435\u0441\u0430"},"content":{"rendered":"<p>[:ru_RU]\u041c\u044b\u043b\u043e \u0434\u043b\u044f \u0443\u043d\u0438\u0442\u0430\u0437\u043e\u0432 \u0441 \u0430\u0440\u043e\u043c\u0430\u0442\u043e\u043c \u0437\u0435\u043b\u0435\u043d\u043e\u0433\u043e \u043b\u0435\u0441\u0430.<br \/>\n\u041f\u0440\u0435\u0434\u043e\u0442\u0432\u0440\u0430\u0449\u0430\u0435\u0442 \u043e\u0431\u0440\u0430\u0437\u043e\u0432\u0430\u043d\u0438\u0435 \u0438\u0437\u0432\u0435\u0441\u0442\u043a\u043e\u0432\u043e\u0433\u043e \u043d\u0430\u043b\u0451\u0442\u0430, \u043f\u0440\u0438\u0434\u0430\u0451\u0442 \u0441\u0432\u0435\u0436\u0438\u0439 \u0438 \u043f\u0440\u0438\u044f\u0442\u043d\u044b\u0439 \u0430\u0440\u043e\u043c\u0430\u0442. 4 \u0444\u0443\u043d\u043a\u0446\u0438\u0438 \u0432 \u043e\u0434\u043d\u043e\u043c \u0441\u0440\u0435\u0434\u0441\u0442\u0432\u0435: \u043e\u0447\u0438\u0449\u0430\u0435\u0442, \u043f\u0440\u0438\u0434\u0430\u0435\u0442 \u0431\u043b\u0435\u0441\u043a, \u0430\u0440\u043e\u043c\u0430\u0442\u0438\u0437\u0438\u0440\u0443\u0435\u0442 \u0432\u043e\u0437\u0434\u0443\u0445, \u043e\u0431\u043b\u0430\u0434\u0430\u0435\u0442 \u0433\u0438\u0433\u0438\u0435\u043d\u0438\u0447\u0435\u0441\u043a\u0438\u043c\u0438 \u0441\u0432\u043e\u0439\u0441\u0442\u0432\u0430\u043c\u0438. \u0418\u043d\u0441\u0442\u0440\u0443\u043a\u0446\u0438\u0438 \u043f\u043e \u043f\u0440\u0438\u043c\u0435\u043d\u0435\u043d\u0438\u044e:<br \/>\n\u041f\u0440\u0438\u043a\u0440\u0435\u043f\u0438\u0442\u044c \u043a \u043a\u0440\u0430\u044e \u0443\u043d\u0438\u0442\u0430\u0437\u0430 \u043e\u0442\u043a\u0440\u044b\u0442\u043e\u0439 \u0441\u0442\u043e\u0440\u043e\u043d\u043e\u0439 \u0432\u043d\u0443\u0442\u0440\u044c. 800 \u0441\u043c\u044b\u0432\u043e\u0432.[trim][:ro_RO]S\u0103pun pentru toalete cu mirosul de p\u0103dure verde.<br \/>\nPrevine formarea depunerilor de calcar, \u00eei confer\u0103 o arom\u0103 proasp\u0103t\u0103 \u0219i pl\u0103cut\u0103. 4 func\u021bii \u00eentr-un singur vehicul: curata, lustruieste, aer aromatizant, are propriet\u0103\u021bi igienice. Instruc\u021biuni de utilizare:<br \/>\nAta\u0219a\u021bi marginea partea deschis\u0103 a toaletei \u00een interior. 800 sp\u0103l\u0103ri.<\/p>\n","protected":false},"excerpt":{"rendered":"<p>[:ru_RU]\u041c\u044b\u043b\u043e \u0434\u043b\u044f \u0443\u043d\u0438\u0442\u0430\u0437\u043e\u0432 \u0441 \u0430\u0440\u043e\u043c\u0430\u0442\u043e\u043c \u0437\u0435\u043b\u0435\u043d\u043e\u0433\u043e \u043b\u0435\u0441\u0430. \u041f\u0440\u0435\u0434\u043e\u0442\u0432\u0440\u0430\u0449\u0430\u0435\u0442 \u043e\u0431\u0440\u0430\u0437\u043e\u0432\u0430\u043d\u0438\u0435 \u0438\u0437\u0432\u0435\u0441\u0442\u043a\u043e\u0432\u043e\u0433\u043e \u043d\u0430\u043b\u0451\u0442\u0430, \u043f\u0440\u0438\u0434\u0430\u0451\u0442 \u0441\u0432\u0435\u0436\u0438\u0439 \u0438 \u043f\u0440\u0438\u044f\u0442\u043d\u044b\u0439 \u0430\u0440\u043e\u043c\u0430\u0442. 4 \u0444\u0443\u043d\u043a\u0446\u0438\u0438 \u0432 \u043e\u0434\u043d\u043e\u043c \u0441\u0440\u0435\u0434\u0441\u0442\u0432\u0435: \u043e\u0447\u0438\u0449\u0430\u0435\u0442, \u043f\u0440\u0438\u0434\u0430\u0435\u0442 \u0431\u043b\u0435\u0441\u043a, \u0430\u0440\u043e\u043c\u0430\u0442\u0438\u0437\u0438\u0440\u0443\u0435\u0442 \u0432\u043e\u0437\u0434\u0443\u0445, \u043e\u0431\u043b\u0430\u0434\u0430\u0435\u0442 \u0433\u0438\u0433\u0438\u0435\u043d\u0438\u0447\u0435\u0441\u043a\u0438\u043c\u0438 \u0441\u0432\u043e\u0439\u0441\u0442\u0432\u0430\u043c\u0438. \u0418\u043d\u0441\u0442\u0440\u0443\u043a\u0446\u0438\u0438 \u043f\u043e \u043f\u0440\u0438\u043c\u0435\u043d\u0435\u043d\u0438\u044e: \u041f\u0440\u0438\u043a\u0440\u0435\u043f\u0438\u0442\u044c \u043a \u043a\u0440\u0430\u044e \u0443\u043d\u0438\u0442\u0430\u0437\u0430 \u043e\u0442\u043a\u0440\u044b\u0442\u043e\u0439 \u0441\u0442\u043e\u0440\u043e\u043d\u043e\u0439 \u0432\u043d\u0443\u0442\u0440\u044c. 800 \u0441\u043c\u044b\u0432\u043e\u0432.[trim][:ro_RO]S\u0103pun pentru toalete cu mirosul de p\u0103dure verde. Previne formarea depunerilor de calcar, \u00eei confer\u0103 [&hellip;]<\/p>\n","protected":false},"featured_media":0,"comment_status":"open","ping_status":"closed","template":"","meta":{"_acf_changed":false},"product_brand":[],"product_cat":[6736],"product_tag":[],"class_list":{"0":"post-42221","1":"product","2":"type-product","3":"status-publish","5":"product_cat-ru_ru-bytovaja-himija-dlja","7":"first","8":"instock","9":"shipping-taxable","10":"purchasable","11":"product-type-simple"},"acf":[],"_links":{"self":[{"href":"https:\/\/minimax.md\/ru\/wp-json\/wp\/v2\/product\/42221","targetHints":{"allow":["GET"]}}],"collection":[{"href":"https:\/\/minimax.md\/ru\/wp-json\/wp\/v2\/product"}],"about":[{"href":"https:\/\/minimax.md\/ru\/wp-json\/wp\/v2\/types\/product"}],"replies":[{"embeddable":true,"href":"https:\/\/minimax.md\/ru\/wp-json\/wp\/v2\/comments?post=42221"}],"version-history":[{"count":0,"href":"https:\/\/minimax.md\/ru\/wp-json\/wp\/v2\/product\/42221\/revisions"}],"wp:attachment":[{"href":"https:\/\/minimax.md\/ru\/wp-json\/wp\/v2\/media?parent=42221"}],"wp:term":[{"taxonomy":"product_brand","embeddable":true,"href":"https:\/\/minimax.md\/ru\/wp-json\/wp\/v2\/product_brand?post=42221"},{"taxonomy":"product_cat","embeddable":true,"href":"https:\/\/minimax.md\/ru\/wp-json\/wp\/v2\/product_cat?post=42221"},{"taxonomy":"product_tag","embeddable":true,"href":"https:\/\/minimax.md\/ru\/wp-json\/wp\/v2\/product_tag?post=42221"}],"curies":[{"name":"wp","href":"https:\/\/api.w.org\/{rel}","templated":true}]}}