{"id":42223,"date":"2023-11-28T13:11:10","date_gmt":"2023-11-28T10:11:10","guid":{"rendered":"https:\/\/minimax.md\/product\/42223.html"},"modified":"2023-11-28T13:29:55","modified_gmt":"2023-11-28T10:29:55","slug":"ru_ru-sano-chistjashhee-sredstvo-dlja-vannoj-komnaty-1-l-trim-ro_ro-sano-solu-ie-universal-pentru-baie-1-l","status":"publish","type":"product","link":"https:\/\/minimax.md\/ru\/product\/42223.html","title":{"rendered":"Sano \u0447\u0438\u0441\u0442\u044f\u0449\u0435\u0435 \u0441\u0440\u0435\u0434\u0441\u0442\u0432\u043e \u0434\u043b\u044f \u0432\u0430\u043d\u043d\u043e\u0439 \u043a\u043e\u043c\u043d\u0430\u0442\u044b 1 \u043b"},"content":{"rendered":"<p>[:ru_RU]\u0427\u0438\u0441\u0442\u044f\u0449\u0435\u0435 \u0441\u0440\u0435\u0434\u0441\u0442\u0432\u043e \u0434\u043b\u044f \u0432\u0430\u043d\u043d\u043e\u0439 \u043a\u043e\u043c\u043d\u0430\u0442\u044b.<br \/>\n\u041e\u0447\u0438\u0449\u0430\u0435\u0442, \u0434\u0435\u0437\u0438\u043d\u0444\u0438\u0446\u0438\u0440\u0443\u0435\u0442 \u0438 \u043f\u043e\u043b\u0438\u0440\u0443\u0435\u0442 \u0432\u0441\u0435 \u043f\u043e\u0432\u0435\u0440\u0445\u043d\u043e\u0441\u0442\u0438 \u0432\u0430\u043d\u043d\u043e\u0439 \u043a\u043e\u043c\u043d\u0430\u0442\u044b \u043d\u0435 \u0446\u0430\u0440\u0430\u043f\u0430\u044f \u0438\u0445.<br \/>\n \u0427\u0442\u043e\u0431\u044b \u0443\u0431\u043e\u0440\u043a\u0430 \u043d\u0435 \u0440\u0430\u0441\u0442\u044f\u0433\u0438\u0432\u0430\u043b\u0430\u0441\u044c \u043d\u0430 \u0447\u0430\u0441\u044b, \u0437\u0430\u043c\u0435\u043d\u0438\u0442\u0435 \u0446\u0435\u043b\u044b\u0439 \u0430\u0440\u0441\u0435\u043d\u0430\u043b \u0412\u0430\u0448\u0438\u0445 \u043f\u0440\u0435\u0436\u043d\u0438\u0445 \u0447\u0438\u0441\u0442\u044f\u0449\u0438\u0445 \u0441\u0440\u0435\u0434\u0441\u0442\u0432 \u043d\u0430 \u043e\u0434\u043d\u0443 \u0431\u0443\u0442\u044b\u043b\u043a\u0443<br \/>\n\u0423\u043d\u0438\u0432\u0435\u0440\u0441\u0430\u043b\u044c\u043d\u043e\u0433\u043e \u0441\u0440\u0435\u0434\u0441\u0442\u0432\u0430 \u0434\u043b\u044f \u0447\u0438\u0441\u0442\u043a\u0438 \u0432\u0430\u043d\u043d\u043e\u0439 \u043a\u043e\u043c\u043d\u0430\u0442\u044b \u0438 \u0430\u043a\u0440\u0438\u043b\u043e\u0432\u044b\u0445 \u0432\u0430\u043d\u043d SANO Jet All-Purpose Bathroom Cleaner.<br \/>\n\u0417\u0430 \u0441\u0447\u0438\u0442\u0430\u043d\u043d\u044b\u0435 \u043c\u0438\u043d\u0443\u0442\u044b \u0441\u0440\u0435\u0434\u0441\u0442\u0432\u043e \u043e\u0447\u0438\u0449\u0430\u0435\u0442 \u0438 \u0433\u0440\u044f\u0437\u044c, \u0438 \u0438\u0437\u0432\u0435\u0441\u0442\u043a\u043e\u0432\u044b\u0439 \u043d\u0430\u043b\u0435\u0442, \u0438 \u043c\u044b\u043b\u044c\u043d\u044b\u0435 \u0440\u0430\u0437\u0432\u043e\u0434\u044b.<br \/>\n\u0411\u043b\u0430\u0433\u043e\u0434\u0430\u0440\u044f \u0440\u0430\u0441\u043f\u044b\u043b\u0438\u0442\u0435\u043b\u044e, \u0441\u0440\u0435\u0434\u0441\u0442\u0432\u043e \u043f\u0440\u043e\u043d\u0438\u043a\u0430\u0435\u0442 \u0432 \u0441\u0430\u043c\u044b\u0435 \u0442\u0440\u0443\u0434\u043d\u043e\u0434\u043e\u0441\u0442\u0443\u043f\u043d\u044b\u0435 \u043c\u0435\u0441\u0442\u0430 (\u0448\u0432\u044b \u043c\u0435\u0436\u0434\u0443 \u043f\u043b\u0438\u0442\u043a\u043e\u0439, \u0434\u0443\u0448, \u043a\u0440\u0430\u043d\u044b, \u0442\u0440\u0443\u0434\u043d\u043e\u0434\u043e\u0441\u0442\u0443\u043f\u043d\u044b\u0435 \u043c\u0435\u0441\u0442\u0430 \u0434\u0443\u0448\u0435\u0432\u043e\u0439 \u043a\u0430\u0431\u0438\u043d\u044b) \u0438 \u043e\u0441\u043d\u043e\u0432\u0430\u0442\u0435\u043b\u044c\u043d\u043e \u043e\u0447\u0438\u0449\u0430\u0435\u0442 \u0432\u0441\u0435 \u0432\u043e\u0437\u043c\u043e\u0436\u043d\u044b\u0435 \u0437\u0430\u0433\u0440\u044f\u0437\u043d\u0435\u043d\u0438\u044f.<br \/>\n\u0414\u0435\u0439\u0441\u0442\u0432\u0438\u0435 \u0441\u0440\u0435\u0434\u0441\u0442\u0432\u0430 Sano Jet All-Purpose Bathroom Cleaner \u043e\u0441\u043e\u0431\u0435\u043d\u043d\u043e \u043e\u0446\u0435\u043d\u044f\u0442 \u0432\u043b\u0430\u0434\u0435\u043b\u044c\u0446\u044b \u0434\u0443\u0448\u0435\u0432\u044b\u0445 \u043a\u0430\u0431\u0438\u043d, \u0446\u0432\u0435\u0442\u043d\u044b\u0445 \u0432\u0430\u043d\u043d \u0438 \u0446\u0432\u0435\u0442\u043d\u043e\u0439 \u043a\u0430\u0444\u0435\u043b\u044c\u043d\u043e\u0439 \u043f\u043b\u0438\u0442\u043a\u0438, \u0433\u0434\u0435 \u0438\u0437\u0432\u0435\u0441\u0442\u043a\u043e\u0432\u044b\u0439 \u043d\u0430\u043b\u0435\u0442 \u0438 \u043c\u044b\u043b\u044c\u043d\u044b\u0435 \u0440\u0430\u0437\u0432\u043e\u0434\u044b  \u0431\u0440\u043e\u0441\u0430\u044e\u0442\u0441\u044f \u0432 \u0433\u043b\u0430\u0437\u0430.<br \/>\n \u0423\u043d\u0438\u0432\u0435\u0440\u0441\u0430\u043b\u044c\u043d\u043e\u0435 \u0441\u0440\u0435\u0434\u0441\u0442\u0432\u043e \u0434\u043b\u044f \u0447\u0438\u0441\u0442\u043a\u0438 \u0432\u0430\u043d\u043d\u043e\u0439 \u043a\u043e\u043c\u043d\u0430\u0442\u044b \u0438 \u0430\u043a\u0440\u0438\u043b\u043e\u0432\u044b\u0445 \u0432\u0430\u043d\u043d SANO Jet All-Purpose Bathroom Cleaner \u043f\u043e\u0434\u0445\u043e\u0434\u0438\u0442 \u0434\u043b\u044f \u043b\u044e\u0431\u044b\u0445 \u0432\u0430\u043d\u043d \u0438 \u043f\u043e\u0432\u0435\u0440\u0445\u043d\u043e\u0441\u0442\u0435\u0439: \u0430\u043a\u0440\u0438\u043b\u043e\u0432\u044b\u0435 \u0438 \u0447\u0443\u0433\u0443\u043d\u043d\u044b\u0435 \u0432\u0430\u043d\u043d\u044b, \u0434\u0436\u0430\u043a\u0443\u0437\u0438,  \u0434\u0443\u0448\u0435\u0432\u044b\u0435 \u043a\u0430\u0431\u0438\u043d\u044b, \u043a\u0430\u0444\u0435\u043b\u044c, \u043f\u043e\u0432\u0435[trim][:ro_RO]Cur\u0103\u021b\u0103, dezinfecteaz\u0103 \u0219i lustruieste toate suprafe\u021bele din baie, f\u0103r\u0103 a le zg\u00e2ria.<br \/>\nDetergent multifunc\u021bional imbun\u0103t\u0103\u021bit cu detartrant si acid citric natural, ideal pentru cur\u0103\u021barea suprafe\u021belor din baie.<br \/>\nCur\u0103\u021b\u0103, dezinfecteaz\u0103 si lustruie\u0219te f\u0103r\u0103 s\u0103 zg\u00eerie.<br \/>\nPoate fi utilizat la cur\u0103\u021barea robinetelor, faian\u021bei, c\u0103zilor, jacuzzi-ului din materiale sintetice sau email.<br \/>\nImbog\u0103\u021bit cu acid citric natural pentru eliminarea calcarului.<br \/>\n Instruc\u021biuni de utilizare:<br \/>\nSe \u00eentoarce dispozitivul de protec\u021bie \u00een pozi\u021bia ON.<br \/>\nSe pulverizeaz\u0103 pe suprafa\u021b\u0103 uniform, se las\u0103 s\u0103 ac\u021bioneze pe 1-2 minute, se cur\u0103\u021b\u0103 cu un burete sau lavete \u0219i se spal\u0103 cu ap\u0103.<br \/>\nApoi se \u00eentoarce dispozitivul \u00een pozi\u021bia OFF.<br \/>\nAten\u021bie!<br \/>\nNu se utilizeaz\u0103 pentru cur\u0103\u021barea cu burete de metal \u0219i de \u0219lefuit.<br \/>\nNu se utilizeaz\u0103 pentru sp\u0103larea pardoselelor din marmur\u0103, articole de email nerezistente la aciduri.<br \/>\nNu se utilizeaz\u0103 \u00eempreun\u0103 cu detergen\u021bi care con\u021bin clor.<\/p>\n","protected":false},"excerpt":{"rendered":"<p>[:ru_RU]\u0427\u0438\u0441\u0442\u044f\u0449\u0435\u0435 \u0441\u0440\u0435\u0434\u0441\u0442\u0432\u043e \u0434\u043b\u044f \u0432\u0430\u043d\u043d\u043e\u0439 \u043a\u043e\u043c\u043d\u0430\u0442\u044b. \u041e\u0447\u0438\u0449\u0430\u0435\u0442, \u0434\u0435\u0437\u0438\u043d\u0444\u0438\u0446\u0438\u0440\u0443\u0435\u0442 \u0438 \u043f\u043e\u043b\u0438\u0440\u0443\u0435\u0442 \u0432\u0441\u0435 \u043f\u043e\u0432\u0435\u0440\u0445\u043d\u043e\u0441\u0442\u0438 \u0432\u0430\u043d\u043d\u043e\u0439 \u043a\u043e\u043c\u043d\u0430\u0442\u044b \u043d\u0435 \u0446\u0430\u0440\u0430\u043f\u0430\u044f \u0438\u0445. \u0427\u0442\u043e\u0431\u044b \u0443\u0431\u043e\u0440\u043a\u0430 \u043d\u0435 \u0440\u0430\u0441\u0442\u044f\u0433\u0438\u0432\u0430\u043b\u0430\u0441\u044c \u043d\u0430 \u0447\u0430\u0441\u044b, \u0437\u0430\u043c\u0435\u043d\u0438\u0442\u0435 \u0446\u0435\u043b\u044b\u0439 \u0430\u0440\u0441\u0435\u043d\u0430\u043b \u0412\u0430\u0448\u0438\u0445 \u043f\u0440\u0435\u0436\u043d\u0438\u0445 \u0447\u0438\u0441\u0442\u044f\u0449\u0438\u0445 \u0441\u0440\u0435\u0434\u0441\u0442\u0432 \u043d\u0430 \u043e\u0434\u043d\u0443 \u0431\u0443\u0442\u044b\u043b\u043a\u0443 \u0423\u043d\u0438\u0432\u0435\u0440\u0441\u0430\u043b\u044c\u043d\u043e\u0433\u043e \u0441\u0440\u0435\u0434\u0441\u0442\u0432\u0430 \u0434\u043b\u044f \u0447\u0438\u0441\u0442\u043a\u0438 \u0432\u0430\u043d\u043d\u043e\u0439 \u043a\u043e\u043c\u043d\u0430\u0442\u044b \u0438 \u0430\u043a\u0440\u0438\u043b\u043e\u0432\u044b\u0445 \u0432\u0430\u043d\u043d SANO Jet All-Purpose Bathroom Cleaner. \u0417\u0430 \u0441\u0447\u0438\u0442\u0430\u043d\u043d\u044b\u0435 \u043c\u0438\u043d\u0443\u0442\u044b \u0441\u0440\u0435\u0434\u0441\u0442\u0432\u043e \u043e\u0447\u0438\u0449\u0430\u0435\u0442 \u0438 \u0433\u0440\u044f\u0437\u044c, \u0438 \u0438\u0437\u0432\u0435\u0441\u0442\u043a\u043e\u0432\u044b\u0439 [&hellip;]<\/p>\n","protected":false},"featured_media":42222,"comment_status":"open","ping_status":"closed","template":"","meta":{"_acf_changed":false},"product_brand":[],"product_cat":[6737],"product_tag":[],"class_list":{"0":"post-42223","1":"product","2":"type-product","3":"status-publish","4":"has-post-thumbnail","6":"product_cat-ru_ru-chistjashhie-sredstva","8":"first","9":"instock","10":"shipping-taxable","11":"purchasable","12":"product-type-simple"},"acf":[],"_links":{"self":[{"href":"https:\/\/minimax.md\/ru\/wp-json\/wp\/v2\/product\/42223","targetHints":{"allow":["GET"]}}],"collection":[{"href":"https:\/\/minimax.md\/ru\/wp-json\/wp\/v2\/product"}],"about":[{"href":"https:\/\/minimax.md\/ru\/wp-json\/wp\/v2\/types\/product"}],"replies":[{"embeddable":true,"href":"https:\/\/minimax.md\/ru\/wp-json\/wp\/v2\/comments?post=42223"}],"version-history":[{"count":0,"href":"https:\/\/minimax.md\/ru\/wp-json\/wp\/v2\/product\/42223\/revisions"}],"wp:featuredmedia":[{"embeddable":true,"href":"https:\/\/minimax.md\/ru\/wp-json\/wp\/v2\/media\/42222"}],"wp:attachment":[{"href":"https:\/\/minimax.md\/ru\/wp-json\/wp\/v2\/media?parent=42223"}],"wp:term":[{"taxonomy":"product_brand","embeddable":true,"href":"https:\/\/minimax.md\/ru\/wp-json\/wp\/v2\/product_brand?post=42223"},{"taxonomy":"product_cat","embeddable":true,"href":"https:\/\/minimax.md\/ru\/wp-json\/wp\/v2\/product_cat?post=42223"},{"taxonomy":"product_tag","embeddable":true,"href":"https:\/\/minimax.md\/ru\/wp-json\/wp\/v2\/product_tag?post=42223"}],"curies":[{"name":"wp","href":"https:\/\/api.w.org\/{rel}","templated":true}]}}