{"id":42225,"date":"2023-11-28T13:11:11","date_gmt":"2023-11-28T10:11:11","guid":{"rendered":"https:\/\/minimax.md\/product\/42225.html"},"modified":"2023-11-28T13:29:55","modified_gmt":"2023-11-28T10:29:55","slug":"ru_ru-sano-spray-dlja-mebeli-aerosol-305-ml-trim-ro_ro-sano-spray-pentru-mobilier-cu-silicon-aerosol-305-ml","status":"publish","type":"product","link":"https:\/\/minimax.md\/ru\/product\/42225.html","title":{"rendered":"Sano spray \u0434\u043b\u044f \u043c\u0435\u0431\u0435\u043b\u0438 Aerosol 305 \u043c\u043b"},"content":{"rendered":"<p>[:ru_RU]SANO \u041c\u0415\u0411\u0415\u041b\u042c \u0410\u042d\u0420\u041e\u0417\u041e\u041b\u042c\u041d\u0410\u042f &#8211; \u0441\u043f\u0440\u0435\u0439 \u0441 \u0441\u0438\u043b\u0438\u043a\u043e\u043d\u043e\u043c \u0434\u043b\u044f \u043b\u0435\u0433\u043a\u043e\u0433\u043e \u0440\u0430\u0441\u043f\u044b\u043b\u0435\u043d\u0438\u044f \u043d\u0430 \u0431\u043e\u043b\u044c\u0448\u0438\u0445 \u043f\u043b\u043e\u0449\u0430\u0434\u044f\u0445.<br \/>\n\u0423\u043b\u0443\u0447\u0448\u0435\u043d\u0438\u0435 3 \u0432 \u0424\u043e\u0440\u043c\u0443\u043b\u0435 1:<\/p>\n<p>\u0432\u043e\u0441\u0441\u0442\u0430\u043d\u043e\u0432\u043b\u0435\u043d\u0438\u0435 \u0438 \u043f\u043e\u0434\u0434\u0435\u0440\u0436\u0430\u043d\u0438\u0435 \u044f\u0440\u043a\u043e\u0441\u0442\u0438 \u0438 \u043a\u0440\u0430\u0441\u043e\u0442\u044b \u043c\u0435\u0431\u0435\u043b\u044c;<br \/>\n\u0443\u0434\u0430\u043b\u0435\u043d\u0438\u044f \u0433\u0440\u044f\u0437\u0438 \u0438 \u043f\u044b\u043b\u0438;<br \/>\nMobile \u0437\u0430\u0449\u0438\u0449\u0430\u0435\u0442 \u043e\u0442 \u0432\u043e\u0434\u044b \u0438 \u043f\u044f\u0442\u0435\u043d.[trim][:ro_RO]Spray cu silicon, antistatic, pentru cur\u0103\u0163at \u015fi lustruit mobila; cur\u0103\u0163\u0103 petele de pe mobil\u0103;<br \/>\nFormula \u00eembun\u0103t\u0103\u0163it\u0103 3 in 1:reface \u015fi \u00eentre\u0163ine str\u0103lucirea \u015fi frumuse\u0163ea mobilei;\u00eenl\u0103tur\u0103 murd\u0103ria \u015fi praful;protejeaz\u0103 mobila \u00eempotriva apei \u015fi petelor.<\/p>\n","protected":false},"excerpt":{"rendered":"<p>[:ru_RU]SANO \u041c\u0415\u0411\u0415\u041b\u042c \u0410\u042d\u0420\u041e\u0417\u041e\u041b\u042c\u041d\u0410\u042f &#8211; \u0441\u043f\u0440\u0435\u0439 \u0441 \u0441\u0438\u043b\u0438\u043a\u043e\u043d\u043e\u043c \u0434\u043b\u044f \u043b\u0435\u0433\u043a\u043e\u0433\u043e \u0440\u0430\u0441\u043f\u044b\u043b\u0435\u043d\u0438\u044f \u043d\u0430 \u0431\u043e\u043b\u044c\u0448\u0438\u0445 \u043f\u043b\u043e\u0449\u0430\u0434\u044f\u0445. \u0423\u043b\u0443\u0447\u0448\u0435\u043d\u0438\u0435 3 \u0432 \u0424\u043e\u0440\u043c\u0443\u043b\u0435 1: \u0432\u043e\u0441\u0441\u0442\u0430\u043d\u043e\u0432\u043b\u0435\u043d\u0438\u0435 \u0438 \u043f\u043e\u0434\u0434\u0435\u0440\u0436\u0430\u043d\u0438\u0435 \u044f\u0440\u043a\u043e\u0441\u0442\u0438 \u0438 \u043a\u0440\u0430\u0441\u043e\u0442\u044b \u043c\u0435\u0431\u0435\u043b\u044c; \u0443\u0434\u0430\u043b\u0435\u043d\u0438\u044f \u0433\u0440\u044f\u0437\u0438 \u0438 \u043f\u044b\u043b\u0438; Mobile \u0437\u0430\u0449\u0438\u0449\u0430\u0435\u0442 \u043e\u0442 \u0432\u043e\u0434\u044b \u0438 \u043f\u044f\u0442\u0435\u043d.[trim][:ro_RO]Spray cu silicon, antistatic, pentru cur\u0103\u0163at \u015fi lustruit mobila; cur\u0103\u0163\u0103 petele de pe mobil\u0103; Formula \u00eembun\u0103t\u0103\u0163it\u0103 3 in 1:reface \u015fi \u00eentre\u0163ine [&hellip;]<\/p>\n","protected":false},"featured_media":42224,"comment_status":"open","ping_status":"closed","template":"","meta":{"_acf_changed":false},"product_brand":[],"product_cat":[6752],"product_tag":[],"class_list":{"0":"post-42225","1":"product","2":"type-product","3":"status-publish","4":"has-post-thumbnail","6":"product_cat-ru_ru-polirol-dlja-mebeli-t","8":"first","9":"instock","10":"shipping-taxable","11":"purchasable","12":"product-type-simple"},"acf":[],"_links":{"self":[{"href":"https:\/\/minimax.md\/ru\/wp-json\/wp\/v2\/product\/42225","targetHints":{"allow":["GET"]}}],"collection":[{"href":"https:\/\/minimax.md\/ru\/wp-json\/wp\/v2\/product"}],"about":[{"href":"https:\/\/minimax.md\/ru\/wp-json\/wp\/v2\/types\/product"}],"replies":[{"embeddable":true,"href":"https:\/\/minimax.md\/ru\/wp-json\/wp\/v2\/comments?post=42225"}],"version-history":[{"count":0,"href":"https:\/\/minimax.md\/ru\/wp-json\/wp\/v2\/product\/42225\/revisions"}],"wp:featuredmedia":[{"embeddable":true,"href":"https:\/\/minimax.md\/ru\/wp-json\/wp\/v2\/media\/42224"}],"wp:attachment":[{"href":"https:\/\/minimax.md\/ru\/wp-json\/wp\/v2\/media?parent=42225"}],"wp:term":[{"taxonomy":"product_brand","embeddable":true,"href":"https:\/\/minimax.md\/ru\/wp-json\/wp\/v2\/product_brand?post=42225"},{"taxonomy":"product_cat","embeddable":true,"href":"https:\/\/minimax.md\/ru\/wp-json\/wp\/v2\/product_cat?post=42225"},{"taxonomy":"product_tag","embeddable":true,"href":"https:\/\/minimax.md\/ru\/wp-json\/wp\/v2\/product_tag?post=42225"}],"curies":[{"name":"wp","href":"https:\/\/api.w.org\/{rel}","templated":true}]}}