{"id":42229,"date":"2023-11-28T13:11:14","date_gmt":"2023-11-28T10:11:14","guid":{"rendered":"https:\/\/minimax.md\/product\/42229.html"},"modified":"2023-11-28T13:29:55","modified_gmt":"2023-11-28T10:29:55","slug":"ru_ru-sano-universalnoe-chistjashhee-sredstvo-sprey-amp-wipe-750-ml-trim-ro_ro-sano-spray-universal-pentru-cas-sprey-amp-wipe-750-ml","status":"publish","type":"product","link":"https:\/\/minimax.md\/ru\/product\/42229.html","title":{"rendered":"Sano \u0443\u043d\u0438\u0432\u0435\u0440\u0441\u0430\u043b\u044c\u043d\u043e\u0435 \u0447\u0438\u0441\u0442\u044f\u0449\u0435\u0435 \u0441\u0440\u0435\u0434\u0441\u0442\u0432\u043e Sprey &amp; Wipe 750 \u043c\u043b"},"content":{"rendered":"<p>[:ru_RU]Sano Spray and Wipe  \u2013  \u0443\u043d\u0438\u0432\u0435\u0440\u0441\u0430\u043b\u044c\u043d\u043e\u0435 \u043a\u043e\u043d\u0446\u0435\u043d\u0442\u0440\u0438\u0440\u043e\u0432\u0430\u043d\u043d\u043e\u0435 \u0433\u0438\u0433\u0438\u0435\u043d\u0438\u0447\u0435\u0441\u043a\u043e\u0435 \u0441\u0440\u0435\u0434\u0441\u0442\u0432\u043e \u0434\u043b\u044f \u0431\u044b\u0441\u0442\u0440\u043e\u0439 \u043e\u0447\u0438\u0441\u0442\u043a\u0438 \u043b\u044e\u0431\u044b\u0445 \u043f\u043e\u0432\u0435\u0440\u0445\u043d\u043e\u0441\u0442\u0435\u0439 \u0431\u0435\u0437 \u043c\u044b\u0442\u044c\u044f.<br \/>\n\u0423\u0434\u0430\u043b\u044f\u0435\u0442 \u0433\u0440\u044f\u0437\u044c \u0438 \u0441\u043b\u0435\u0434\u044b \u0436\u0438\u0440\u0430. \u043e\u0431\u043b\u0430\u0434\u0430\u0435\u0442 \u0430\u043d\u0442\u0438\u0431\u0430\u043a\u0442\u0435\u0440\u0438\u0430\u043b\u044c\u043d\u044b\u043c \u044d\u0444\u0444\u0435\u043a\u0442\u043e\u043c.<br \/>\n\u041f\u043e\u0434\u0445\u043e\u0434\u0438\u0442 \u0434\u043b\u044f \u0447\u0438\u0441\u0442\u043a\u0438 \u043f\u043b\u0438\u0442, \u043a\u0443\u0445\u043e\u043d\u043d\u044b\u0445 \u0448\u043a\u0430\u0444\u043e\u0432, \u0440\u0430\u043a\u043e\u0432\u0438\u043d \u0438 \u043a\u0440\u0430\u043d\u043e\u0432, \u0441\u0442\u043e\u043b\u043e\u0432, \u0434\u0432\u0435\u0440\u0435\u0439, \u0441\u0442\u0435\u043d \u0438 \u043c\u0435\u0431\u0435\u043b\u0438 \u0441 \u043f\u043e\u043a\u0440\u044b\u0442\u0438\u0435\u043c \u0438\u0437 \u043f\u043b\u0430\u0441\u0442\u0438\u043a\u0430 \u0438 \u0448\u043f\u043e\u043d\u043e\u0432, \u043f\u043b\u0430\u0441\u0442\u043c\u0430\u0441\u0441\u043e\u0432\u044b\u0445 \u0436\u0430\u043b\u044e\u0437\u0438 \u0438 \u0434\u0440.<br \/>\n\u0423\u043d\u0438\u0432\u0435\u0440\u0441\u0430\u043b\u044c\u043d\u043e\u0435 \u0447\u0438\u0441\u0442\u044f\u0449\u0435\u0435 \u0441\u0440\u0435\u0434\u0441\u0442\u0432\u043e Sano Spray and Wipe \u0431\u044b\u043b\u043e \u043e\u0442\u043c\u0435\u0447\u0435\u043d\u043e \u043d\u0430\u0433\u0440\u0430\u0434\u043e\u0439 \u0418\u0437\u0440\u0430\u0438\u043b\u044c\u0441\u043a\u043e\u0433\u043e \u0418\u043d\u0441\u0442\u0438\u0442\u0443\u0442\u0430 \u0421\u0442\u0430\u043d\u0434\u0430\u0440\u0442\u043e\u0432 Platinum Mark.<br \/>\n\u0421\u043f\u043e\u0441\u043e\u0431 \u043f\u0440\u0438\u043c\u0435\u043d\u0435\u043d\u0438\u044f: \u0441\u0431\u0440\u044b\u0437\u043d\u0443\u0442\u044c \u043f\u043e\u0432\u0435\u0440\u0445\u043d\u043e\u0441\u0442\u044c \u0438 \u043f\u0440\u043e\u0442\u0435\u0440\u0435\u0442\u044c.<br \/>\n\u041f\u0435\u0440\u0435\u0434 \u0438\u0441\u043f\u043e\u043b\u044c\u0437\u043e\u0432\u0430\u043d\u0438\u0435\u043c \u0441\u0440\u0435\u0434\u0441\u0442\u0432\u0430 \u0440\u0435\u043a\u043e\u043c\u0435\u043d\u0434\u0443\u0435\u0442\u0441\u044f \u043f\u0440\u043e\u0432\u0435\u0440\u0438\u0442\u044c \u0441\u0442\u043e\u0439\u043a\u043e\u0441\u0442\u044c \u043e\u043a\u0440\u0430\u0441\u043a\u0438 \u043d\u0430 \u043d\u0435\u0437\u0430\u043c\u0435\u0442\u043d\u043e\u043c \u0443\u0447\u0430\u0441\u0442\u043a\u0435.<br \/>\n\u041e\u0431\u044a\u0435\u043c: 750 \u043c\u043b[trim][:ro_RO]Sano Spray \u0219i Wipe &#8211; mijloace igienice concentrate universale pentru cur\u0103\u021barea rapid\u0103 a oric\u0103rei suprafe\u021be f\u0103r\u0103 a se sp\u0103la.<br \/>\nSe \u00eendep\u0103rteaz\u0103 murd\u0103ria \u0219i urmele de gr\u0103sime. efect antibacterian.<br \/>\nPl\u0103ci adecvate pentru cur\u0103\u021barea, dulapuri de bucatarie, chiuvete \u0219i robinete, birouri, u\u0219i, pere\u021bi \u0219i mobilier de acoperire din plastic \u0219i furnir, obloane din plastic etc.<br \/>\ncur\u0103\u021bitor universal Sano Spray \u0219i \u0218terge\u021bi recompensa remarcat Israel Institutul de Standarde Platinum Mark.<br \/>\nUtilizare: se presara suprafa\u021ba \u0219i \u0219terge\u021bi. \u00cenainte de a utiliza instrumente de testare a recomandat stabilitatea culorii pe o zona ascunsa.<\/p>\n","protected":false},"excerpt":{"rendered":"<p>[:ru_RU]Sano Spray and Wipe \u2013 \u0443\u043d\u0438\u0432\u0435\u0440\u0441\u0430\u043b\u044c\u043d\u043e\u0435 \u043a\u043e\u043d\u0446\u0435\u043d\u0442\u0440\u0438\u0440\u043e\u0432\u0430\u043d\u043d\u043e\u0435 \u0433\u0438\u0433\u0438\u0435\u043d\u0438\u0447\u0435\u0441\u043a\u043e\u0435 \u0441\u0440\u0435\u0434\u0441\u0442\u0432\u043e \u0434\u043b\u044f \u0431\u044b\u0441\u0442\u0440\u043e\u0439 \u043e\u0447\u0438\u0441\u0442\u043a\u0438 \u043b\u044e\u0431\u044b\u0445 \u043f\u043e\u0432\u0435\u0440\u0445\u043d\u043e\u0441\u0442\u0435\u0439 \u0431\u0435\u0437 \u043c\u044b\u0442\u044c\u044f. \u0423\u0434\u0430\u043b\u044f\u0435\u0442 \u0433\u0440\u044f\u0437\u044c \u0438 \u0441\u043b\u0435\u0434\u044b \u0436\u0438\u0440\u0430. \u043e\u0431\u043b\u0430\u0434\u0430\u0435\u0442 \u0430\u043d\u0442\u0438\u0431\u0430\u043a\u0442\u0435\u0440\u0438\u0430\u043b\u044c\u043d\u044b\u043c \u044d\u0444\u0444\u0435\u043a\u0442\u043e\u043c. \u041f\u043e\u0434\u0445\u043e\u0434\u0438\u0442 \u0434\u043b\u044f \u0447\u0438\u0441\u0442\u043a\u0438 \u043f\u043b\u0438\u0442, \u043a\u0443\u0445\u043e\u043d\u043d\u044b\u0445 \u0448\u043a\u0430\u0444\u043e\u0432, \u0440\u0430\u043a\u043e\u0432\u0438\u043d \u0438 \u043a\u0440\u0430\u043d\u043e\u0432, \u0441\u0442\u043e\u043b\u043e\u0432, \u0434\u0432\u0435\u0440\u0435\u0439, \u0441\u0442\u0435\u043d \u0438 \u043c\u0435\u0431\u0435\u043b\u0438 \u0441 \u043f\u043e\u043a\u0440\u044b\u0442\u0438\u0435\u043c \u0438\u0437 \u043f\u043b\u0430\u0441\u0442\u0438\u043a\u0430 \u0438 \u0448\u043f\u043e\u043d\u043e\u0432, \u043f\u043b\u0430\u0441\u0442\u043c\u0430\u0441\u0441\u043e\u0432\u044b\u0445 \u0436\u0430\u043b\u044e\u0437\u0438 \u0438 \u0434\u0440. \u0423\u043d\u0438\u0432\u0435\u0440\u0441\u0430\u043b\u044c\u043d\u043e\u0435 \u0447\u0438\u0441\u0442\u044f\u0449\u0435\u0435 \u0441\u0440\u0435\u0434\u0441\u0442\u0432\u043e Sano Spray and Wipe [&hellip;]<\/p>\n","protected":false},"featured_media":42228,"comment_status":"open","ping_status":"closed","template":"","meta":{"_acf_changed":false},"product_brand":[],"product_cat":[6756],"product_tag":[],"class_list":{"0":"post-42229","1":"product","2":"type-product","3":"status-publish","4":"has-post-thumbnail","6":"product_cat-ru_ru-universalnye-sredstva","8":"first","9":"instock","10":"shipping-taxable","11":"purchasable","12":"product-type-simple"},"acf":[],"_links":{"self":[{"href":"https:\/\/minimax.md\/ru\/wp-json\/wp\/v2\/product\/42229","targetHints":{"allow":["GET"]}}],"collection":[{"href":"https:\/\/minimax.md\/ru\/wp-json\/wp\/v2\/product"}],"about":[{"href":"https:\/\/minimax.md\/ru\/wp-json\/wp\/v2\/types\/product"}],"replies":[{"embeddable":true,"href":"https:\/\/minimax.md\/ru\/wp-json\/wp\/v2\/comments?post=42229"}],"version-history":[{"count":0,"href":"https:\/\/minimax.md\/ru\/wp-json\/wp\/v2\/product\/42229\/revisions"}],"wp:featuredmedia":[{"embeddable":true,"href":"https:\/\/minimax.md\/ru\/wp-json\/wp\/v2\/media\/42228"}],"wp:attachment":[{"href":"https:\/\/minimax.md\/ru\/wp-json\/wp\/v2\/media?parent=42229"}],"wp:term":[{"taxonomy":"product_brand","embeddable":true,"href":"https:\/\/minimax.md\/ru\/wp-json\/wp\/v2\/product_brand?post=42229"},{"taxonomy":"product_cat","embeddable":true,"href":"https:\/\/minimax.md\/ru\/wp-json\/wp\/v2\/product_cat?post=42229"},{"taxonomy":"product_tag","embeddable":true,"href":"https:\/\/minimax.md\/ru\/wp-json\/wp\/v2\/product_tag?post=42229"}],"curies":[{"name":"wp","href":"https:\/\/api.w.org\/{rel}","templated":true}]}}