{"id":42241,"date":"2023-11-28T13:11:15","date_gmt":"2023-11-28T10:11:15","guid":{"rendered":"https:\/\/minimax.md\/product\/42241.html"},"modified":"2023-11-28T13:29:56","modified_gmt":"2023-11-28T10:29:56","slug":"ru_ru-sano-mylo-dlja-tualeta-trim-ro_ro-sano-s-pun-antibacterial-pentru-wc","status":"publish","type":"product","link":"https:\/\/minimax.md\/ru\/product\/42241.html","title":{"rendered":"Sano \u041c\u044b\u043b\u043e \u0434\u043b\u044f \u0442\u0443\u0430\u043b\u0435\u0442\u0430"},"content":{"rendered":"<p>[:ru_RU]\u041c\u044b\u043b\u043e \u0434\u043b\u044f \u0443\u043d\u0438\u0442\u0430\u0437\u043e\u0432 \u043a\u043b\u0430\u0441\u0441\u0438\u0447\u0435\u0441\u043a\u043e\u0435.<br \/>\n\u041f\u0440\u0435\u0434\u043e\u0442\u0432\u0440\u0430\u0449\u0430\u0435\u0442 \u043e\u0431\u0440\u0430\u0437\u043e\u0432\u0430\u043d\u0438\u0435 \u0438\u0437\u0432\u0435\u0441\u0442\u043a\u043e\u0432\u043e\u0433\u043e \u043d\u0430\u043b\u0451\u0442\u0430, \u043f\u0440\u0438\u0434\u0430\u0451\u0442 \u0441\u0432\u0435\u0436\u0438\u0439 \u0438 \u043f\u0440\u0438\u044f\u0442\u043d\u044b\u0439 \u0430\u0440\u043e\u043c\u0430\u0442. 4 \u0444\u0443\u043d\u043a\u0446\u0438\u0438 \u0432 \u043e\u0434\u043d\u043e\u043c \u0441\u0440\u0435\u0434\u0441\u0442\u0432\u0435: \u043e\u0447\u0438\u0449\u0430\u0435\u0442, \u043f\u0440\u0438\u0434\u0430\u0435\u0442 \u0431\u043b\u0435\u0441\u043a, \u0430\u0440\u043e\u043c\u0430\u0442\u0438\u0437\u0438\u0440\u0443\u0435\u0442 \u0432\u043e\u0437\u0434\u0443\u0445, \u043e\u0431\u043b\u0430\u0434\u0430\u0435\u0442 \u0433\u0438\u0433\u0438\u0435\u043d\u0438\u0447\u0435\u0441\u043a\u0438\u043c\u0438 \u0441\u0432\u043e\u0439\u0441\u0442\u0432\u0430\u043c\u0438.Sano<br \/>\n\u041f\u043e\u0434\u0432\u0435\u0441\u043d\u043e\u0439 \u043e\u0447\u0438\u0441\u0442\u0438\u0442\u0435\u043b\u044c \u0434\u043b\u044f \u0443\u043d\u0438\u0442\u0430\u0437\u0430 \u0441 \u0437\u0430\u043f\u0430\u0445\u043e\u043c \u041f\u0435\u0440\u0441\u0438\u043a\u0430[trim][:ro_RO]Sano dezinfectant solid pentru toalet\u0103. Cu miros de Piersici.<br \/>\nAg\u0103\u021b\u0103-\u021bi produsul de marginea toaletei asigur\u00e2ndu-v\u0103 c\u0103 se afl\u0103 pe direc\u021bia jetului de ap\u0103. C\u00e2nd se termin\u0103, scutura\u021bi orice rest la gunoi \u0219i \u00eenlocui\u021bi cu o rezerv\u0103 nou\u0103 de odorizant solid Domestos<\/p>\n","protected":false},"excerpt":{"rendered":"<p>[:ru_RU]\u041c\u044b\u043b\u043e \u0434\u043b\u044f \u0443\u043d\u0438\u0442\u0430\u0437\u043e\u0432 \u043a\u043b\u0430\u0441\u0441\u0438\u0447\u0435\u0441\u043a\u043e\u0435. \u041f\u0440\u0435\u0434\u043e\u0442\u0432\u0440\u0430\u0449\u0430\u0435\u0442 \u043e\u0431\u0440\u0430\u0437\u043e\u0432\u0430\u043d\u0438\u0435 \u0438\u0437\u0432\u0435\u0441\u0442\u043a\u043e\u0432\u043e\u0433\u043e \u043d\u0430\u043b\u0451\u0442\u0430, \u043f\u0440\u0438\u0434\u0430\u0451\u0442 \u0441\u0432\u0435\u0436\u0438\u0439 \u0438 \u043f\u0440\u0438\u044f\u0442\u043d\u044b\u0439 \u0430\u0440\u043e\u043c\u0430\u0442. 4 \u0444\u0443\u043d\u043a\u0446\u0438\u0438 \u0432 \u043e\u0434\u043d\u043e\u043c \u0441\u0440\u0435\u0434\u0441\u0442\u0432\u0435: \u043e\u0447\u0438\u0449\u0430\u0435\u0442, \u043f\u0440\u0438\u0434\u0430\u0435\u0442 \u0431\u043b\u0435\u0441\u043a, \u0430\u0440\u043e\u043c\u0430\u0442\u0438\u0437\u0438\u0440\u0443\u0435\u0442 \u0432\u043e\u0437\u0434\u0443\u0445, \u043e\u0431\u043b\u0430\u0434\u0430\u0435\u0442 \u0433\u0438\u0433\u0438\u0435\u043d\u0438\u0447\u0435\u0441\u043a\u0438\u043c\u0438 \u0441\u0432\u043e\u0439\u0441\u0442\u0432\u0430\u043c\u0438.Sano \u041f\u043e\u0434\u0432\u0435\u0441\u043d\u043e\u0439 \u043e\u0447\u0438\u0441\u0442\u0438\u0442\u0435\u043b\u044c \u0434\u043b\u044f \u0443\u043d\u0438\u0442\u0430\u0437\u0430 \u0441 \u0437\u0430\u043f\u0430\u0445\u043e\u043c \u041f\u0435\u0440\u0441\u0438\u043a\u0430[trim][:ro_RO]Sano dezinfectant solid pentru toalet\u0103. Cu miros de Piersici. Ag\u0103\u021b\u0103-\u021bi produsul de marginea toaletei asigur\u00e2ndu-v\u0103 c\u0103 se afl\u0103 pe direc\u021bia jetului de ap\u0103. [&hellip;]<\/p>\n","protected":false},"featured_media":42240,"comment_status":"open","ping_status":"closed","template":"","meta":{"_acf_changed":false},"product_brand":[],"product_cat":[6736],"product_tag":[],"class_list":{"0":"post-42241","1":"product","2":"type-product","3":"status-publish","4":"has-post-thumbnail","6":"product_cat-ru_ru-bytovaja-himija-dlja","8":"first","9":"instock","10":"shipping-taxable","11":"purchasable","12":"product-type-simple"},"acf":[],"_links":{"self":[{"href":"https:\/\/minimax.md\/ru\/wp-json\/wp\/v2\/product\/42241","targetHints":{"allow":["GET"]}}],"collection":[{"href":"https:\/\/minimax.md\/ru\/wp-json\/wp\/v2\/product"}],"about":[{"href":"https:\/\/minimax.md\/ru\/wp-json\/wp\/v2\/types\/product"}],"replies":[{"embeddable":true,"href":"https:\/\/minimax.md\/ru\/wp-json\/wp\/v2\/comments?post=42241"}],"version-history":[{"count":0,"href":"https:\/\/minimax.md\/ru\/wp-json\/wp\/v2\/product\/42241\/revisions"}],"wp:featuredmedia":[{"embeddable":true,"href":"https:\/\/minimax.md\/ru\/wp-json\/wp\/v2\/media\/42240"}],"wp:attachment":[{"href":"https:\/\/minimax.md\/ru\/wp-json\/wp\/v2\/media?parent=42241"}],"wp:term":[{"taxonomy":"product_brand","embeddable":true,"href":"https:\/\/minimax.md\/ru\/wp-json\/wp\/v2\/product_brand?post=42241"},{"taxonomy":"product_cat","embeddable":true,"href":"https:\/\/minimax.md\/ru\/wp-json\/wp\/v2\/product_cat?post=42241"},{"taxonomy":"product_tag","embeddable":true,"href":"https:\/\/minimax.md\/ru\/wp-json\/wp\/v2\/product_tag?post=42241"}],"curies":[{"name":"wp","href":"https:\/\/api.w.org\/{rel}","templated":true}]}}