{"id":42263,"date":"2023-11-28T13:11:19","date_gmt":"2023-11-28T10:11:19","guid":{"rendered":"https:\/\/minimax.md\/product\/42263.html"},"modified":"2024-02-20T09:04:36","modified_gmt":"2024-02-20T06:04:36","slug":"ru_ru-mattel-nastolnaja-igra-scrabble-original-rum-trim-ro_ro-mattel-joc-de-mas-scrabble-original-rom","status":"publish","type":"product","link":"https:\/\/minimax.md\/ru\/product\/42263.html","title":{"rendered":"\u041d\u0430\u0441\u0442\u043e\u043b\u044c\u043d\u0430\u044f \u0438\u0433\u0440\u0430 &quot;\u0421\u043a\u0440\u044d\u0431\u0431\u043b&quot; \u041e\u0440\u0438\u0433\u0438\u043d\u0430\u043b (\u0440\u0443\u043c.)"},"content":{"rendered":"<p>[:ru_RU]\u0418\u0433\u0440\u0430 Scrabble \u044f\u0432\u043b\u044f\u0435\u0442\u0441\u044f \u0441\u0430\u043co\u0439 \u043f\u043e\u043f\u0443\u043b\u044f\u0440\u043do\u0439 \u0438\u0433\u0440o\u0439 \u0441\u043b\u043e\u0432 \u0432 \u043c\u0438\u0440\u0435 \u0438 \u043b\u0435\u0433\u043a\u043e \u0432 \u043de\u0439 \u0438\u0433\u0440\u0430\u0442\u044c.<br \/>\n\u041d\u0430\u0441\u0442\u043e\u043b\u044c\u043d\u0430\u044f \u0438\u0433\u0440\u0430 Scrabble \u041e\u0440\u0438\u0433\u0438\u043da\u043b \u043d\u0430 \u0420\u0443\u043c\u044b\u043d\u0441\u043ao\u043c \u044f\u0437\u044b\u043ae \u043f\u043e\u0437\u0432\u043e\u043b\u0438\u0442 \u0432\u0430\u043c \u0438 \u0432\u0430\u0448\u0435\u043c\u0443 \u0440\u0435\u0431\u0435\u043d\u043a\u0443 \u0438\u043d\u0442\u0435\u0440\u0435\u0441\u043d\u043e \u043f\u0440\u043e\u0432\u0435\u0441\u0442\u0438 \u0432\u0440\u0435\u043c\u044f \u0432 \u043a\u0440\u0443\u0433\u0443 \u0434\u0440\u0443\u0437\u0435\u0439 \u0438\u043b\u0438 \u0441\u0435\u043c\u044c\u0438.<br \/>\n\u0417\u0430\u0434\u0430\u0447\u0430 \u0438\u0433\u0440\u043e\u043a\u043e\u0432 \u0441\u043e\u0441\u0442\u043e\u0438\u0442 \u0432 \u0444\u043e\u0440\u043c\u0438\u0440\u043e\u0432\u0430\u043d\u0438\u0438 \u0432\u0437\u0430\u0438\u043c\u043e\u0441\u0432\u044f\u0437\u0430\u043d\u043d\u044b\u0445 \u0441\u043b\u043e\u0432 \u043f\u043e \u043f\u0440\u0438\u043d\u0446\u0438\u043f\u0443 \u043a\u0440\u043e\u0441\u0441\u0432\u043e\u0440\u0434\u0430.<br \/>\n\u0421\u043b\u043e\u0432\u0430 \u0441\u043e\u0441\u0442\u0430\u0432\u043b\u044f\u044e\u0442\u0441\u044f \u043d\u0430 \u0438\u0433\u0440\u043e\u0432\u043e\u0439 \u0434\u043e\u0441\u043a\u0435 \u0441 \u0438\u0441\u043f\u043e\u043b\u044c\u0437\u043e\u0432\u0430\u043d\u0438\u0435\u043c \u0444\u0438\u0448\u0435\u043a \u0441 \u0431\u0443\u043a\u0432\u0430\u043c\u0438, \u0438\u043c\u0435\u044e\u0449\u0438\u0445 \u0440\u0430\u0437\u043b\u0438\u0447\u043d\u0443\u044e \u0446\u0435\u043d\u043d\u043e\u0441\u0442\u044c \u0432 \u043e\u0447\u043a\u0430\u0445.<br \/>\n\u0417\u0430 \u0441\u043e\u0441\u0442\u0430\u0432\u043b\u0435\u043d\u043d\u044b\u0435 \u0441\u043b\u043e\u0432\u0430 \u0443\u0447\u0430\u0441\u0442\u043d\u0438\u043a\u0438 \u043f\u043e\u043b\u0443\u0447\u0430\u044e\u0442 \u043e\u0447\u043a\u0438.<br \/>\n\u0423\u0447\u0430\u0441\u0442\u043d\u0438\u043a, \u043d\u0430\u0431\u0440\u0430\u0432\u0448\u0438\u0439 \u043d\u0430\u0438\u0431\u043e\u043b\u044c\u0448\u0435\u0435 \u043a\u043e\u043b\u0438\u0447\u0435\u0441\u0442\u0432\u043e \u043e\u0447\u043a\u043e\u0432 \u0437\u0430 \u0441\u043e\u0441\u0442\u0430\u0432\u043b\u0435\u043d\u043d\u044b\u0435 \u0441\u043b\u043e\u0432\u0430, \u043f\u043e\u0431\u0435\u0436\u0434\u0430\u0435\u0442!<br \/>\n\u041a\u043e\u043b-\u0432\u043e \u0438\u0433\u0440\u043e\u043a\u043e\u0432: 2 &#8211; 4<br \/>\n\u0420\u0430\u0437\u043c\u0435\u0440\u044b: 37 \u0445 4 \u0445 23 \u0441\u043c.<br \/>\n\u0421\u043e\u0441\u0442\u0430\u0432: 4 \u043f\u043e\u0434\u0441\u0442\u0430\u0432\u043a\u0438, 104 \u043a\u043e\u0441\u0442\u043e\u0447\u043a\u0438 \u0441 \u0431\u0443\u043a\u0432\u0430\u043c\u0438, 1 \u0445\u043b\u043e\u043f\u043a\u043e\u0432\u044b\u0439 \u043c\u0435\u0448\u043e\u0447\u0435\u043a \u0434\u043b\u044f \u043a\u043e\u0441\u0442\u043e\u0447\u0435\u043a, \u043f\u0440\u0430\u0432\u0438\u043b\u0430 \u0438\u0433\u0440\u044b, 1 \u0438\u0433\u0440\u043e\u0432\u043e\u0435 \u043f\u043e\u043b\u0435.<br \/>\n\u0420\u0435\u043a\u043e\u043c\u0435\u043d\u0434\u0443\u0435\u043c\u044b\u0439 \u0432\u043e\u0437\u0440\u0430\u0441\u0442: \u041e\u0442 10 \u043b\u0435\u0442[trim][:ro_RO]<strong>\u201eScrabble\u201d<\/strong>\u00a0este cel mai popular joc de cuvinte din lume \u0219i usor de jucat.<br \/>\nAcest joc stimuleaz\u0103 inteligen\u021ba juc\u0103torilor, \u00eencurajeaz\u0103 spiritul de competi\u021bie.<br \/>\nPoate fi jucat oricand \u0219i este o variant\u0103 ideal\u0103 de joc pentru toat\u0103 familia.<br \/>\nRealizat pentru 2-4 juc\u0103tori, \u00een jocul Scrabble trebuie s\u0103 realizezi cel mai bun cuvant folosind oricare dintre cele \u0219apte pl\u0103cu\u021be cu litere trase aleator.<br \/>\nCuvantul tau trebuie s\u0103 se foloseasc\u0103 de o liter\u0103 aflat\u0103 deja pe placa de joc, iar scorul este dat \u00een func\u021bie de importan\u021ba literelor \u0219i chiar multiplicat de c\u0103tre c\u0103su\u021bele speciale aflate pe tabla de joc.<br \/>\nCreeaz\u0103 astfel noi conexiuni ce aduc atat literele cat \u0219i oamenii mai aproape unii de al\u021bii!<\/p>\n<p><strong>Setul include:<\/strong>\u00a0o plac\u0103 de joc, 4 table de joc cate una pentru fiecare juc\u0103tor, 100 pl\u0103ci cu litere, 1 sac de bumbac pentru depozitarea pieselor \u0219i foaia cu instruc\u021biuni.<br \/>\nV\u00e2rsta recomandata: 10 ani +<\/p>\n<p><iframe title=\"\u041d\u0430\u0441\u0442\u0456\u043b\u044c\u043d\u0430 \u0433\u0440\u0430 &quot;\u0421\u043a\u0440\u0435\u0431\u043b&quot;\" width=\"640\" height=\"360\" src=\"https:\/\/www.youtube.com\/embed\/tMhAFIkAIcY?feature=oembed\" frameborder=\"0\" allow=\"accelerometer; autoplay; clipboard-write; encrypted-media; gyroscope; picture-in-picture; web-share\" referrerpolicy=\"strict-origin-when-cross-origin\" allowfullscreen><\/iframe><\/p>\n","protected":false},"excerpt":{"rendered":"<p>[:ru_RU]\u0418\u0433\u0440\u0430 Scrabble \u044f\u0432\u043b\u044f\u0435\u0442\u0441\u044f \u0441\u0430\u043co\u0439 \u043f\u043e\u043f\u0443\u043b\u044f\u0440\u043do\u0439 \u0438\u0433\u0440o\u0439 \u0441\u043b\u043e\u0432 \u0432 \u043c\u0438\u0440\u0435 \u0438 \u043b\u0435\u0433\u043a\u043e \u0432 \u043de\u0439 \u0438\u0433\u0440\u0430\u0442\u044c. \u041d\u0430\u0441\u0442\u043e\u043b\u044c\u043d\u0430\u044f \u0438\u0433\u0440\u0430 Scrabble \u041e\u0440\u0438\u0433\u0438\u043da\u043b \u043d\u0430 \u0420\u0443\u043c\u044b\u043d\u0441\u043ao\u043c \u044f\u0437\u044b\u043ae \u043f\u043e\u0437\u0432\u043e\u043b\u0438\u0442 \u0432\u0430\u043c \u0438 \u0432\u0430\u0448\u0435\u043c\u0443 \u0440\u0435\u0431\u0435\u043d\u043a\u0443 \u0438\u043d\u0442\u0435\u0440\u0435\u0441\u043d\u043e \u043f\u0440\u043e\u0432\u0435\u0441\u0442\u0438 \u0432\u0440\u0435\u043c\u044f \u0432 \u043a\u0440\u0443\u0433\u0443 \u0434\u0440\u0443\u0437\u0435\u0439 \u0438\u043b\u0438 \u0441\u0435\u043c\u044c\u0438. \u0417\u0430\u0434\u0430\u0447\u0430 \u0438\u0433\u0440\u043e\u043a\u043e\u0432 \u0441\u043e\u0441\u0442\u043e\u0438\u0442 \u0432 \u0444\u043e\u0440\u043c\u0438\u0440\u043e\u0432\u0430\u043d\u0438\u0438 \u0432\u0437\u0430\u0438\u043c\u043e\u0441\u0432\u044f\u0437\u0430\u043d\u043d\u044b\u0445 \u0441\u043b\u043e\u0432 \u043f\u043e \u043f\u0440\u0438\u043d\u0446\u0438\u043f\u0443 \u043a\u0440\u043e\u0441\u0441\u0432\u043e\u0440\u0434\u0430. \u0421\u043b\u043e\u0432\u0430 \u0441\u043e\u0441\u0442\u0430\u0432\u043b\u044f\u044e\u0442\u0441\u044f \u043d\u0430 \u0438\u0433\u0440\u043e\u0432\u043e\u0439 \u0434\u043e\u0441\u043a\u0435 \u0441 \u0438\u0441\u043f\u043e\u043b\u044c\u0437\u043e\u0432\u0430\u043d\u0438\u0435\u043c \u0444\u0438\u0448\u0435\u043a \u0441 \u0431\u0443\u043a\u0432\u0430\u043c\u0438, \u0438\u043c\u0435\u044e\u0449\u0438\u0445 [&hellip;]<\/p>\n","protected":false},"featured_media":42260,"comment_status":"open","ping_status":"closed","template":"","meta":{"_acf_changed":false},"product_brand":[],"product_cat":[6695],"product_tag":[],"class_list":{"0":"post-42263","1":"product","2":"type-product","3":"status-publish","4":"has-post-thumbnail","6":"product_cat-ru_ru-logicheskie-trim-ro_r","8":"first","9":"instock","10":"shipping-taxable","11":"purchasable","12":"product-type-simple"},"acf":[],"_links":{"self":[{"href":"https:\/\/minimax.md\/ru\/wp-json\/wp\/v2\/product\/42263","targetHints":{"allow":["GET"]}}],"collection":[{"href":"https:\/\/minimax.md\/ru\/wp-json\/wp\/v2\/product"}],"about":[{"href":"https:\/\/minimax.md\/ru\/wp-json\/wp\/v2\/types\/product"}],"replies":[{"embeddable":true,"href":"https:\/\/minimax.md\/ru\/wp-json\/wp\/v2\/comments?post=42263"}],"version-history":[{"count":0,"href":"https:\/\/minimax.md\/ru\/wp-json\/wp\/v2\/product\/42263\/revisions"}],"wp:featuredmedia":[{"embeddable":true,"href":"https:\/\/minimax.md\/ru\/wp-json\/wp\/v2\/media\/42260"}],"wp:attachment":[{"href":"https:\/\/minimax.md\/ru\/wp-json\/wp\/v2\/media?parent=42263"}],"wp:term":[{"taxonomy":"product_brand","embeddable":true,"href":"https:\/\/minimax.md\/ru\/wp-json\/wp\/v2\/product_brand?post=42263"},{"taxonomy":"product_cat","embeddable":true,"href":"https:\/\/minimax.md\/ru\/wp-json\/wp\/v2\/product_cat?post=42263"},{"taxonomy":"product_tag","embeddable":true,"href":"https:\/\/minimax.md\/ru\/wp-json\/wp\/v2\/product_tag?post=42263"}],"curies":[{"name":"wp","href":"https:\/\/api.w.org\/{rel}","templated":true}]}}